{"id":35037,"date":"2022-12-23T15:46:16","date_gmt":"2022-12-23T14:46:16","guid":{"rendered":"https:\/\/sbi4beer.com\/?page_id=35037"},"modified":"2023-01-02T09:56:01","modified_gmt":"2023-01-02T08:56:01","slug":"actualites","status":"publish","type":"page","link":"https:\/\/sbi4beer.com\/fr\/actualites\/","title":{"rendered":"Les actualit\u00e9s"},"content":{"rendered":"\n<div class=\"wp-block-cover is-light\" style=\"min-height:100px;aspect-ratio:unset;\"><span aria-hidden=\"true\" class=\"wp-block-cover__background has-background-dim\"><\/span><img loading=\"lazy\" decoding=\"async\" width=\"1920\" height=\"1272\" class=\"wp-block-cover__image-background wp-image-6052\" alt=\"\" src=\"https:\/\/sbi4beer.com\/wp-content\/uploads\/2021\/01\/Selected-Brewing-Ingredients-Over-ons.jpg\" style=\"object-position:76% 97%\" data-object-fit=\"cover\" data-object-position=\"76% 97%\" srcset=\"https:\/\/sbi4beer.com\/wp-content\/uploads\/2021\/01\/Selected-Brewing-Ingredients-Over-ons.jpg 1920w, https:\/\/sbi4beer.com\/wp-content\/uploads\/2021\/01\/Selected-Brewing-Ingredients-Over-ons-600x398.jpg 600w, https:\/\/sbi4beer.com\/wp-content\/uploads\/2021\/01\/Selected-Brewing-Ingredients-Over-ons-300x199.jpg 300w, https:\/\/sbi4beer.com\/wp-content\/uploads\/2021\/01\/Selected-Brewing-Ingredients-Over-ons-1024x678.jpg 1024w, https:\/\/sbi4beer.com\/wp-content\/uploads\/2021\/01\/Selected-Brewing-Ingredients-Over-ons-768x509.jpg 768w, https:\/\/sbi4beer.com\/wp-content\/uploads\/2021\/01\/Selected-Brewing-Ingredients-Over-ons-1536x1018.jpg 1536w\" sizes=\"auto, (max-width: 1920px) 100vw, 1920px\" \/><div class=\"wp-block-cover__inner-container is-layout-flow wp-block-cover-is-layout-flow\">\n<div id=\"spacer-responsive-block_5fdb60b595bde\" class=\"wp-block-responsive-spacer spacer120\"><\/div>\n\n<div class=\"wp-bootstrap-blocks-container container mb-2\">\n\t\n\n<div class=\"wp-block-group max-width-900 pl-md-5\"><div class=\"wp-block-group__inner-container is-layout-flow wp-block-group-is-layout-flow\">\n<h3 class=\"has-white-color has-text-color wp-block-heading\">Les actualit\u00e9s<\/h3>\n\n\n\n<p class=\"has-white-color has-text-color\">D\u00e9couvrez les mises \u00e0 jour importantes effectu\u00e9es par nous ou au nom de nos fournisseurs.<br>Si vous ne voulez manquer aucun message, inscrivez-vous \u00e0 la newsletter.<\/p>\n<\/div><\/div>\n\n<\/div>\n\n\n\n<div id=\"spacer-responsive-block_5fdb60be95bdf\" class=\"wp-block-responsive-spacer spacer120\"><\/div><\/div><\/div>\n\n\n\n<div id=\"spacer-responsive-block_5fdb608f95bdd\" class=\"wp-block-responsive-spacer spacer60\"><\/div>\n\n\n<div class=\"wp-block-group\"><div class=\"wp-block-group__inner-container is-layout-flow wp-block-group-is-layout-flow\"><div class=\"wp-bootstrap-blocks-container container mb-2\">\n\t\n<ul class=\"wp-block-latest-posts__list is-grid columns-3 has-dates wp-block-latest-posts\"><li><div class=\"wp-block-latest-posts__featured-image\"><a href=\"https:\/\/sbi4beer.com\/fr\/discontinuation-products-lallemand\/\" aria-label=\"Discontinuation products Lallemand\"><img loading=\"lazy\" decoding=\"async\" width=\"1024\" height=\"661\" src=\"https:\/\/sbi4beer.com\/wp-content\/uploads\/2024\/01\/london-koln-gist-sbi-1024x661.jpg\" class=\"attachment-large size-large wp-post-image\" alt=\"london-koln-gist-sbi\" style=\"\" srcset=\"https:\/\/sbi4beer.com\/wp-content\/uploads\/2024\/01\/london-koln-gist-sbi-1024x661.jpg 1024w, https:\/\/sbi4beer.com\/wp-content\/uploads\/2024\/01\/london-koln-gist-sbi-300x194.jpg 300w, https:\/\/sbi4beer.com\/wp-content\/uploads\/2024\/01\/london-koln-gist-sbi-768x496.jpg 768w, https:\/\/sbi4beer.com\/wp-content\/uploads\/2024\/01\/london-koln-gist-sbi-600x388.jpg 600w, https:\/\/sbi4beer.com\/wp-content\/uploads\/2024\/01\/london-koln-gist-sbi.jpg 1200w\" sizes=\"auto, (max-width: 1024px) 100vw, 1024px\" \/><\/a><\/div><a class=\"wp-block-latest-posts__post-title\" href=\"https:\/\/sbi4beer.com\/fr\/discontinuation-products-lallemand\/\">Discontinuation products Lallemand<\/a><time datetime=\"2024-01-15T10:54:05+01:00\" class=\"wp-block-latest-posts__post-date\">15 janvier 2024<\/time><div class=\"wp-block-latest-posts__post-excerpt\">Discontinuation of some products from Lallemand. Read more&#8230;<\/div><\/li>\n<li><div class=\"wp-block-latest-posts__featured-image\"><a href=\"https:\/\/sbi4beer.com\/fr\/malt-crop-reports-2023\/\" aria-label=\"Malt Crop Reports 2023\"><img loading=\"lazy\" decoding=\"async\" width=\"800\" height=\"800\" src=\"https:\/\/sbi4beer.com\/wp-content\/uploads\/2020\/11\/crisp-extra-pale-maris-otter-malt.jpg\" class=\"attachment-large size-large wp-post-image\" alt=\"crisp-extra-pale-maris-otter-malt\" style=\"\" srcset=\"https:\/\/sbi4beer.com\/wp-content\/uploads\/2020\/11\/crisp-extra-pale-maris-otter-malt.jpg 800w, https:\/\/sbi4beer.com\/wp-content\/uploads\/2020\/11\/crisp-extra-pale-maris-otter-malt-300x300.jpg 300w, https:\/\/sbi4beer.com\/wp-content\/uploads\/2020\/11\/crisp-extra-pale-maris-otter-malt-100x100.jpg 100w, https:\/\/sbi4beer.com\/wp-content\/uploads\/2020\/11\/crisp-extra-pale-maris-otter-malt-600x600.jpg 600w, https:\/\/sbi4beer.com\/wp-content\/uploads\/2020\/11\/crisp-extra-pale-maris-otter-malt-150x150.jpg 150w, https:\/\/sbi4beer.com\/wp-content\/uploads\/2020\/11\/crisp-extra-pale-maris-otter-malt-768x768.jpg 768w\" sizes=\"auto, (max-width: 800px) 100vw, 800px\" \/><\/a><\/div><a class=\"wp-block-latest-posts__post-title\" href=\"https:\/\/sbi4beer.com\/fr\/malt-crop-reports-2023\/\">Malt Crop Reports 2023<\/a><time datetime=\"2024-01-03T15:39:55+01:00\" class=\"wp-block-latest-posts__post-date\">3 janvier 2024<\/time><div class=\"wp-block-latest-posts__post-excerpt\">Download and read the Malt Crop Reports from 2023 from 6 of our biggest malt suppliers. <\/div><\/li>\n<li><div class=\"wp-block-latest-posts__featured-image\"><a href=\"https:\/\/sbi4beer.com\/fr\/lalbrew-belle-saison\/\" aria-label=\"LalBrew Belle Saison\u2122 11g\"><img loading=\"lazy\" decoding=\"async\" width=\"800\" height=\"800\" src=\"https:\/\/sbi4beer.com\/wp-content\/uploads\/2023\/09\/belle-saison-lallemand.jpg\" class=\"attachment-large size-large wp-post-image\" alt=\"belle-saison-lallemand\" style=\"\" srcset=\"https:\/\/sbi4beer.com\/wp-content\/uploads\/2023\/09\/belle-saison-lallemand.jpg 800w, https:\/\/sbi4beer.com\/wp-content\/uploads\/2023\/09\/belle-saison-lallemand-300x300.jpg 300w, https:\/\/sbi4beer.com\/wp-content\/uploads\/2023\/09\/belle-saison-lallemand-100x100.jpg 100w, https:\/\/sbi4beer.com\/wp-content\/uploads\/2023\/09\/belle-saison-lallemand-600x600.jpg 600w, https:\/\/sbi4beer.com\/wp-content\/uploads\/2023\/09\/belle-saison-lallemand-150x150.jpg 150w, https:\/\/sbi4beer.com\/wp-content\/uploads\/2023\/09\/belle-saison-lallemand-768x768.jpg 768w\" sizes=\"auto, (max-width: 800px) 100vw, 800px\" \/><\/a><\/div><a class=\"wp-block-latest-posts__post-title\" href=\"https:\/\/sbi4beer.com\/fr\/lalbrew-belle-saison\/\">LalBrew Belle Saison\u2122 11g<\/a><time datetime=\"2023-09-07T14:23:45+02:00\" class=\"wp-block-latest-posts__post-date\">7 septembre 2023<\/time><div class=\"wp-block-latest-posts__post-excerpt\">Lallemand stops production for 11 gram Belle Saison! But why?<\/div><\/li>\n<li><div class=\"wp-block-latest-posts__featured-image\"><a href=\"https:\/\/sbi4beer.com\/fr\/sugar-prices\/\" aria-label=\"Sugar prices\"><img loading=\"lazy\" decoding=\"async\" width=\"1024\" height=\"1024\" src=\"https:\/\/sbi4beer.com\/wp-content\/uploads\/2023\/03\/suikerprijzen-1024x1024.jpg\" class=\"attachment-large size-large wp-post-image\" alt=\"suikerprijzen\" style=\"\" srcset=\"https:\/\/sbi4beer.com\/wp-content\/uploads\/2023\/03\/suikerprijzen-1024x1024.jpg 1024w, https:\/\/sbi4beer.com\/wp-content\/uploads\/2023\/03\/suikerprijzen-300x300.jpg 300w, https:\/\/sbi4beer.com\/wp-content\/uploads\/2023\/03\/suikerprijzen-100x100.jpg 100w, https:\/\/sbi4beer.com\/wp-content\/uploads\/2023\/03\/suikerprijzen-600x600.jpg 600w, https:\/\/sbi4beer.com\/wp-content\/uploads\/2023\/03\/suikerprijzen-150x150.jpg 150w, https:\/\/sbi4beer.com\/wp-content\/uploads\/2023\/03\/suikerprijzen-768x768.jpg 768w, https:\/\/sbi4beer.com\/wp-content\/uploads\/2023\/03\/suikerprijzen-1536x1536.jpg 1536w, https:\/\/sbi4beer.com\/wp-content\/uploads\/2023\/03\/suikerprijzen.jpg 1920w\" sizes=\"auto, (max-width: 1024px) 100vw, 1024px\" \/><\/a><\/div><a class=\"wp-block-latest-posts__post-title\" href=\"https:\/\/sbi4beer.com\/fr\/sugar-prices\/\">Sugar prices<\/a><time datetime=\"2023-03-20T14:07:09+01:00\" class=\"wp-block-latest-posts__post-date\">20 mars 2023<\/time><div class=\"wp-block-latest-posts__post-excerpt\">Find out more about the current situation of the sugar market and the reasons for increased sugar prices of both sucrose and glucose syrups!<\/div><\/li>\n<li><div class=\"wp-block-latest-posts__featured-image\"><a href=\"https:\/\/sbi4beer.com\/fr\/efficiently-searching-for-an-analysis-certificate\/\" aria-label=\"Efficiently searching for an analysis certificate\"><img loading=\"lazy\" decoding=\"async\" width=\"1024\" height=\"719\" src=\"https:\/\/sbi4beer.com\/wp-content\/uploads\/2023\/02\/analysecertificaat-1024x719.jpg\" class=\"attachment-large size-large wp-post-image\" alt=\"analysecertificaat\" style=\"\" srcset=\"https:\/\/sbi4beer.com\/wp-content\/uploads\/2023\/02\/analysecertificaat-1024x719.jpg 1024w, https:\/\/sbi4beer.com\/wp-content\/uploads\/2023\/02\/analysecertificaat-600x422.jpg 600w, https:\/\/sbi4beer.com\/wp-content\/uploads\/2023\/02\/analysecertificaat-300x211.jpg 300w, https:\/\/sbi4beer.com\/wp-content\/uploads\/2023\/02\/analysecertificaat-768x540.jpg 768w, https:\/\/sbi4beer.com\/wp-content\/uploads\/2023\/02\/analysecertificaat-1536x1079.jpg 1536w, https:\/\/sbi4beer.com\/wp-content\/uploads\/2023\/02\/analysecertificaat.jpg 1920w\" sizes=\"auto, (max-width: 1024px) 100vw, 1024px\" \/><\/a><\/div><a class=\"wp-block-latest-posts__post-title\" href=\"https:\/\/sbi4beer.com\/fr\/efficiently-searching-for-an-analysis-certificate\/\">Efficiently searching for an analysis certificate<\/a><time datetime=\"2023-02-15T12:29:55+01:00\" class=\"wp-block-latest-posts__post-date\">15 f\u00e9vrier 2023<\/time><div class=\"wp-block-latest-posts__post-excerpt\">How to download a certificate from our database.<\/div><\/li>\n<li><div class=\"wp-block-latest-posts__featured-image\"><a href=\"https:\/\/sbi4beer.com\/fr\/malt-crop-reports\/\" aria-label=\"Malt Crop Reports\"><img loading=\"lazy\" decoding=\"async\" width=\"800\" height=\"800\" src=\"https:\/\/sbi4beer.com\/wp-content\/uploads\/2020\/11\/crisp-extra-pale-maris-otter-malt.jpg\" class=\"attachment-large size-large wp-post-image\" alt=\"crisp-extra-pale-maris-otter-malt\" style=\"\" srcset=\"https:\/\/sbi4beer.com\/wp-content\/uploads\/2020\/11\/crisp-extra-pale-maris-otter-malt.jpg 800w, https:\/\/sbi4beer.com\/wp-content\/uploads\/2020\/11\/crisp-extra-pale-maris-otter-malt-300x300.jpg 300w, https:\/\/sbi4beer.com\/wp-content\/uploads\/2020\/11\/crisp-extra-pale-maris-otter-malt-100x100.jpg 100w, https:\/\/sbi4beer.com\/wp-content\/uploads\/2020\/11\/crisp-extra-pale-maris-otter-malt-600x600.jpg 600w, https:\/\/sbi4beer.com\/wp-content\/uploads\/2020\/11\/crisp-extra-pale-maris-otter-malt-150x150.jpg 150w, https:\/\/sbi4beer.com\/wp-content\/uploads\/2020\/11\/crisp-extra-pale-maris-otter-malt-768x768.jpg 768w\" sizes=\"auto, (max-width: 800px) 100vw, 800px\" \/><\/a><\/div><a class=\"wp-block-latest-posts__post-title\" href=\"https:\/\/sbi4beer.com\/fr\/malt-crop-reports\/\">Malt Crop Reports<\/a><time datetime=\"2022-12-21T13:00:00+01:00\" class=\"wp-block-latest-posts__post-date\">21 d\u00e9cembre 2022<\/time><div class=\"wp-block-latest-posts__post-excerpt\">Download and read the Malt Crop Reports from 2022 from 5 of our biggest malt suppliers. <\/div><\/li>\n<li><div class=\"wp-block-latest-posts__featured-image\"><a href=\"https:\/\/sbi4beer.com\/fr\/price-increases\/\" aria-label=\"Price increases\"><img loading=\"lazy\" decoding=\"async\" width=\"1024\" height=\"1024\" src=\"https:\/\/sbi4beer.com\/wp-content\/uploads\/2022\/12\/prijsstijgingen-1024x1024.jpg\" class=\"attachment-large size-large wp-post-image\" alt=\"prijsstijgingen\" style=\"\" srcset=\"https:\/\/sbi4beer.com\/wp-content\/uploads\/2022\/12\/prijsstijgingen-1024x1024.jpg 1024w, https:\/\/sbi4beer.com\/wp-content\/uploads\/2022\/12\/prijsstijgingen-300x300.jpg 300w, https:\/\/sbi4beer.com\/wp-content\/uploads\/2022\/12\/prijsstijgingen-150x150.jpg 150w, https:\/\/sbi4beer.com\/wp-content\/uploads\/2022\/12\/prijsstijgingen-768x768.jpg 768w, https:\/\/sbi4beer.com\/wp-content\/uploads\/2022\/12\/prijsstijgingen-600x600.jpg 600w, https:\/\/sbi4beer.com\/wp-content\/uploads\/2022\/12\/prijsstijgingen-100x100.jpg 100w, https:\/\/sbi4beer.com\/wp-content\/uploads\/2022\/12\/prijsstijgingen.jpg 1512w\" sizes=\"auto, (max-width: 1024px) 100vw, 1024px\" \/><\/a><\/div><a class=\"wp-block-latest-posts__post-title\" href=\"https:\/\/sbi4beer.com\/fr\/price-increases\/\">Price increases<\/a><time datetime=\"2022-12-12T14:22:36+01:00\" class=\"wp-block-latest-posts__post-date\">12 d\u00e9cembre 2022<\/time><div class=\"wp-block-latest-posts__post-excerpt\">Due to various market developments, we are currently facing price increases from several suppliers&#8230;<\/div><\/li>\n<li><div class=\"wp-block-latest-posts__featured-image\"><a href=\"https:\/\/sbi4beer.com\/fr\/update-european-hop-crop-2022\/\" aria-label=\"Update European hop crop 2022\"><img loading=\"lazy\" decoding=\"async\" width=\"1024\" height=\"683\" src=\"https:\/\/sbi4beer.com\/wp-content\/uploads\/2022\/12\/hopoogst-2022-1024x683.jpg\" class=\"attachment-large size-large wp-post-image\" alt=\"hopoogst-2022\" style=\"\" srcset=\"https:\/\/sbi4beer.com\/wp-content\/uploads\/2022\/12\/hopoogst-2022-1024x683.jpg 1024w, https:\/\/sbi4beer.com\/wp-content\/uploads\/2022\/12\/hopoogst-2022-300x200.jpg 300w, https:\/\/sbi4beer.com\/wp-content\/uploads\/2022\/12\/hopoogst-2022-768x512.jpg 768w, https:\/\/sbi4beer.com\/wp-content\/uploads\/2022\/12\/hopoogst-2022-600x400.jpg 600w, https:\/\/sbi4beer.com\/wp-content\/uploads\/2022\/12\/hopoogst-2022.jpg 1382w\" sizes=\"auto, (max-width: 1024px) 100vw, 1024px\" \/><\/a><\/div><a class=\"wp-block-latest-posts__post-title\" href=\"https:\/\/sbi4beer.com\/fr\/update-european-hop-crop-2022\/\">Update European hop crop 2022<\/a><time datetime=\"2022-12-07T16:00:00+01:00\" class=\"wp-block-latest-posts__post-date\">7 d\u00e9cembre 2022<\/time><div class=\"wp-block-latest-posts__post-excerpt\">Read more about how the 2022 weather conditions impacted the hop crop.<\/div><\/li>\n<li><div class=\"wp-block-latest-posts__featured-image\"><a href=\"https:\/\/sbi4beer.com\/fr\/malt-prices-uk-maltings\/\" aria-label=\"Malt prices UK maltings\"><img loading=\"lazy\" decoding=\"async\" width=\"1000\" height=\"527\" src=\"https:\/\/sbi4beer.com\/wp-content\/uploads\/2021\/06\/mout1.png\" class=\"attachment-large size-large wp-post-image\" alt=\"mout\" style=\"\" srcset=\"https:\/\/sbi4beer.com\/wp-content\/uploads\/2021\/06\/mout1.png 1000w, https:\/\/sbi4beer.com\/wp-content\/uploads\/2021\/06\/mout1-300x158.png 300w, https:\/\/sbi4beer.com\/wp-content\/uploads\/2021\/06\/mout1-768x405.png 768w, https:\/\/sbi4beer.com\/wp-content\/uploads\/2021\/06\/mout1-600x316.png 600w\" sizes=\"auto, (max-width: 1000px) 100vw, 1000px\" \/><\/a><\/div><a class=\"wp-block-latest-posts__post-title\" href=\"https:\/\/sbi4beer.com\/fr\/malt-prices-uk-maltings\/\">Malt prices UK maltings<\/a><time datetime=\"2022-12-01T15:00:00+01:00\" class=\"wp-block-latest-posts__post-date\">1 d\u00e9cembre 2022<\/time><div class=\"wp-block-latest-posts__post-excerpt\">The new malt prices for January-December 2023 are known for the UK maltings from our range.<\/div><\/li>\n<li><div class=\"wp-block-latest-posts__featured-image\"><a href=\"https:\/\/sbi4beer.com\/fr\/holland-malt-cropsheet-2022\/\" aria-label=\"Holland Malt Cropsheet &rsquo;22\"><img loading=\"lazy\" decoding=\"async\" width=\"680\" height=\"453\" src=\"https:\/\/sbi4beer.com\/wp-content\/uploads\/2022\/12\/Holland-Malt-foto.jpg\" class=\"attachment-large size-large wp-post-image\" alt=\"holland malt foto\" style=\"\" srcset=\"https:\/\/sbi4beer.com\/wp-content\/uploads\/2022\/12\/Holland-Malt-foto.jpg 680w, https:\/\/sbi4beer.com\/wp-content\/uploads\/2022\/12\/Holland-Malt-foto-300x200.jpg 300w, https:\/\/sbi4beer.com\/wp-content\/uploads\/2022\/12\/Holland-Malt-foto-600x400.jpg 600w\" sizes=\"auto, (max-width: 680px) 100vw, 680px\" \/><\/a><\/div><a class=\"wp-block-latest-posts__post-title\" href=\"https:\/\/sbi4beer.com\/fr\/holland-malt-cropsheet-2022\/\">Holland Malt Cropsheet &rsquo;22<\/a><time datetime=\"2022-11-21T11:00:00+01:00\" class=\"wp-block-latest-posts__post-date\">21 novembre 2022<\/time><div class=\"wp-block-latest-posts__post-excerpt\">Download the Cropsheet 2022 from Holland Malt. Find out about the barley, malting and brewing results.<\/div><\/li>\n<\/ul>\n<\/div>\n<\/div><\/div>\n","protected":false},"excerpt":{"rendered":"","protected":false},"author":3,"featured_media":0,"parent":0,"menu_order":0,"comment_status":"closed","ping_status":"closed","template":"","meta":{"_acf_changed":false,"footnotes":""},"class_list":["post-35037","page","type-page","status-publish","hentry"],"acf":[],"yoast_head":"<!-- This site is optimized with the Yoast SEO plugin v27.1.1 - https:\/\/yoast.com\/product\/yoast-seo-wordpress\/ -->\n<title>Les actualit\u00e9s - Selected Brewing Ingredients<\/title>\n<meta name=\"robots\" content=\"index, follow, max-snippet:-1, max-image-preview:large, max-video-preview:-1\" \/>\n<link rel=\"canonical\" href=\"https:\/\/sbi4beer.com\/fr\/actualites\/\" \/>\n<meta property=\"og:locale\" content=\"fr_FR\" \/>\n<meta property=\"og:type\" content=\"article\" \/>\n<meta property=\"og:title\" content=\"Les actualit\u00e9s - Selected Brewing Ingredients\" \/>\n<meta property=\"og:url\" content=\"https:\/\/sbi4beer.com\/fr\/actualites\/\" \/>\n<meta property=\"og:site_name\" content=\"Selected Brewing Ingredients\" \/>\n<meta property=\"article:publisher\" content=\"https:\/\/www.facebook.com\/SelectedBrewingIngredients\" \/>\n<meta property=\"article:modified_time\" content=\"2023-01-02T08:56:01+00:00\" \/>\n<meta property=\"og:image\" content=\"https:\/\/sbi4beer.com\/wp-content\/uploads\/2021\/01\/Selected-Brewing-Ingredients-Over-ons.jpg\" \/>\n<meta name=\"twitter:card\" content=\"summary_large_image\" \/>\n<meta name=\"twitter:site\" content=\"@sbi4beer\" \/>\n<meta name=\"twitter:label1\" content=\"Dur\u00e9e de lecture estim\u00e9e\" \/>\n\t<meta name=\"twitter:data1\" content=\"1 minute\" \/>\n<script type=\"application\/ld+json\" class=\"yoast-schema-graph\">{\"@context\":\"https:\/\/schema.org\",\"@graph\":[{\"@type\":\"WebPage\",\"@id\":\"https:\/\/sbi4beer.com\/fr\/actualites\/\",\"url\":\"https:\/\/sbi4beer.com\/fr\/actualites\/\",\"name\":\"Les actualit\u00e9s - Selected Brewing Ingredients\",\"isPartOf\":{\"@id\":\"https:\/\/sbi4beer.com\/fr\/#website\"},\"primaryImageOfPage\":{\"@id\":\"https:\/\/sbi4beer.com\/fr\/actualites\/#primaryimage\"},\"image\":{\"@id\":\"https:\/\/sbi4beer.com\/fr\/actualites\/#primaryimage\"},\"thumbnailUrl\":\"https:\/\/sbi4beer.com\/wp-content\/uploads\/2021\/01\/Selected-Brewing-Ingredients-Over-ons.jpg\",\"datePublished\":\"2022-12-23T14:46:16+00:00\",\"dateModified\":\"2023-01-02T08:56:01+00:00\",\"breadcrumb\":{\"@id\":\"https:\/\/sbi4beer.com\/fr\/actualites\/#breadcrumb\"},\"inLanguage\":\"fr-FR\",\"potentialAction\":[{\"@type\":\"ReadAction\",\"target\":[\"https:\/\/sbi4beer.com\/fr\/actualites\/\"]}]},{\"@type\":\"ImageObject\",\"inLanguage\":\"fr-FR\",\"@id\":\"https:\/\/sbi4beer.com\/fr\/actualites\/#primaryimage\",\"url\":\"https:\/\/sbi4beer.com\/wp-content\/uploads\/2021\/01\/Selected-Brewing-Ingredients-Over-ons.jpg\",\"contentUrl\":\"https:\/\/sbi4beer.com\/wp-content\/uploads\/2021\/01\/Selected-Brewing-Ingredients-Over-ons.jpg\"},{\"@type\":\"BreadcrumbList\",\"@id\":\"https:\/\/sbi4beer.com\/fr\/actualites\/#breadcrumb\",\"itemListElement\":[{\"@type\":\"ListItem\",\"position\":1,\"name\":\"Home\",\"item\":\"https:\/\/sbi4beer.com\/fr\/\"},{\"@type\":\"ListItem\",\"position\":2,\"name\":\"Les actualit\u00e9s\"}]},{\"@type\":\"WebSite\",\"@id\":\"https:\/\/sbi4beer.com\/fr\/#website\",\"url\":\"https:\/\/sbi4beer.com\/fr\/\",\"name\":\"Selected Brewing Ingredients\",\"description\":\"Selected Brewing Ingredients\",\"publisher\":{\"@id\":\"https:\/\/sbi4beer.com\/fr\/#organization\"},\"potentialAction\":[{\"@type\":\"SearchAction\",\"target\":{\"@type\":\"EntryPoint\",\"urlTemplate\":\"https:\/\/sbi4beer.com\/fr\/?s={search_term_string}\"},\"query-input\":{\"@type\":\"PropertyValueSpecification\",\"valueRequired\":true,\"valueName\":\"search_term_string\"}}],\"inLanguage\":\"fr-FR\"},{\"@type\":\"Organization\",\"@id\":\"https:\/\/sbi4beer.com\/fr\/#organization\",\"name\":\"Selected Brewing Ingredients\",\"url\":\"https:\/\/sbi4beer.com\/fr\/\",\"logo\":{\"@type\":\"ImageObject\",\"inLanguage\":\"fr-FR\",\"@id\":\"https:\/\/sbi4beer.com\/fr\/#\/schema\/logo\/image\/\",\"url\":\"https:\/\/sbi4beer.com\/wp-content\/uploads\/2025\/11\/logo-sbi.png\",\"contentUrl\":\"https:\/\/sbi4beer.com\/wp-content\/uploads\/2025\/11\/logo-sbi.png\",\"width\":228,\"height\":69,\"caption\":\"Selected Brewing Ingredients\"},\"image\":{\"@id\":\"https:\/\/sbi4beer.com\/fr\/#\/schema\/logo\/image\/\"},\"sameAs\":[\"https:\/\/www.facebook.com\/SelectedBrewingIngredients\",\"https:\/\/x.com\/sbi4beer\",\"https:\/\/www.instagram.com\/sbi4beer\/\",\"https:\/\/www.linkedin.com\/company\/sbi4beer\/\"]}]}<\/script>\n<!-- \/ Yoast SEO plugin. -->","yoast_head_json":{"title":"Les actualit\u00e9s - Selected Brewing Ingredients","robots":{"index":"index","follow":"follow","max-snippet":"max-snippet:-1","max-image-preview":"max-image-preview:large","max-video-preview":"max-video-preview:-1"},"canonical":"https:\/\/sbi4beer.com\/fr\/actualites\/","og_locale":"fr_FR","og_type":"article","og_title":"Les actualit\u00e9s - Selected Brewing Ingredients","og_url":"https:\/\/sbi4beer.com\/fr\/actualites\/","og_site_name":"Selected Brewing Ingredients","article_publisher":"https:\/\/www.facebook.com\/SelectedBrewingIngredients","article_modified_time":"2023-01-02T08:56:01+00:00","og_image":[{"url":"https:\/\/sbi4beer.com\/wp-content\/uploads\/2021\/01\/Selected-Brewing-Ingredients-Over-ons.jpg","type":"","width":"","height":""}],"twitter_card":"summary_large_image","twitter_site":"@sbi4beer","twitter_misc":{"Dur\u00e9e de lecture estim\u00e9e":"1 minute"},"schema":{"@context":"https:\/\/schema.org","@graph":[{"@type":"WebPage","@id":"https:\/\/sbi4beer.com\/fr\/actualites\/","url":"https:\/\/sbi4beer.com\/fr\/actualites\/","name":"Les actualit\u00e9s - Selected Brewing Ingredients","isPartOf":{"@id":"https:\/\/sbi4beer.com\/fr\/#website"},"primaryImageOfPage":{"@id":"https:\/\/sbi4beer.com\/fr\/actualites\/#primaryimage"},"image":{"@id":"https:\/\/sbi4beer.com\/fr\/actualites\/#primaryimage"},"thumbnailUrl":"https:\/\/sbi4beer.com\/wp-content\/uploads\/2021\/01\/Selected-Brewing-Ingredients-Over-ons.jpg","datePublished":"2022-12-23T14:46:16+00:00","dateModified":"2023-01-02T08:56:01+00:00","breadcrumb":{"@id":"https:\/\/sbi4beer.com\/fr\/actualites\/#breadcrumb"},"inLanguage":"fr-FR","potentialAction":[{"@type":"ReadAction","target":["https:\/\/sbi4beer.com\/fr\/actualites\/"]}]},{"@type":"ImageObject","inLanguage":"fr-FR","@id":"https:\/\/sbi4beer.com\/fr\/actualites\/#primaryimage","url":"https:\/\/sbi4beer.com\/wp-content\/uploads\/2021\/01\/Selected-Brewing-Ingredients-Over-ons.jpg","contentUrl":"https:\/\/sbi4beer.com\/wp-content\/uploads\/2021\/01\/Selected-Brewing-Ingredients-Over-ons.jpg"},{"@type":"BreadcrumbList","@id":"https:\/\/sbi4beer.com\/fr\/actualites\/#breadcrumb","itemListElement":[{"@type":"ListItem","position":1,"name":"Home","item":"https:\/\/sbi4beer.com\/fr\/"},{"@type":"ListItem","position":2,"name":"Les actualit\u00e9s"}]},{"@type":"WebSite","@id":"https:\/\/sbi4beer.com\/fr\/#website","url":"https:\/\/sbi4beer.com\/fr\/","name":"Selected Brewing Ingredients","description":"Selected Brewing Ingredients","publisher":{"@id":"https:\/\/sbi4beer.com\/fr\/#organization"},"potentialAction":[{"@type":"SearchAction","target":{"@type":"EntryPoint","urlTemplate":"https:\/\/sbi4beer.com\/fr\/?s={search_term_string}"},"query-input":{"@type":"PropertyValueSpecification","valueRequired":true,"valueName":"search_term_string"}}],"inLanguage":"fr-FR"},{"@type":"Organization","@id":"https:\/\/sbi4beer.com\/fr\/#organization","name":"Selected Brewing Ingredients","url":"https:\/\/sbi4beer.com\/fr\/","logo":{"@type":"ImageObject","inLanguage":"fr-FR","@id":"https:\/\/sbi4beer.com\/fr\/#\/schema\/logo\/image\/","url":"https:\/\/sbi4beer.com\/wp-content\/uploads\/2025\/11\/logo-sbi.png","contentUrl":"https:\/\/sbi4beer.com\/wp-content\/uploads\/2025\/11\/logo-sbi.png","width":228,"height":69,"caption":"Selected Brewing Ingredients"},"image":{"@id":"https:\/\/sbi4beer.com\/fr\/#\/schema\/logo\/image\/"},"sameAs":["https:\/\/www.facebook.com\/SelectedBrewingIngredients","https:\/\/x.com\/sbi4beer","https:\/\/www.instagram.com\/sbi4beer\/","https:\/\/www.linkedin.com\/company\/sbi4beer\/"]}]}},"_links":{"self":[{"href":"https:\/\/sbi4beer.com\/fr\/wp-json\/wp\/v2\/pages\/35037","targetHints":{"allow":["GET"]}}],"collection":[{"href":"https:\/\/sbi4beer.com\/fr\/wp-json\/wp\/v2\/pages"}],"about":[{"href":"https:\/\/sbi4beer.com\/fr\/wp-json\/wp\/v2\/types\/page"}],"author":[{"embeddable":true,"href":"https:\/\/sbi4beer.com\/fr\/wp-json\/wp\/v2\/users\/3"}],"replies":[{"embeddable":true,"href":"https:\/\/sbi4beer.com\/fr\/wp-json\/wp\/v2\/comments?post=35037"}],"version-history":[{"count":5,"href":"https:\/\/sbi4beer.com\/fr\/wp-json\/wp\/v2\/pages\/35037\/revisions"}],"predecessor-version":[{"id":35696,"href":"https:\/\/sbi4beer.com\/fr\/wp-json\/wp\/v2\/pages\/35037\/revisions\/35696"}],"wp:attachment":[{"href":"https:\/\/sbi4beer.com\/fr\/wp-json\/wp\/v2\/media?parent=35037"}],"curies":[{"name":"wp","href":"https:\/\/api.w.org\/{rel}","templated":true}]}}