{"id":17786,"date":"2021-01-03T04:37:35","date_gmt":"2021-01-03T03:37:35","guid":{"rendered":"https:\/\/sbi4beer.com\/product\/17786\/"},"modified":"2025-03-27T13:58:58","modified_gmt":"2025-03-27T12:58:58","slug":"holland-malt-wiener-malt-25-kg","status":"publish","type":"product","link":"https:\/\/sbi4beer.com\/fr\/produit\/holland-malt-wiener-malt-25-kg\/","title":{"rendered":"Holland Malt Wiener Malt 25 kg"},"content":{"rendered":"<p>Le Wiener Malt de Holland Malt est fabriqu\u00e9 \u00e0 partir d\u2019orge de printemps \u00e0 deux rangs. Ce malt est largement modifi\u00e9 pour une bonne transformabilit\u00e9 et est touraill\u00e9 \u00e0 des temp\u00e9ratures l\u00e9g\u00e8rement plus \u00e9lev\u00e9es. <\/p>\n<p>Le malt Wiener donne du caract\u00e8re et une douceur agr\u00e9able, ajoute une couleur subtile \u00e0 la bi\u00e8re et poss\u00e8de des ar\u00f4mes de malt et de noix. Il est id\u00e9al pour les bi\u00e8res l\u00e9g\u00e8rement color\u00e9es ou comme malt de base pour les bi\u00e8res plus fonc\u00e9es. <\/p>\n","protected":false},"excerpt":{"rendered":"<p>Le malt viennois (ou malt de Vienne) donne une couleur subtile \u00e0 la bi\u00e8re et poss\u00e8de des ar\u00f4mes de malt et de noix. Id\u00e9al pour les bi\u00e8res de type Ale et les Lagers sp\u00e9ciales. <\/p>\n","protected":false},"featured_media":17787,"template":"","meta":{"_acf_changed":false},"product_brand":[],"product_cat":[1358],"product_tag":[],"class_list":{"0":"post-17786","1":"product","2":"type-product","3":"status-publish","4":"has-post-thumbnail","6":"product_cat-malts-cereales","8":"first","9":"instock","10":"taxable","11":"shipping-taxable","12":"purchasable","13":"product-type-simple"},"acf":[],"yoast_head":"<!-- This site is optimized with the Yoast SEO plugin v27.1.1 - https:\/\/yoast.com\/product\/yoast-seo-wordpress\/ -->\n<title>Holland Malt Wiener Malt 25 kg - Selected Brewing Ingredients<\/title>\n<meta name=\"description\" content=\"Holland Malt Wiener Malt 25 kg \u2713 Bestel alle brouwingredi\u00ebnten van hoge kwaliteit op 1 plaats \u2713 Service &amp; maatwerk \u2713 Snelle, betrouwbare levering\" \/>\n<meta name=\"robots\" content=\"index, follow, max-snippet:-1, max-image-preview:large, max-video-preview:-1\" \/>\n<link rel=\"canonical\" href=\"https:\/\/sbi4beer.com\/fr\/produit\/holland-malt-wiener-malt-25-kg\/\" \/>\n<meta property=\"og:locale\" content=\"fr_FR\" \/>\n<meta property=\"og:type\" content=\"article\" \/>\n<meta property=\"og:title\" content=\"Holland Malt Wiener Malt 25 kg - Selected Brewing Ingredients\" \/>\n<meta property=\"og:description\" content=\"Holland Malt Wiener Malt 25 kg \u2713 Bestel alle brouwingredi\u00ebnten van hoge kwaliteit op 1 plaats \u2713 Service &amp; maatwerk \u2713 Snelle, betrouwbare levering\" \/>\n<meta property=\"og:url\" content=\"https:\/\/sbi4beer.com\/fr\/produit\/holland-malt-wiener-malt-25-kg\/\" \/>\n<meta property=\"og:site_name\" content=\"Selected Brewing Ingredients\" \/>\n<meta property=\"article:publisher\" content=\"https:\/\/www.facebook.com\/SelectedBrewingIngredients\" \/>\n<meta property=\"article:modified_time\" content=\"2025-03-27T12:58:58+00:00\" \/>\n<meta property=\"og:image\" content=\"https:\/\/sbi4beer.com\/wp-content\/uploads\/2021\/01\/HM_Wiener_Mout_Vienna_25-kg_SBI.jpg\" \/>\n\t<meta property=\"og:image:width\" content=\"567\" \/>\n\t<meta property=\"og:image:height\" content=\"567\" \/>\n\t<meta property=\"og:image:type\" content=\"image\/jpeg\" \/>\n<meta name=\"twitter:card\" content=\"summary_large_image\" \/>\n<meta name=\"twitter:site\" content=\"@sbi4beer\" \/>\n<meta name=\"twitter:label1\" content=\"Dur\u00e9e de lecture estim\u00e9e\" \/>\n\t<meta name=\"twitter:data1\" content=\"1 minute\" \/>\n<script type=\"application\/ld+json\" class=\"yoast-schema-graph\">{\"@context\":\"https:\/\/schema.org\",\"@graph\":[{\"@type\":\"WebPage\",\"@id\":\"https:\/\/sbi4beer.com\/fr\/produit\/holland-malt-wiener-malt-25-kg\/\",\"url\":\"https:\/\/sbi4beer.com\/fr\/produit\/holland-malt-wiener-malt-25-kg\/\",\"name\":\"Holland Malt Wiener Malt 25 kg - Selected Brewing Ingredients\",\"isPartOf\":{\"@id\":\"https:\/\/sbi4beer.com\/fr\/#website\"},\"primaryImageOfPage\":{\"@id\":\"https:\/\/sbi4beer.com\/fr\/produit\/holland-malt-wiener-malt-25-kg\/#primaryimage\"},\"image\":{\"@id\":\"https:\/\/sbi4beer.com\/fr\/produit\/holland-malt-wiener-malt-25-kg\/#primaryimage\"},\"thumbnailUrl\":\"https:\/\/sbi4beer.com\/wp-content\/uploads\/2021\/01\/HM_Wiener_Mout_Vienna_25-kg_SBI.jpg\",\"datePublished\":\"2021-01-03T03:37:35+00:00\",\"dateModified\":\"2025-03-27T12:58:58+00:00\",\"description\":\"Holland Malt Wiener Malt 25 kg \u2713 Bestel alle brouwingredi\u00ebnten van hoge kwaliteit op 1 plaats \u2713 Service & maatwerk \u2713 Snelle, betrouwbare levering\",\"breadcrumb\":{\"@id\":\"https:\/\/sbi4beer.com\/fr\/produit\/holland-malt-wiener-malt-25-kg\/#breadcrumb\"},\"inLanguage\":\"fr-FR\",\"potentialAction\":[{\"@type\":\"ReadAction\",\"target\":[\"https:\/\/sbi4beer.com\/fr\/produit\/holland-malt-wiener-malt-25-kg\/\"]}]},{\"@type\":\"ImageObject\",\"inLanguage\":\"fr-FR\",\"@id\":\"https:\/\/sbi4beer.com\/fr\/produit\/holland-malt-wiener-malt-25-kg\/#primaryimage\",\"url\":\"https:\/\/sbi4beer.com\/wp-content\/uploads\/2021\/01\/HM_Wiener_Mout_Vienna_25-kg_SBI.jpg\",\"contentUrl\":\"https:\/\/sbi4beer.com\/wp-content\/uploads\/2021\/01\/HM_Wiener_Mout_Vienna_25-kg_SBI.jpg\",\"width\":567,\"height\":567},{\"@type\":\"BreadcrumbList\",\"@id\":\"https:\/\/sbi4beer.com\/fr\/produit\/holland-malt-wiener-malt-25-kg\/#breadcrumb\",\"itemListElement\":[{\"@type\":\"ListItem\",\"position\":1,\"name\":\"Home\",\"item\":\"https:\/\/sbi4beer.com\/fr\/\"},{\"@type\":\"ListItem\",\"position\":2,\"name\":\"Shop\",\"item\":\"https:\/\/sbi4beer.com\/fr\/shop\/\"},{\"@type\":\"ListItem\",\"position\":3,\"name\":\"Malts &amp; c\u00e9r\u00e9ales\",\"item\":\"https:\/\/sbi4beer.com\/fr\/Categories-de-produits\/malts-cereales\/\"},{\"@type\":\"ListItem\",\"position\":4,\"name\":\"Holland Malt Wiener Malt 25 kg\"}]},{\"@type\":\"WebSite\",\"@id\":\"https:\/\/sbi4beer.com\/fr\/#website\",\"url\":\"https:\/\/sbi4beer.com\/fr\/\",\"name\":\"Selected Brewing Ingredients\",\"description\":\"Selected Brewing Ingredients\",\"publisher\":{\"@id\":\"https:\/\/sbi4beer.com\/fr\/#organization\"},\"potentialAction\":[{\"@type\":\"SearchAction\",\"target\":{\"@type\":\"EntryPoint\",\"urlTemplate\":\"https:\/\/sbi4beer.com\/fr\/?s={search_term_string}\"},\"query-input\":{\"@type\":\"PropertyValueSpecification\",\"valueRequired\":true,\"valueName\":\"search_term_string\"}}],\"inLanguage\":\"fr-FR\"},{\"@type\":\"Organization\",\"@id\":\"https:\/\/sbi4beer.com\/fr\/#organization\",\"name\":\"Selected Brewing Ingredients\",\"url\":\"https:\/\/sbi4beer.com\/fr\/\",\"logo\":{\"@type\":\"ImageObject\",\"inLanguage\":\"fr-FR\",\"@id\":\"https:\/\/sbi4beer.com\/fr\/#\/schema\/logo\/image\/\",\"url\":\"https:\/\/sbi4beer.com\/wp-content\/uploads\/2025\/11\/logo-sbi.png\",\"contentUrl\":\"https:\/\/sbi4beer.com\/wp-content\/uploads\/2025\/11\/logo-sbi.png\",\"width\":228,\"height\":69,\"caption\":\"Selected Brewing Ingredients\"},\"image\":{\"@id\":\"https:\/\/sbi4beer.com\/fr\/#\/schema\/logo\/image\/\"},\"sameAs\":[\"https:\/\/www.facebook.com\/SelectedBrewingIngredients\",\"https:\/\/x.com\/sbi4beer\",\"https:\/\/www.instagram.com\/sbi4beer\/\",\"https:\/\/www.linkedin.com\/company\/sbi4beer\/\"]}]}<\/script>\n<!-- \/ Yoast SEO plugin. -->","yoast_head_json":{"title":"Holland Malt Wiener Malt 25 kg - Selected Brewing Ingredients","description":"Holland Malt Wiener Malt 25 kg \u2713 Bestel alle brouwingredi\u00ebnten van hoge kwaliteit op 1 plaats \u2713 Service & maatwerk \u2713 Snelle, betrouwbare levering","robots":{"index":"index","follow":"follow","max-snippet":"max-snippet:-1","max-image-preview":"max-image-preview:large","max-video-preview":"max-video-preview:-1"},"canonical":"https:\/\/sbi4beer.com\/fr\/produit\/holland-malt-wiener-malt-25-kg\/","og_locale":"fr_FR","og_type":"article","og_title":"Holland Malt Wiener Malt 25 kg - Selected Brewing Ingredients","og_description":"Holland Malt Wiener Malt 25 kg \u2713 Bestel alle brouwingredi\u00ebnten van hoge kwaliteit op 1 plaats \u2713 Service & maatwerk \u2713 Snelle, betrouwbare levering","og_url":"https:\/\/sbi4beer.com\/fr\/produit\/holland-malt-wiener-malt-25-kg\/","og_site_name":"Selected Brewing Ingredients","article_publisher":"https:\/\/www.facebook.com\/SelectedBrewingIngredients","article_modified_time":"2025-03-27T12:58:58+00:00","og_image":[{"width":567,"height":567,"url":"https:\/\/sbi4beer.com\/wp-content\/uploads\/2021\/01\/HM_Wiener_Mout_Vienna_25-kg_SBI.jpg","type":"image\/jpeg"}],"twitter_card":"summary_large_image","twitter_site":"@sbi4beer","twitter_misc":{"Dur\u00e9e de lecture estim\u00e9e":"1 minute"},"schema":{"@context":"https:\/\/schema.org","@graph":[{"@type":"WebPage","@id":"https:\/\/sbi4beer.com\/fr\/produit\/holland-malt-wiener-malt-25-kg\/","url":"https:\/\/sbi4beer.com\/fr\/produit\/holland-malt-wiener-malt-25-kg\/","name":"Holland Malt Wiener Malt 25 kg - Selected Brewing Ingredients","isPartOf":{"@id":"https:\/\/sbi4beer.com\/fr\/#website"},"primaryImageOfPage":{"@id":"https:\/\/sbi4beer.com\/fr\/produit\/holland-malt-wiener-malt-25-kg\/#primaryimage"},"image":{"@id":"https:\/\/sbi4beer.com\/fr\/produit\/holland-malt-wiener-malt-25-kg\/#primaryimage"},"thumbnailUrl":"https:\/\/sbi4beer.com\/wp-content\/uploads\/2021\/01\/HM_Wiener_Mout_Vienna_25-kg_SBI.jpg","datePublished":"2021-01-03T03:37:35+00:00","dateModified":"2025-03-27T12:58:58+00:00","description":"Holland Malt Wiener Malt 25 kg \u2713 Bestel alle brouwingredi\u00ebnten van hoge kwaliteit op 1 plaats \u2713 Service & maatwerk \u2713 Snelle, betrouwbare levering","breadcrumb":{"@id":"https:\/\/sbi4beer.com\/fr\/produit\/holland-malt-wiener-malt-25-kg\/#breadcrumb"},"inLanguage":"fr-FR","potentialAction":[{"@type":"ReadAction","target":["https:\/\/sbi4beer.com\/fr\/produit\/holland-malt-wiener-malt-25-kg\/"]}]},{"@type":"ImageObject","inLanguage":"fr-FR","@id":"https:\/\/sbi4beer.com\/fr\/produit\/holland-malt-wiener-malt-25-kg\/#primaryimage","url":"https:\/\/sbi4beer.com\/wp-content\/uploads\/2021\/01\/HM_Wiener_Mout_Vienna_25-kg_SBI.jpg","contentUrl":"https:\/\/sbi4beer.com\/wp-content\/uploads\/2021\/01\/HM_Wiener_Mout_Vienna_25-kg_SBI.jpg","width":567,"height":567},{"@type":"BreadcrumbList","@id":"https:\/\/sbi4beer.com\/fr\/produit\/holland-malt-wiener-malt-25-kg\/#breadcrumb","itemListElement":[{"@type":"ListItem","position":1,"name":"Home","item":"https:\/\/sbi4beer.com\/fr\/"},{"@type":"ListItem","position":2,"name":"Shop","item":"https:\/\/sbi4beer.com\/fr\/shop\/"},{"@type":"ListItem","position":3,"name":"Malts &amp; c\u00e9r\u00e9ales","item":"https:\/\/sbi4beer.com\/fr\/Categories-de-produits\/malts-cereales\/"},{"@type":"ListItem","position":4,"name":"Holland Malt Wiener Malt 25 kg"}]},{"@type":"WebSite","@id":"https:\/\/sbi4beer.com\/fr\/#website","url":"https:\/\/sbi4beer.com\/fr\/","name":"Selected Brewing Ingredients","description":"Selected Brewing Ingredients","publisher":{"@id":"https:\/\/sbi4beer.com\/fr\/#organization"},"potentialAction":[{"@type":"SearchAction","target":{"@type":"EntryPoint","urlTemplate":"https:\/\/sbi4beer.com\/fr\/?s={search_term_string}"},"query-input":{"@type":"PropertyValueSpecification","valueRequired":true,"valueName":"search_term_string"}}],"inLanguage":"fr-FR"},{"@type":"Organization","@id":"https:\/\/sbi4beer.com\/fr\/#organization","name":"Selected Brewing Ingredients","url":"https:\/\/sbi4beer.com\/fr\/","logo":{"@type":"ImageObject","inLanguage":"fr-FR","@id":"https:\/\/sbi4beer.com\/fr\/#\/schema\/logo\/image\/","url":"https:\/\/sbi4beer.com\/wp-content\/uploads\/2025\/11\/logo-sbi.png","contentUrl":"https:\/\/sbi4beer.com\/wp-content\/uploads\/2025\/11\/logo-sbi.png","width":228,"height":69,"caption":"Selected Brewing Ingredients"},"image":{"@id":"https:\/\/sbi4beer.com\/fr\/#\/schema\/logo\/image\/"},"sameAs":["https:\/\/www.facebook.com\/SelectedBrewingIngredients","https:\/\/x.com\/sbi4beer","https:\/\/www.instagram.com\/sbi4beer\/","https:\/\/www.linkedin.com\/company\/sbi4beer\/"]}]}},"_links":{"self":[{"href":"https:\/\/sbi4beer.com\/fr\/wp-json\/wp\/v2\/product\/17786","targetHints":{"allow":["GET"]}}],"collection":[{"href":"https:\/\/sbi4beer.com\/fr\/wp-json\/wp\/v2\/product"}],"about":[{"href":"https:\/\/sbi4beer.com\/fr\/wp-json\/wp\/v2\/types\/product"}],"wp:featuredmedia":[{"embeddable":true,"href":"https:\/\/sbi4beer.com\/fr\/wp-json\/wp\/v2\/media\/17787"}],"wp:attachment":[{"href":"https:\/\/sbi4beer.com\/fr\/wp-json\/wp\/v2\/media?parent=17786"}],"wp:term":[{"taxonomy":"product_brand","embeddable":true,"href":"https:\/\/sbi4beer.com\/fr\/wp-json\/wp\/v2\/product_brand?post=17786"},{"taxonomy":"product_cat","embeddable":true,"href":"https:\/\/sbi4beer.com\/fr\/wp-json\/wp\/v2\/product_cat?post=17786"},{"taxonomy":"product_tag","embeddable":true,"href":"https:\/\/sbi4beer.com\/fr\/wp-json\/wp\/v2\/product_tag?post=17786"}],"curies":[{"name":"wp","href":"https:\/\/api.w.org\/{rel}","templated":true}]}}