{"id":17951,"date":"2021-07-15T10:30:10","date_gmt":"2021-07-15T08:30:10","guid":{"rendered":"https:\/\/sbi4beer.com\/product\/aurum-hop-pellets-5kg\/"},"modified":"2024-07-26T16:31:55","modified_gmt":"2024-07-26T14:31:55","slug":"houblon-aurum-en-pellets-5kg","status":"publish","type":"product","link":"https:\/\/sbi4beer.com\/fr\/produit\/houblon-aurum-en-pellets-5kg\/","title":{"rendered":"Houblon Aurum en pellets 5kg"},"content":{"rendered":"<p>Ce houblon aromatique d\u00e9licatement \u00e9pic\u00e9 a un caract\u00e8re allemand classique. Avec une intensit\u00e9 moyenne et une amertume harmonieuse, il convient parfaitement aux lagers de haute qualit\u00e9. L&rsquo;Aurum offre un transfert \u00e9lev\u00e9 de compos\u00e9s aromatiques pendant le processus de brassage.<br \/>\nLe houblon Aurum a une teneur en huile plus \u00e9lev\u00e9e et est souvent choisi comme dernier ajout de houblon dans la salle de brassage. Il poss\u00e8de \u00e9galement des notes fortes et \u00e9pic\u00e9es et un ar\u00f4me frais d&rsquo;agrumes.<\/p>\n","protected":false},"excerpt":{"rendered":"<p><strong>Sale !<\/strong><br \/>\n<em>Cette offre est valable dans la limite des stocks disponibles.<\/em><\/p>\n<p>&nbsp;<\/p>\n<p>L\u2019Aurum est un houblon aromatique allemand tr\u00e8s fin.<\/p>\n","protected":false},"featured_media":15190,"template":"","meta":{"_acf_changed":false},"product_brand":[],"product_cat":[1362],"product_tag":[],"class_list":{"0":"post-17951","1":"product","2":"type-product","3":"status-publish","4":"has-post-thumbnail","6":"product_cat-houblons","8":"first","9":"instock","10":"taxable","11":"shipping-taxable","12":"purchasable","13":"product-type-simple"},"acf":[],"yoast_head":"<!-- This site is optimized with the Yoast SEO plugin v27.1.1 - https:\/\/yoast.com\/product\/yoast-seo-wordpress\/ -->\n<title>Houblon Aurum en pellets 5kg - Selected Brewing Ingredients<\/title>\n<meta name=\"description\" content=\"Houblon Aurum en pellets 5kg \u2713 Bestel alle brouwingredi\u00ebnten van hoge kwaliteit op 1 plaats \u2713 Service &amp; maatwerk \u2713 Snelle, betrouwbare levering\" \/>\n<meta name=\"robots\" content=\"index, follow, max-snippet:-1, max-image-preview:large, max-video-preview:-1\" \/>\n<link rel=\"canonical\" href=\"https:\/\/sbi4beer.com\/fr\/produit\/houblon-aurum-en-pellets-5kg\/\" \/>\n<meta property=\"og:locale\" content=\"fr_FR\" \/>\n<meta property=\"og:type\" content=\"article\" \/>\n<meta property=\"og:title\" content=\"Houblon Aurum en pellets 5kg - Selected Brewing Ingredients\" \/>\n<meta property=\"og:description\" content=\"Houblon Aurum en pellets 5kg \u2713 Bestel alle brouwingredi\u00ebnten van hoge kwaliteit op 1 plaats \u2713 Service &amp; maatwerk \u2713 Snelle, betrouwbare levering\" \/>\n<meta property=\"og:url\" content=\"https:\/\/sbi4beer.com\/fr\/produit\/houblon-aurum-en-pellets-5kg\/\" \/>\n<meta property=\"og:site_name\" content=\"Selected Brewing Ingredients\" \/>\n<meta property=\"article:publisher\" content=\"https:\/\/www.facebook.com\/SelectedBrewingIngredients\" \/>\n<meta property=\"article:modified_time\" content=\"2024-07-26T14:31:55+00:00\" \/>\n<meta property=\"og:image\" content=\"https:\/\/sbi4beer.com\/wp-content\/uploads\/2021\/02\/Hop-pellets-SBI.jpg\" \/>\n\t<meta property=\"og:image:width\" content=\"700\" \/>\n\t<meta property=\"og:image:height\" content=\"700\" \/>\n\t<meta property=\"og:image:type\" content=\"image\/jpeg\" \/>\n<meta name=\"twitter:card\" content=\"summary_large_image\" \/>\n<meta name=\"twitter:site\" content=\"@sbi4beer\" \/>\n<meta name=\"twitter:label1\" content=\"Dur\u00e9e de lecture estim\u00e9e\" \/>\n\t<meta name=\"twitter:data1\" content=\"1 minute\" \/>\n<script type=\"application\/ld+json\" class=\"yoast-schema-graph\">{\"@context\":\"https:\/\/schema.org\",\"@graph\":[{\"@type\":\"WebPage\",\"@id\":\"https:\/\/sbi4beer.com\/fr\/produit\/houblon-aurum-en-pellets-5kg\/\",\"url\":\"https:\/\/sbi4beer.com\/fr\/produit\/houblon-aurum-en-pellets-5kg\/\",\"name\":\"Houblon Aurum en pellets 5kg - Selected Brewing Ingredients\",\"isPartOf\":{\"@id\":\"https:\/\/sbi4beer.com\/fr\/#website\"},\"primaryImageOfPage\":{\"@id\":\"https:\/\/sbi4beer.com\/fr\/produit\/houblon-aurum-en-pellets-5kg\/#primaryimage\"},\"image\":{\"@id\":\"https:\/\/sbi4beer.com\/fr\/produit\/houblon-aurum-en-pellets-5kg\/#primaryimage\"},\"thumbnailUrl\":\"https:\/\/sbi4beer.com\/wp-content\/uploads\/2021\/02\/Hop-pellets-SBI.jpg\",\"datePublished\":\"2021-07-15T08:30:10+00:00\",\"dateModified\":\"2024-07-26T14:31:55+00:00\",\"description\":\"Houblon Aurum en pellets 5kg \u2713 Bestel alle brouwingredi\u00ebnten van hoge kwaliteit op 1 plaats \u2713 Service & maatwerk \u2713 Snelle, betrouwbare levering\",\"breadcrumb\":{\"@id\":\"https:\/\/sbi4beer.com\/fr\/produit\/houblon-aurum-en-pellets-5kg\/#breadcrumb\"},\"inLanguage\":\"fr-FR\",\"potentialAction\":[{\"@type\":\"ReadAction\",\"target\":[\"https:\/\/sbi4beer.com\/fr\/produit\/houblon-aurum-en-pellets-5kg\/\"]}]},{\"@type\":\"ImageObject\",\"inLanguage\":\"fr-FR\",\"@id\":\"https:\/\/sbi4beer.com\/fr\/produit\/houblon-aurum-en-pellets-5kg\/#primaryimage\",\"url\":\"https:\/\/sbi4beer.com\/wp-content\/uploads\/2021\/02\/Hop-pellets-SBI.jpg\",\"contentUrl\":\"https:\/\/sbi4beer.com\/wp-content\/uploads\/2021\/02\/Hop-pellets-SBI.jpg\",\"width\":700,\"height\":700,\"caption\":\"Hop-pellets\"},{\"@type\":\"BreadcrumbList\",\"@id\":\"https:\/\/sbi4beer.com\/fr\/produit\/houblon-aurum-en-pellets-5kg\/#breadcrumb\",\"itemListElement\":[{\"@type\":\"ListItem\",\"position\":1,\"name\":\"Home\",\"item\":\"https:\/\/sbi4beer.com\/fr\/\"},{\"@type\":\"ListItem\",\"position\":2,\"name\":\"Shop\",\"item\":\"https:\/\/sbi4beer.com\/fr\/shop\/\"},{\"@type\":\"ListItem\",\"position\":3,\"name\":\"Houblons\",\"item\":\"https:\/\/sbi4beer.com\/fr\/Categories-de-produits\/houblons\/\"},{\"@type\":\"ListItem\",\"position\":4,\"name\":\"Houblon Aurum en pellets 5kg\"}]},{\"@type\":\"WebSite\",\"@id\":\"https:\/\/sbi4beer.com\/fr\/#website\",\"url\":\"https:\/\/sbi4beer.com\/fr\/\",\"name\":\"Selected Brewing Ingredients\",\"description\":\"Selected Brewing Ingredients\",\"publisher\":{\"@id\":\"https:\/\/sbi4beer.com\/fr\/#organization\"},\"potentialAction\":[{\"@type\":\"SearchAction\",\"target\":{\"@type\":\"EntryPoint\",\"urlTemplate\":\"https:\/\/sbi4beer.com\/fr\/?s={search_term_string}\"},\"query-input\":{\"@type\":\"PropertyValueSpecification\",\"valueRequired\":true,\"valueName\":\"search_term_string\"}}],\"inLanguage\":\"fr-FR\"},{\"@type\":\"Organization\",\"@id\":\"https:\/\/sbi4beer.com\/fr\/#organization\",\"name\":\"Selected Brewing Ingredients\",\"url\":\"https:\/\/sbi4beer.com\/fr\/\",\"logo\":{\"@type\":\"ImageObject\",\"inLanguage\":\"fr-FR\",\"@id\":\"https:\/\/sbi4beer.com\/fr\/#\/schema\/logo\/image\/\",\"url\":\"https:\/\/sbi4beer.com\/wp-content\/uploads\/2025\/11\/logo-sbi.png\",\"contentUrl\":\"https:\/\/sbi4beer.com\/wp-content\/uploads\/2025\/11\/logo-sbi.png\",\"width\":228,\"height\":69,\"caption\":\"Selected Brewing Ingredients\"},\"image\":{\"@id\":\"https:\/\/sbi4beer.com\/fr\/#\/schema\/logo\/image\/\"},\"sameAs\":[\"https:\/\/www.facebook.com\/SelectedBrewingIngredients\",\"https:\/\/x.com\/sbi4beer\",\"https:\/\/www.instagram.com\/sbi4beer\/\",\"https:\/\/www.linkedin.com\/company\/sbi4beer\/\"]}]}<\/script>\n<!-- \/ Yoast SEO plugin. -->","yoast_head_json":{"title":"Houblon Aurum en pellets 5kg - Selected Brewing Ingredients","description":"Houblon Aurum en pellets 5kg \u2713 Bestel alle brouwingredi\u00ebnten van hoge kwaliteit op 1 plaats \u2713 Service & maatwerk \u2713 Snelle, betrouwbare levering","robots":{"index":"index","follow":"follow","max-snippet":"max-snippet:-1","max-image-preview":"max-image-preview:large","max-video-preview":"max-video-preview:-1"},"canonical":"https:\/\/sbi4beer.com\/fr\/produit\/houblon-aurum-en-pellets-5kg\/","og_locale":"fr_FR","og_type":"article","og_title":"Houblon Aurum en pellets 5kg - Selected Brewing Ingredients","og_description":"Houblon Aurum en pellets 5kg \u2713 Bestel alle brouwingredi\u00ebnten van hoge kwaliteit op 1 plaats \u2713 Service & maatwerk \u2713 Snelle, betrouwbare levering","og_url":"https:\/\/sbi4beer.com\/fr\/produit\/houblon-aurum-en-pellets-5kg\/","og_site_name":"Selected Brewing Ingredients","article_publisher":"https:\/\/www.facebook.com\/SelectedBrewingIngredients","article_modified_time":"2024-07-26T14:31:55+00:00","og_image":[{"width":700,"height":700,"url":"https:\/\/sbi4beer.com\/wp-content\/uploads\/2021\/02\/Hop-pellets-SBI.jpg","type":"image\/jpeg"}],"twitter_card":"summary_large_image","twitter_site":"@sbi4beer","twitter_misc":{"Dur\u00e9e de lecture estim\u00e9e":"1 minute"},"schema":{"@context":"https:\/\/schema.org","@graph":[{"@type":"WebPage","@id":"https:\/\/sbi4beer.com\/fr\/produit\/houblon-aurum-en-pellets-5kg\/","url":"https:\/\/sbi4beer.com\/fr\/produit\/houblon-aurum-en-pellets-5kg\/","name":"Houblon Aurum en pellets 5kg - Selected Brewing Ingredients","isPartOf":{"@id":"https:\/\/sbi4beer.com\/fr\/#website"},"primaryImageOfPage":{"@id":"https:\/\/sbi4beer.com\/fr\/produit\/houblon-aurum-en-pellets-5kg\/#primaryimage"},"image":{"@id":"https:\/\/sbi4beer.com\/fr\/produit\/houblon-aurum-en-pellets-5kg\/#primaryimage"},"thumbnailUrl":"https:\/\/sbi4beer.com\/wp-content\/uploads\/2021\/02\/Hop-pellets-SBI.jpg","datePublished":"2021-07-15T08:30:10+00:00","dateModified":"2024-07-26T14:31:55+00:00","description":"Houblon Aurum en pellets 5kg \u2713 Bestel alle brouwingredi\u00ebnten van hoge kwaliteit op 1 plaats \u2713 Service & maatwerk \u2713 Snelle, betrouwbare levering","breadcrumb":{"@id":"https:\/\/sbi4beer.com\/fr\/produit\/houblon-aurum-en-pellets-5kg\/#breadcrumb"},"inLanguage":"fr-FR","potentialAction":[{"@type":"ReadAction","target":["https:\/\/sbi4beer.com\/fr\/produit\/houblon-aurum-en-pellets-5kg\/"]}]},{"@type":"ImageObject","inLanguage":"fr-FR","@id":"https:\/\/sbi4beer.com\/fr\/produit\/houblon-aurum-en-pellets-5kg\/#primaryimage","url":"https:\/\/sbi4beer.com\/wp-content\/uploads\/2021\/02\/Hop-pellets-SBI.jpg","contentUrl":"https:\/\/sbi4beer.com\/wp-content\/uploads\/2021\/02\/Hop-pellets-SBI.jpg","width":700,"height":700,"caption":"Hop-pellets"},{"@type":"BreadcrumbList","@id":"https:\/\/sbi4beer.com\/fr\/produit\/houblon-aurum-en-pellets-5kg\/#breadcrumb","itemListElement":[{"@type":"ListItem","position":1,"name":"Home","item":"https:\/\/sbi4beer.com\/fr\/"},{"@type":"ListItem","position":2,"name":"Shop","item":"https:\/\/sbi4beer.com\/fr\/shop\/"},{"@type":"ListItem","position":3,"name":"Houblons","item":"https:\/\/sbi4beer.com\/fr\/Categories-de-produits\/houblons\/"},{"@type":"ListItem","position":4,"name":"Houblon Aurum en pellets 5kg"}]},{"@type":"WebSite","@id":"https:\/\/sbi4beer.com\/fr\/#website","url":"https:\/\/sbi4beer.com\/fr\/","name":"Selected Brewing Ingredients","description":"Selected Brewing Ingredients","publisher":{"@id":"https:\/\/sbi4beer.com\/fr\/#organization"},"potentialAction":[{"@type":"SearchAction","target":{"@type":"EntryPoint","urlTemplate":"https:\/\/sbi4beer.com\/fr\/?s={search_term_string}"},"query-input":{"@type":"PropertyValueSpecification","valueRequired":true,"valueName":"search_term_string"}}],"inLanguage":"fr-FR"},{"@type":"Organization","@id":"https:\/\/sbi4beer.com\/fr\/#organization","name":"Selected Brewing Ingredients","url":"https:\/\/sbi4beer.com\/fr\/","logo":{"@type":"ImageObject","inLanguage":"fr-FR","@id":"https:\/\/sbi4beer.com\/fr\/#\/schema\/logo\/image\/","url":"https:\/\/sbi4beer.com\/wp-content\/uploads\/2025\/11\/logo-sbi.png","contentUrl":"https:\/\/sbi4beer.com\/wp-content\/uploads\/2025\/11\/logo-sbi.png","width":228,"height":69,"caption":"Selected Brewing Ingredients"},"image":{"@id":"https:\/\/sbi4beer.com\/fr\/#\/schema\/logo\/image\/"},"sameAs":["https:\/\/www.facebook.com\/SelectedBrewingIngredients","https:\/\/x.com\/sbi4beer","https:\/\/www.instagram.com\/sbi4beer\/","https:\/\/www.linkedin.com\/company\/sbi4beer\/"]}]}},"_links":{"self":[{"href":"https:\/\/sbi4beer.com\/fr\/wp-json\/wp\/v2\/product\/17951","targetHints":{"allow":["GET"]}}],"collection":[{"href":"https:\/\/sbi4beer.com\/fr\/wp-json\/wp\/v2\/product"}],"about":[{"href":"https:\/\/sbi4beer.com\/fr\/wp-json\/wp\/v2\/types\/product"}],"wp:featuredmedia":[{"embeddable":true,"href":"https:\/\/sbi4beer.com\/fr\/wp-json\/wp\/v2\/media\/15190"}],"wp:attachment":[{"href":"https:\/\/sbi4beer.com\/fr\/wp-json\/wp\/v2\/media?parent=17951"}],"wp:term":[{"taxonomy":"product_brand","embeddable":true,"href":"https:\/\/sbi4beer.com\/fr\/wp-json\/wp\/v2\/product_brand?post=17951"},{"taxonomy":"product_cat","embeddable":true,"href":"https:\/\/sbi4beer.com\/fr\/wp-json\/wp\/v2\/product_cat?post=17951"},{"taxonomy":"product_tag","embeddable":true,"href":"https:\/\/sbi4beer.com\/fr\/wp-json\/wp\/v2\/product_tag?post=17951"}],"curies":[{"name":"wp","href":"https:\/\/api.w.org\/{rel}","templated":true}]}}