{"id":18113,"date":"2021-01-13T03:48:31","date_gmt":"2021-01-13T02:48:31","guid":{"rendered":"https:\/\/sbi4beer.com\/product\/aromazyme-100-g\/"},"modified":"2024-07-24T16:02:58","modified_gmt":"2024-07-24T14:02:58","slug":"aromazyme-100-g","status":"publish","type":"product","link":"https:\/\/sbi4beer.com\/fr\/produit\/aromazyme-100-g\/","title":{"rendered":"Aromazyme\u2122 100 g"},"content":{"rendered":"<h5><strong>AB Vickers Aromazyme<\/strong><\/h5>\n<p>Aromazyme\u2122 est une pr\u00e9paration enzymatique \u00e0 forte activit\u00e9 \u03b2-glucosidase qui favorise l&rsquo;hydrolyse des compos\u00e9s glycosidiques. Elle est compos\u00e9e d&rsquo;enzymes \u03b2-glucosidase qui sont capables d&rsquo;hydrolyser les liaisons glycosidiques, de lib\u00e9rer des compos\u00e9s d&rsquo;alcool monoterp\u00e9nique et du glucose. Elle a \u00e9t\u00e9 d\u00e9velopp\u00e9e pour augmenter la complexit\u00e9 aromatique issue du houblon dans la bi\u00e8re.<\/p>\n<p>Poudre blanch\u00e2tre \u00e0 brun clair.<\/p>\n<p>L&rsquo;application Aromazyme\u2122 pendant la fermentation donne aux brasseries la possibilit\u00e9 d&rsquo;am\u00e9liorer leur utilisation du houblon en extrayant plus de compos\u00e9s aromatiques et peut leur permettre d&rsquo;exprimer plus de caract\u00e8re lorsqu&rsquo;elles utilisent des vari\u00e9t\u00e9s de houblon moins sophistiqu\u00e9es.<\/p>\n<h5><strong>B\u00e9n\u00e9fices<\/strong><\/h5>\n<ul>\n<li>Augmenter la diversit\u00e9 des saveurs et des ar\u00f4mes du houblon en modifiant le ratio de compos\u00e9s terp\u00e9niques sp\u00e9cifiques.<\/li>\n<li>Am\u00e9liorer la sensation en bouche et la buvabilit\u00e9 de la bi\u00e8re en r\u00e9duisant l\u2019amertume d\u00e9sagr\u00e9able et \u00e2pre.<\/li>\n<li>Augmenter l\u00e9g\u00e8rement la fermentabilit\u00e9 du mo\u00fbt.<\/li>\n<li>Exprimer plus de caract\u00e8re \u00e0 partir de vari\u00e9t\u00e9s de houblon moins sophistiqu\u00e9es.<\/li>\n<\/ul>\n<p><iframe loading=\"lazy\" title=\"YouTube video player\" src=\"https:\/\/www.youtube.com\/embed\/kGM7oXzPt7c?si=x5ukSBVts8Sa6PXV\" width=\"560\" height=\"315\" frameborder=\"0\" allowfullscreen=\"allowfullscreen\"><\/iframe><\/p>\n<h5><strong>Dosage et application<\/strong><\/h5>\n<p>Le dosage recommand\u00e9 est de 5g\/hL. Diluer l&rsquo;enzyme dans une quantit\u00e9 ad\u00e9quate d&rsquo;eau (en moyenne 1 pour 10) pour permettre une distribution uniforme dans le fermenteur.<\/p>\n<h5><strong>Stockage<\/strong><\/h5>\n<p>Doivent \u00eatre conserv\u00e9s dans un endroit froid et sec. Il est recommand\u00e9 d&rsquo;utiliser tout le produit une fois ouvert.<\/p>\n<p><strong>Besoin de plus d\u2019informations? Regarder documentation \u00ab Fiche de donn\u00e9es techniques Aromazyme\u2122 \u00bb<\/strong><\/p>\n","protected":false},"excerpt":{"rendered":"<p>Aromazyme\u2122. Elle a \u00e9t\u00e9 d\u00e9velopp\u00e9e pour augmenter la complexit\u00e9 aromatique issue du houblon dans la bi\u00e8re.<\/p>\n","protected":false},"featured_media":8952,"template":"","meta":{"_acf_changed":false},"product_brand":[],"product_cat":[1372],"product_tag":[],"class_list":{"0":"post-18113","1":"product","2":"type-product","3":"status-publish","4":"has-post-thumbnail","6":"product_cat-additifs-auxiliaires","8":"first","9":"instock","10":"taxable","11":"shipping-taxable","12":"purchasable","13":"product-type-simple"},"acf":[],"yoast_head":"<!-- This site is optimized with the Yoast SEO plugin v27.1.1 - https:\/\/yoast.com\/product\/yoast-seo-wordpress\/ -->\n<title>Aromazyme\u2122 100 g - Selected Brewing Ingredients<\/title>\n<meta name=\"description\" content=\"Aromazyme\u2122 100 g \u2713 Bestel alle brouwingredi\u00ebnten van hoge kwaliteit op 1 plaats \u2713 Service &amp; maatwerk \u2713 Snelle, betrouwbare levering\" \/>\n<meta name=\"robots\" content=\"index, follow, max-snippet:-1, max-image-preview:large, max-video-preview:-1\" \/>\n<link rel=\"canonical\" href=\"https:\/\/sbi4beer.com\/fr\/produit\/aromazyme-100-g\/\" \/>\n<meta property=\"og:locale\" content=\"fr_FR\" \/>\n<meta property=\"og:type\" content=\"article\" \/>\n<meta property=\"og:title\" content=\"Aromazyme\u2122 100 g - Selected Brewing Ingredients\" \/>\n<meta property=\"og:description\" content=\"Aromazyme\u2122 100 g \u2713 Bestel alle brouwingredi\u00ebnten van hoge kwaliteit op 1 plaats \u2713 Service &amp; maatwerk \u2713 Snelle, betrouwbare levering\" \/>\n<meta property=\"og:url\" content=\"https:\/\/sbi4beer.com\/fr\/produit\/aromazyme-100-g\/\" \/>\n<meta property=\"og:site_name\" content=\"Selected Brewing Ingredients\" \/>\n<meta property=\"article:publisher\" content=\"https:\/\/www.facebook.com\/SelectedBrewingIngredients\" \/>\n<meta property=\"article:modified_time\" content=\"2024-07-24T14:02:58+00:00\" \/>\n<meta property=\"og:image\" content=\"https:\/\/sbi4beer.com\/wp-content\/uploads\/2021\/01\/Aromazyme\u2122-SBI.jpg\" \/>\n\t<meta property=\"og:image:width\" content=\"700\" \/>\n\t<meta property=\"og:image:height\" content=\"700\" \/>\n\t<meta property=\"og:image:type\" content=\"image\/jpeg\" \/>\n<meta name=\"twitter:card\" content=\"summary_large_image\" \/>\n<meta name=\"twitter:site\" content=\"@sbi4beer\" \/>\n<meta name=\"twitter:label1\" content=\"Dur\u00e9e de lecture estim\u00e9e\" \/>\n\t<meta name=\"twitter:data1\" content=\"2 minutes\" \/>\n<script type=\"application\/ld+json\" class=\"yoast-schema-graph\">{\"@context\":\"https:\/\/schema.org\",\"@graph\":[{\"@type\":\"WebPage\",\"@id\":\"https:\/\/sbi4beer.com\/fr\/produit\/aromazyme-100-g\/\",\"url\":\"https:\/\/sbi4beer.com\/fr\/produit\/aromazyme-100-g\/\",\"name\":\"Aromazyme\u2122 100 g - Selected Brewing Ingredients\",\"isPartOf\":{\"@id\":\"https:\/\/sbi4beer.com\/fr\/#website\"},\"primaryImageOfPage\":{\"@id\":\"https:\/\/sbi4beer.com\/fr\/produit\/aromazyme-100-g\/#primaryimage\"},\"image\":{\"@id\":\"https:\/\/sbi4beer.com\/fr\/produit\/aromazyme-100-g\/#primaryimage\"},\"thumbnailUrl\":\"https:\/\/sbi4beer.com\/wp-content\/uploads\/2021\/01\/Aromazyme\u2122-SBI.jpg\",\"datePublished\":\"2021-01-13T02:48:31+00:00\",\"dateModified\":\"2024-07-24T14:02:58+00:00\",\"description\":\"Aromazyme\u2122 100 g \u2713 Bestel alle brouwingredi\u00ebnten van hoge kwaliteit op 1 plaats \u2713 Service & maatwerk \u2713 Snelle, betrouwbare levering\",\"breadcrumb\":{\"@id\":\"https:\/\/sbi4beer.com\/fr\/produit\/aromazyme-100-g\/#breadcrumb\"},\"inLanguage\":\"fr-FR\",\"potentialAction\":[{\"@type\":\"ReadAction\",\"target\":[\"https:\/\/sbi4beer.com\/fr\/produit\/aromazyme-100-g\/\"]}]},{\"@type\":\"ImageObject\",\"inLanguage\":\"fr-FR\",\"@id\":\"https:\/\/sbi4beer.com\/fr\/produit\/aromazyme-100-g\/#primaryimage\",\"url\":\"https:\/\/sbi4beer.com\/wp-content\/uploads\/2021\/01\/Aromazyme\u2122-SBI.jpg\",\"contentUrl\":\"https:\/\/sbi4beer.com\/wp-content\/uploads\/2021\/01\/Aromazyme\u2122-SBI.jpg\",\"width\":700,\"height\":700,\"caption\":\"Aromazyme\"},{\"@type\":\"BreadcrumbList\",\"@id\":\"https:\/\/sbi4beer.com\/fr\/produit\/aromazyme-100-g\/#breadcrumb\",\"itemListElement\":[{\"@type\":\"ListItem\",\"position\":1,\"name\":\"Home\",\"item\":\"https:\/\/sbi4beer.com\/fr\/\"},{\"@type\":\"ListItem\",\"position\":2,\"name\":\"Shop\",\"item\":\"https:\/\/sbi4beer.com\/fr\/shop\/\"},{\"@type\":\"ListItem\",\"position\":3,\"name\":\"Additifs &amp; auxiliaires\",\"item\":\"https:\/\/sbi4beer.com\/fr\/Categories-de-produits\/additifs-auxiliaires\/\"},{\"@type\":\"ListItem\",\"position\":4,\"name\":\"Aromazyme\u2122 100 g\"}]},{\"@type\":\"WebSite\",\"@id\":\"https:\/\/sbi4beer.com\/fr\/#website\",\"url\":\"https:\/\/sbi4beer.com\/fr\/\",\"name\":\"Selected Brewing Ingredients\",\"description\":\"Selected Brewing Ingredients\",\"publisher\":{\"@id\":\"https:\/\/sbi4beer.com\/fr\/#organization\"},\"potentialAction\":[{\"@type\":\"SearchAction\",\"target\":{\"@type\":\"EntryPoint\",\"urlTemplate\":\"https:\/\/sbi4beer.com\/fr\/?s={search_term_string}\"},\"query-input\":{\"@type\":\"PropertyValueSpecification\",\"valueRequired\":true,\"valueName\":\"search_term_string\"}}],\"inLanguage\":\"fr-FR\"},{\"@type\":\"Organization\",\"@id\":\"https:\/\/sbi4beer.com\/fr\/#organization\",\"name\":\"Selected Brewing Ingredients\",\"url\":\"https:\/\/sbi4beer.com\/fr\/\",\"logo\":{\"@type\":\"ImageObject\",\"inLanguage\":\"fr-FR\",\"@id\":\"https:\/\/sbi4beer.com\/fr\/#\/schema\/logo\/image\/\",\"url\":\"https:\/\/sbi4beer.com\/wp-content\/uploads\/2025\/11\/logo-sbi.png\",\"contentUrl\":\"https:\/\/sbi4beer.com\/wp-content\/uploads\/2025\/11\/logo-sbi.png\",\"width\":228,\"height\":69,\"caption\":\"Selected Brewing Ingredients\"},\"image\":{\"@id\":\"https:\/\/sbi4beer.com\/fr\/#\/schema\/logo\/image\/\"},\"sameAs\":[\"https:\/\/www.facebook.com\/SelectedBrewingIngredients\",\"https:\/\/x.com\/sbi4beer\",\"https:\/\/www.instagram.com\/sbi4beer\/\",\"https:\/\/www.linkedin.com\/company\/sbi4beer\/\"]}]}<\/script>\n<!-- \/ Yoast SEO plugin. -->","yoast_head_json":{"title":"Aromazyme\u2122 100 g - Selected Brewing Ingredients","description":"Aromazyme\u2122 100 g \u2713 Bestel alle brouwingredi\u00ebnten van hoge kwaliteit op 1 plaats \u2713 Service & maatwerk \u2713 Snelle, betrouwbare levering","robots":{"index":"index","follow":"follow","max-snippet":"max-snippet:-1","max-image-preview":"max-image-preview:large","max-video-preview":"max-video-preview:-1"},"canonical":"https:\/\/sbi4beer.com\/fr\/produit\/aromazyme-100-g\/","og_locale":"fr_FR","og_type":"article","og_title":"Aromazyme\u2122 100 g - Selected Brewing Ingredients","og_description":"Aromazyme\u2122 100 g \u2713 Bestel alle brouwingredi\u00ebnten van hoge kwaliteit op 1 plaats \u2713 Service & maatwerk \u2713 Snelle, betrouwbare levering","og_url":"https:\/\/sbi4beer.com\/fr\/produit\/aromazyme-100-g\/","og_site_name":"Selected Brewing Ingredients","article_publisher":"https:\/\/www.facebook.com\/SelectedBrewingIngredients","article_modified_time":"2024-07-24T14:02:58+00:00","og_image":[{"width":700,"height":700,"url":"https:\/\/sbi4beer.com\/wp-content\/uploads\/2021\/01\/Aromazyme\u2122-SBI.jpg","type":"image\/jpeg"}],"twitter_card":"summary_large_image","twitter_site":"@sbi4beer","twitter_misc":{"Dur\u00e9e de lecture estim\u00e9e":"2 minutes"},"schema":{"@context":"https:\/\/schema.org","@graph":[{"@type":"WebPage","@id":"https:\/\/sbi4beer.com\/fr\/produit\/aromazyme-100-g\/","url":"https:\/\/sbi4beer.com\/fr\/produit\/aromazyme-100-g\/","name":"Aromazyme\u2122 100 g - Selected Brewing Ingredients","isPartOf":{"@id":"https:\/\/sbi4beer.com\/fr\/#website"},"primaryImageOfPage":{"@id":"https:\/\/sbi4beer.com\/fr\/produit\/aromazyme-100-g\/#primaryimage"},"image":{"@id":"https:\/\/sbi4beer.com\/fr\/produit\/aromazyme-100-g\/#primaryimage"},"thumbnailUrl":"https:\/\/sbi4beer.com\/wp-content\/uploads\/2021\/01\/Aromazyme\u2122-SBI.jpg","datePublished":"2021-01-13T02:48:31+00:00","dateModified":"2024-07-24T14:02:58+00:00","description":"Aromazyme\u2122 100 g \u2713 Bestel alle brouwingredi\u00ebnten van hoge kwaliteit op 1 plaats \u2713 Service & maatwerk \u2713 Snelle, betrouwbare levering","breadcrumb":{"@id":"https:\/\/sbi4beer.com\/fr\/produit\/aromazyme-100-g\/#breadcrumb"},"inLanguage":"fr-FR","potentialAction":[{"@type":"ReadAction","target":["https:\/\/sbi4beer.com\/fr\/produit\/aromazyme-100-g\/"]}]},{"@type":"ImageObject","inLanguage":"fr-FR","@id":"https:\/\/sbi4beer.com\/fr\/produit\/aromazyme-100-g\/#primaryimage","url":"https:\/\/sbi4beer.com\/wp-content\/uploads\/2021\/01\/Aromazyme\u2122-SBI.jpg","contentUrl":"https:\/\/sbi4beer.com\/wp-content\/uploads\/2021\/01\/Aromazyme\u2122-SBI.jpg","width":700,"height":700,"caption":"Aromazyme"},{"@type":"BreadcrumbList","@id":"https:\/\/sbi4beer.com\/fr\/produit\/aromazyme-100-g\/#breadcrumb","itemListElement":[{"@type":"ListItem","position":1,"name":"Home","item":"https:\/\/sbi4beer.com\/fr\/"},{"@type":"ListItem","position":2,"name":"Shop","item":"https:\/\/sbi4beer.com\/fr\/shop\/"},{"@type":"ListItem","position":3,"name":"Additifs &amp; auxiliaires","item":"https:\/\/sbi4beer.com\/fr\/Categories-de-produits\/additifs-auxiliaires\/"},{"@type":"ListItem","position":4,"name":"Aromazyme\u2122 100 g"}]},{"@type":"WebSite","@id":"https:\/\/sbi4beer.com\/fr\/#website","url":"https:\/\/sbi4beer.com\/fr\/","name":"Selected Brewing Ingredients","description":"Selected Brewing Ingredients","publisher":{"@id":"https:\/\/sbi4beer.com\/fr\/#organization"},"potentialAction":[{"@type":"SearchAction","target":{"@type":"EntryPoint","urlTemplate":"https:\/\/sbi4beer.com\/fr\/?s={search_term_string}"},"query-input":{"@type":"PropertyValueSpecification","valueRequired":true,"valueName":"search_term_string"}}],"inLanguage":"fr-FR"},{"@type":"Organization","@id":"https:\/\/sbi4beer.com\/fr\/#organization","name":"Selected Brewing Ingredients","url":"https:\/\/sbi4beer.com\/fr\/","logo":{"@type":"ImageObject","inLanguage":"fr-FR","@id":"https:\/\/sbi4beer.com\/fr\/#\/schema\/logo\/image\/","url":"https:\/\/sbi4beer.com\/wp-content\/uploads\/2025\/11\/logo-sbi.png","contentUrl":"https:\/\/sbi4beer.com\/wp-content\/uploads\/2025\/11\/logo-sbi.png","width":228,"height":69,"caption":"Selected Brewing Ingredients"},"image":{"@id":"https:\/\/sbi4beer.com\/fr\/#\/schema\/logo\/image\/"},"sameAs":["https:\/\/www.facebook.com\/SelectedBrewingIngredients","https:\/\/x.com\/sbi4beer","https:\/\/www.instagram.com\/sbi4beer\/","https:\/\/www.linkedin.com\/company\/sbi4beer\/"]}]}},"_links":{"self":[{"href":"https:\/\/sbi4beer.com\/fr\/wp-json\/wp\/v2\/product\/18113","targetHints":{"allow":["GET"]}}],"collection":[{"href":"https:\/\/sbi4beer.com\/fr\/wp-json\/wp\/v2\/product"}],"about":[{"href":"https:\/\/sbi4beer.com\/fr\/wp-json\/wp\/v2\/types\/product"}],"wp:featuredmedia":[{"embeddable":true,"href":"https:\/\/sbi4beer.com\/fr\/wp-json\/wp\/v2\/media\/8952"}],"wp:attachment":[{"href":"https:\/\/sbi4beer.com\/fr\/wp-json\/wp\/v2\/media?parent=18113"}],"wp:term":[{"taxonomy":"product_brand","embeddable":true,"href":"https:\/\/sbi4beer.com\/fr\/wp-json\/wp\/v2\/product_brand?post=18113"},{"taxonomy":"product_cat","embeddable":true,"href":"https:\/\/sbi4beer.com\/fr\/wp-json\/wp\/v2\/product_cat?post=18113"},{"taxonomy":"product_tag","embeddable":true,"href":"https:\/\/sbi4beer.com\/fr\/wp-json\/wp\/v2\/product_tag?post=18113"}],"curies":[{"name":"wp","href":"https:\/\/api.w.org\/{rel}","templated":true}]}}