{"id":18303,"date":"2020-12-31T04:32:32","date_gmt":"2020-12-31T03:32:32","guid":{"rendered":"https:\/\/sbi4beer.com\/product\/dolium-30l-prime-g-type\/"},"modified":"2025-02-05T13:45:54","modified_gmt":"2025-02-05T12:45:54","slug":"dolium-30l-prime-g-type","status":"publish","type":"product","link":"https:\/\/sbi4beer.com\/fr\/produit\/dolium-30l-prime-g-type\/","title":{"rendered":"Dolium\u00ae 30L Prime G type"},"content":{"rendered":"<p>Les f\u00fbts Dolium\u00ae sont des f\u00fbts en PET \u00e0 usage unique, fabriqu\u00e9s pour un usage unique. Id\u00e9al pour l&rsquo;exportation, un d\u00e9marrage rapide avec des f\u00fbts ou pour g\u00e9rer les pics saisonniers.<\/p>\n<p>Les f\u00fbts sont produits dans un <em>cleanroom<\/em>, pr\u00e9-rinc\u00e9s et pressuris\u00e9s au CO2 &#8211; pr\u00eats \u00e0 \u00eatre remplis ! Avec ces f\u00fbts, le nettoyage, la r\u00e9paration et la r\u00e9cup\u00e9ration des f\u00fbts en acier inoxydable deviennent inutiles, tout en garantissant la dur\u00e9e de conservation et la qualit\u00e9. Les f\u00fbts Dolium\u00ae sont s\u00fbrs, faciles \u00e0 utiliser et enti\u00e8rement recyclables.<\/p>\n<p>Les f\u00fbts Dolium\u00ae sont livr\u00e9s sur une palette \u00e0 usage unique <em>heat treated<\/em> au prix de 15,00 \u20ac (il ne s&rsquo;agit pas d&rsquo;une palette de d\u00e9p\u00f4t).<\/p>\n","protected":false},"excerpt":{"rendered":"<p>Dolium\u00ae 30L Prime G type est \u00e9galement connu sous le nom de type Well, Grundy ou G fitting. Les f\u00fbts sont 100 % recyclables et conviennent \u00e0 un usage unique.<\/p>\n<p><strong>SBI distribue les f\u00fbts Dolium\u00ae uniquement aux Pays-Bas.<\/strong><\/p>\n","protected":false},"featured_media":6385,"template":"","meta":{"_acf_changed":false},"product_brand":[],"product_cat":[1365],"product_tag":[],"class_list":{"0":"post-18303","1":"product","2":"type-product","3":"status-publish","4":"has-post-thumbnail","6":"product_cat-futs","8":"first","9":"instock","10":"taxable","11":"shipping-taxable","12":"purchasable","13":"product-type-simple"},"acf":[],"yoast_head":"<!-- This site is optimized with the Yoast SEO plugin v27.1.1 - https:\/\/yoast.com\/product\/yoast-seo-wordpress\/ -->\n<title>Dolium\u00ae 30L Prime G type - Selected Brewing Ingredients<\/title>\n<meta name=\"description\" content=\"Dolium\u00ae 30L Prime G type \u2713 Bestel alle brouwingredi\u00ebnten van hoge kwaliteit op 1 plaats \u2713 Service &amp; maatwerk \u2713 Snelle, betrouwbare levering\" \/>\n<meta name=\"robots\" content=\"index, follow, max-snippet:-1, max-image-preview:large, max-video-preview:-1\" \/>\n<link rel=\"canonical\" href=\"https:\/\/sbi4beer.com\/fr\/produit\/dolium-30l-prime-g-type\/\" \/>\n<meta property=\"og:locale\" content=\"fr_FR\" \/>\n<meta property=\"og:type\" content=\"article\" \/>\n<meta property=\"og:title\" content=\"Dolium\u00ae 30L Prime G type - Selected Brewing Ingredients\" \/>\n<meta property=\"og:description\" content=\"Dolium\u00ae 30L Prime G type \u2713 Bestel alle brouwingredi\u00ebnten van hoge kwaliteit op 1 plaats \u2713 Service &amp; maatwerk \u2713 Snelle, betrouwbare levering\" \/>\n<meta property=\"og:url\" content=\"https:\/\/sbi4beer.com\/fr\/produit\/dolium-30l-prime-g-type\/\" \/>\n<meta property=\"og:site_name\" content=\"Selected Brewing Ingredients\" \/>\n<meta property=\"article:publisher\" content=\"https:\/\/www.facebook.com\/SelectedBrewingIngredients\" \/>\n<meta property=\"article:modified_time\" content=\"2025-02-05T12:45:54+00:00\" \/>\n<meta property=\"og:image\" content=\"https:\/\/sbi4beer.com\/wp-content\/uploads\/2020\/12\/Dolium-Primeline-30-Liter.jpg\" \/>\n\t<meta property=\"og:image:width\" content=\"700\" \/>\n\t<meta property=\"og:image:height\" content=\"700\" \/>\n\t<meta property=\"og:image:type\" content=\"image\/jpeg\" \/>\n<meta name=\"twitter:card\" content=\"summary_large_image\" \/>\n<meta name=\"twitter:site\" content=\"@sbi4beer\" \/>\n<meta name=\"twitter:label1\" content=\"Dur\u00e9e de lecture estim\u00e9e\" \/>\n\t<meta name=\"twitter:data1\" content=\"1 minute\" \/>\n<script type=\"application\/ld+json\" class=\"yoast-schema-graph\">{\"@context\":\"https:\/\/schema.org\",\"@graph\":[{\"@type\":\"WebPage\",\"@id\":\"https:\/\/sbi4beer.com\/fr\/produit\/dolium-30l-prime-g-type\/\",\"url\":\"https:\/\/sbi4beer.com\/fr\/produit\/dolium-30l-prime-g-type\/\",\"name\":\"Dolium\u00ae 30L Prime G type - Selected Brewing Ingredients\",\"isPartOf\":{\"@id\":\"https:\/\/sbi4beer.com\/fr\/#website\"},\"primaryImageOfPage\":{\"@id\":\"https:\/\/sbi4beer.com\/fr\/produit\/dolium-30l-prime-g-type\/#primaryimage\"},\"image\":{\"@id\":\"https:\/\/sbi4beer.com\/fr\/produit\/dolium-30l-prime-g-type\/#primaryimage\"},\"thumbnailUrl\":\"https:\/\/sbi4beer.com\/wp-content\/uploads\/2020\/12\/Dolium-Primeline-30-Liter.jpg\",\"datePublished\":\"2020-12-31T03:32:32+00:00\",\"dateModified\":\"2025-02-05T12:45:54+00:00\",\"description\":\"Dolium\u00ae 30L Prime G type \u2713 Bestel alle brouwingredi\u00ebnten van hoge kwaliteit op 1 plaats \u2713 Service & maatwerk \u2713 Snelle, betrouwbare levering\",\"breadcrumb\":{\"@id\":\"https:\/\/sbi4beer.com\/fr\/produit\/dolium-30l-prime-g-type\/#breadcrumb\"},\"inLanguage\":\"fr-FR\",\"potentialAction\":[{\"@type\":\"ReadAction\",\"target\":[\"https:\/\/sbi4beer.com\/fr\/produit\/dolium-30l-prime-g-type\/\"]}]},{\"@type\":\"ImageObject\",\"inLanguage\":\"fr-FR\",\"@id\":\"https:\/\/sbi4beer.com\/fr\/produit\/dolium-30l-prime-g-type\/#primaryimage\",\"url\":\"https:\/\/sbi4beer.com\/wp-content\/uploads\/2020\/12\/Dolium-Primeline-30-Liter.jpg\",\"contentUrl\":\"https:\/\/sbi4beer.com\/wp-content\/uploads\/2020\/12\/Dolium-Primeline-30-Liter.jpg\",\"width\":700,\"height\":700},{\"@type\":\"BreadcrumbList\",\"@id\":\"https:\/\/sbi4beer.com\/fr\/produit\/dolium-30l-prime-g-type\/#breadcrumb\",\"itemListElement\":[{\"@type\":\"ListItem\",\"position\":1,\"name\":\"Home\",\"item\":\"https:\/\/sbi4beer.com\/fr\/\"},{\"@type\":\"ListItem\",\"position\":2,\"name\":\"Shop\",\"item\":\"https:\/\/sbi4beer.com\/fr\/shop\/\"},{\"@type\":\"ListItem\",\"position\":3,\"name\":\"Remplissage\",\"item\":\"https:\/\/sbi4beer.com\/fr\/Categories-de-produits\/remplissage\/\"},{\"@type\":\"ListItem\",\"position\":4,\"name\":\"F\u00fbts\",\"item\":\"https:\/\/sbi4beer.com\/fr\/Categories-de-produits\/remplissage\/futs\/\"},{\"@type\":\"ListItem\",\"position\":5,\"name\":\"Dolium\u00ae 30L Prime G type\"}]},{\"@type\":\"WebSite\",\"@id\":\"https:\/\/sbi4beer.com\/fr\/#website\",\"url\":\"https:\/\/sbi4beer.com\/fr\/\",\"name\":\"Selected Brewing Ingredients\",\"description\":\"Selected Brewing Ingredients\",\"publisher\":{\"@id\":\"https:\/\/sbi4beer.com\/fr\/#organization\"},\"potentialAction\":[{\"@type\":\"SearchAction\",\"target\":{\"@type\":\"EntryPoint\",\"urlTemplate\":\"https:\/\/sbi4beer.com\/fr\/?s={search_term_string}\"},\"query-input\":{\"@type\":\"PropertyValueSpecification\",\"valueRequired\":true,\"valueName\":\"search_term_string\"}}],\"inLanguage\":\"fr-FR\"},{\"@type\":\"Organization\",\"@id\":\"https:\/\/sbi4beer.com\/fr\/#organization\",\"name\":\"Selected Brewing Ingredients\",\"url\":\"https:\/\/sbi4beer.com\/fr\/\",\"logo\":{\"@type\":\"ImageObject\",\"inLanguage\":\"fr-FR\",\"@id\":\"https:\/\/sbi4beer.com\/fr\/#\/schema\/logo\/image\/\",\"url\":\"https:\/\/sbi4beer.com\/wp-content\/uploads\/2025\/11\/logo-sbi.png\",\"contentUrl\":\"https:\/\/sbi4beer.com\/wp-content\/uploads\/2025\/11\/logo-sbi.png\",\"width\":228,\"height\":69,\"caption\":\"Selected Brewing Ingredients\"},\"image\":{\"@id\":\"https:\/\/sbi4beer.com\/fr\/#\/schema\/logo\/image\/\"},\"sameAs\":[\"https:\/\/www.facebook.com\/SelectedBrewingIngredients\",\"https:\/\/x.com\/sbi4beer\",\"https:\/\/www.instagram.com\/sbi4beer\/\",\"https:\/\/www.linkedin.com\/company\/sbi4beer\/\"]}]}<\/script>\n<!-- \/ Yoast SEO plugin. -->","yoast_head_json":{"title":"Dolium\u00ae 30L Prime G type - Selected Brewing Ingredients","description":"Dolium\u00ae 30L Prime G type \u2713 Bestel alle brouwingredi\u00ebnten van hoge kwaliteit op 1 plaats \u2713 Service & maatwerk \u2713 Snelle, betrouwbare levering","robots":{"index":"index","follow":"follow","max-snippet":"max-snippet:-1","max-image-preview":"max-image-preview:large","max-video-preview":"max-video-preview:-1"},"canonical":"https:\/\/sbi4beer.com\/fr\/produit\/dolium-30l-prime-g-type\/","og_locale":"fr_FR","og_type":"article","og_title":"Dolium\u00ae 30L Prime G type - Selected Brewing Ingredients","og_description":"Dolium\u00ae 30L Prime G type \u2713 Bestel alle brouwingredi\u00ebnten van hoge kwaliteit op 1 plaats \u2713 Service & maatwerk \u2713 Snelle, betrouwbare levering","og_url":"https:\/\/sbi4beer.com\/fr\/produit\/dolium-30l-prime-g-type\/","og_site_name":"Selected Brewing Ingredients","article_publisher":"https:\/\/www.facebook.com\/SelectedBrewingIngredients","article_modified_time":"2025-02-05T12:45:54+00:00","og_image":[{"width":700,"height":700,"url":"https:\/\/sbi4beer.com\/wp-content\/uploads\/2020\/12\/Dolium-Primeline-30-Liter.jpg","type":"image\/jpeg"}],"twitter_card":"summary_large_image","twitter_site":"@sbi4beer","twitter_misc":{"Dur\u00e9e de lecture estim\u00e9e":"1 minute"},"schema":{"@context":"https:\/\/schema.org","@graph":[{"@type":"WebPage","@id":"https:\/\/sbi4beer.com\/fr\/produit\/dolium-30l-prime-g-type\/","url":"https:\/\/sbi4beer.com\/fr\/produit\/dolium-30l-prime-g-type\/","name":"Dolium\u00ae 30L Prime G type - Selected Brewing Ingredients","isPartOf":{"@id":"https:\/\/sbi4beer.com\/fr\/#website"},"primaryImageOfPage":{"@id":"https:\/\/sbi4beer.com\/fr\/produit\/dolium-30l-prime-g-type\/#primaryimage"},"image":{"@id":"https:\/\/sbi4beer.com\/fr\/produit\/dolium-30l-prime-g-type\/#primaryimage"},"thumbnailUrl":"https:\/\/sbi4beer.com\/wp-content\/uploads\/2020\/12\/Dolium-Primeline-30-Liter.jpg","datePublished":"2020-12-31T03:32:32+00:00","dateModified":"2025-02-05T12:45:54+00:00","description":"Dolium\u00ae 30L Prime G type \u2713 Bestel alle brouwingredi\u00ebnten van hoge kwaliteit op 1 plaats \u2713 Service & maatwerk \u2713 Snelle, betrouwbare levering","breadcrumb":{"@id":"https:\/\/sbi4beer.com\/fr\/produit\/dolium-30l-prime-g-type\/#breadcrumb"},"inLanguage":"fr-FR","potentialAction":[{"@type":"ReadAction","target":["https:\/\/sbi4beer.com\/fr\/produit\/dolium-30l-prime-g-type\/"]}]},{"@type":"ImageObject","inLanguage":"fr-FR","@id":"https:\/\/sbi4beer.com\/fr\/produit\/dolium-30l-prime-g-type\/#primaryimage","url":"https:\/\/sbi4beer.com\/wp-content\/uploads\/2020\/12\/Dolium-Primeline-30-Liter.jpg","contentUrl":"https:\/\/sbi4beer.com\/wp-content\/uploads\/2020\/12\/Dolium-Primeline-30-Liter.jpg","width":700,"height":700},{"@type":"BreadcrumbList","@id":"https:\/\/sbi4beer.com\/fr\/produit\/dolium-30l-prime-g-type\/#breadcrumb","itemListElement":[{"@type":"ListItem","position":1,"name":"Home","item":"https:\/\/sbi4beer.com\/fr\/"},{"@type":"ListItem","position":2,"name":"Shop","item":"https:\/\/sbi4beer.com\/fr\/shop\/"},{"@type":"ListItem","position":3,"name":"Remplissage","item":"https:\/\/sbi4beer.com\/fr\/Categories-de-produits\/remplissage\/"},{"@type":"ListItem","position":4,"name":"F\u00fbts","item":"https:\/\/sbi4beer.com\/fr\/Categories-de-produits\/remplissage\/futs\/"},{"@type":"ListItem","position":5,"name":"Dolium\u00ae 30L Prime G type"}]},{"@type":"WebSite","@id":"https:\/\/sbi4beer.com\/fr\/#website","url":"https:\/\/sbi4beer.com\/fr\/","name":"Selected Brewing Ingredients","description":"Selected Brewing Ingredients","publisher":{"@id":"https:\/\/sbi4beer.com\/fr\/#organization"},"potentialAction":[{"@type":"SearchAction","target":{"@type":"EntryPoint","urlTemplate":"https:\/\/sbi4beer.com\/fr\/?s={search_term_string}"},"query-input":{"@type":"PropertyValueSpecification","valueRequired":true,"valueName":"search_term_string"}}],"inLanguage":"fr-FR"},{"@type":"Organization","@id":"https:\/\/sbi4beer.com\/fr\/#organization","name":"Selected Brewing Ingredients","url":"https:\/\/sbi4beer.com\/fr\/","logo":{"@type":"ImageObject","inLanguage":"fr-FR","@id":"https:\/\/sbi4beer.com\/fr\/#\/schema\/logo\/image\/","url":"https:\/\/sbi4beer.com\/wp-content\/uploads\/2025\/11\/logo-sbi.png","contentUrl":"https:\/\/sbi4beer.com\/wp-content\/uploads\/2025\/11\/logo-sbi.png","width":228,"height":69,"caption":"Selected Brewing Ingredients"},"image":{"@id":"https:\/\/sbi4beer.com\/fr\/#\/schema\/logo\/image\/"},"sameAs":["https:\/\/www.facebook.com\/SelectedBrewingIngredients","https:\/\/x.com\/sbi4beer","https:\/\/www.instagram.com\/sbi4beer\/","https:\/\/www.linkedin.com\/company\/sbi4beer\/"]}]}},"_links":{"self":[{"href":"https:\/\/sbi4beer.com\/fr\/wp-json\/wp\/v2\/product\/18303","targetHints":{"allow":["GET"]}}],"collection":[{"href":"https:\/\/sbi4beer.com\/fr\/wp-json\/wp\/v2\/product"}],"about":[{"href":"https:\/\/sbi4beer.com\/fr\/wp-json\/wp\/v2\/types\/product"}],"wp:featuredmedia":[{"embeddable":true,"href":"https:\/\/sbi4beer.com\/fr\/wp-json\/wp\/v2\/media\/6385"}],"wp:attachment":[{"href":"https:\/\/sbi4beer.com\/fr\/wp-json\/wp\/v2\/media?parent=18303"}],"wp:term":[{"taxonomy":"product_brand","embeddable":true,"href":"https:\/\/sbi4beer.com\/fr\/wp-json\/wp\/v2\/product_brand?post=18303"},{"taxonomy":"product_cat","embeddable":true,"href":"https:\/\/sbi4beer.com\/fr\/wp-json\/wp\/v2\/product_cat?post=18303"},{"taxonomy":"product_tag","embeddable":true,"href":"https:\/\/sbi4beer.com\/fr\/wp-json\/wp\/v2\/product_tag?post=18303"}],"curies":[{"name":"wp","href":"https:\/\/api.w.org\/{rel}","templated":true}]}}