{"id":18369,"date":"2020-12-31T04:29:46","date_gmt":"2020-12-31T03:29:46","guid":{"rendered":"https:\/\/sbi4beer.com\/product\/foamsol-fdc-511\/"},"modified":"2024-09-13T15:06:23","modified_gmt":"2024-09-13T13:06:23","slug":"foamsol-5-kg","status":"publish","type":"product","link":"https:\/\/sbi4beer.com\/fr\/produit\/foamsol-5-kg\/","title":{"rendered":"Foamsol 5 kg"},"content":{"rendered":"<h5><strong>Foamsol 5 kg<\/strong><\/h5>\n<p><span data-contrast=\"auto\">Are you looking to increase your brew length without the worry of flash boil in the wort kettle or the hassle of excessive foam in the fermentation vessel? Discover what Foamsol\u2122 can do for you.<\/span><\/p>\n<p><span data-contrast=\"auto\">Foamsol\u2122 is a thermostable silicon-based antifoam designed to effectively manage foam throughout your brewing process. This easy-to-use solution works efficiently at addition rates as low as 0.5-10ml\/hl. Added directly into the wort kettle, whirlpool at cast, or into the fermentation vessel during wort transfer. Diluting the Foamsol before addition will aid dispersal and increase the effectiveness.<\/span><\/p>\n<p><span data-contrast=\"auto\">Foamsol\u2122 reduces the surface tension of your liquid, preventing the formation of large foam heads. Excessive foaming can lead to significant loss of foam-positive proteins and alpha acids, as they adhere to vessel walls or spill onto the floor. By using Foamsol\u2122, you can increase your fill volume by up to 20% and improve alpha acid utilization by up to 15%.<\/span><\/p>\n<p><span data-contrast=\"auto\">Foamsol is effectively removed by adhering to the yeast cell wall so there is no negative impact on beer foam. Also due to the low addition rate in relation to yeast growth during fermentation re-pitching is no problem.\u00a0<\/span><\/p>\n<p><span data-contrast=\"auto\">Not only does Foamsol\u2122 enhance hop utilization and beer foam quality, but it also contributes to cost savings by minimizing cleaning efforts. Keeping the foam confined to the fermenter, preventing spills and reducing the need for extensive cleaning.<\/span><\/p>\n<p><span data-contrast=\"auto\">Foamsol\u2122 offers a simple and economical approach to boosting your brewing efficiency and productivity. Keep your foam where it belongs in the fermenter, not on the floor.<\/span><span data-ccp-props=\"{&quot;201341983&quot;:0,&quot;335559739&quot;:160,&quot;335559740&quot;:259}\">\u00a0<\/span><\/p>\n<p><strong>Benefits<\/strong><\/p>\n<p><span class=\"TextRun SCXW221070398 BCX8\" lang=\"EN-US\" xml:lang=\"EN-US\" data-contrast=\"auto\"><span class=\"NormalTextRun SCXW221070398 BCX8\">Knocks\u00a0<\/span><span class=\"NormalTextRun SpellingErrorV2Themed SCXW221070398 BCX8\">down<\/span><span class=\"NormalTextRun SCXW221070398 BCX8\">\u00a0foam in wort kettle and FV, increasing brew capacity by up to 20%.\u00a0 Improves foam potential and\u00a0<\/span><span class=\"NormalTextRun SCXW221070398 BCX8\">increase alpha acid usage by up to 15%.<\/span><\/span><\/p>\n<ul>\n<li>Augmentation de la capacit\u00e9 du fermenteur et du brassin.<\/li>\n<li>Pr\u00e9servation des prot\u00e9ines positives de la mousse.<\/li>\n<li>Augmentation de la consommation d\u2019alpha-acide.<\/li>\n<li>Elimination of over-foaming problems.<\/li>\n<li>Optimized CO2 recovery.<\/li>\n<li>Enhanced vessel cleaning.<\/li>\n<\/ul>\n<p><strong>Treatment rates<\/strong><\/p>\n<p>The optimum treatment rate for Foamsol depends on beer type, vessel dimension, and point of application but is typically in the range 2\u201310 ml per hectolitre. The starting point for plant trials should be 4 ml per hectolitre.<\/p>\n<p><strong>How to use Foamsol?<\/strong><\/p>\n<p><span class=\"TextRun SCXW220490011 BCX8\" lang=\"EN-US\" xml:lang=\"EN-US\" data-contrast=\"auto\"><span class=\"NormalTextRun SCXW220490011 BCX8\">Add to wort kettle on transfer, into whirlpool en\u00a0<\/span><span class=\"NormalTextRun SCXW220490011 BCX8\">r<\/span><span class=\"NormalTextRun SCXW220490011 BCX8\">oute to F<\/span><span class=\"NormalTextRun SCXW220490011 BCX8\">V<\/span><span class=\"NormalTextRun SCXW220490011 BCX8\">\u00a0or directly into FV. Dilute 1 part in 10 to increase efficiency.<\/span><\/span><\/p>\n<p><strong>Voir \u00a0\u00bb Downloads \u00a0\u00bb pour plus d\u2019informations.<\/strong><\/p>\n","protected":false},"excerpt":{"rendered":"<p>Foamsol\u2122 est une \u00e9mulsion aqueuse de dim\u00e9thylpolysiloxane, \u00e9tudi\u00e9e pour ma\u00eetriser les mousses produites en brassin et fermenteur.<\/p>\n","protected":false},"featured_media":51091,"template":"","meta":{"_acf_changed":false},"product_brand":[],"product_cat":[1372],"product_tag":[],"class_list":{"0":"post-18369","1":"product","2":"type-product","3":"status-publish","4":"has-post-thumbnail","6":"product_cat-additifs-auxiliaires","8":"first","9":"instock","10":"taxable","11":"shipping-taxable","12":"purchasable","13":"product-type-simple"},"acf":[],"yoast_head":"<!-- This site is optimized with the Yoast SEO plugin v27.1.1 - https:\/\/yoast.com\/product\/yoast-seo-wordpress\/ -->\n<title>Foamsol 5 kg - Selected Brewing Ingredients<\/title>\n<meta name=\"description\" content=\"Foamsol 5 kg \u2713 Bestel alle brouwingredi\u00ebnten van hoge kwaliteit op 1 plaats \u2713 Service &amp; maatwerk \u2713 Snelle, betrouwbare levering\" \/>\n<meta name=\"robots\" content=\"index, follow, max-snippet:-1, max-image-preview:large, max-video-preview:-1\" \/>\n<link rel=\"canonical\" href=\"https:\/\/sbi4beer.com\/fr\/produit\/foamsol-5-kg\/\" \/>\n<meta property=\"og:locale\" content=\"fr_FR\" \/>\n<meta property=\"og:type\" content=\"article\" \/>\n<meta property=\"og:title\" content=\"Foamsol 5 kg - Selected Brewing Ingredients\" \/>\n<meta property=\"og:description\" content=\"Foamsol 5 kg \u2713 Bestel alle brouwingredi\u00ebnten van hoge kwaliteit op 1 plaats \u2713 Service &amp; maatwerk \u2713 Snelle, betrouwbare levering\" \/>\n<meta property=\"og:url\" content=\"https:\/\/sbi4beer.com\/fr\/produit\/foamsol-5-kg\/\" \/>\n<meta property=\"og:site_name\" content=\"Selected Brewing Ingredients\" \/>\n<meta property=\"article:publisher\" content=\"https:\/\/www.facebook.com\/SelectedBrewingIngredients\" \/>\n<meta property=\"article:modified_time\" content=\"2024-09-13T13:06:23+00:00\" \/>\n<meta property=\"og:image\" content=\"https:\/\/sbi4beer.com\/wp-content\/uploads\/2020\/12\/foamsol-5-kg.jpg\" \/>\n\t<meta property=\"og:image:width\" content=\"800\" \/>\n\t<meta property=\"og:image:height\" content=\"800\" \/>\n\t<meta property=\"og:image:type\" content=\"image\/jpeg\" \/>\n<meta name=\"twitter:card\" content=\"summary_large_image\" \/>\n<meta name=\"twitter:site\" content=\"@sbi4beer\" \/>\n<meta name=\"twitter:label1\" content=\"Dur\u00e9e de lecture estim\u00e9e\" \/>\n\t<meta name=\"twitter:data1\" content=\"1 minute\" \/>\n<script type=\"application\/ld+json\" class=\"yoast-schema-graph\">{\"@context\":\"https:\/\/schema.org\",\"@graph\":[{\"@type\":\"WebPage\",\"@id\":\"https:\/\/sbi4beer.com\/fr\/produit\/foamsol-5-kg\/\",\"url\":\"https:\/\/sbi4beer.com\/fr\/produit\/foamsol-5-kg\/\",\"name\":\"Foamsol 5 kg - Selected Brewing Ingredients\",\"isPartOf\":{\"@id\":\"https:\/\/sbi4beer.com\/fr\/#website\"},\"primaryImageOfPage\":{\"@id\":\"https:\/\/sbi4beer.com\/fr\/produit\/foamsol-5-kg\/#primaryimage\"},\"image\":{\"@id\":\"https:\/\/sbi4beer.com\/fr\/produit\/foamsol-5-kg\/#primaryimage\"},\"thumbnailUrl\":\"https:\/\/sbi4beer.com\/wp-content\/uploads\/2020\/12\/foamsol-5-kg.jpg\",\"datePublished\":\"2020-12-31T03:29:46+00:00\",\"dateModified\":\"2024-09-13T13:06:23+00:00\",\"description\":\"Foamsol 5 kg \u2713 Bestel alle brouwingredi\u00ebnten van hoge kwaliteit op 1 plaats \u2713 Service & maatwerk \u2713 Snelle, betrouwbare levering\",\"breadcrumb\":{\"@id\":\"https:\/\/sbi4beer.com\/fr\/produit\/foamsol-5-kg\/#breadcrumb\"},\"inLanguage\":\"fr-FR\",\"potentialAction\":[{\"@type\":\"ReadAction\",\"target\":[\"https:\/\/sbi4beer.com\/fr\/produit\/foamsol-5-kg\/\"]}]},{\"@type\":\"ImageObject\",\"inLanguage\":\"fr-FR\",\"@id\":\"https:\/\/sbi4beer.com\/fr\/produit\/foamsol-5-kg\/#primaryimage\",\"url\":\"https:\/\/sbi4beer.com\/wp-content\/uploads\/2020\/12\/foamsol-5-kg.jpg\",\"contentUrl\":\"https:\/\/sbi4beer.com\/wp-content\/uploads\/2020\/12\/foamsol-5-kg.jpg\",\"width\":800,\"height\":800,\"caption\":\"foamsol-5-kg\"},{\"@type\":\"BreadcrumbList\",\"@id\":\"https:\/\/sbi4beer.com\/fr\/produit\/foamsol-5-kg\/#breadcrumb\",\"itemListElement\":[{\"@type\":\"ListItem\",\"position\":1,\"name\":\"Home\",\"item\":\"https:\/\/sbi4beer.com\/fr\/\"},{\"@type\":\"ListItem\",\"position\":2,\"name\":\"Shop\",\"item\":\"https:\/\/sbi4beer.com\/fr\/shop\/\"},{\"@type\":\"ListItem\",\"position\":3,\"name\":\"Additifs &amp; auxiliaires\",\"item\":\"https:\/\/sbi4beer.com\/fr\/Categories-de-produits\/additifs-auxiliaires\/\"},{\"@type\":\"ListItem\",\"position\":4,\"name\":\"Foamsol 5 kg\"}]},{\"@type\":\"WebSite\",\"@id\":\"https:\/\/sbi4beer.com\/fr\/#website\",\"url\":\"https:\/\/sbi4beer.com\/fr\/\",\"name\":\"Selected Brewing Ingredients\",\"description\":\"Selected Brewing Ingredients\",\"publisher\":{\"@id\":\"https:\/\/sbi4beer.com\/fr\/#organization\"},\"potentialAction\":[{\"@type\":\"SearchAction\",\"target\":{\"@type\":\"EntryPoint\",\"urlTemplate\":\"https:\/\/sbi4beer.com\/fr\/?s={search_term_string}\"},\"query-input\":{\"@type\":\"PropertyValueSpecification\",\"valueRequired\":true,\"valueName\":\"search_term_string\"}}],\"inLanguage\":\"fr-FR\"},{\"@type\":\"Organization\",\"@id\":\"https:\/\/sbi4beer.com\/fr\/#organization\",\"name\":\"Selected Brewing Ingredients\",\"url\":\"https:\/\/sbi4beer.com\/fr\/\",\"logo\":{\"@type\":\"ImageObject\",\"inLanguage\":\"fr-FR\",\"@id\":\"https:\/\/sbi4beer.com\/fr\/#\/schema\/logo\/image\/\",\"url\":\"https:\/\/sbi4beer.com\/wp-content\/uploads\/2025\/11\/logo-sbi.png\",\"contentUrl\":\"https:\/\/sbi4beer.com\/wp-content\/uploads\/2025\/11\/logo-sbi.png\",\"width\":228,\"height\":69,\"caption\":\"Selected Brewing Ingredients\"},\"image\":{\"@id\":\"https:\/\/sbi4beer.com\/fr\/#\/schema\/logo\/image\/\"},\"sameAs\":[\"https:\/\/www.facebook.com\/SelectedBrewingIngredients\",\"https:\/\/x.com\/sbi4beer\",\"https:\/\/www.instagram.com\/sbi4beer\/\",\"https:\/\/www.linkedin.com\/company\/sbi4beer\/\"]}]}<\/script>\n<!-- \/ Yoast SEO plugin. -->","yoast_head_json":{"title":"Foamsol 5 kg - Selected Brewing Ingredients","description":"Foamsol 5 kg \u2713 Bestel alle brouwingredi\u00ebnten van hoge kwaliteit op 1 plaats \u2713 Service & maatwerk \u2713 Snelle, betrouwbare levering","robots":{"index":"index","follow":"follow","max-snippet":"max-snippet:-1","max-image-preview":"max-image-preview:large","max-video-preview":"max-video-preview:-1"},"canonical":"https:\/\/sbi4beer.com\/fr\/produit\/foamsol-5-kg\/","og_locale":"fr_FR","og_type":"article","og_title":"Foamsol 5 kg - Selected Brewing Ingredients","og_description":"Foamsol 5 kg \u2713 Bestel alle brouwingredi\u00ebnten van hoge kwaliteit op 1 plaats \u2713 Service & maatwerk \u2713 Snelle, betrouwbare levering","og_url":"https:\/\/sbi4beer.com\/fr\/produit\/foamsol-5-kg\/","og_site_name":"Selected Brewing Ingredients","article_publisher":"https:\/\/www.facebook.com\/SelectedBrewingIngredients","article_modified_time":"2024-09-13T13:06:23+00:00","og_image":[{"width":800,"height":800,"url":"https:\/\/sbi4beer.com\/wp-content\/uploads\/2020\/12\/foamsol-5-kg.jpg","type":"image\/jpeg"}],"twitter_card":"summary_large_image","twitter_site":"@sbi4beer","twitter_misc":{"Dur\u00e9e de lecture estim\u00e9e":"1 minute"},"schema":{"@context":"https:\/\/schema.org","@graph":[{"@type":"WebPage","@id":"https:\/\/sbi4beer.com\/fr\/produit\/foamsol-5-kg\/","url":"https:\/\/sbi4beer.com\/fr\/produit\/foamsol-5-kg\/","name":"Foamsol 5 kg - Selected Brewing Ingredients","isPartOf":{"@id":"https:\/\/sbi4beer.com\/fr\/#website"},"primaryImageOfPage":{"@id":"https:\/\/sbi4beer.com\/fr\/produit\/foamsol-5-kg\/#primaryimage"},"image":{"@id":"https:\/\/sbi4beer.com\/fr\/produit\/foamsol-5-kg\/#primaryimage"},"thumbnailUrl":"https:\/\/sbi4beer.com\/wp-content\/uploads\/2020\/12\/foamsol-5-kg.jpg","datePublished":"2020-12-31T03:29:46+00:00","dateModified":"2024-09-13T13:06:23+00:00","description":"Foamsol 5 kg \u2713 Bestel alle brouwingredi\u00ebnten van hoge kwaliteit op 1 plaats \u2713 Service & maatwerk \u2713 Snelle, betrouwbare levering","breadcrumb":{"@id":"https:\/\/sbi4beer.com\/fr\/produit\/foamsol-5-kg\/#breadcrumb"},"inLanguage":"fr-FR","potentialAction":[{"@type":"ReadAction","target":["https:\/\/sbi4beer.com\/fr\/produit\/foamsol-5-kg\/"]}]},{"@type":"ImageObject","inLanguage":"fr-FR","@id":"https:\/\/sbi4beer.com\/fr\/produit\/foamsol-5-kg\/#primaryimage","url":"https:\/\/sbi4beer.com\/wp-content\/uploads\/2020\/12\/foamsol-5-kg.jpg","contentUrl":"https:\/\/sbi4beer.com\/wp-content\/uploads\/2020\/12\/foamsol-5-kg.jpg","width":800,"height":800,"caption":"foamsol-5-kg"},{"@type":"BreadcrumbList","@id":"https:\/\/sbi4beer.com\/fr\/produit\/foamsol-5-kg\/#breadcrumb","itemListElement":[{"@type":"ListItem","position":1,"name":"Home","item":"https:\/\/sbi4beer.com\/fr\/"},{"@type":"ListItem","position":2,"name":"Shop","item":"https:\/\/sbi4beer.com\/fr\/shop\/"},{"@type":"ListItem","position":3,"name":"Additifs &amp; auxiliaires","item":"https:\/\/sbi4beer.com\/fr\/Categories-de-produits\/additifs-auxiliaires\/"},{"@type":"ListItem","position":4,"name":"Foamsol 5 kg"}]},{"@type":"WebSite","@id":"https:\/\/sbi4beer.com\/fr\/#website","url":"https:\/\/sbi4beer.com\/fr\/","name":"Selected Brewing Ingredients","description":"Selected Brewing Ingredients","publisher":{"@id":"https:\/\/sbi4beer.com\/fr\/#organization"},"potentialAction":[{"@type":"SearchAction","target":{"@type":"EntryPoint","urlTemplate":"https:\/\/sbi4beer.com\/fr\/?s={search_term_string}"},"query-input":{"@type":"PropertyValueSpecification","valueRequired":true,"valueName":"search_term_string"}}],"inLanguage":"fr-FR"},{"@type":"Organization","@id":"https:\/\/sbi4beer.com\/fr\/#organization","name":"Selected Brewing Ingredients","url":"https:\/\/sbi4beer.com\/fr\/","logo":{"@type":"ImageObject","inLanguage":"fr-FR","@id":"https:\/\/sbi4beer.com\/fr\/#\/schema\/logo\/image\/","url":"https:\/\/sbi4beer.com\/wp-content\/uploads\/2025\/11\/logo-sbi.png","contentUrl":"https:\/\/sbi4beer.com\/wp-content\/uploads\/2025\/11\/logo-sbi.png","width":228,"height":69,"caption":"Selected Brewing Ingredients"},"image":{"@id":"https:\/\/sbi4beer.com\/fr\/#\/schema\/logo\/image\/"},"sameAs":["https:\/\/www.facebook.com\/SelectedBrewingIngredients","https:\/\/x.com\/sbi4beer","https:\/\/www.instagram.com\/sbi4beer\/","https:\/\/www.linkedin.com\/company\/sbi4beer\/"]}]}},"_links":{"self":[{"href":"https:\/\/sbi4beer.com\/fr\/wp-json\/wp\/v2\/product\/18369","targetHints":{"allow":["GET"]}}],"collection":[{"href":"https:\/\/sbi4beer.com\/fr\/wp-json\/wp\/v2\/product"}],"about":[{"href":"https:\/\/sbi4beer.com\/fr\/wp-json\/wp\/v2\/types\/product"}],"wp:featuredmedia":[{"embeddable":true,"href":"https:\/\/sbi4beer.com\/fr\/wp-json\/wp\/v2\/media\/51091"}],"wp:attachment":[{"href":"https:\/\/sbi4beer.com\/fr\/wp-json\/wp\/v2\/media?parent=18369"}],"wp:term":[{"taxonomy":"product_brand","embeddable":true,"href":"https:\/\/sbi4beer.com\/fr\/wp-json\/wp\/v2\/product_brand?post=18369"},{"taxonomy":"product_cat","embeddable":true,"href":"https:\/\/sbi4beer.com\/fr\/wp-json\/wp\/v2\/product_cat?post=18369"},{"taxonomy":"product_tag","embeddable":true,"href":"https:\/\/sbi4beer.com\/fr\/wp-json\/wp\/v2\/product_tag?post=18369"}],"curies":[{"name":"wp","href":"https:\/\/api.w.org\/{rel}","templated":true}]}}