{"id":18792,"date":"2020-12-23T04:04:56","date_gmt":"2020-12-23T03:04:56","guid":{"rendered":"https:\/\/sbi4beer.com\/product\/ecorce-dorange-amere-curacao-19-20-kg\/"},"modified":"2024-06-28T09:42:26","modified_gmt":"2024-06-28T07:42:26","slug":"ecorce-dorange-amere-curacao-19-20-kg","status":"publish","type":"product","link":"https:\/\/sbi4beer.com\/fr\/produit\/ecorce-dorange-amere-curacao-19-20-kg\/","title":{"rendered":"\u00c9corce d\u2019orange am\u00e8re (Cura\u00e7ao) 19-20 kg"},"content":{"rendered":"<p>Saveur aromatique, piquante et am\u00e8re. La d\u00e9nomination latine de \u2018Orange Am\u00e8re Ecorce Coup\u00e9e\u2019 est\u00a0<em>Aurantii amari epicarpium et mesocarpium conc.<\/em><\/p>\n<p>\u00c9galement disponible sous forme de poudre. Veuillez noter que ce produit est plus concentr\u00e9 sous forme de poudre.<\/p>\n<p>Conserver dans un endroit sec et \u00e0 l\u2019abri de la lumi\u00e8re (temp\u00e9rature maximale 25\u00b0C). A consommer dans les 3 ans.<\/p>\n","protected":false},"excerpt":{"rendered":"<p>L\u2019\u00e9corce d\u2019orange am\u00e8re tranch\u00e9e, \u00e9galement appel\u00e9e \u00e9corce de Cura\u00e7ao, ajoute une saveur d\u2019orange am\u00e8re \u00e0 la bi\u00e8re. Le Cura\u00e7ao est le plus souvent utilis\u00e9 dans la bi\u00e8re blanche et la tripel.<\/p>\n","protected":false},"featured_media":53512,"template":"","meta":{"_acf_changed":false},"product_brand":[],"product_cat":[1366],"product_tag":[],"class_list":{"0":"post-18792","1":"product","2":"type-product","3":"status-publish","4":"has-post-thumbnail","6":"product_cat-herbs-epices","8":"first","9":"instock","10":"taxable","11":"shipping-taxable","12":"purchasable","13":"product-type-simple"},"acf":[],"yoast_head":"<!-- This site is optimized with the Yoast SEO plugin v27.1.1 - https:\/\/yoast.com\/product\/yoast-seo-wordpress\/ -->\n<title>\u00c9corce d\u2019orange am\u00e8re (Cura\u00e7ao) 19-20 kg - Selected Brewing Ingredients<\/title>\n<meta name=\"description\" content=\"\u00c9corce d\u2019orange am\u00e8re (Cura\u00e7ao) 19-20 kg \u2713 Bestel alle brouwingredi\u00ebnten van hoge kwaliteit op 1 plaats \u2713 Service &amp; maatwerk \u2713 Snelle, betrouwbare levering\" \/>\n<meta name=\"robots\" content=\"index, follow, max-snippet:-1, max-image-preview:large, max-video-preview:-1\" \/>\n<link rel=\"canonical\" href=\"https:\/\/sbi4beer.com\/fr\/produit\/ecorce-dorange-amere-curacao-19-20-kg\/\" \/>\n<meta property=\"og:locale\" content=\"fr_FR\" \/>\n<meta property=\"og:type\" content=\"article\" \/>\n<meta property=\"og:title\" content=\"\u00c9corce d\u2019orange am\u00e8re (Cura\u00e7ao) 19-20 kg - Selected Brewing Ingredients\" \/>\n<meta property=\"og:description\" content=\"\u00c9corce d\u2019orange am\u00e8re (Cura\u00e7ao) 19-20 kg \u2713 Bestel alle brouwingredi\u00ebnten van hoge kwaliteit op 1 plaats \u2713 Service &amp; maatwerk \u2713 Snelle, betrouwbare levering\" \/>\n<meta property=\"og:url\" content=\"https:\/\/sbi4beer.com\/fr\/produit\/ecorce-dorange-amere-curacao-19-20-kg\/\" \/>\n<meta property=\"og:site_name\" content=\"Selected Brewing Ingredients\" \/>\n<meta property=\"article:publisher\" content=\"https:\/\/www.facebook.com\/SelectedBrewingIngredients\" \/>\n<meta property=\"article:modified_time\" content=\"2024-06-28T07:42:26+00:00\" \/>\n<meta property=\"og:image\" content=\"https:\/\/sbi4beer.com\/wp-content\/uploads\/2020\/11\/Sinaasappelschil-bitter-gesneden-1-kg-SBI.jpg\" \/>\n\t<meta property=\"og:image:width\" content=\"700\" \/>\n\t<meta property=\"og:image:height\" content=\"700\" \/>\n\t<meta property=\"og:image:type\" content=\"image\/jpeg\" \/>\n<meta name=\"twitter:card\" content=\"summary_large_image\" \/>\n<meta name=\"twitter:site\" content=\"@sbi4beer\" \/>\n<meta name=\"twitter:label1\" content=\"Dur\u00e9e de lecture estim\u00e9e\" \/>\n\t<meta name=\"twitter:data1\" content=\"1 minute\" \/>\n<script type=\"application\/ld+json\" class=\"yoast-schema-graph\">{\"@context\":\"https:\/\/schema.org\",\"@graph\":[{\"@type\":\"WebPage\",\"@id\":\"https:\/\/sbi4beer.com\/fr\/produit\/ecorce-dorange-amere-curacao-19-20-kg\/\",\"url\":\"https:\/\/sbi4beer.com\/fr\/produit\/ecorce-dorange-amere-curacao-19-20-kg\/\",\"name\":\"\u00c9corce d\u2019orange am\u00e8re (Cura\u00e7ao) 19-20 kg - Selected Brewing Ingredients\",\"isPartOf\":{\"@id\":\"https:\/\/sbi4beer.com\/fr\/#website\"},\"primaryImageOfPage\":{\"@id\":\"https:\/\/sbi4beer.com\/fr\/produit\/ecorce-dorange-amere-curacao-19-20-kg\/#primaryimage\"},\"image\":{\"@id\":\"https:\/\/sbi4beer.com\/fr\/produit\/ecorce-dorange-amere-curacao-19-20-kg\/#primaryimage\"},\"thumbnailUrl\":\"https:\/\/sbi4beer.com\/wp-content\/uploads\/2020\/11\/sinaasappelschil-bitter-gesneden-curacao.jpg\",\"datePublished\":\"2020-12-23T03:04:56+00:00\",\"dateModified\":\"2024-06-28T07:42:26+00:00\",\"description\":\"\u00c9corce d\u2019orange am\u00e8re (Cura\u00e7ao) 19-20 kg \u2713 Bestel alle brouwingredi\u00ebnten van hoge kwaliteit op 1 plaats \u2713 Service & maatwerk \u2713 Snelle, betrouwbare levering\",\"breadcrumb\":{\"@id\":\"https:\/\/sbi4beer.com\/fr\/produit\/ecorce-dorange-amere-curacao-19-20-kg\/#breadcrumb\"},\"inLanguage\":\"fr-FR\",\"potentialAction\":[{\"@type\":\"ReadAction\",\"target\":[\"https:\/\/sbi4beer.com\/fr\/produit\/ecorce-dorange-amere-curacao-19-20-kg\/\"]}]},{\"@type\":\"ImageObject\",\"inLanguage\":\"fr-FR\",\"@id\":\"https:\/\/sbi4beer.com\/fr\/produit\/ecorce-dorange-amere-curacao-19-20-kg\/#primaryimage\",\"url\":\"https:\/\/sbi4beer.com\/wp-content\/uploads\/2020\/11\/sinaasappelschil-bitter-gesneden-curacao.jpg\",\"contentUrl\":\"https:\/\/sbi4beer.com\/wp-content\/uploads\/2020\/11\/sinaasappelschil-bitter-gesneden-curacao.jpg\",\"width\":800,\"height\":800,\"caption\":\"sinaasappelschil-bitter-gesneden-curacao\"},{\"@type\":\"BreadcrumbList\",\"@id\":\"https:\/\/sbi4beer.com\/fr\/produit\/ecorce-dorange-amere-curacao-19-20-kg\/#breadcrumb\",\"itemListElement\":[{\"@type\":\"ListItem\",\"position\":1,\"name\":\"Home\",\"item\":\"https:\/\/sbi4beer.com\/fr\/\"},{\"@type\":\"ListItem\",\"position\":2,\"name\":\"Shop\",\"item\":\"https:\/\/sbi4beer.com\/fr\/shop\/\"},{\"@type\":\"ListItem\",\"position\":3,\"name\":\"Herbs &amp; \u00c9pices\",\"item\":\"https:\/\/sbi4beer.com\/fr\/Categories-de-produits\/herbs-epices\/\"},{\"@type\":\"ListItem\",\"position\":4,\"name\":\"\u00c9corce d\u2019orange am\u00e8re (Cura\u00e7ao) 19-20 kg\"}]},{\"@type\":\"WebSite\",\"@id\":\"https:\/\/sbi4beer.com\/fr\/#website\",\"url\":\"https:\/\/sbi4beer.com\/fr\/\",\"name\":\"Selected Brewing Ingredients\",\"description\":\"Selected Brewing Ingredients\",\"publisher\":{\"@id\":\"https:\/\/sbi4beer.com\/fr\/#organization\"},\"potentialAction\":[{\"@type\":\"SearchAction\",\"target\":{\"@type\":\"EntryPoint\",\"urlTemplate\":\"https:\/\/sbi4beer.com\/fr\/?s={search_term_string}\"},\"query-input\":{\"@type\":\"PropertyValueSpecification\",\"valueRequired\":true,\"valueName\":\"search_term_string\"}}],\"inLanguage\":\"fr-FR\"},{\"@type\":\"Organization\",\"@id\":\"https:\/\/sbi4beer.com\/fr\/#organization\",\"name\":\"Selected Brewing Ingredients\",\"url\":\"https:\/\/sbi4beer.com\/fr\/\",\"logo\":{\"@type\":\"ImageObject\",\"inLanguage\":\"fr-FR\",\"@id\":\"https:\/\/sbi4beer.com\/fr\/#\/schema\/logo\/image\/\",\"url\":\"https:\/\/sbi4beer.com\/wp-content\/uploads\/2025\/11\/logo-sbi.png\",\"contentUrl\":\"https:\/\/sbi4beer.com\/wp-content\/uploads\/2025\/11\/logo-sbi.png\",\"width\":228,\"height\":69,\"caption\":\"Selected Brewing Ingredients\"},\"image\":{\"@id\":\"https:\/\/sbi4beer.com\/fr\/#\/schema\/logo\/image\/\"},\"sameAs\":[\"https:\/\/www.facebook.com\/SelectedBrewingIngredients\",\"https:\/\/x.com\/sbi4beer\",\"https:\/\/www.instagram.com\/sbi4beer\/\",\"https:\/\/www.linkedin.com\/company\/sbi4beer\/\"]}]}<\/script>\n<!-- \/ Yoast SEO plugin. -->","yoast_head_json":{"title":"\u00c9corce d\u2019orange am\u00e8re (Cura\u00e7ao) 19-20 kg - Selected Brewing Ingredients","description":"\u00c9corce d\u2019orange am\u00e8re (Cura\u00e7ao) 19-20 kg \u2713 Bestel alle brouwingredi\u00ebnten van hoge kwaliteit op 1 plaats \u2713 Service & maatwerk \u2713 Snelle, betrouwbare levering","robots":{"index":"index","follow":"follow","max-snippet":"max-snippet:-1","max-image-preview":"max-image-preview:large","max-video-preview":"max-video-preview:-1"},"canonical":"https:\/\/sbi4beer.com\/fr\/produit\/ecorce-dorange-amere-curacao-19-20-kg\/","og_locale":"fr_FR","og_type":"article","og_title":"\u00c9corce d\u2019orange am\u00e8re (Cura\u00e7ao) 19-20 kg - Selected Brewing Ingredients","og_description":"\u00c9corce d\u2019orange am\u00e8re (Cura\u00e7ao) 19-20 kg \u2713 Bestel alle brouwingredi\u00ebnten van hoge kwaliteit op 1 plaats \u2713 Service & maatwerk \u2713 Snelle, betrouwbare levering","og_url":"https:\/\/sbi4beer.com\/fr\/produit\/ecorce-dorange-amere-curacao-19-20-kg\/","og_site_name":"Selected Brewing Ingredients","article_publisher":"https:\/\/www.facebook.com\/SelectedBrewingIngredients","article_modified_time":"2024-06-28T07:42:26+00:00","og_image":[{"width":700,"height":700,"url":"https:\/\/sbi4beer.com\/wp-content\/uploads\/2020\/11\/Sinaasappelschil-bitter-gesneden-1-kg-SBI.jpg","type":"image\/jpeg"}],"twitter_card":"summary_large_image","twitter_site":"@sbi4beer","twitter_misc":{"Dur\u00e9e de lecture estim\u00e9e":"1 minute"},"schema":{"@context":"https:\/\/schema.org","@graph":[{"@type":"WebPage","@id":"https:\/\/sbi4beer.com\/fr\/produit\/ecorce-dorange-amere-curacao-19-20-kg\/","url":"https:\/\/sbi4beer.com\/fr\/produit\/ecorce-dorange-amere-curacao-19-20-kg\/","name":"\u00c9corce d\u2019orange am\u00e8re (Cura\u00e7ao) 19-20 kg - Selected Brewing Ingredients","isPartOf":{"@id":"https:\/\/sbi4beer.com\/fr\/#website"},"primaryImageOfPage":{"@id":"https:\/\/sbi4beer.com\/fr\/produit\/ecorce-dorange-amere-curacao-19-20-kg\/#primaryimage"},"image":{"@id":"https:\/\/sbi4beer.com\/fr\/produit\/ecorce-dorange-amere-curacao-19-20-kg\/#primaryimage"},"thumbnailUrl":"https:\/\/sbi4beer.com\/wp-content\/uploads\/2020\/11\/sinaasappelschil-bitter-gesneden-curacao.jpg","datePublished":"2020-12-23T03:04:56+00:00","dateModified":"2024-06-28T07:42:26+00:00","description":"\u00c9corce d\u2019orange am\u00e8re (Cura\u00e7ao) 19-20 kg \u2713 Bestel alle brouwingredi\u00ebnten van hoge kwaliteit op 1 plaats \u2713 Service & maatwerk \u2713 Snelle, betrouwbare levering","breadcrumb":{"@id":"https:\/\/sbi4beer.com\/fr\/produit\/ecorce-dorange-amere-curacao-19-20-kg\/#breadcrumb"},"inLanguage":"fr-FR","potentialAction":[{"@type":"ReadAction","target":["https:\/\/sbi4beer.com\/fr\/produit\/ecorce-dorange-amere-curacao-19-20-kg\/"]}]},{"@type":"ImageObject","inLanguage":"fr-FR","@id":"https:\/\/sbi4beer.com\/fr\/produit\/ecorce-dorange-amere-curacao-19-20-kg\/#primaryimage","url":"https:\/\/sbi4beer.com\/wp-content\/uploads\/2020\/11\/sinaasappelschil-bitter-gesneden-curacao.jpg","contentUrl":"https:\/\/sbi4beer.com\/wp-content\/uploads\/2020\/11\/sinaasappelschil-bitter-gesneden-curacao.jpg","width":800,"height":800,"caption":"sinaasappelschil-bitter-gesneden-curacao"},{"@type":"BreadcrumbList","@id":"https:\/\/sbi4beer.com\/fr\/produit\/ecorce-dorange-amere-curacao-19-20-kg\/#breadcrumb","itemListElement":[{"@type":"ListItem","position":1,"name":"Home","item":"https:\/\/sbi4beer.com\/fr\/"},{"@type":"ListItem","position":2,"name":"Shop","item":"https:\/\/sbi4beer.com\/fr\/shop\/"},{"@type":"ListItem","position":3,"name":"Herbs &amp; \u00c9pices","item":"https:\/\/sbi4beer.com\/fr\/Categories-de-produits\/herbs-epices\/"},{"@type":"ListItem","position":4,"name":"\u00c9corce d\u2019orange am\u00e8re (Cura\u00e7ao) 19-20 kg"}]},{"@type":"WebSite","@id":"https:\/\/sbi4beer.com\/fr\/#website","url":"https:\/\/sbi4beer.com\/fr\/","name":"Selected Brewing Ingredients","description":"Selected Brewing Ingredients","publisher":{"@id":"https:\/\/sbi4beer.com\/fr\/#organization"},"potentialAction":[{"@type":"SearchAction","target":{"@type":"EntryPoint","urlTemplate":"https:\/\/sbi4beer.com\/fr\/?s={search_term_string}"},"query-input":{"@type":"PropertyValueSpecification","valueRequired":true,"valueName":"search_term_string"}}],"inLanguage":"fr-FR"},{"@type":"Organization","@id":"https:\/\/sbi4beer.com\/fr\/#organization","name":"Selected Brewing Ingredients","url":"https:\/\/sbi4beer.com\/fr\/","logo":{"@type":"ImageObject","inLanguage":"fr-FR","@id":"https:\/\/sbi4beer.com\/fr\/#\/schema\/logo\/image\/","url":"https:\/\/sbi4beer.com\/wp-content\/uploads\/2025\/11\/logo-sbi.png","contentUrl":"https:\/\/sbi4beer.com\/wp-content\/uploads\/2025\/11\/logo-sbi.png","width":228,"height":69,"caption":"Selected Brewing Ingredients"},"image":{"@id":"https:\/\/sbi4beer.com\/fr\/#\/schema\/logo\/image\/"},"sameAs":["https:\/\/www.facebook.com\/SelectedBrewingIngredients","https:\/\/x.com\/sbi4beer","https:\/\/www.instagram.com\/sbi4beer\/","https:\/\/www.linkedin.com\/company\/sbi4beer\/"]}]}},"_links":{"self":[{"href":"https:\/\/sbi4beer.com\/fr\/wp-json\/wp\/v2\/product\/18792","targetHints":{"allow":["GET"]}}],"collection":[{"href":"https:\/\/sbi4beer.com\/fr\/wp-json\/wp\/v2\/product"}],"about":[{"href":"https:\/\/sbi4beer.com\/fr\/wp-json\/wp\/v2\/types\/product"}],"wp:featuredmedia":[{"embeddable":true,"href":"https:\/\/sbi4beer.com\/fr\/wp-json\/wp\/v2\/media\/53512"}],"wp:attachment":[{"href":"https:\/\/sbi4beer.com\/fr\/wp-json\/wp\/v2\/media?parent=18792"}],"wp:term":[{"taxonomy":"product_brand","embeddable":true,"href":"https:\/\/sbi4beer.com\/fr\/wp-json\/wp\/v2\/product_brand?post=18792"},{"taxonomy":"product_cat","embeddable":true,"href":"https:\/\/sbi4beer.com\/fr\/wp-json\/wp\/v2\/product_cat?post=18792"},{"taxonomy":"product_tag","embeddable":true,"href":"https:\/\/sbi4beer.com\/fr\/wp-json\/wp\/v2\/product_tag?post=18792"}],"curies":[{"name":"wp","href":"https:\/\/api.w.org\/{rel}","templated":true}]}}