{"id":18812,"date":"2020-12-23T04:03:45","date_gmt":"2020-12-23T03:03:45","guid":{"rendered":"https:\/\/sbi4beer.com\/product\/ecolab-p3-alcodes-45-l-2\/"},"modified":"2026-02-11T15:00:34","modified_gmt":"2026-02-11T14:00:34","slug":"ecolab-alcodes-gf-45-l","status":"publish","type":"product","link":"https:\/\/sbi4beer.com\/fr\/produit\/ecolab-alcodes-gf-45-l\/","title":{"rendered":"Ecolab\u00ae Alcodes GF 4*5 L"},"content":{"rendered":"<p>Alcodes GF est con\u00e7u pour une utilisation dans les zones de production de l&rsquo;industrie agroalimentaire.<\/p>\n<p>Alcodes GF est le rempla\u00e7ant de P3-Alcodes, qui sera abandonn\u00e9 par le fournisseur. Notre stock passera donc progressivement de P3-Alcodes \u00e0 Alcodes GF. L&rsquo;Alcodes GF a \u00e9t\u00e9 d\u00e9velopp\u00e9 sans glutarald\u00e9hyde (GF = Glutaraldehyde Free). Comme le P3-Alcodes, il s&rsquo;agit d&rsquo;un d\u00e9sinfectant de surface pr\u00eat \u00e0 l&#8217;emploi avec une large efficacit\u00e9 contre les bact\u00e9ries, les virus, les fungi, etc. et avec un niveau de r\u00e9sidus exceptionnellement bas.<\/p>\n<p>Pour plus d&rsquo;informations, voir les sp\u00e9cifications du produit dans la rubrique \u00a0\u00bb Downloads \u00ab\u00a0.<\/p>\n","protected":false},"excerpt":{"rendered":"<p>Alcodes GF est un produit d\u00e9sinfectant liquide pr\u00eat \u00e0 l\u2019emploi par pulv\u00e9risation \u00e0 base d\u2019\u00e9thanol.<\/p>\n","protected":false},"featured_media":38873,"template":"","meta":{"_acf_changed":false},"product_brand":[],"product_cat":[1371],"product_tag":[],"class_list":{"0":"post-18812","1":"product","2":"type-product","3":"status-publish","4":"has-post-thumbnail","6":"product_cat-nettoyage-desinfection","7":"product_shipping_class-ecolab","9":"first","10":"instock","11":"taxable","12":"shipping-taxable","13":"purchasable","14":"product-type-simple"},"acf":[],"yoast_head":"<!-- This site is optimized with the Yoast SEO plugin v27.1.1 - https:\/\/yoast.com\/product\/yoast-seo-wordpress\/ -->\n<title>Ecolab\u00ae Alcodes GF 4*5 L - Selected Brewing Ingredients<\/title>\n<meta name=\"description\" content=\"Ecolab\u00ae Alcodes GF 4*5 L \u2713 Bestel alle brouwingredi\u00ebnten van hoge kwaliteit op 1 plaats \u2713 Service &amp; maatwerk \u2713 Snelle, betrouwbare levering\" \/>\n<meta name=\"robots\" content=\"index, follow, max-snippet:-1, max-image-preview:large, max-video-preview:-1\" \/>\n<link rel=\"canonical\" href=\"https:\/\/sbi4beer.com\/fr\/produit\/ecolab-alcodes-gf-45-l\/\" \/>\n<meta property=\"og:locale\" content=\"fr_FR\" \/>\n<meta property=\"og:type\" content=\"article\" \/>\n<meta property=\"og:title\" content=\"Ecolab\u00ae Alcodes GF 4*5 L - Selected Brewing Ingredients\" \/>\n<meta property=\"og:description\" content=\"Ecolab\u00ae Alcodes GF 4*5 L \u2713 Bestel alle brouwingredi\u00ebnten van hoge kwaliteit op 1 plaats \u2713 Service &amp; maatwerk \u2713 Snelle, betrouwbare levering\" \/>\n<meta property=\"og:url\" content=\"https:\/\/sbi4beer.com\/fr\/produit\/ecolab-alcodes-gf-45-l\/\" \/>\n<meta property=\"og:site_name\" content=\"Selected Brewing Ingredients\" \/>\n<meta property=\"article:publisher\" content=\"https:\/\/www.facebook.com\/SelectedBrewingIngredients\" \/>\n<meta property=\"article:modified_time\" content=\"2026-02-11T14:00:34+00:00\" \/>\n<meta property=\"og:image\" content=\"https:\/\/sbi4beer.com\/wp-content\/uploads\/2020\/12\/alcodes-gf-5l-sbi.jpg\" \/>\n\t<meta property=\"og:image:width\" content=\"1920\" \/>\n\t<meta property=\"og:image:height\" content=\"1920\" \/>\n\t<meta property=\"og:image:type\" content=\"image\/jpeg\" \/>\n<meta name=\"twitter:card\" content=\"summary_large_image\" \/>\n<meta name=\"twitter:site\" content=\"@sbi4beer\" \/>\n<meta name=\"twitter:label1\" content=\"Dur\u00e9e de lecture estim\u00e9e\" \/>\n\t<meta name=\"twitter:data1\" content=\"1 minute\" \/>\n<script type=\"application\/ld+json\" class=\"yoast-schema-graph\">{\"@context\":\"https:\/\/schema.org\",\"@graph\":[{\"@type\":\"WebPage\",\"@id\":\"https:\/\/sbi4beer.com\/fr\/produit\/ecolab-alcodes-gf-45-l\/\",\"url\":\"https:\/\/sbi4beer.com\/fr\/produit\/ecolab-alcodes-gf-45-l\/\",\"name\":\"Ecolab\u00ae Alcodes GF 4*5 L - Selected Brewing Ingredients\",\"isPartOf\":{\"@id\":\"https:\/\/sbi4beer.com\/fr\/#website\"},\"primaryImageOfPage\":{\"@id\":\"https:\/\/sbi4beer.com\/fr\/produit\/ecolab-alcodes-gf-45-l\/#primaryimage\"},\"image\":{\"@id\":\"https:\/\/sbi4beer.com\/fr\/produit\/ecolab-alcodes-gf-45-l\/#primaryimage\"},\"thumbnailUrl\":\"https:\/\/sbi4beer.com\/wp-content\/uploads\/2020\/12\/alcodes-gf-5l-sbi.jpg\",\"datePublished\":\"2020-12-23T03:03:45+00:00\",\"dateModified\":\"2026-02-11T14:00:34+00:00\",\"description\":\"Ecolab\u00ae Alcodes GF 4*5 L \u2713 Bestel alle brouwingredi\u00ebnten van hoge kwaliteit op 1 plaats \u2713 Service & maatwerk \u2713 Snelle, betrouwbare levering\",\"breadcrumb\":{\"@id\":\"https:\/\/sbi4beer.com\/fr\/produit\/ecolab-alcodes-gf-45-l\/#breadcrumb\"},\"inLanguage\":\"fr-FR\",\"potentialAction\":[{\"@type\":\"ReadAction\",\"target\":[\"https:\/\/sbi4beer.com\/fr\/produit\/ecolab-alcodes-gf-45-l\/\"]}]},{\"@type\":\"ImageObject\",\"inLanguage\":\"fr-FR\",\"@id\":\"https:\/\/sbi4beer.com\/fr\/produit\/ecolab-alcodes-gf-45-l\/#primaryimage\",\"url\":\"https:\/\/sbi4beer.com\/wp-content\/uploads\/2020\/12\/alcodes-gf-5l-sbi.jpg\",\"contentUrl\":\"https:\/\/sbi4beer.com\/wp-content\/uploads\/2020\/12\/alcodes-gf-5l-sbi.jpg\",\"width\":1920,\"height\":1920,\"caption\":\"---\"},{\"@type\":\"BreadcrumbList\",\"@id\":\"https:\/\/sbi4beer.com\/fr\/produit\/ecolab-alcodes-gf-45-l\/#breadcrumb\",\"itemListElement\":[{\"@type\":\"ListItem\",\"position\":1,\"name\":\"Home\",\"item\":\"https:\/\/sbi4beer.com\/fr\/\"},{\"@type\":\"ListItem\",\"position\":2,\"name\":\"Shop\",\"item\":\"https:\/\/sbi4beer.com\/fr\/shop\/\"},{\"@type\":\"ListItem\",\"position\":3,\"name\":\"Nettoyage &amp; d\u00e9sinfection\",\"item\":\"https:\/\/sbi4beer.com\/fr\/Categories-de-produits\/nettoyage-desinfection\/\"},{\"@type\":\"ListItem\",\"position\":4,\"name\":\"Ecolab\u00ae Alcodes GF 4*5 L\"}]},{\"@type\":\"WebSite\",\"@id\":\"https:\/\/sbi4beer.com\/fr\/#website\",\"url\":\"https:\/\/sbi4beer.com\/fr\/\",\"name\":\"Selected Brewing Ingredients\",\"description\":\"Selected Brewing Ingredients\",\"publisher\":{\"@id\":\"https:\/\/sbi4beer.com\/fr\/#organization\"},\"potentialAction\":[{\"@type\":\"SearchAction\",\"target\":{\"@type\":\"EntryPoint\",\"urlTemplate\":\"https:\/\/sbi4beer.com\/fr\/?s={search_term_string}\"},\"query-input\":{\"@type\":\"PropertyValueSpecification\",\"valueRequired\":true,\"valueName\":\"search_term_string\"}}],\"inLanguage\":\"fr-FR\"},{\"@type\":\"Organization\",\"@id\":\"https:\/\/sbi4beer.com\/fr\/#organization\",\"name\":\"Selected Brewing Ingredients\",\"url\":\"https:\/\/sbi4beer.com\/fr\/\",\"logo\":{\"@type\":\"ImageObject\",\"inLanguage\":\"fr-FR\",\"@id\":\"https:\/\/sbi4beer.com\/fr\/#\/schema\/logo\/image\/\",\"url\":\"https:\/\/sbi4beer.com\/wp-content\/uploads\/2025\/11\/logo-sbi.png\",\"contentUrl\":\"https:\/\/sbi4beer.com\/wp-content\/uploads\/2025\/11\/logo-sbi.png\",\"width\":228,\"height\":69,\"caption\":\"Selected Brewing Ingredients\"},\"image\":{\"@id\":\"https:\/\/sbi4beer.com\/fr\/#\/schema\/logo\/image\/\"},\"sameAs\":[\"https:\/\/www.facebook.com\/SelectedBrewingIngredients\",\"https:\/\/x.com\/sbi4beer\",\"https:\/\/www.instagram.com\/sbi4beer\/\",\"https:\/\/www.linkedin.com\/company\/sbi4beer\/\"]}]}<\/script>\n<!-- \/ Yoast SEO plugin. -->","yoast_head_json":{"title":"Ecolab\u00ae Alcodes GF 4*5 L - Selected Brewing Ingredients","description":"Ecolab\u00ae Alcodes GF 4*5 L \u2713 Bestel alle brouwingredi\u00ebnten van hoge kwaliteit op 1 plaats \u2713 Service & maatwerk \u2713 Snelle, betrouwbare levering","robots":{"index":"index","follow":"follow","max-snippet":"max-snippet:-1","max-image-preview":"max-image-preview:large","max-video-preview":"max-video-preview:-1"},"canonical":"https:\/\/sbi4beer.com\/fr\/produit\/ecolab-alcodes-gf-45-l\/","og_locale":"fr_FR","og_type":"article","og_title":"Ecolab\u00ae Alcodes GF 4*5 L - Selected Brewing Ingredients","og_description":"Ecolab\u00ae Alcodes GF 4*5 L \u2713 Bestel alle brouwingredi\u00ebnten van hoge kwaliteit op 1 plaats \u2713 Service & maatwerk \u2713 Snelle, betrouwbare levering","og_url":"https:\/\/sbi4beer.com\/fr\/produit\/ecolab-alcodes-gf-45-l\/","og_site_name":"Selected Brewing Ingredients","article_publisher":"https:\/\/www.facebook.com\/SelectedBrewingIngredients","article_modified_time":"2026-02-11T14:00:34+00:00","og_image":[{"width":1920,"height":1920,"url":"https:\/\/sbi4beer.com\/wp-content\/uploads\/2020\/12\/alcodes-gf-5l-sbi.jpg","type":"image\/jpeg"}],"twitter_card":"summary_large_image","twitter_site":"@sbi4beer","twitter_misc":{"Dur\u00e9e de lecture estim\u00e9e":"1 minute"},"schema":{"@context":"https:\/\/schema.org","@graph":[{"@type":"WebPage","@id":"https:\/\/sbi4beer.com\/fr\/produit\/ecolab-alcodes-gf-45-l\/","url":"https:\/\/sbi4beer.com\/fr\/produit\/ecolab-alcodes-gf-45-l\/","name":"Ecolab\u00ae Alcodes GF 4*5 L - Selected Brewing Ingredients","isPartOf":{"@id":"https:\/\/sbi4beer.com\/fr\/#website"},"primaryImageOfPage":{"@id":"https:\/\/sbi4beer.com\/fr\/produit\/ecolab-alcodes-gf-45-l\/#primaryimage"},"image":{"@id":"https:\/\/sbi4beer.com\/fr\/produit\/ecolab-alcodes-gf-45-l\/#primaryimage"},"thumbnailUrl":"https:\/\/sbi4beer.com\/wp-content\/uploads\/2020\/12\/alcodes-gf-5l-sbi.jpg","datePublished":"2020-12-23T03:03:45+00:00","dateModified":"2026-02-11T14:00:34+00:00","description":"Ecolab\u00ae Alcodes GF 4*5 L \u2713 Bestel alle brouwingredi\u00ebnten van hoge kwaliteit op 1 plaats \u2713 Service & maatwerk \u2713 Snelle, betrouwbare levering","breadcrumb":{"@id":"https:\/\/sbi4beer.com\/fr\/produit\/ecolab-alcodes-gf-45-l\/#breadcrumb"},"inLanguage":"fr-FR","potentialAction":[{"@type":"ReadAction","target":["https:\/\/sbi4beer.com\/fr\/produit\/ecolab-alcodes-gf-45-l\/"]}]},{"@type":"ImageObject","inLanguage":"fr-FR","@id":"https:\/\/sbi4beer.com\/fr\/produit\/ecolab-alcodes-gf-45-l\/#primaryimage","url":"https:\/\/sbi4beer.com\/wp-content\/uploads\/2020\/12\/alcodes-gf-5l-sbi.jpg","contentUrl":"https:\/\/sbi4beer.com\/wp-content\/uploads\/2020\/12\/alcodes-gf-5l-sbi.jpg","width":1920,"height":1920,"caption":"---"},{"@type":"BreadcrumbList","@id":"https:\/\/sbi4beer.com\/fr\/produit\/ecolab-alcodes-gf-45-l\/#breadcrumb","itemListElement":[{"@type":"ListItem","position":1,"name":"Home","item":"https:\/\/sbi4beer.com\/fr\/"},{"@type":"ListItem","position":2,"name":"Shop","item":"https:\/\/sbi4beer.com\/fr\/shop\/"},{"@type":"ListItem","position":3,"name":"Nettoyage &amp; d\u00e9sinfection","item":"https:\/\/sbi4beer.com\/fr\/Categories-de-produits\/nettoyage-desinfection\/"},{"@type":"ListItem","position":4,"name":"Ecolab\u00ae Alcodes GF 4*5 L"}]},{"@type":"WebSite","@id":"https:\/\/sbi4beer.com\/fr\/#website","url":"https:\/\/sbi4beer.com\/fr\/","name":"Selected Brewing Ingredients","description":"Selected Brewing Ingredients","publisher":{"@id":"https:\/\/sbi4beer.com\/fr\/#organization"},"potentialAction":[{"@type":"SearchAction","target":{"@type":"EntryPoint","urlTemplate":"https:\/\/sbi4beer.com\/fr\/?s={search_term_string}"},"query-input":{"@type":"PropertyValueSpecification","valueRequired":true,"valueName":"search_term_string"}}],"inLanguage":"fr-FR"},{"@type":"Organization","@id":"https:\/\/sbi4beer.com\/fr\/#organization","name":"Selected Brewing Ingredients","url":"https:\/\/sbi4beer.com\/fr\/","logo":{"@type":"ImageObject","inLanguage":"fr-FR","@id":"https:\/\/sbi4beer.com\/fr\/#\/schema\/logo\/image\/","url":"https:\/\/sbi4beer.com\/wp-content\/uploads\/2025\/11\/logo-sbi.png","contentUrl":"https:\/\/sbi4beer.com\/wp-content\/uploads\/2025\/11\/logo-sbi.png","width":228,"height":69,"caption":"Selected Brewing Ingredients"},"image":{"@id":"https:\/\/sbi4beer.com\/fr\/#\/schema\/logo\/image\/"},"sameAs":["https:\/\/www.facebook.com\/SelectedBrewingIngredients","https:\/\/x.com\/sbi4beer","https:\/\/www.instagram.com\/sbi4beer\/","https:\/\/www.linkedin.com\/company\/sbi4beer\/"]}]}},"_links":{"self":[{"href":"https:\/\/sbi4beer.com\/fr\/wp-json\/wp\/v2\/product\/18812","targetHints":{"allow":["GET"]}}],"collection":[{"href":"https:\/\/sbi4beer.com\/fr\/wp-json\/wp\/v2\/product"}],"about":[{"href":"https:\/\/sbi4beer.com\/fr\/wp-json\/wp\/v2\/types\/product"}],"wp:featuredmedia":[{"embeddable":true,"href":"https:\/\/sbi4beer.com\/fr\/wp-json\/wp\/v2\/media\/38873"}],"wp:attachment":[{"href":"https:\/\/sbi4beer.com\/fr\/wp-json\/wp\/v2\/media?parent=18812"}],"wp:term":[{"taxonomy":"product_brand","embeddable":true,"href":"https:\/\/sbi4beer.com\/fr\/wp-json\/wp\/v2\/product_brand?post=18812"},{"taxonomy":"product_cat","embeddable":true,"href":"https:\/\/sbi4beer.com\/fr\/wp-json\/wp\/v2\/product_cat?post=18812"},{"taxonomy":"product_tag","embeddable":true,"href":"https:\/\/sbi4beer.com\/fr\/wp-json\/wp\/v2\/product_tag?post=18812"}],"curies":[{"name":"wp","href":"https:\/\/api.w.org\/{rel}","templated":true}]}}