{"id":18867,"date":"2020-12-23T04:00:23","date_gmt":"2020-12-23T03:00:23","guid":{"rendered":"https:\/\/sbi4beer.com\/product\/fermentis-safcider-levure-5-g\/"},"modified":"2026-04-10T12:46:00","modified_gmt":"2026-04-10T10:46:00","slug":"fermentis-safcider-ab-1-levure-5-g","status":"publish","type":"product","link":"https:\/\/sbi4beer.com\/fr\/produit\/fermentis-safcider-ab-1-levure-5-g\/","title":{"rendered":"Fermentis SafCider\u2122 AB-1 levure 5 g"},"content":{"rendered":"<p>Fermentis SafCider\u2122 AB-1 levure<br \/>\nProfil aromatique d\u00e9licat associant des notes de fruits frais (pomme) et \u00e9labor\u00e9s (compote de pommes) offrant un \u00e9quilibre en bouche respectant la structure du cidre. Convient \u00e0 des conditions de fermentation difficiles et des m\u00e9langes jus et sirops de sucre.<\/p>\n","protected":false},"excerpt":{"rendered":"<p>Pour tous les types de cidre doux \u00e0 extra-bruts fabriqu\u00e9s \u00e0 partir de jus de pommes frais ou concentr\u00e9.<\/p>\n","protected":false},"featured_media":61863,"template":"","meta":{"_acf_changed":false},"product_brand":[],"product_cat":[1369,1363],"product_tag":[],"class_list":{"0":"post-18867","1":"product","2":"type-product","3":"status-publish","4":"has-post-thumbnail","6":"product_cat-boissons-distillees-autres-boissons","7":"product_cat-levure-nutriment","9":"first","10":"instock","11":"taxable","12":"shipping-taxable","13":"purchasable","14":"product-type-simple"},"acf":[],"yoast_head":"<!-- This site is optimized with the Yoast SEO plugin v27.1.1 - https:\/\/yoast.com\/product\/yoast-seo-wordpress\/ -->\n<title>Fermentis SafCider\u2122 AB-1 levure 5 g - Selected Brewing Ingredients<\/title>\n<meta name=\"description\" content=\"Fermentis SafCider\u2122 AB-1 levure 5 g \u2713 Bestel alle brouwingredi\u00ebnten van hoge kwaliteit op 1 plaats \u2713 Service &amp; maatwerk \u2713 Snelle, betrouwbare levering\" \/>\n<meta name=\"robots\" content=\"index, follow, max-snippet:-1, max-image-preview:large, max-video-preview:-1\" \/>\n<link rel=\"canonical\" href=\"https:\/\/sbi4beer.com\/fr\/produit\/fermentis-safcider-ab-1-levure-5-g\/\" \/>\n<meta property=\"og:locale\" content=\"fr_FR\" \/>\n<meta property=\"og:type\" content=\"article\" \/>\n<meta property=\"og:title\" content=\"Fermentis SafCider\u2122 AB-1 levure 5 g - Selected Brewing Ingredients\" \/>\n<meta property=\"og:description\" content=\"Fermentis SafCider\u2122 AB-1 levure 5 g \u2713 Bestel alle brouwingredi\u00ebnten van hoge kwaliteit op 1 plaats \u2713 Service &amp; maatwerk \u2713 Snelle, betrouwbare levering\" \/>\n<meta property=\"og:url\" content=\"https:\/\/sbi4beer.com\/fr\/produit\/fermentis-safcider-ab-1-levure-5-g\/\" \/>\n<meta property=\"og:site_name\" content=\"Selected Brewing Ingredients\" \/>\n<meta property=\"article:publisher\" content=\"https:\/\/www.facebook.com\/SelectedBrewingIngredients\" \/>\n<meta property=\"article:modified_time\" content=\"2026-04-10T10:46:00+00:00\" \/>\n<meta property=\"og:image\" content=\"https:\/\/sbi4beer.com\/wp-content\/uploads\/2020\/12\/SafCider-AB-1-5g-1.jpg\" \/>\n\t<meta property=\"og:image:width\" content=\"930\" \/>\n\t<meta property=\"og:image:height\" content=\"929\" \/>\n\t<meta property=\"og:image:type\" content=\"image\/jpeg\" \/>\n<meta name=\"twitter:card\" content=\"summary_large_image\" \/>\n<meta name=\"twitter:site\" content=\"@sbi4beer\" \/>\n<meta name=\"twitter:label1\" content=\"Dur\u00e9e de lecture estim\u00e9e\" \/>\n\t<meta name=\"twitter:data1\" content=\"1 minute\" \/>\n<script type=\"application\/ld+json\" class=\"yoast-schema-graph\">{\"@context\":\"https:\/\/schema.org\",\"@graph\":[{\"@type\":\"WebPage\",\"@id\":\"https:\/\/sbi4beer.com\/fr\/produit\/fermentis-safcider-ab-1-levure-5-g\/\",\"url\":\"https:\/\/sbi4beer.com\/fr\/produit\/fermentis-safcider-ab-1-levure-5-g\/\",\"name\":\"Fermentis SafCider\u2122 AB-1 levure 5 g - Selected Brewing Ingredients\",\"isPartOf\":{\"@id\":\"https:\/\/sbi4beer.com\/fr\/#website\"},\"primaryImageOfPage\":{\"@id\":\"https:\/\/sbi4beer.com\/fr\/produit\/fermentis-safcider-ab-1-levure-5-g\/#primaryimage\"},\"image\":{\"@id\":\"https:\/\/sbi4beer.com\/fr\/produit\/fermentis-safcider-ab-1-levure-5-g\/#primaryimage\"},\"thumbnailUrl\":\"https:\/\/sbi4beer.com\/wp-content\/uploads\/2020\/12\/SafCider-AB-1-5g-1.jpg\",\"datePublished\":\"2020-12-23T03:00:23+00:00\",\"dateModified\":\"2026-04-10T10:46:00+00:00\",\"description\":\"Fermentis SafCider\u2122 AB-1 levure 5 g \u2713 Bestel alle brouwingredi\u00ebnten van hoge kwaliteit op 1 plaats \u2713 Service & maatwerk \u2713 Snelle, betrouwbare levering\",\"breadcrumb\":{\"@id\":\"https:\/\/sbi4beer.com\/fr\/produit\/fermentis-safcider-ab-1-levure-5-g\/#breadcrumb\"},\"inLanguage\":\"fr-FR\",\"potentialAction\":[{\"@type\":\"ReadAction\",\"target\":[\"https:\/\/sbi4beer.com\/fr\/produit\/fermentis-safcider-ab-1-levure-5-g\/\"]}]},{\"@type\":\"ImageObject\",\"inLanguage\":\"fr-FR\",\"@id\":\"https:\/\/sbi4beer.com\/fr\/produit\/fermentis-safcider-ab-1-levure-5-g\/#primaryimage\",\"url\":\"https:\/\/sbi4beer.com\/wp-content\/uploads\/2020\/12\/SafCider-AB-1-5g-1.jpg\",\"contentUrl\":\"https:\/\/sbi4beer.com\/wp-content\/uploads\/2020\/12\/SafCider-AB-1-5g-1.jpg\",\"width\":930,\"height\":929,\"caption\":\"SafCider-AB-1-5g\"},{\"@type\":\"BreadcrumbList\",\"@id\":\"https:\/\/sbi4beer.com\/fr\/produit\/fermentis-safcider-ab-1-levure-5-g\/#breadcrumb\",\"itemListElement\":[{\"@type\":\"ListItem\",\"position\":1,\"name\":\"Home\",\"item\":\"https:\/\/sbi4beer.com\/fr\/\"},{\"@type\":\"ListItem\",\"position\":2,\"name\":\"Shop\",\"item\":\"https:\/\/sbi4beer.com\/fr\/shop\/\"},{\"@type\":\"ListItem\",\"position\":3,\"name\":\"Levure &amp; Nutriment\",\"item\":\"https:\/\/sbi4beer.com\/fr\/Categories-de-produits\/levure-nutriment\/\"},{\"@type\":\"ListItem\",\"position\":4,\"name\":\"Fermentis SafCider\u2122 AB-1 levure 5 g\"}]},{\"@type\":\"WebSite\",\"@id\":\"https:\/\/sbi4beer.com\/fr\/#website\",\"url\":\"https:\/\/sbi4beer.com\/fr\/\",\"name\":\"Selected Brewing Ingredients\",\"description\":\"Selected Brewing Ingredients\",\"publisher\":{\"@id\":\"https:\/\/sbi4beer.com\/fr\/#organization\"},\"potentialAction\":[{\"@type\":\"SearchAction\",\"target\":{\"@type\":\"EntryPoint\",\"urlTemplate\":\"https:\/\/sbi4beer.com\/fr\/?s={search_term_string}\"},\"query-input\":{\"@type\":\"PropertyValueSpecification\",\"valueRequired\":true,\"valueName\":\"search_term_string\"}}],\"inLanguage\":\"fr-FR\"},{\"@type\":\"Organization\",\"@id\":\"https:\/\/sbi4beer.com\/fr\/#organization\",\"name\":\"Selected Brewing Ingredients\",\"url\":\"https:\/\/sbi4beer.com\/fr\/\",\"logo\":{\"@type\":\"ImageObject\",\"inLanguage\":\"fr-FR\",\"@id\":\"https:\/\/sbi4beer.com\/fr\/#\/schema\/logo\/image\/\",\"url\":\"https:\/\/sbi4beer.com\/wp-content\/uploads\/2025\/11\/logo-sbi.png\",\"contentUrl\":\"https:\/\/sbi4beer.com\/wp-content\/uploads\/2025\/11\/logo-sbi.png\",\"width\":228,\"height\":69,\"caption\":\"Selected Brewing Ingredients\"},\"image\":{\"@id\":\"https:\/\/sbi4beer.com\/fr\/#\/schema\/logo\/image\/\"},\"sameAs\":[\"https:\/\/www.facebook.com\/SelectedBrewingIngredients\",\"https:\/\/x.com\/sbi4beer\",\"https:\/\/www.instagram.com\/sbi4beer\/\",\"https:\/\/www.linkedin.com\/company\/sbi4beer\/\"]}]}<\/script>\n<!-- \/ Yoast SEO plugin. -->","yoast_head_json":{"title":"Fermentis SafCider\u2122 AB-1 levure 5 g - Selected Brewing Ingredients","description":"Fermentis SafCider\u2122 AB-1 levure 5 g \u2713 Bestel alle brouwingredi\u00ebnten van hoge kwaliteit op 1 plaats \u2713 Service & maatwerk \u2713 Snelle, betrouwbare levering","robots":{"index":"index","follow":"follow","max-snippet":"max-snippet:-1","max-image-preview":"max-image-preview:large","max-video-preview":"max-video-preview:-1"},"canonical":"https:\/\/sbi4beer.com\/fr\/produit\/fermentis-safcider-ab-1-levure-5-g\/","og_locale":"fr_FR","og_type":"article","og_title":"Fermentis SafCider\u2122 AB-1 levure 5 g - Selected Brewing Ingredients","og_description":"Fermentis SafCider\u2122 AB-1 levure 5 g \u2713 Bestel alle brouwingredi\u00ebnten van hoge kwaliteit op 1 plaats \u2713 Service & maatwerk \u2713 Snelle, betrouwbare levering","og_url":"https:\/\/sbi4beer.com\/fr\/produit\/fermentis-safcider-ab-1-levure-5-g\/","og_site_name":"Selected Brewing Ingredients","article_publisher":"https:\/\/www.facebook.com\/SelectedBrewingIngredients","article_modified_time":"2026-04-10T10:46:00+00:00","og_image":[{"width":930,"height":929,"url":"https:\/\/sbi4beer.com\/wp-content\/uploads\/2020\/12\/SafCider-AB-1-5g-1.jpg","type":"image\/jpeg"}],"twitter_card":"summary_large_image","twitter_site":"@sbi4beer","twitter_misc":{"Dur\u00e9e de lecture estim\u00e9e":"1 minute"},"schema":{"@context":"https:\/\/schema.org","@graph":[{"@type":"WebPage","@id":"https:\/\/sbi4beer.com\/fr\/produit\/fermentis-safcider-ab-1-levure-5-g\/","url":"https:\/\/sbi4beer.com\/fr\/produit\/fermentis-safcider-ab-1-levure-5-g\/","name":"Fermentis SafCider\u2122 AB-1 levure 5 g - Selected Brewing Ingredients","isPartOf":{"@id":"https:\/\/sbi4beer.com\/fr\/#website"},"primaryImageOfPage":{"@id":"https:\/\/sbi4beer.com\/fr\/produit\/fermentis-safcider-ab-1-levure-5-g\/#primaryimage"},"image":{"@id":"https:\/\/sbi4beer.com\/fr\/produit\/fermentis-safcider-ab-1-levure-5-g\/#primaryimage"},"thumbnailUrl":"https:\/\/sbi4beer.com\/wp-content\/uploads\/2020\/12\/SafCider-AB-1-5g-1.jpg","datePublished":"2020-12-23T03:00:23+00:00","dateModified":"2026-04-10T10:46:00+00:00","description":"Fermentis SafCider\u2122 AB-1 levure 5 g \u2713 Bestel alle brouwingredi\u00ebnten van hoge kwaliteit op 1 plaats \u2713 Service & maatwerk \u2713 Snelle, betrouwbare levering","breadcrumb":{"@id":"https:\/\/sbi4beer.com\/fr\/produit\/fermentis-safcider-ab-1-levure-5-g\/#breadcrumb"},"inLanguage":"fr-FR","potentialAction":[{"@type":"ReadAction","target":["https:\/\/sbi4beer.com\/fr\/produit\/fermentis-safcider-ab-1-levure-5-g\/"]}]},{"@type":"ImageObject","inLanguage":"fr-FR","@id":"https:\/\/sbi4beer.com\/fr\/produit\/fermentis-safcider-ab-1-levure-5-g\/#primaryimage","url":"https:\/\/sbi4beer.com\/wp-content\/uploads\/2020\/12\/SafCider-AB-1-5g-1.jpg","contentUrl":"https:\/\/sbi4beer.com\/wp-content\/uploads\/2020\/12\/SafCider-AB-1-5g-1.jpg","width":930,"height":929,"caption":"SafCider-AB-1-5g"},{"@type":"BreadcrumbList","@id":"https:\/\/sbi4beer.com\/fr\/produit\/fermentis-safcider-ab-1-levure-5-g\/#breadcrumb","itemListElement":[{"@type":"ListItem","position":1,"name":"Home","item":"https:\/\/sbi4beer.com\/fr\/"},{"@type":"ListItem","position":2,"name":"Shop","item":"https:\/\/sbi4beer.com\/fr\/shop\/"},{"@type":"ListItem","position":3,"name":"Levure &amp; Nutriment","item":"https:\/\/sbi4beer.com\/fr\/Categories-de-produits\/levure-nutriment\/"},{"@type":"ListItem","position":4,"name":"Fermentis SafCider\u2122 AB-1 levure 5 g"}]},{"@type":"WebSite","@id":"https:\/\/sbi4beer.com\/fr\/#website","url":"https:\/\/sbi4beer.com\/fr\/","name":"Selected Brewing Ingredients","description":"Selected Brewing Ingredients","publisher":{"@id":"https:\/\/sbi4beer.com\/fr\/#organization"},"potentialAction":[{"@type":"SearchAction","target":{"@type":"EntryPoint","urlTemplate":"https:\/\/sbi4beer.com\/fr\/?s={search_term_string}"},"query-input":{"@type":"PropertyValueSpecification","valueRequired":true,"valueName":"search_term_string"}}],"inLanguage":"fr-FR"},{"@type":"Organization","@id":"https:\/\/sbi4beer.com\/fr\/#organization","name":"Selected Brewing Ingredients","url":"https:\/\/sbi4beer.com\/fr\/","logo":{"@type":"ImageObject","inLanguage":"fr-FR","@id":"https:\/\/sbi4beer.com\/fr\/#\/schema\/logo\/image\/","url":"https:\/\/sbi4beer.com\/wp-content\/uploads\/2025\/11\/logo-sbi.png","contentUrl":"https:\/\/sbi4beer.com\/wp-content\/uploads\/2025\/11\/logo-sbi.png","width":228,"height":69,"caption":"Selected Brewing Ingredients"},"image":{"@id":"https:\/\/sbi4beer.com\/fr\/#\/schema\/logo\/image\/"},"sameAs":["https:\/\/www.facebook.com\/SelectedBrewingIngredients","https:\/\/x.com\/sbi4beer","https:\/\/www.instagram.com\/sbi4beer\/","https:\/\/www.linkedin.com\/company\/sbi4beer\/"]}]}},"_links":{"self":[{"href":"https:\/\/sbi4beer.com\/fr\/wp-json\/wp\/v2\/product\/18867","targetHints":{"allow":["GET"]}}],"collection":[{"href":"https:\/\/sbi4beer.com\/fr\/wp-json\/wp\/v2\/product"}],"about":[{"href":"https:\/\/sbi4beer.com\/fr\/wp-json\/wp\/v2\/types\/product"}],"wp:featuredmedia":[{"embeddable":true,"href":"https:\/\/sbi4beer.com\/fr\/wp-json\/wp\/v2\/media\/61863"}],"wp:attachment":[{"href":"https:\/\/sbi4beer.com\/fr\/wp-json\/wp\/v2\/media?parent=18867"}],"wp:term":[{"taxonomy":"product_brand","embeddable":true,"href":"https:\/\/sbi4beer.com\/fr\/wp-json\/wp\/v2\/product_brand?post=18867"},{"taxonomy":"product_cat","embeddable":true,"href":"https:\/\/sbi4beer.com\/fr\/wp-json\/wp\/v2\/product_cat?post=18867"},{"taxonomy":"product_tag","embeddable":true,"href":"https:\/\/sbi4beer.com\/fr\/wp-json\/wp\/v2\/product_tag?post=18867"}],"curies":[{"name":"wp","href":"https:\/\/api.w.org\/{rel}","templated":true}]}}