{"id":19256,"date":"2020-12-23T03:21:56","date_gmt":"2020-12-23T02:21:56","guid":{"rendered":"https:\/\/sbi4beer.com\/product\/dingemans-mroost-1400-md-25-kg\/"},"modified":"2023-04-14T14:56:03","modified_gmt":"2023-04-14T12:56:03","slug":"dingemans-mroost-1400-md-25-kg","status":"publish","type":"product","link":"https:\/\/sbi4beer.com\/fr\/produit\/dingemans-mroost-1400-md-25-kg\/","title":{"rendered":"Dingemans Mroost 1400 MD 25 kg"},"content":{"rendered":"<p>Le malt Dingemans Mroost 1400 MD est un malt enti\u00e8rement torr\u00e9fi\u00e9. Le malt donne une couleur fonc\u00e9e \u00e0 la bi\u00e8re et un ar\u00f4me tr\u00e8s fort de f\u00e8ves de cacao et de chocolat. En raison de la m\u00e9thode de production unique, le go\u00fbt du malt Mroost 1400 MD est moins acide. Le malt peut \u00eatre utilis\u00e9 jusqu&rsquo;\u00e0 5% du d\u00e9p\u00f4t de malt.<\/p>\n<p><iframe loading=\"lazy\" width=\"560\" height=\"315\" src=\"https:\/\/www.youtube.com\/embed\/1itmNWpSe28\" title=\"YouTube video player\" frameborder=\"0\" allow=\"accelerometer; autoplay; clipboard-write; encrypted-media; gyroscope; picture-in-picture; web-share\" allowfullscreen><\/iframe><\/p>\n","protected":false},"excerpt":{"rendered":"<p>Malt torr\u00e9fi\u00e9 avec un ar\u00f4me typique de grill\u00e9\/br\u00fbl\u00e9 avec des notes de caf\u00e9, de f\u00e8ves de cacao et de chocolat.<\/p>\n","protected":false},"featured_media":19257,"template":"","meta":{"_acf_changed":false},"product_brand":[],"product_cat":[1358],"product_tag":[1597,1596,1595],"class_list":{"0":"post-19256","1":"product","2":"type-product","3":"status-publish","4":"has-post-thumbnail","6":"product_cat-malts-cereales","7":"product_tag-black-malt-fr","8":"product_tag-black-swaen-black-extra-fr","9":"product_tag-carafa-iii-fr","11":"first","12":"instock","13":"taxable","14":"shipping-taxable","15":"purchasable","16":"product-type-simple"},"acf":[],"yoast_head":"<!-- This site is optimized with the Yoast SEO plugin v27.1.1 - https:\/\/yoast.com\/product\/yoast-seo-wordpress\/ -->\n<title>Dingemans Mroost 1400 MD 25 kg - Selected Brewing Ingredients<\/title>\n<meta name=\"description\" content=\"Dingemans Mroost 1400 MD 25 kg \u2713 Bestel alle brouwingredi\u00ebnten van hoge kwaliteit op 1 plaats \u2713 Service &amp; maatwerk \u2713 Snelle, betrouwbare levering\" \/>\n<meta name=\"robots\" content=\"index, follow, max-snippet:-1, max-image-preview:large, max-video-preview:-1\" \/>\n<link rel=\"canonical\" href=\"https:\/\/sbi4beer.com\/fr\/produit\/dingemans-mroost-1400-md-25-kg\/\" \/>\n<meta property=\"og:locale\" content=\"fr_FR\" \/>\n<meta property=\"og:type\" content=\"article\" \/>\n<meta property=\"og:title\" content=\"Dingemans Mroost 1400 MD 25 kg - Selected Brewing Ingredients\" \/>\n<meta property=\"og:description\" content=\"Dingemans Mroost 1400 MD 25 kg \u2713 Bestel alle brouwingredi\u00ebnten van hoge kwaliteit op 1 plaats \u2713 Service &amp; maatwerk \u2713 Snelle, betrouwbare levering\" \/>\n<meta property=\"og:url\" content=\"https:\/\/sbi4beer.com\/fr\/produit\/dingemans-mroost-1400-md-25-kg\/\" \/>\n<meta property=\"og:site_name\" content=\"Selected Brewing Ingredients\" \/>\n<meta property=\"article:publisher\" content=\"https:\/\/www.facebook.com\/SelectedBrewingIngredients\" \/>\n<meta property=\"article:modified_time\" content=\"2023-04-14T12:56:03+00:00\" \/>\n<meta property=\"og:image\" content=\"https:\/\/sbi4beer.com\/wp-content\/uploads\/2020\/12\/Dingemans-Mroost-1400-MD\u2122-SBI.jpg\" \/>\n\t<meta property=\"og:image:width\" content=\"700\" \/>\n\t<meta property=\"og:image:height\" content=\"700\" \/>\n\t<meta property=\"og:image:type\" content=\"image\/jpeg\" \/>\n<meta name=\"twitter:card\" content=\"summary_large_image\" \/>\n<meta name=\"twitter:site\" content=\"@sbi4beer\" \/>\n<meta name=\"twitter:label1\" content=\"Dur\u00e9e de lecture estim\u00e9e\" \/>\n\t<meta name=\"twitter:data1\" content=\"1 minute\" \/>\n<script type=\"application\/ld+json\" class=\"yoast-schema-graph\">{\"@context\":\"https:\/\/schema.org\",\"@graph\":[{\"@type\":\"WebPage\",\"@id\":\"https:\/\/sbi4beer.com\/fr\/produit\/dingemans-mroost-1400-md-25-kg\/\",\"url\":\"https:\/\/sbi4beer.com\/fr\/produit\/dingemans-mroost-1400-md-25-kg\/\",\"name\":\"Dingemans Mroost 1400 MD 25 kg - Selected Brewing Ingredients\",\"isPartOf\":{\"@id\":\"https:\/\/sbi4beer.com\/fr\/#website\"},\"primaryImageOfPage\":{\"@id\":\"https:\/\/sbi4beer.com\/fr\/produit\/dingemans-mroost-1400-md-25-kg\/#primaryimage\"},\"image\":{\"@id\":\"https:\/\/sbi4beer.com\/fr\/produit\/dingemans-mroost-1400-md-25-kg\/#primaryimage\"},\"thumbnailUrl\":\"https:\/\/sbi4beer.com\/wp-content\/uploads\/2020\/12\/Dingemans-Mroost-1400-MD\u2122-SBI.jpg\",\"datePublished\":\"2020-12-23T02:21:56+00:00\",\"dateModified\":\"2023-04-14T12:56:03+00:00\",\"description\":\"Dingemans Mroost 1400 MD 25 kg \u2713 Bestel alle brouwingredi\u00ebnten van hoge kwaliteit op 1 plaats \u2713 Service & maatwerk \u2713 Snelle, betrouwbare levering\",\"breadcrumb\":{\"@id\":\"https:\/\/sbi4beer.com\/fr\/produit\/dingemans-mroost-1400-md-25-kg\/#breadcrumb\"},\"inLanguage\":\"fr-FR\",\"potentialAction\":[{\"@type\":\"ReadAction\",\"target\":[\"https:\/\/sbi4beer.com\/fr\/produit\/dingemans-mroost-1400-md-25-kg\/\"]}]},{\"@type\":\"ImageObject\",\"inLanguage\":\"fr-FR\",\"@id\":\"https:\/\/sbi4beer.com\/fr\/produit\/dingemans-mroost-1400-md-25-kg\/#primaryimage\",\"url\":\"https:\/\/sbi4beer.com\/wp-content\/uploads\/2020\/12\/Dingemans-Mroost-1400-MD\u2122-SBI.jpg\",\"contentUrl\":\"https:\/\/sbi4beer.com\/wp-content\/uploads\/2020\/12\/Dingemans-Mroost-1400-MD\u2122-SBI.jpg\",\"width\":700,\"height\":700,\"caption\":\"dingemans mroost 1400 md\"},{\"@type\":\"BreadcrumbList\",\"@id\":\"https:\/\/sbi4beer.com\/fr\/produit\/dingemans-mroost-1400-md-25-kg\/#breadcrumb\",\"itemListElement\":[{\"@type\":\"ListItem\",\"position\":1,\"name\":\"Home\",\"item\":\"https:\/\/sbi4beer.com\/fr\/\"},{\"@type\":\"ListItem\",\"position\":2,\"name\":\"Shop\",\"item\":\"https:\/\/sbi4beer.com\/fr\/shop\/\"},{\"@type\":\"ListItem\",\"position\":3,\"name\":\"Malts &amp; c\u00e9r\u00e9ales\",\"item\":\"https:\/\/sbi4beer.com\/fr\/Categories-de-produits\/malts-cereales\/\"},{\"@type\":\"ListItem\",\"position\":4,\"name\":\"Dingemans Mroost 1400 MD 25 kg\"}]},{\"@type\":\"WebSite\",\"@id\":\"https:\/\/sbi4beer.com\/fr\/#website\",\"url\":\"https:\/\/sbi4beer.com\/fr\/\",\"name\":\"Selected Brewing Ingredients\",\"description\":\"Selected Brewing Ingredients\",\"publisher\":{\"@id\":\"https:\/\/sbi4beer.com\/fr\/#organization\"},\"potentialAction\":[{\"@type\":\"SearchAction\",\"target\":{\"@type\":\"EntryPoint\",\"urlTemplate\":\"https:\/\/sbi4beer.com\/fr\/?s={search_term_string}\"},\"query-input\":{\"@type\":\"PropertyValueSpecification\",\"valueRequired\":true,\"valueName\":\"search_term_string\"}}],\"inLanguage\":\"fr-FR\"},{\"@type\":\"Organization\",\"@id\":\"https:\/\/sbi4beer.com\/fr\/#organization\",\"name\":\"Selected Brewing Ingredients\",\"url\":\"https:\/\/sbi4beer.com\/fr\/\",\"logo\":{\"@type\":\"ImageObject\",\"inLanguage\":\"fr-FR\",\"@id\":\"https:\/\/sbi4beer.com\/fr\/#\/schema\/logo\/image\/\",\"url\":\"https:\/\/sbi4beer.com\/wp-content\/uploads\/2025\/11\/logo-sbi.png\",\"contentUrl\":\"https:\/\/sbi4beer.com\/wp-content\/uploads\/2025\/11\/logo-sbi.png\",\"width\":228,\"height\":69,\"caption\":\"Selected Brewing Ingredients\"},\"image\":{\"@id\":\"https:\/\/sbi4beer.com\/fr\/#\/schema\/logo\/image\/\"},\"sameAs\":[\"https:\/\/www.facebook.com\/SelectedBrewingIngredients\",\"https:\/\/x.com\/sbi4beer\",\"https:\/\/www.instagram.com\/sbi4beer\/\",\"https:\/\/www.linkedin.com\/company\/sbi4beer\/\"]}]}<\/script>\n<!-- \/ Yoast SEO plugin. -->","yoast_head_json":{"title":"Dingemans Mroost 1400 MD 25 kg - Selected Brewing Ingredients","description":"Dingemans Mroost 1400 MD 25 kg \u2713 Bestel alle brouwingredi\u00ebnten van hoge kwaliteit op 1 plaats \u2713 Service & maatwerk \u2713 Snelle, betrouwbare levering","robots":{"index":"index","follow":"follow","max-snippet":"max-snippet:-1","max-image-preview":"max-image-preview:large","max-video-preview":"max-video-preview:-1"},"canonical":"https:\/\/sbi4beer.com\/fr\/produit\/dingemans-mroost-1400-md-25-kg\/","og_locale":"fr_FR","og_type":"article","og_title":"Dingemans Mroost 1400 MD 25 kg - Selected Brewing Ingredients","og_description":"Dingemans Mroost 1400 MD 25 kg \u2713 Bestel alle brouwingredi\u00ebnten van hoge kwaliteit op 1 plaats \u2713 Service & maatwerk \u2713 Snelle, betrouwbare levering","og_url":"https:\/\/sbi4beer.com\/fr\/produit\/dingemans-mroost-1400-md-25-kg\/","og_site_name":"Selected Brewing Ingredients","article_publisher":"https:\/\/www.facebook.com\/SelectedBrewingIngredients","article_modified_time":"2023-04-14T12:56:03+00:00","og_image":[{"width":700,"height":700,"url":"https:\/\/sbi4beer.com\/wp-content\/uploads\/2020\/12\/Dingemans-Mroost-1400-MD\u2122-SBI.jpg","type":"image\/jpeg"}],"twitter_card":"summary_large_image","twitter_site":"@sbi4beer","twitter_misc":{"Dur\u00e9e de lecture estim\u00e9e":"1 minute"},"schema":{"@context":"https:\/\/schema.org","@graph":[{"@type":"WebPage","@id":"https:\/\/sbi4beer.com\/fr\/produit\/dingemans-mroost-1400-md-25-kg\/","url":"https:\/\/sbi4beer.com\/fr\/produit\/dingemans-mroost-1400-md-25-kg\/","name":"Dingemans Mroost 1400 MD 25 kg - Selected Brewing Ingredients","isPartOf":{"@id":"https:\/\/sbi4beer.com\/fr\/#website"},"primaryImageOfPage":{"@id":"https:\/\/sbi4beer.com\/fr\/produit\/dingemans-mroost-1400-md-25-kg\/#primaryimage"},"image":{"@id":"https:\/\/sbi4beer.com\/fr\/produit\/dingemans-mroost-1400-md-25-kg\/#primaryimage"},"thumbnailUrl":"https:\/\/sbi4beer.com\/wp-content\/uploads\/2020\/12\/Dingemans-Mroost-1400-MD\u2122-SBI.jpg","datePublished":"2020-12-23T02:21:56+00:00","dateModified":"2023-04-14T12:56:03+00:00","description":"Dingemans Mroost 1400 MD 25 kg \u2713 Bestel alle brouwingredi\u00ebnten van hoge kwaliteit op 1 plaats \u2713 Service & maatwerk \u2713 Snelle, betrouwbare levering","breadcrumb":{"@id":"https:\/\/sbi4beer.com\/fr\/produit\/dingemans-mroost-1400-md-25-kg\/#breadcrumb"},"inLanguage":"fr-FR","potentialAction":[{"@type":"ReadAction","target":["https:\/\/sbi4beer.com\/fr\/produit\/dingemans-mroost-1400-md-25-kg\/"]}]},{"@type":"ImageObject","inLanguage":"fr-FR","@id":"https:\/\/sbi4beer.com\/fr\/produit\/dingemans-mroost-1400-md-25-kg\/#primaryimage","url":"https:\/\/sbi4beer.com\/wp-content\/uploads\/2020\/12\/Dingemans-Mroost-1400-MD\u2122-SBI.jpg","contentUrl":"https:\/\/sbi4beer.com\/wp-content\/uploads\/2020\/12\/Dingemans-Mroost-1400-MD\u2122-SBI.jpg","width":700,"height":700,"caption":"dingemans mroost 1400 md"},{"@type":"BreadcrumbList","@id":"https:\/\/sbi4beer.com\/fr\/produit\/dingemans-mroost-1400-md-25-kg\/#breadcrumb","itemListElement":[{"@type":"ListItem","position":1,"name":"Home","item":"https:\/\/sbi4beer.com\/fr\/"},{"@type":"ListItem","position":2,"name":"Shop","item":"https:\/\/sbi4beer.com\/fr\/shop\/"},{"@type":"ListItem","position":3,"name":"Malts &amp; c\u00e9r\u00e9ales","item":"https:\/\/sbi4beer.com\/fr\/Categories-de-produits\/malts-cereales\/"},{"@type":"ListItem","position":4,"name":"Dingemans Mroost 1400 MD 25 kg"}]},{"@type":"WebSite","@id":"https:\/\/sbi4beer.com\/fr\/#website","url":"https:\/\/sbi4beer.com\/fr\/","name":"Selected Brewing Ingredients","description":"Selected Brewing Ingredients","publisher":{"@id":"https:\/\/sbi4beer.com\/fr\/#organization"},"potentialAction":[{"@type":"SearchAction","target":{"@type":"EntryPoint","urlTemplate":"https:\/\/sbi4beer.com\/fr\/?s={search_term_string}"},"query-input":{"@type":"PropertyValueSpecification","valueRequired":true,"valueName":"search_term_string"}}],"inLanguage":"fr-FR"},{"@type":"Organization","@id":"https:\/\/sbi4beer.com\/fr\/#organization","name":"Selected Brewing Ingredients","url":"https:\/\/sbi4beer.com\/fr\/","logo":{"@type":"ImageObject","inLanguage":"fr-FR","@id":"https:\/\/sbi4beer.com\/fr\/#\/schema\/logo\/image\/","url":"https:\/\/sbi4beer.com\/wp-content\/uploads\/2025\/11\/logo-sbi.png","contentUrl":"https:\/\/sbi4beer.com\/wp-content\/uploads\/2025\/11\/logo-sbi.png","width":228,"height":69,"caption":"Selected Brewing Ingredients"},"image":{"@id":"https:\/\/sbi4beer.com\/fr\/#\/schema\/logo\/image\/"},"sameAs":["https:\/\/www.facebook.com\/SelectedBrewingIngredients","https:\/\/x.com\/sbi4beer","https:\/\/www.instagram.com\/sbi4beer\/","https:\/\/www.linkedin.com\/company\/sbi4beer\/"]}]}},"_links":{"self":[{"href":"https:\/\/sbi4beer.com\/fr\/wp-json\/wp\/v2\/product\/19256","targetHints":{"allow":["GET"]}}],"collection":[{"href":"https:\/\/sbi4beer.com\/fr\/wp-json\/wp\/v2\/product"}],"about":[{"href":"https:\/\/sbi4beer.com\/fr\/wp-json\/wp\/v2\/types\/product"}],"wp:featuredmedia":[{"embeddable":true,"href":"https:\/\/sbi4beer.com\/fr\/wp-json\/wp\/v2\/media\/19257"}],"wp:attachment":[{"href":"https:\/\/sbi4beer.com\/fr\/wp-json\/wp\/v2\/media?parent=19256"}],"wp:term":[{"taxonomy":"product_brand","embeddable":true,"href":"https:\/\/sbi4beer.com\/fr\/wp-json\/wp\/v2\/product_brand?post=19256"},{"taxonomy":"product_cat","embeddable":true,"href":"https:\/\/sbi4beer.com\/fr\/wp-json\/wp\/v2\/product_cat?post=19256"},{"taxonomy":"product_tag","embeddable":true,"href":"https:\/\/sbi4beer.com\/fr\/wp-json\/wp\/v2\/product_tag?post=19256"}],"curies":[{"name":"wp","href":"https:\/\/api.w.org\/{rel}","templated":true}]}}