{"id":19565,"date":"2020-11-30T16:24:06","date_gmt":"2020-11-30T15:24:06","guid":{"rendered":"https:\/\/sbi4beer.com\/product\/lalbrew-windsor-british-style-ale-levure-500-g\/"},"modified":"2023-10-30T09:38:14","modified_gmt":"2023-10-30T08:38:14","slug":"lalbrew-windsor-british-style-ale-levure-500-g","status":"publish","type":"product","link":"https:\/\/sbi4beer.com\/fr\/produit\/lalbrew-windsor-british-style-ale-levure-500-g\/","title":{"rendered":"LalBrew Windsor\u2122 British-Style Ale levure 500 g"},"content":{"rendered":"<p>LalBrew Windsor\u2122 est choisie pour \u00e9laborer des bi\u00e8res allant de la Pale Ale \u00e0 la Porter, avec une teneur mod\u00e9r\u00e9e en alcool, une saveur et un ar\u00f4me caract\u00e9ristiques des meilleures ales traditionnelles. Parmi les styles traditionnels brass\u00e9s avec cette levure, citons, entre autres, Milds, Bitters, Irish Reds, English Brown ales, Porters et Sweet Stouts.<\/p>\n","protected":false},"excerpt":{"rendered":"<p>Est une v\u00e9ritable souche anglaise, qui produit un ar\u00f4me fruit\u00e9 \u00e9quilibr\u00e9, avec un l\u00e9ger go\u00fbt de levure fra\u00eeche.<\/p>\n","protected":false},"featured_media":62064,"template":"","meta":{"_acf_changed":false},"product_brand":[],"product_cat":[1363],"product_tag":[],"class_list":{"0":"post-19565","1":"product","2":"type-product","3":"status-publish","4":"has-post-thumbnail","6":"product_cat-levure-nutriment","8":"first","9":"instock","10":"taxable","11":"shipping-taxable","12":"purchasable","13":"product-type-simple"},"acf":[],"yoast_head":"<!-- This site is optimized with the Yoast SEO plugin v27.1.1 - https:\/\/yoast.com\/product\/yoast-seo-wordpress\/ -->\n<title>LalBrew Windsor\u2122 British-Style Ale levure 500 g - Selected Brewing Ingredients<\/title>\n<meta name=\"description\" content=\"LalBrew Windsor\u2122 British-Style Ale levure 500 g \u2713 Bestel alle brouwingredi\u00ebnten van hoge kwaliteit op 1 plaats \u2713 Service &amp; maatwerk \u2713 Snelle, betrouwbare levering\" \/>\n<meta name=\"robots\" content=\"index, follow, max-snippet:-1, max-image-preview:large, max-video-preview:-1\" \/>\n<link rel=\"canonical\" href=\"https:\/\/sbi4beer.com\/fr\/produit\/lalbrew-windsor-british-style-ale-levure-500-g\/\" \/>\n<meta property=\"og:locale\" content=\"fr_FR\" \/>\n<meta property=\"og:type\" content=\"article\" \/>\n<meta property=\"og:title\" content=\"LalBrew Windsor\u2122 British-Style Ale levure 500 g - Selected Brewing Ingredients\" \/>\n<meta property=\"og:description\" content=\"LalBrew Windsor\u2122 British-Style Ale levure 500 g \u2713 Bestel alle brouwingredi\u00ebnten van hoge kwaliteit op 1 plaats \u2713 Service &amp; maatwerk \u2713 Snelle, betrouwbare levering\" \/>\n<meta property=\"og:url\" content=\"https:\/\/sbi4beer.com\/fr\/produit\/lalbrew-windsor-british-style-ale-levure-500-g\/\" \/>\n<meta property=\"og:site_name\" content=\"Selected Brewing Ingredients\" \/>\n<meta property=\"article:publisher\" content=\"https:\/\/www.facebook.com\/SelectedBrewingIngredients\" \/>\n<meta property=\"article:modified_time\" content=\"2023-10-30T08:38:14+00:00\" \/>\n<meta property=\"og:image\" content=\"https:\/\/sbi4beer.com\/wp-content\/uploads\/2020\/11\/Lallemand_LalBrew\u00ae_Windsor_British_Style_Ale_gist_500g_SBI.jpg\" \/>\n\t<meta property=\"og:image:width\" content=\"567\" \/>\n\t<meta property=\"og:image:height\" content=\"567\" \/>\n\t<meta property=\"og:image:type\" content=\"image\/jpeg\" \/>\n<meta name=\"twitter:card\" content=\"summary_large_image\" \/>\n<meta name=\"twitter:site\" content=\"@sbi4beer\" \/>\n<meta name=\"twitter:label1\" content=\"Dur\u00e9e de lecture estim\u00e9e\" \/>\n\t<meta name=\"twitter:data1\" content=\"1 minute\" \/>\n<script type=\"application\/ld+json\" class=\"yoast-schema-graph\">{\"@context\":\"https:\/\/schema.org\",\"@graph\":[{\"@type\":\"WebPage\",\"@id\":\"https:\/\/sbi4beer.com\/fr\/produit\/lalbrew-windsor-british-style-ale-levure-500-g\/\",\"url\":\"https:\/\/sbi4beer.com\/fr\/produit\/lalbrew-windsor-british-style-ale-levure-500-g\/\",\"name\":\"LalBrew Windsor\u2122 British-Style Ale levure 500 g - Selected Brewing Ingredients\",\"isPartOf\":{\"@id\":\"https:\/\/sbi4beer.com\/fr\/#website\"},\"primaryImageOfPage\":{\"@id\":\"https:\/\/sbi4beer.com\/fr\/produit\/lalbrew-windsor-british-style-ale-levure-500-g\/#primaryimage\"},\"image\":{\"@id\":\"https:\/\/sbi4beer.com\/fr\/produit\/lalbrew-windsor-british-style-ale-levure-500-g\/#primaryimage\"},\"thumbnailUrl\":\"https:\/\/sbi4beer.com\/wp-content\/uploads\/2020\/11\/LalBrew-Windsor.jpg\",\"datePublished\":\"2020-11-30T15:24:06+00:00\",\"dateModified\":\"2023-10-30T08:38:14+00:00\",\"description\":\"LalBrew Windsor\u2122 British-Style Ale levure 500 g \u2713 Bestel alle brouwingredi\u00ebnten van hoge kwaliteit op 1 plaats \u2713 Service & maatwerk \u2713 Snelle, betrouwbare levering\",\"breadcrumb\":{\"@id\":\"https:\/\/sbi4beer.com\/fr\/produit\/lalbrew-windsor-british-style-ale-levure-500-g\/#breadcrumb\"},\"inLanguage\":\"fr-FR\",\"potentialAction\":[{\"@type\":\"ReadAction\",\"target\":[\"https:\/\/sbi4beer.com\/fr\/produit\/lalbrew-windsor-british-style-ale-levure-500-g\/\"]}]},{\"@type\":\"ImageObject\",\"inLanguage\":\"fr-FR\",\"@id\":\"https:\/\/sbi4beer.com\/fr\/produit\/lalbrew-windsor-british-style-ale-levure-500-g\/#primaryimage\",\"url\":\"https:\/\/sbi4beer.com\/wp-content\/uploads\/2020\/11\/LalBrew-Windsor.jpg\",\"contentUrl\":\"https:\/\/sbi4beer.com\/wp-content\/uploads\/2020\/11\/LalBrew-Windsor.jpg\",\"width\":1920,\"height\":1920},{\"@type\":\"BreadcrumbList\",\"@id\":\"https:\/\/sbi4beer.com\/fr\/produit\/lalbrew-windsor-british-style-ale-levure-500-g\/#breadcrumb\",\"itemListElement\":[{\"@type\":\"ListItem\",\"position\":1,\"name\":\"Home\",\"item\":\"https:\/\/sbi4beer.com\/fr\/\"},{\"@type\":\"ListItem\",\"position\":2,\"name\":\"Shop\",\"item\":\"https:\/\/sbi4beer.com\/fr\/shop\/\"},{\"@type\":\"ListItem\",\"position\":3,\"name\":\"Levure &amp; Nutriment\",\"item\":\"https:\/\/sbi4beer.com\/fr\/Categories-de-produits\/levure-nutriment\/\"},{\"@type\":\"ListItem\",\"position\":4,\"name\":\"LalBrew Windsor\u2122 British-Style Ale levure 500 g\"}]},{\"@type\":\"WebSite\",\"@id\":\"https:\/\/sbi4beer.com\/fr\/#website\",\"url\":\"https:\/\/sbi4beer.com\/fr\/\",\"name\":\"Selected Brewing Ingredients\",\"description\":\"Selected Brewing Ingredients\",\"publisher\":{\"@id\":\"https:\/\/sbi4beer.com\/fr\/#organization\"},\"potentialAction\":[{\"@type\":\"SearchAction\",\"target\":{\"@type\":\"EntryPoint\",\"urlTemplate\":\"https:\/\/sbi4beer.com\/fr\/?s={search_term_string}\"},\"query-input\":{\"@type\":\"PropertyValueSpecification\",\"valueRequired\":true,\"valueName\":\"search_term_string\"}}],\"inLanguage\":\"fr-FR\"},{\"@type\":\"Organization\",\"@id\":\"https:\/\/sbi4beer.com\/fr\/#organization\",\"name\":\"Selected Brewing Ingredients\",\"url\":\"https:\/\/sbi4beer.com\/fr\/\",\"logo\":{\"@type\":\"ImageObject\",\"inLanguage\":\"fr-FR\",\"@id\":\"https:\/\/sbi4beer.com\/fr\/#\/schema\/logo\/image\/\",\"url\":\"https:\/\/sbi4beer.com\/wp-content\/uploads\/2025\/11\/logo-sbi.png\",\"contentUrl\":\"https:\/\/sbi4beer.com\/wp-content\/uploads\/2025\/11\/logo-sbi.png\",\"width\":228,\"height\":69,\"caption\":\"Selected Brewing Ingredients\"},\"image\":{\"@id\":\"https:\/\/sbi4beer.com\/fr\/#\/schema\/logo\/image\/\"},\"sameAs\":[\"https:\/\/www.facebook.com\/SelectedBrewingIngredients\",\"https:\/\/x.com\/sbi4beer\",\"https:\/\/www.instagram.com\/sbi4beer\/\",\"https:\/\/www.linkedin.com\/company\/sbi4beer\/\"]}]}<\/script>\n<!-- \/ Yoast SEO plugin. -->","yoast_head_json":{"title":"LalBrew Windsor\u2122 British-Style Ale levure 500 g - Selected Brewing Ingredients","description":"LalBrew Windsor\u2122 British-Style Ale levure 500 g \u2713 Bestel alle brouwingredi\u00ebnten van hoge kwaliteit op 1 plaats \u2713 Service & maatwerk \u2713 Snelle, betrouwbare levering","robots":{"index":"index","follow":"follow","max-snippet":"max-snippet:-1","max-image-preview":"max-image-preview:large","max-video-preview":"max-video-preview:-1"},"canonical":"https:\/\/sbi4beer.com\/fr\/produit\/lalbrew-windsor-british-style-ale-levure-500-g\/","og_locale":"fr_FR","og_type":"article","og_title":"LalBrew Windsor\u2122 British-Style Ale levure 500 g - Selected Brewing Ingredients","og_description":"LalBrew Windsor\u2122 British-Style Ale levure 500 g \u2713 Bestel alle brouwingredi\u00ebnten van hoge kwaliteit op 1 plaats \u2713 Service & maatwerk \u2713 Snelle, betrouwbare levering","og_url":"https:\/\/sbi4beer.com\/fr\/produit\/lalbrew-windsor-british-style-ale-levure-500-g\/","og_site_name":"Selected Brewing Ingredients","article_publisher":"https:\/\/www.facebook.com\/SelectedBrewingIngredients","article_modified_time":"2023-10-30T08:38:14+00:00","og_image":[{"width":567,"height":567,"url":"https:\/\/sbi4beer.com\/wp-content\/uploads\/2020\/11\/Lallemand_LalBrew\u00ae_Windsor_British_Style_Ale_gist_500g_SBI.jpg","type":"image\/jpeg"}],"twitter_card":"summary_large_image","twitter_site":"@sbi4beer","twitter_misc":{"Dur\u00e9e de lecture estim\u00e9e":"1 minute"},"schema":{"@context":"https:\/\/schema.org","@graph":[{"@type":"WebPage","@id":"https:\/\/sbi4beer.com\/fr\/produit\/lalbrew-windsor-british-style-ale-levure-500-g\/","url":"https:\/\/sbi4beer.com\/fr\/produit\/lalbrew-windsor-british-style-ale-levure-500-g\/","name":"LalBrew Windsor\u2122 British-Style Ale levure 500 g - Selected Brewing Ingredients","isPartOf":{"@id":"https:\/\/sbi4beer.com\/fr\/#website"},"primaryImageOfPage":{"@id":"https:\/\/sbi4beer.com\/fr\/produit\/lalbrew-windsor-british-style-ale-levure-500-g\/#primaryimage"},"image":{"@id":"https:\/\/sbi4beer.com\/fr\/produit\/lalbrew-windsor-british-style-ale-levure-500-g\/#primaryimage"},"thumbnailUrl":"https:\/\/sbi4beer.com\/wp-content\/uploads\/2020\/11\/LalBrew-Windsor.jpg","datePublished":"2020-11-30T15:24:06+00:00","dateModified":"2023-10-30T08:38:14+00:00","description":"LalBrew Windsor\u2122 British-Style Ale levure 500 g \u2713 Bestel alle brouwingredi\u00ebnten van hoge kwaliteit op 1 plaats \u2713 Service & maatwerk \u2713 Snelle, betrouwbare levering","breadcrumb":{"@id":"https:\/\/sbi4beer.com\/fr\/produit\/lalbrew-windsor-british-style-ale-levure-500-g\/#breadcrumb"},"inLanguage":"fr-FR","potentialAction":[{"@type":"ReadAction","target":["https:\/\/sbi4beer.com\/fr\/produit\/lalbrew-windsor-british-style-ale-levure-500-g\/"]}]},{"@type":"ImageObject","inLanguage":"fr-FR","@id":"https:\/\/sbi4beer.com\/fr\/produit\/lalbrew-windsor-british-style-ale-levure-500-g\/#primaryimage","url":"https:\/\/sbi4beer.com\/wp-content\/uploads\/2020\/11\/LalBrew-Windsor.jpg","contentUrl":"https:\/\/sbi4beer.com\/wp-content\/uploads\/2020\/11\/LalBrew-Windsor.jpg","width":1920,"height":1920},{"@type":"BreadcrumbList","@id":"https:\/\/sbi4beer.com\/fr\/produit\/lalbrew-windsor-british-style-ale-levure-500-g\/#breadcrumb","itemListElement":[{"@type":"ListItem","position":1,"name":"Home","item":"https:\/\/sbi4beer.com\/fr\/"},{"@type":"ListItem","position":2,"name":"Shop","item":"https:\/\/sbi4beer.com\/fr\/shop\/"},{"@type":"ListItem","position":3,"name":"Levure &amp; Nutriment","item":"https:\/\/sbi4beer.com\/fr\/Categories-de-produits\/levure-nutriment\/"},{"@type":"ListItem","position":4,"name":"LalBrew Windsor\u2122 British-Style Ale levure 500 g"}]},{"@type":"WebSite","@id":"https:\/\/sbi4beer.com\/fr\/#website","url":"https:\/\/sbi4beer.com\/fr\/","name":"Selected Brewing Ingredients","description":"Selected Brewing Ingredients","publisher":{"@id":"https:\/\/sbi4beer.com\/fr\/#organization"},"potentialAction":[{"@type":"SearchAction","target":{"@type":"EntryPoint","urlTemplate":"https:\/\/sbi4beer.com\/fr\/?s={search_term_string}"},"query-input":{"@type":"PropertyValueSpecification","valueRequired":true,"valueName":"search_term_string"}}],"inLanguage":"fr-FR"},{"@type":"Organization","@id":"https:\/\/sbi4beer.com\/fr\/#organization","name":"Selected Brewing Ingredients","url":"https:\/\/sbi4beer.com\/fr\/","logo":{"@type":"ImageObject","inLanguage":"fr-FR","@id":"https:\/\/sbi4beer.com\/fr\/#\/schema\/logo\/image\/","url":"https:\/\/sbi4beer.com\/wp-content\/uploads\/2025\/11\/logo-sbi.png","contentUrl":"https:\/\/sbi4beer.com\/wp-content\/uploads\/2025\/11\/logo-sbi.png","width":228,"height":69,"caption":"Selected Brewing Ingredients"},"image":{"@id":"https:\/\/sbi4beer.com\/fr\/#\/schema\/logo\/image\/"},"sameAs":["https:\/\/www.facebook.com\/SelectedBrewingIngredients","https:\/\/x.com\/sbi4beer","https:\/\/www.instagram.com\/sbi4beer\/","https:\/\/www.linkedin.com\/company\/sbi4beer\/"]}]}},"_links":{"self":[{"href":"https:\/\/sbi4beer.com\/fr\/wp-json\/wp\/v2\/product\/19565","targetHints":{"allow":["GET"]}}],"collection":[{"href":"https:\/\/sbi4beer.com\/fr\/wp-json\/wp\/v2\/product"}],"about":[{"href":"https:\/\/sbi4beer.com\/fr\/wp-json\/wp\/v2\/types\/product"}],"wp:featuredmedia":[{"embeddable":true,"href":"https:\/\/sbi4beer.com\/fr\/wp-json\/wp\/v2\/media\/62064"}],"wp:attachment":[{"href":"https:\/\/sbi4beer.com\/fr\/wp-json\/wp\/v2\/media?parent=19565"}],"wp:term":[{"taxonomy":"product_brand","embeddable":true,"href":"https:\/\/sbi4beer.com\/fr\/wp-json\/wp\/v2\/product_brand?post=19565"},{"taxonomy":"product_cat","embeddable":true,"href":"https:\/\/sbi4beer.com\/fr\/wp-json\/wp\/v2\/product_cat?post=19565"},{"taxonomy":"product_tag","embeddable":true,"href":"https:\/\/sbi4beer.com\/fr\/wp-json\/wp\/v2\/product_tag?post=19565"}],"curies":[{"name":"wp","href":"https:\/\/api.w.org\/{rel}","templated":true}]}}