{"id":19668,"date":"2020-11-30T16:23:09","date_gmt":"2020-11-30T15:23:09","guid":{"rendered":"https:\/\/sbi4beer.com\/product\/lalbrew-abbaye-belgian-style-ale-levure-500-g\/"},"modified":"2023-10-20T09:19:42","modified_gmt":"2023-10-20T07:19:42","slug":"lalbrew-abbaye-belgian-style-ale-levure-500-g","status":"publish","type":"product","link":"https:\/\/sbi4beer.com\/fr\/produit\/lalbrew-abbaye-belgian-style-ale-levure-500-g\/","title":{"rendered":"LalBrew Abbaye\u2122 Belgian-Style Ale levure 500 g"},"content":{"rendered":"<p>LalBrew Abbaye\u2122 est une levure de fermentation haute d\u2019origine belge. S\u00e9lectionn\u00e9e pour sa capacit\u00e9 \u00e0 fermenter des bi\u00e8res \u00e0 teneur faible ou \u00e9lev\u00e9e en alcool, LalBrew Abbaye\u2122 produit le caract\u00e8re \u00e9pic\u00e9 et fruit\u00e9 typique des bi\u00e8res belges et trappistes.<\/p>\n<p>En fermentation \u00e0 des temp\u00e9ratures \u00e9lev\u00e9es, les saveurs et ar\u00f4mes typiques se composent de notes tropicales, \u00e9pic\u00e9es et de banane. \u00c0 basse temp\u00e9rature, LalBrew Abbaye\u2122 produit des ar\u00f4mes de fruits noirs et de fruits s\u00e9ch\u00e9s : raisin sec, datte, figue.<\/p>\n","protected":false},"excerpt":{"rendered":"<p>S\u00e9lectionn\u00e9e pour sa capacit\u00e9 \u00e0 fermenter des bi\u00e8res \u00e0 teneur faible ou \u00e9lev\u00e9e en alcool. Produit le caract\u00e8re \u00e9pic\u00e9 et fruit\u00e9 typique des bi\u00e8res belges et trappistes.<\/p>\n","protected":false},"featured_media":3718,"template":"","meta":{"_acf_changed":false},"product_brand":[],"product_cat":[1363],"product_tag":[],"class_list":{"0":"post-19668","1":"product","2":"type-product","3":"status-publish","4":"has-post-thumbnail","6":"product_cat-levure-nutriment","8":"first","9":"instock","10":"taxable","11":"shipping-taxable","12":"purchasable","13":"product-type-simple"},"acf":[],"yoast_head":"<!-- This site is optimized with the Yoast SEO plugin v27.1.1 - https:\/\/yoast.com\/product\/yoast-seo-wordpress\/ -->\n<title>LalBrew Abbaye\u2122 Belgian-Style Ale levure 500 g - Selected Brewing Ingredients<\/title>\n<meta name=\"description\" content=\"LalBrew Abbaye\u2122 Belgian-Style Ale levure 500 g \u2713 Bestel alle brouwingredi\u00ebnten van hoge kwaliteit op 1 plaats \u2713 Service &amp; maatwerk \u2713 Snelle, betrouwbare levering\" \/>\n<meta name=\"robots\" content=\"index, follow, max-snippet:-1, max-image-preview:large, max-video-preview:-1\" \/>\n<link rel=\"canonical\" href=\"https:\/\/sbi4beer.com\/fr\/produit\/lalbrew-abbaye-belgian-style-ale-levure-500-g\/\" \/>\n<meta property=\"og:locale\" content=\"fr_FR\" \/>\n<meta property=\"og:type\" content=\"article\" \/>\n<meta property=\"og:title\" content=\"LalBrew Abbaye\u2122 Belgian-Style Ale levure 500 g - Selected Brewing Ingredients\" \/>\n<meta property=\"og:description\" content=\"LalBrew Abbaye\u2122 Belgian-Style Ale levure 500 g \u2713 Bestel alle brouwingredi\u00ebnten van hoge kwaliteit op 1 plaats \u2713 Service &amp; maatwerk \u2713 Snelle, betrouwbare levering\" \/>\n<meta property=\"og:url\" content=\"https:\/\/sbi4beer.com\/fr\/produit\/lalbrew-abbaye-belgian-style-ale-levure-500-g\/\" \/>\n<meta property=\"og:site_name\" content=\"Selected Brewing Ingredients\" \/>\n<meta property=\"article:publisher\" content=\"https:\/\/www.facebook.com\/SelectedBrewingIngredients\" \/>\n<meta property=\"article:modified_time\" content=\"2023-10-20T07:19:42+00:00\" \/>\n<meta property=\"og:image\" content=\"https:\/\/sbi4beer.com\/wp-content\/uploads\/2020\/11\/Lallemand_LalBrew\u00ae_Abbaye_Belgian_Style_Ale_gist_500g_SBI.jpg\" \/>\n\t<meta property=\"og:image:width\" content=\"567\" \/>\n\t<meta property=\"og:image:height\" content=\"567\" \/>\n\t<meta property=\"og:image:type\" content=\"image\/jpeg\" \/>\n<meta name=\"twitter:card\" content=\"summary_large_image\" \/>\n<meta name=\"twitter:site\" content=\"@sbi4beer\" \/>\n<meta name=\"twitter:label1\" content=\"Dur\u00e9e de lecture estim\u00e9e\" \/>\n\t<meta name=\"twitter:data1\" content=\"1 minute\" \/>\n<script type=\"application\/ld+json\" class=\"yoast-schema-graph\">{\"@context\":\"https:\/\/schema.org\",\"@graph\":[{\"@type\":\"WebPage\",\"@id\":\"https:\/\/sbi4beer.com\/fr\/produit\/lalbrew-abbaye-belgian-style-ale-levure-500-g\/\",\"url\":\"https:\/\/sbi4beer.com\/fr\/produit\/lalbrew-abbaye-belgian-style-ale-levure-500-g\/\",\"name\":\"LalBrew Abbaye\u2122 Belgian-Style Ale levure 500 g - Selected Brewing Ingredients\",\"isPartOf\":{\"@id\":\"https:\/\/sbi4beer.com\/fr\/#website\"},\"primaryImageOfPage\":{\"@id\":\"https:\/\/sbi4beer.com\/fr\/produit\/lalbrew-abbaye-belgian-style-ale-levure-500-g\/#primaryimage\"},\"image\":{\"@id\":\"https:\/\/sbi4beer.com\/fr\/produit\/lalbrew-abbaye-belgian-style-ale-levure-500-g\/#primaryimage\"},\"thumbnailUrl\":\"https:\/\/sbi4beer.com\/wp-content\/uploads\/2020\/11\/Lallemand_LalBrew\u00ae_Abbaye_Belgian_Style_Ale_gist_500g_SBI.jpg\",\"datePublished\":\"2020-11-30T15:23:09+00:00\",\"dateModified\":\"2023-10-20T07:19:42+00:00\",\"description\":\"LalBrew Abbaye\u2122 Belgian-Style Ale levure 500 g \u2713 Bestel alle brouwingredi\u00ebnten van hoge kwaliteit op 1 plaats \u2713 Service & maatwerk \u2713 Snelle, betrouwbare levering\",\"breadcrumb\":{\"@id\":\"https:\/\/sbi4beer.com\/fr\/produit\/lalbrew-abbaye-belgian-style-ale-levure-500-g\/#breadcrumb\"},\"inLanguage\":\"fr-FR\",\"potentialAction\":[{\"@type\":\"ReadAction\",\"target\":[\"https:\/\/sbi4beer.com\/fr\/produit\/lalbrew-abbaye-belgian-style-ale-levure-500-g\/\"]}]},{\"@type\":\"ImageObject\",\"inLanguage\":\"fr-FR\",\"@id\":\"https:\/\/sbi4beer.com\/fr\/produit\/lalbrew-abbaye-belgian-style-ale-levure-500-g\/#primaryimage\",\"url\":\"https:\/\/sbi4beer.com\/wp-content\/uploads\/2020\/11\/Lallemand_LalBrew\u00ae_Abbaye_Belgian_Style_Ale_gist_500g_SBI.jpg\",\"contentUrl\":\"https:\/\/sbi4beer.com\/wp-content\/uploads\/2020\/11\/Lallemand_LalBrew\u00ae_Abbaye_Belgian_Style_Ale_gist_500g_SBI.jpg\",\"width\":567,\"height\":567,\"caption\":\"Lallemand_LalBrew\u00ae_Abbaye_Belgian_Style_Ale_gist_500g_SBI\"},{\"@type\":\"BreadcrumbList\",\"@id\":\"https:\/\/sbi4beer.com\/fr\/produit\/lalbrew-abbaye-belgian-style-ale-levure-500-g\/#breadcrumb\",\"itemListElement\":[{\"@type\":\"ListItem\",\"position\":1,\"name\":\"Home\",\"item\":\"https:\/\/sbi4beer.com\/fr\/\"},{\"@type\":\"ListItem\",\"position\":2,\"name\":\"Shop\",\"item\":\"https:\/\/sbi4beer.com\/fr\/shop\/\"},{\"@type\":\"ListItem\",\"position\":3,\"name\":\"Levure &amp; Nutriment\",\"item\":\"https:\/\/sbi4beer.com\/fr\/Categories-de-produits\/levure-nutriment\/\"},{\"@type\":\"ListItem\",\"position\":4,\"name\":\"LalBrew Abbaye\u2122 Belgian-Style Ale levure 500 g\"}]},{\"@type\":\"WebSite\",\"@id\":\"https:\/\/sbi4beer.com\/fr\/#website\",\"url\":\"https:\/\/sbi4beer.com\/fr\/\",\"name\":\"Selected Brewing Ingredients\",\"description\":\"Selected Brewing Ingredients\",\"publisher\":{\"@id\":\"https:\/\/sbi4beer.com\/fr\/#organization\"},\"potentialAction\":[{\"@type\":\"SearchAction\",\"target\":{\"@type\":\"EntryPoint\",\"urlTemplate\":\"https:\/\/sbi4beer.com\/fr\/?s={search_term_string}\"},\"query-input\":{\"@type\":\"PropertyValueSpecification\",\"valueRequired\":true,\"valueName\":\"search_term_string\"}}],\"inLanguage\":\"fr-FR\"},{\"@type\":\"Organization\",\"@id\":\"https:\/\/sbi4beer.com\/fr\/#organization\",\"name\":\"Selected Brewing Ingredients\",\"url\":\"https:\/\/sbi4beer.com\/fr\/\",\"logo\":{\"@type\":\"ImageObject\",\"inLanguage\":\"fr-FR\",\"@id\":\"https:\/\/sbi4beer.com\/fr\/#\/schema\/logo\/image\/\",\"url\":\"https:\/\/sbi4beer.com\/wp-content\/uploads\/2025\/11\/logo-sbi.png\",\"contentUrl\":\"https:\/\/sbi4beer.com\/wp-content\/uploads\/2025\/11\/logo-sbi.png\",\"width\":228,\"height\":69,\"caption\":\"Selected Brewing Ingredients\"},\"image\":{\"@id\":\"https:\/\/sbi4beer.com\/fr\/#\/schema\/logo\/image\/\"},\"sameAs\":[\"https:\/\/www.facebook.com\/SelectedBrewingIngredients\",\"https:\/\/x.com\/sbi4beer\",\"https:\/\/www.instagram.com\/sbi4beer\/\",\"https:\/\/www.linkedin.com\/company\/sbi4beer\/\"]}]}<\/script>\n<!-- \/ Yoast SEO plugin. -->","yoast_head_json":{"title":"LalBrew Abbaye\u2122 Belgian-Style Ale levure 500 g - Selected Brewing Ingredients","description":"LalBrew Abbaye\u2122 Belgian-Style Ale levure 500 g \u2713 Bestel alle brouwingredi\u00ebnten van hoge kwaliteit op 1 plaats \u2713 Service & maatwerk \u2713 Snelle, betrouwbare levering","robots":{"index":"index","follow":"follow","max-snippet":"max-snippet:-1","max-image-preview":"max-image-preview:large","max-video-preview":"max-video-preview:-1"},"canonical":"https:\/\/sbi4beer.com\/fr\/produit\/lalbrew-abbaye-belgian-style-ale-levure-500-g\/","og_locale":"fr_FR","og_type":"article","og_title":"LalBrew Abbaye\u2122 Belgian-Style Ale levure 500 g - Selected Brewing Ingredients","og_description":"LalBrew Abbaye\u2122 Belgian-Style Ale levure 500 g \u2713 Bestel alle brouwingredi\u00ebnten van hoge kwaliteit op 1 plaats \u2713 Service & maatwerk \u2713 Snelle, betrouwbare levering","og_url":"https:\/\/sbi4beer.com\/fr\/produit\/lalbrew-abbaye-belgian-style-ale-levure-500-g\/","og_site_name":"Selected Brewing Ingredients","article_publisher":"https:\/\/www.facebook.com\/SelectedBrewingIngredients","article_modified_time":"2023-10-20T07:19:42+00:00","og_image":[{"width":567,"height":567,"url":"https:\/\/sbi4beer.com\/wp-content\/uploads\/2020\/11\/Lallemand_LalBrew\u00ae_Abbaye_Belgian_Style_Ale_gist_500g_SBI.jpg","type":"image\/jpeg"}],"twitter_card":"summary_large_image","twitter_site":"@sbi4beer","twitter_misc":{"Dur\u00e9e de lecture estim\u00e9e":"1 minute"},"schema":{"@context":"https:\/\/schema.org","@graph":[{"@type":"WebPage","@id":"https:\/\/sbi4beer.com\/fr\/produit\/lalbrew-abbaye-belgian-style-ale-levure-500-g\/","url":"https:\/\/sbi4beer.com\/fr\/produit\/lalbrew-abbaye-belgian-style-ale-levure-500-g\/","name":"LalBrew Abbaye\u2122 Belgian-Style Ale levure 500 g - Selected Brewing Ingredients","isPartOf":{"@id":"https:\/\/sbi4beer.com\/fr\/#website"},"primaryImageOfPage":{"@id":"https:\/\/sbi4beer.com\/fr\/produit\/lalbrew-abbaye-belgian-style-ale-levure-500-g\/#primaryimage"},"image":{"@id":"https:\/\/sbi4beer.com\/fr\/produit\/lalbrew-abbaye-belgian-style-ale-levure-500-g\/#primaryimage"},"thumbnailUrl":"https:\/\/sbi4beer.com\/wp-content\/uploads\/2020\/11\/Lallemand_LalBrew\u00ae_Abbaye_Belgian_Style_Ale_gist_500g_SBI.jpg","datePublished":"2020-11-30T15:23:09+00:00","dateModified":"2023-10-20T07:19:42+00:00","description":"LalBrew Abbaye\u2122 Belgian-Style Ale levure 500 g \u2713 Bestel alle brouwingredi\u00ebnten van hoge kwaliteit op 1 plaats \u2713 Service & maatwerk \u2713 Snelle, betrouwbare levering","breadcrumb":{"@id":"https:\/\/sbi4beer.com\/fr\/produit\/lalbrew-abbaye-belgian-style-ale-levure-500-g\/#breadcrumb"},"inLanguage":"fr-FR","potentialAction":[{"@type":"ReadAction","target":["https:\/\/sbi4beer.com\/fr\/produit\/lalbrew-abbaye-belgian-style-ale-levure-500-g\/"]}]},{"@type":"ImageObject","inLanguage":"fr-FR","@id":"https:\/\/sbi4beer.com\/fr\/produit\/lalbrew-abbaye-belgian-style-ale-levure-500-g\/#primaryimage","url":"https:\/\/sbi4beer.com\/wp-content\/uploads\/2020\/11\/Lallemand_LalBrew\u00ae_Abbaye_Belgian_Style_Ale_gist_500g_SBI.jpg","contentUrl":"https:\/\/sbi4beer.com\/wp-content\/uploads\/2020\/11\/Lallemand_LalBrew\u00ae_Abbaye_Belgian_Style_Ale_gist_500g_SBI.jpg","width":567,"height":567,"caption":"Lallemand_LalBrew\u00ae_Abbaye_Belgian_Style_Ale_gist_500g_SBI"},{"@type":"BreadcrumbList","@id":"https:\/\/sbi4beer.com\/fr\/produit\/lalbrew-abbaye-belgian-style-ale-levure-500-g\/#breadcrumb","itemListElement":[{"@type":"ListItem","position":1,"name":"Home","item":"https:\/\/sbi4beer.com\/fr\/"},{"@type":"ListItem","position":2,"name":"Shop","item":"https:\/\/sbi4beer.com\/fr\/shop\/"},{"@type":"ListItem","position":3,"name":"Levure &amp; Nutriment","item":"https:\/\/sbi4beer.com\/fr\/Categories-de-produits\/levure-nutriment\/"},{"@type":"ListItem","position":4,"name":"LalBrew Abbaye\u2122 Belgian-Style Ale levure 500 g"}]},{"@type":"WebSite","@id":"https:\/\/sbi4beer.com\/fr\/#website","url":"https:\/\/sbi4beer.com\/fr\/","name":"Selected Brewing Ingredients","description":"Selected Brewing Ingredients","publisher":{"@id":"https:\/\/sbi4beer.com\/fr\/#organization"},"potentialAction":[{"@type":"SearchAction","target":{"@type":"EntryPoint","urlTemplate":"https:\/\/sbi4beer.com\/fr\/?s={search_term_string}"},"query-input":{"@type":"PropertyValueSpecification","valueRequired":true,"valueName":"search_term_string"}}],"inLanguage":"fr-FR"},{"@type":"Organization","@id":"https:\/\/sbi4beer.com\/fr\/#organization","name":"Selected Brewing Ingredients","url":"https:\/\/sbi4beer.com\/fr\/","logo":{"@type":"ImageObject","inLanguage":"fr-FR","@id":"https:\/\/sbi4beer.com\/fr\/#\/schema\/logo\/image\/","url":"https:\/\/sbi4beer.com\/wp-content\/uploads\/2025\/11\/logo-sbi.png","contentUrl":"https:\/\/sbi4beer.com\/wp-content\/uploads\/2025\/11\/logo-sbi.png","width":228,"height":69,"caption":"Selected Brewing Ingredients"},"image":{"@id":"https:\/\/sbi4beer.com\/fr\/#\/schema\/logo\/image\/"},"sameAs":["https:\/\/www.facebook.com\/SelectedBrewingIngredients","https:\/\/x.com\/sbi4beer","https:\/\/www.instagram.com\/sbi4beer\/","https:\/\/www.linkedin.com\/company\/sbi4beer\/"]}]}},"_links":{"self":[{"href":"https:\/\/sbi4beer.com\/fr\/wp-json\/wp\/v2\/product\/19668","targetHints":{"allow":["GET"]}}],"collection":[{"href":"https:\/\/sbi4beer.com\/fr\/wp-json\/wp\/v2\/product"}],"about":[{"href":"https:\/\/sbi4beer.com\/fr\/wp-json\/wp\/v2\/types\/product"}],"wp:featuredmedia":[{"embeddable":true,"href":"https:\/\/sbi4beer.com\/fr\/wp-json\/wp\/v2\/media\/3718"}],"wp:attachment":[{"href":"https:\/\/sbi4beer.com\/fr\/wp-json\/wp\/v2\/media?parent=19668"}],"wp:term":[{"taxonomy":"product_brand","embeddable":true,"href":"https:\/\/sbi4beer.com\/fr\/wp-json\/wp\/v2\/product_brand?post=19668"},{"taxonomy":"product_cat","embeddable":true,"href":"https:\/\/sbi4beer.com\/fr\/wp-json\/wp\/v2\/product_cat?post=19668"},{"taxonomy":"product_tag","embeddable":true,"href":"https:\/\/sbi4beer.com\/fr\/wp-json\/wp\/v2\/product_tag?post=19668"}],"curies":[{"name":"wp","href":"https:\/\/api.w.org\/{rel}","templated":true}]}}