{"id":20288,"date":"2020-11-30T16:14:50","date_gmt":"2020-11-30T15:14:50","guid":{"rendered":"https:\/\/sbi4beer.com\/product\/holland-malt-cara-120-mout-25-kg\/"},"modified":"2023-03-20T13:37:16","modified_gmt":"2023-03-20T12:37:16","slug":"holland-malt-cara-120-malt-25-kg","status":"publish","type":"product","link":"https:\/\/sbi4beer.com\/fr\/produit\/holland-malt-cara-120-malt-25-kg\/","title":{"rendered":"Holland Malt Cara 120 Malt 25 kg"},"content":{"rendered":"<p>Les malts caramels de Holland Malt se caract\u00e9risent par une forte intensit\u00e9 de caram\u00e9lisation. Le malt Holland Malt Cara 120 est produit dans le puissant s\u00e9choir de la malterie, dans le village de Lieshout, dans la province du Brabant (Pays-Bas).<\/p>\n","protected":false},"excerpt":{"rendered":"<p>Le malt Cara 120 a un ar\u00f4me de caramel.<br \/>\nLe malt donne de la couleur et un go\u00fbt l\u00e9g\u00e8rement sucr\u00e9 \u00e0 la bi\u00e8re.<\/p>\n","protected":false},"featured_media":20289,"template":"","meta":{"_acf_changed":false},"product_brand":[],"product_cat":[1358],"product_tag":[],"class_list":{"0":"post-20288","1":"product","2":"type-product","3":"status-publish","4":"has-post-thumbnail","6":"product_cat-malts-cereales","8":"first","9":"instock","10":"taxable","11":"shipping-taxable","12":"purchasable","13":"product-type-simple"},"acf":[],"yoast_head":"<!-- This site is optimized with the Yoast SEO plugin v27.1.1 - https:\/\/yoast.com\/product\/yoast-seo-wordpress\/ -->\n<title>Holland Malt Cara 120 Malt 25 kg - Selected Brewing Ingredients<\/title>\n<meta name=\"description\" content=\"Holland Malt Cara 120 Malt 25 kg \u2713 Bestel alle brouwingredi\u00ebnten van hoge kwaliteit op 1 plaats \u2713 Service &amp; maatwerk \u2713 Snelle, betrouwbare levering\" \/>\n<meta name=\"robots\" content=\"index, follow, max-snippet:-1, max-image-preview:large, max-video-preview:-1\" \/>\n<link rel=\"canonical\" href=\"https:\/\/sbi4beer.com\/fr\/produit\/holland-malt-cara-120-malt-25-kg\/\" \/>\n<meta property=\"og:locale\" content=\"fr_FR\" \/>\n<meta property=\"og:type\" content=\"article\" \/>\n<meta property=\"og:title\" content=\"Holland Malt Cara 120 Malt 25 kg - Selected Brewing Ingredients\" \/>\n<meta property=\"og:description\" content=\"Holland Malt Cara 120 Malt 25 kg \u2713 Bestel alle brouwingredi\u00ebnten van hoge kwaliteit op 1 plaats \u2713 Service &amp; maatwerk \u2713 Snelle, betrouwbare levering\" \/>\n<meta property=\"og:url\" content=\"https:\/\/sbi4beer.com\/fr\/produit\/holland-malt-cara-120-malt-25-kg\/\" \/>\n<meta property=\"og:site_name\" content=\"Selected Brewing Ingredients\" \/>\n<meta property=\"article:publisher\" content=\"https:\/\/www.facebook.com\/SelectedBrewingIngredients\" \/>\n<meta property=\"article:modified_time\" content=\"2023-03-20T12:37:16+00:00\" \/>\n<meta property=\"og:image\" content=\"https:\/\/sbi4beer.com\/wp-content\/uploads\/2020\/11\/HM_Cara_120_25kg_mout_SBI.jpg\" \/>\n\t<meta property=\"og:image:width\" content=\"567\" \/>\n\t<meta property=\"og:image:height\" content=\"567\" \/>\n\t<meta property=\"og:image:type\" content=\"image\/jpeg\" \/>\n<meta name=\"twitter:card\" content=\"summary_large_image\" \/>\n<meta name=\"twitter:site\" content=\"@sbi4beer\" \/>\n<meta name=\"twitter:label1\" content=\"Dur\u00e9e de lecture estim\u00e9e\" \/>\n\t<meta name=\"twitter:data1\" content=\"1 minute\" \/>\n<script type=\"application\/ld+json\" class=\"yoast-schema-graph\">{\"@context\":\"https:\/\/schema.org\",\"@graph\":[{\"@type\":\"WebPage\",\"@id\":\"https:\/\/sbi4beer.com\/fr\/produit\/holland-malt-cara-120-malt-25-kg\/\",\"url\":\"https:\/\/sbi4beer.com\/fr\/produit\/holland-malt-cara-120-malt-25-kg\/\",\"name\":\"Holland Malt Cara 120 Malt 25 kg - Selected Brewing Ingredients\",\"isPartOf\":{\"@id\":\"https:\/\/sbi4beer.com\/fr\/#website\"},\"primaryImageOfPage\":{\"@id\":\"https:\/\/sbi4beer.com\/fr\/produit\/holland-malt-cara-120-malt-25-kg\/#primaryimage\"},\"image\":{\"@id\":\"https:\/\/sbi4beer.com\/fr\/produit\/holland-malt-cara-120-malt-25-kg\/#primaryimage\"},\"thumbnailUrl\":\"https:\/\/sbi4beer.com\/wp-content\/uploads\/2020\/11\/HM_Cara_120_25kg_mout_SBI.jpg\",\"datePublished\":\"2020-11-30T15:14:50+00:00\",\"dateModified\":\"2023-03-20T12:37:16+00:00\",\"description\":\"Holland Malt Cara 120 Malt 25 kg \u2713 Bestel alle brouwingredi\u00ebnten van hoge kwaliteit op 1 plaats \u2713 Service & maatwerk \u2713 Snelle, betrouwbare levering\",\"breadcrumb\":{\"@id\":\"https:\/\/sbi4beer.com\/fr\/produit\/holland-malt-cara-120-malt-25-kg\/#breadcrumb\"},\"inLanguage\":\"fr-FR\",\"potentialAction\":[{\"@type\":\"ReadAction\",\"target\":[\"https:\/\/sbi4beer.com\/fr\/produit\/holland-malt-cara-120-malt-25-kg\/\"]}]},{\"@type\":\"ImageObject\",\"inLanguage\":\"fr-FR\",\"@id\":\"https:\/\/sbi4beer.com\/fr\/produit\/holland-malt-cara-120-malt-25-kg\/#primaryimage\",\"url\":\"https:\/\/sbi4beer.com\/wp-content\/uploads\/2020\/11\/HM_Cara_120_25kg_mout_SBI.jpg\",\"contentUrl\":\"https:\/\/sbi4beer.com\/wp-content\/uploads\/2020\/11\/HM_Cara_120_25kg_mout_SBI.jpg\",\"width\":567,\"height\":567},{\"@type\":\"BreadcrumbList\",\"@id\":\"https:\/\/sbi4beer.com\/fr\/produit\/holland-malt-cara-120-malt-25-kg\/#breadcrumb\",\"itemListElement\":[{\"@type\":\"ListItem\",\"position\":1,\"name\":\"Home\",\"item\":\"https:\/\/sbi4beer.com\/fr\/\"},{\"@type\":\"ListItem\",\"position\":2,\"name\":\"Shop\",\"item\":\"https:\/\/sbi4beer.com\/fr\/shop\/\"},{\"@type\":\"ListItem\",\"position\":3,\"name\":\"Malts &amp; c\u00e9r\u00e9ales\",\"item\":\"https:\/\/sbi4beer.com\/fr\/Categories-de-produits\/malts-cereales\/\"},{\"@type\":\"ListItem\",\"position\":4,\"name\":\"Holland Malt Cara 120 Malt 25 kg\"}]},{\"@type\":\"WebSite\",\"@id\":\"https:\/\/sbi4beer.com\/fr\/#website\",\"url\":\"https:\/\/sbi4beer.com\/fr\/\",\"name\":\"Selected Brewing Ingredients\",\"description\":\"Selected Brewing Ingredients\",\"publisher\":{\"@id\":\"https:\/\/sbi4beer.com\/fr\/#organization\"},\"potentialAction\":[{\"@type\":\"SearchAction\",\"target\":{\"@type\":\"EntryPoint\",\"urlTemplate\":\"https:\/\/sbi4beer.com\/fr\/?s={search_term_string}\"},\"query-input\":{\"@type\":\"PropertyValueSpecification\",\"valueRequired\":true,\"valueName\":\"search_term_string\"}}],\"inLanguage\":\"fr-FR\"},{\"@type\":\"Organization\",\"@id\":\"https:\/\/sbi4beer.com\/fr\/#organization\",\"name\":\"Selected Brewing Ingredients\",\"url\":\"https:\/\/sbi4beer.com\/fr\/\",\"logo\":{\"@type\":\"ImageObject\",\"inLanguage\":\"fr-FR\",\"@id\":\"https:\/\/sbi4beer.com\/fr\/#\/schema\/logo\/image\/\",\"url\":\"https:\/\/sbi4beer.com\/wp-content\/uploads\/2025\/11\/logo-sbi.png\",\"contentUrl\":\"https:\/\/sbi4beer.com\/wp-content\/uploads\/2025\/11\/logo-sbi.png\",\"width\":228,\"height\":69,\"caption\":\"Selected Brewing Ingredients\"},\"image\":{\"@id\":\"https:\/\/sbi4beer.com\/fr\/#\/schema\/logo\/image\/\"},\"sameAs\":[\"https:\/\/www.facebook.com\/SelectedBrewingIngredients\",\"https:\/\/x.com\/sbi4beer\",\"https:\/\/www.instagram.com\/sbi4beer\/\",\"https:\/\/www.linkedin.com\/company\/sbi4beer\/\"]}]}<\/script>\n<!-- \/ Yoast SEO plugin. -->","yoast_head_json":{"title":"Holland Malt Cara 120 Malt 25 kg - Selected Brewing Ingredients","description":"Holland Malt Cara 120 Malt 25 kg \u2713 Bestel alle brouwingredi\u00ebnten van hoge kwaliteit op 1 plaats \u2713 Service & maatwerk \u2713 Snelle, betrouwbare levering","robots":{"index":"index","follow":"follow","max-snippet":"max-snippet:-1","max-image-preview":"max-image-preview:large","max-video-preview":"max-video-preview:-1"},"canonical":"https:\/\/sbi4beer.com\/fr\/produit\/holland-malt-cara-120-malt-25-kg\/","og_locale":"fr_FR","og_type":"article","og_title":"Holland Malt Cara 120 Malt 25 kg - Selected Brewing Ingredients","og_description":"Holland Malt Cara 120 Malt 25 kg \u2713 Bestel alle brouwingredi\u00ebnten van hoge kwaliteit op 1 plaats \u2713 Service & maatwerk \u2713 Snelle, betrouwbare levering","og_url":"https:\/\/sbi4beer.com\/fr\/produit\/holland-malt-cara-120-malt-25-kg\/","og_site_name":"Selected Brewing Ingredients","article_publisher":"https:\/\/www.facebook.com\/SelectedBrewingIngredients","article_modified_time":"2023-03-20T12:37:16+00:00","og_image":[{"width":567,"height":567,"url":"https:\/\/sbi4beer.com\/wp-content\/uploads\/2020\/11\/HM_Cara_120_25kg_mout_SBI.jpg","type":"image\/jpeg"}],"twitter_card":"summary_large_image","twitter_site":"@sbi4beer","twitter_misc":{"Dur\u00e9e de lecture estim\u00e9e":"1 minute"},"schema":{"@context":"https:\/\/schema.org","@graph":[{"@type":"WebPage","@id":"https:\/\/sbi4beer.com\/fr\/produit\/holland-malt-cara-120-malt-25-kg\/","url":"https:\/\/sbi4beer.com\/fr\/produit\/holland-malt-cara-120-malt-25-kg\/","name":"Holland Malt Cara 120 Malt 25 kg - Selected Brewing Ingredients","isPartOf":{"@id":"https:\/\/sbi4beer.com\/fr\/#website"},"primaryImageOfPage":{"@id":"https:\/\/sbi4beer.com\/fr\/produit\/holland-malt-cara-120-malt-25-kg\/#primaryimage"},"image":{"@id":"https:\/\/sbi4beer.com\/fr\/produit\/holland-malt-cara-120-malt-25-kg\/#primaryimage"},"thumbnailUrl":"https:\/\/sbi4beer.com\/wp-content\/uploads\/2020\/11\/HM_Cara_120_25kg_mout_SBI.jpg","datePublished":"2020-11-30T15:14:50+00:00","dateModified":"2023-03-20T12:37:16+00:00","description":"Holland Malt Cara 120 Malt 25 kg \u2713 Bestel alle brouwingredi\u00ebnten van hoge kwaliteit op 1 plaats \u2713 Service & maatwerk \u2713 Snelle, betrouwbare levering","breadcrumb":{"@id":"https:\/\/sbi4beer.com\/fr\/produit\/holland-malt-cara-120-malt-25-kg\/#breadcrumb"},"inLanguage":"fr-FR","potentialAction":[{"@type":"ReadAction","target":["https:\/\/sbi4beer.com\/fr\/produit\/holland-malt-cara-120-malt-25-kg\/"]}]},{"@type":"ImageObject","inLanguage":"fr-FR","@id":"https:\/\/sbi4beer.com\/fr\/produit\/holland-malt-cara-120-malt-25-kg\/#primaryimage","url":"https:\/\/sbi4beer.com\/wp-content\/uploads\/2020\/11\/HM_Cara_120_25kg_mout_SBI.jpg","contentUrl":"https:\/\/sbi4beer.com\/wp-content\/uploads\/2020\/11\/HM_Cara_120_25kg_mout_SBI.jpg","width":567,"height":567},{"@type":"BreadcrumbList","@id":"https:\/\/sbi4beer.com\/fr\/produit\/holland-malt-cara-120-malt-25-kg\/#breadcrumb","itemListElement":[{"@type":"ListItem","position":1,"name":"Home","item":"https:\/\/sbi4beer.com\/fr\/"},{"@type":"ListItem","position":2,"name":"Shop","item":"https:\/\/sbi4beer.com\/fr\/shop\/"},{"@type":"ListItem","position":3,"name":"Malts &amp; c\u00e9r\u00e9ales","item":"https:\/\/sbi4beer.com\/fr\/Categories-de-produits\/malts-cereales\/"},{"@type":"ListItem","position":4,"name":"Holland Malt Cara 120 Malt 25 kg"}]},{"@type":"WebSite","@id":"https:\/\/sbi4beer.com\/fr\/#website","url":"https:\/\/sbi4beer.com\/fr\/","name":"Selected Brewing Ingredients","description":"Selected Brewing Ingredients","publisher":{"@id":"https:\/\/sbi4beer.com\/fr\/#organization"},"potentialAction":[{"@type":"SearchAction","target":{"@type":"EntryPoint","urlTemplate":"https:\/\/sbi4beer.com\/fr\/?s={search_term_string}"},"query-input":{"@type":"PropertyValueSpecification","valueRequired":true,"valueName":"search_term_string"}}],"inLanguage":"fr-FR"},{"@type":"Organization","@id":"https:\/\/sbi4beer.com\/fr\/#organization","name":"Selected Brewing Ingredients","url":"https:\/\/sbi4beer.com\/fr\/","logo":{"@type":"ImageObject","inLanguage":"fr-FR","@id":"https:\/\/sbi4beer.com\/fr\/#\/schema\/logo\/image\/","url":"https:\/\/sbi4beer.com\/wp-content\/uploads\/2025\/11\/logo-sbi.png","contentUrl":"https:\/\/sbi4beer.com\/wp-content\/uploads\/2025\/11\/logo-sbi.png","width":228,"height":69,"caption":"Selected Brewing Ingredients"},"image":{"@id":"https:\/\/sbi4beer.com\/fr\/#\/schema\/logo\/image\/"},"sameAs":["https:\/\/www.facebook.com\/SelectedBrewingIngredients","https:\/\/x.com\/sbi4beer","https:\/\/www.instagram.com\/sbi4beer\/","https:\/\/www.linkedin.com\/company\/sbi4beer\/"]}]}},"_links":{"self":[{"href":"https:\/\/sbi4beer.com\/fr\/wp-json\/wp\/v2\/product\/20288","targetHints":{"allow":["GET"]}}],"collection":[{"href":"https:\/\/sbi4beer.com\/fr\/wp-json\/wp\/v2\/product"}],"about":[{"href":"https:\/\/sbi4beer.com\/fr\/wp-json\/wp\/v2\/types\/product"}],"wp:featuredmedia":[{"embeddable":true,"href":"https:\/\/sbi4beer.com\/fr\/wp-json\/wp\/v2\/media\/20289"}],"wp:attachment":[{"href":"https:\/\/sbi4beer.com\/fr\/wp-json\/wp\/v2\/media?parent=20288"}],"wp:term":[{"taxonomy":"product_brand","embeddable":true,"href":"https:\/\/sbi4beer.com\/fr\/wp-json\/wp\/v2\/product_brand?post=20288"},{"taxonomy":"product_cat","embeddable":true,"href":"https:\/\/sbi4beer.com\/fr\/wp-json\/wp\/v2\/product_cat?post=20288"},{"taxonomy":"product_tag","embeddable":true,"href":"https:\/\/sbi4beer.com\/fr\/wp-json\/wp\/v2\/product_tag?post=20288"}],"curies":[{"name":"wp","href":"https:\/\/api.w.org\/{rel}","templated":true}]}}