{"id":26449,"date":"2022-04-04T11:31:21","date_gmt":"2022-04-04T09:31:21","guid":{"rendered":"https:\/\/sbi4beer.com\/product\/kt-boite-en-carton-poignee-33-cl-apo-ln-24-bouteilles-25-pcs\/"},"modified":"2022-09-08T15:33:23","modified_gmt":"2022-09-08T13:33:23","slug":"kt-boite-en-carton-poignee-33-cl-apo-ln-24-bouteilles-25-pcs","status":"publish","type":"product","link":"https:\/\/sbi4beer.com\/fr\/produit\/kt-boite-en-carton-poignee-33-cl-apo-ln-24-bouteilles-25-pcs\/","title":{"rendered":"KT bo\u00eete en carton + poign\u00e9e 33 cl APO-LN 24 bouteilles &#8211; 25 pcs"},"content":{"rendered":"<p>La <strong>KT Bo\u00eete en carton + poign\u00e9e 33 cl APO-LN 24 bouteilles<\/strong> a des rabats qui peuvent \u00eatre repli\u00e9s l&rsquo;un vers l&rsquo;autre sur deux c\u00f4t\u00e9s et peuvent \u00eatre ferm\u00e9s avec du ruban adh\u00e9sif. La bo\u00eete est identique en haut et en bas. En outre, cette bo\u00eete (\u00e0 bouteilles) est munie de poign\u00e9es, ce qui permet de d\u00e9placer et de transporter facilement une bo\u00eete pleine. Id\u00e9al pour le transport et\/ou le stockage.<br \/>\nLa <strong>KT Bo\u00eete en carton + poign\u00e9e 33 cl APO-LN 24 bouteilles<\/strong> est group\u00e9 par 25. Avec une commande gradu\u00e9e de 56, vous recevrez 1.400 bo\u00eetes par palette.<br \/>\nCes bo\u00eetes sont fabriqu\u00e9es en mat\u00e9riau kraft-test (\u00e9galement appel\u00e9es bo\u00eetes \u00ab\u00a0KT\u00a0\u00bb). Dans les bo\u00eetes kraft-test, l&rsquo;ext\u00e9rieur est fait de mat\u00e9riau neuf (kraft), et du mat\u00e9riau recycl\u00e9 (test) est utilis\u00e9 pour l&rsquo;int\u00e9rieur. Les bo\u00eetes \u00ab\u00a0KT\u00a0\u00bb absorbent l&rsquo;humidit\u00e9 plus t\u00f4t que les bo\u00eetes \u00ab\u00a0KK\u00a0\u00bb.<\/p>\n","protected":false},"excerpt":{"rendered":"<p>Bo\u00eete pliante am\u00e9ricaine coll\u00e9e (Fefco 0201). Regroup\u00e9s par 25.<\/p>\n","protected":false},"featured_media":41893,"template":"","meta":{"_acf_changed":false},"product_brand":[],"product_cat":[1373],"product_tag":[],"class_list":{"0":"post-26449","1":"product","2":"type-product","3":"status-publish","4":"has-post-thumbnail","6":"product_cat-emballage","7":"product_shipping_class-ecolab","9":"first","10":"instock","11":"taxable","12":"shipping-taxable","13":"purchasable","14":"product-type-simple"},"acf":[],"yoast_head":"<!-- This site is optimized with the Yoast SEO plugin v27.1.1 - https:\/\/yoast.com\/product\/yoast-seo-wordpress\/ -->\n<title>KT bo\u00eete en carton + poign\u00e9e 33 cl APO-LN 24 bouteilles - 25 pcs - Selected Brewing Ingredients<\/title>\n<meta name=\"description\" content=\"KT bo\u00eete en carton + poign\u00e9e 33 cl APO-LN 24 bouteilles - 25 pcs \u2713 Bestel alle brouwingredi\u00ebnten van hoge kwaliteit op 1 plaats \u2713 Service &amp; maatwerk \u2713 Snelle, betrouwbare levering\" \/>\n<meta name=\"robots\" content=\"index, follow, max-snippet:-1, max-image-preview:large, max-video-preview:-1\" \/>\n<link rel=\"canonical\" href=\"https:\/\/sbi4beer.com\/fr\/produit\/kt-boite-en-carton-poignee-33-cl-apo-ln-24-bouteilles-25-pcs\/\" \/>\n<meta property=\"og:locale\" content=\"fr_FR\" \/>\n<meta property=\"og:type\" content=\"article\" \/>\n<meta property=\"og:title\" content=\"KT bo\u00eete en carton + poign\u00e9e 33 cl APO-LN 24 bouteilles - 25 pcs - Selected Brewing Ingredients\" \/>\n<meta property=\"og:description\" content=\"KT bo\u00eete en carton + poign\u00e9e 33 cl APO-LN 24 bouteilles - 25 pcs \u2713 Bestel alle brouwingredi\u00ebnten van hoge kwaliteit op 1 plaats \u2713 Service &amp; maatwerk \u2713 Snelle, betrouwbare levering\" \/>\n<meta property=\"og:url\" content=\"https:\/\/sbi4beer.com\/fr\/produit\/kt-boite-en-carton-poignee-33-cl-apo-ln-24-bouteilles-25-pcs\/\" \/>\n<meta property=\"og:site_name\" content=\"Selected Brewing Ingredients\" \/>\n<meta property=\"article:publisher\" content=\"https:\/\/www.facebook.com\/SelectedBrewingIngredients\" \/>\n<meta property=\"article:modified_time\" content=\"2022-09-08T13:33:23+00:00\" \/>\n<meta property=\"og:image\" content=\"https:\/\/sbi4beer.com\/wp-content\/uploads\/2022\/04\/doos-handvat.jpg\" \/>\n\t<meta property=\"og:image:width\" content=\"300\" \/>\n\t<meta property=\"og:image:height\" content=\"300\" \/>\n\t<meta property=\"og:image:type\" content=\"image\/jpeg\" \/>\n<meta name=\"twitter:card\" content=\"summary_large_image\" \/>\n<meta name=\"twitter:site\" content=\"@sbi4beer\" \/>\n<meta name=\"twitter:label1\" content=\"Dur\u00e9e de lecture estim\u00e9e\" \/>\n\t<meta name=\"twitter:data1\" content=\"1 minute\" \/>\n<script type=\"application\/ld+json\" class=\"yoast-schema-graph\">{\"@context\":\"https:\/\/schema.org\",\"@graph\":[{\"@type\":\"WebPage\",\"@id\":\"https:\/\/sbi4beer.com\/fr\/produit\/kt-boite-en-carton-poignee-33-cl-apo-ln-24-bouteilles-25-pcs\/\",\"url\":\"https:\/\/sbi4beer.com\/fr\/produit\/kt-boite-en-carton-poignee-33-cl-apo-ln-24-bouteilles-25-pcs\/\",\"name\":\"KT bo\u00eete en carton + poign\u00e9e 33 cl APO-LN 24 bouteilles - 25 pcs - Selected Brewing Ingredients\",\"isPartOf\":{\"@id\":\"https:\/\/sbi4beer.com\/fr\/#website\"},\"primaryImageOfPage\":{\"@id\":\"https:\/\/sbi4beer.com\/fr\/produit\/kt-boite-en-carton-poignee-33-cl-apo-ln-24-bouteilles-25-pcs\/#primaryimage\"},\"image\":{\"@id\":\"https:\/\/sbi4beer.com\/fr\/produit\/kt-boite-en-carton-poignee-33-cl-apo-ln-24-bouteilles-25-pcs\/#primaryimage\"},\"thumbnailUrl\":\"https:\/\/sbi4beer.com\/wp-content\/uploads\/2022\/04\/doos-handvat.jpg\",\"datePublished\":\"2022-04-04T09:31:21+00:00\",\"dateModified\":\"2022-09-08T13:33:23+00:00\",\"description\":\"KT bo\u00eete en carton + poign\u00e9e 33 cl APO-LN 24 bouteilles - 25 pcs \u2713 Bestel alle brouwingredi\u00ebnten van hoge kwaliteit op 1 plaats \u2713 Service & maatwerk \u2713 Snelle, betrouwbare levering\",\"breadcrumb\":{\"@id\":\"https:\/\/sbi4beer.com\/fr\/produit\/kt-boite-en-carton-poignee-33-cl-apo-ln-24-bouteilles-25-pcs\/#breadcrumb\"},\"inLanguage\":\"fr-FR\",\"potentialAction\":[{\"@type\":\"ReadAction\",\"target\":[\"https:\/\/sbi4beer.com\/fr\/produit\/kt-boite-en-carton-poignee-33-cl-apo-ln-24-bouteilles-25-pcs\/\"]}]},{\"@type\":\"ImageObject\",\"inLanguage\":\"fr-FR\",\"@id\":\"https:\/\/sbi4beer.com\/fr\/produit\/kt-boite-en-carton-poignee-33-cl-apo-ln-24-bouteilles-25-pcs\/#primaryimage\",\"url\":\"https:\/\/sbi4beer.com\/wp-content\/uploads\/2022\/04\/doos-handvat.jpg\",\"contentUrl\":\"https:\/\/sbi4beer.com\/wp-content\/uploads\/2022\/04\/doos-handvat.jpg\",\"width\":300,\"height\":300,\"caption\":\"doos-handvat-greep\"},{\"@type\":\"BreadcrumbList\",\"@id\":\"https:\/\/sbi4beer.com\/fr\/produit\/kt-boite-en-carton-poignee-33-cl-apo-ln-24-bouteilles-25-pcs\/#breadcrumb\",\"itemListElement\":[{\"@type\":\"ListItem\",\"position\":1,\"name\":\"Home\",\"item\":\"https:\/\/sbi4beer.com\/fr\/\"},{\"@type\":\"ListItem\",\"position\":2,\"name\":\"Shop\",\"item\":\"https:\/\/sbi4beer.com\/fr\/shop\/\"},{\"@type\":\"ListItem\",\"position\":3,\"name\":\"Emballage\",\"item\":\"https:\/\/sbi4beer.com\/fr\/Categories-de-produits\/emballage\/\"},{\"@type\":\"ListItem\",\"position\":4,\"name\":\"KT bo\u00eete en carton + poign\u00e9e 33 cl APO-LN 24 bouteilles &#8211; 25 pcs\"}]},{\"@type\":\"WebSite\",\"@id\":\"https:\/\/sbi4beer.com\/fr\/#website\",\"url\":\"https:\/\/sbi4beer.com\/fr\/\",\"name\":\"Selected Brewing Ingredients\",\"description\":\"Selected Brewing Ingredients\",\"publisher\":{\"@id\":\"https:\/\/sbi4beer.com\/fr\/#organization\"},\"potentialAction\":[{\"@type\":\"SearchAction\",\"target\":{\"@type\":\"EntryPoint\",\"urlTemplate\":\"https:\/\/sbi4beer.com\/fr\/?s={search_term_string}\"},\"query-input\":{\"@type\":\"PropertyValueSpecification\",\"valueRequired\":true,\"valueName\":\"search_term_string\"}}],\"inLanguage\":\"fr-FR\"},{\"@type\":\"Organization\",\"@id\":\"https:\/\/sbi4beer.com\/fr\/#organization\",\"name\":\"Selected Brewing Ingredients\",\"url\":\"https:\/\/sbi4beer.com\/fr\/\",\"logo\":{\"@type\":\"ImageObject\",\"inLanguage\":\"fr-FR\",\"@id\":\"https:\/\/sbi4beer.com\/fr\/#\/schema\/logo\/image\/\",\"url\":\"https:\/\/sbi4beer.com\/wp-content\/uploads\/2025\/11\/logo-sbi.png\",\"contentUrl\":\"https:\/\/sbi4beer.com\/wp-content\/uploads\/2025\/11\/logo-sbi.png\",\"width\":228,\"height\":69,\"caption\":\"Selected Brewing Ingredients\"},\"image\":{\"@id\":\"https:\/\/sbi4beer.com\/fr\/#\/schema\/logo\/image\/\"},\"sameAs\":[\"https:\/\/www.facebook.com\/SelectedBrewingIngredients\",\"https:\/\/x.com\/sbi4beer\",\"https:\/\/www.instagram.com\/sbi4beer\/\",\"https:\/\/www.linkedin.com\/company\/sbi4beer\/\"]}]}<\/script>\n<!-- \/ Yoast SEO plugin. -->","yoast_head_json":{"title":"KT bo\u00eete en carton + poign\u00e9e 33 cl APO-LN 24 bouteilles - 25 pcs - Selected Brewing Ingredients","description":"KT bo\u00eete en carton + poign\u00e9e 33 cl APO-LN 24 bouteilles - 25 pcs \u2713 Bestel alle brouwingredi\u00ebnten van hoge kwaliteit op 1 plaats \u2713 Service & maatwerk \u2713 Snelle, betrouwbare levering","robots":{"index":"index","follow":"follow","max-snippet":"max-snippet:-1","max-image-preview":"max-image-preview:large","max-video-preview":"max-video-preview:-1"},"canonical":"https:\/\/sbi4beer.com\/fr\/produit\/kt-boite-en-carton-poignee-33-cl-apo-ln-24-bouteilles-25-pcs\/","og_locale":"fr_FR","og_type":"article","og_title":"KT bo\u00eete en carton + poign\u00e9e 33 cl APO-LN 24 bouteilles - 25 pcs - Selected Brewing Ingredients","og_description":"KT bo\u00eete en carton + poign\u00e9e 33 cl APO-LN 24 bouteilles - 25 pcs \u2713 Bestel alle brouwingredi\u00ebnten van hoge kwaliteit op 1 plaats \u2713 Service & maatwerk \u2713 Snelle, betrouwbare levering","og_url":"https:\/\/sbi4beer.com\/fr\/produit\/kt-boite-en-carton-poignee-33-cl-apo-ln-24-bouteilles-25-pcs\/","og_site_name":"Selected Brewing Ingredients","article_publisher":"https:\/\/www.facebook.com\/SelectedBrewingIngredients","article_modified_time":"2022-09-08T13:33:23+00:00","og_image":[{"width":300,"height":300,"url":"https:\/\/sbi4beer.com\/wp-content\/uploads\/2022\/04\/doos-handvat.jpg","type":"image\/jpeg"}],"twitter_card":"summary_large_image","twitter_site":"@sbi4beer","twitter_misc":{"Dur\u00e9e de lecture estim\u00e9e":"1 minute"},"schema":{"@context":"https:\/\/schema.org","@graph":[{"@type":"WebPage","@id":"https:\/\/sbi4beer.com\/fr\/produit\/kt-boite-en-carton-poignee-33-cl-apo-ln-24-bouteilles-25-pcs\/","url":"https:\/\/sbi4beer.com\/fr\/produit\/kt-boite-en-carton-poignee-33-cl-apo-ln-24-bouteilles-25-pcs\/","name":"KT bo\u00eete en carton + poign\u00e9e 33 cl APO-LN 24 bouteilles - 25 pcs - Selected Brewing Ingredients","isPartOf":{"@id":"https:\/\/sbi4beer.com\/fr\/#website"},"primaryImageOfPage":{"@id":"https:\/\/sbi4beer.com\/fr\/produit\/kt-boite-en-carton-poignee-33-cl-apo-ln-24-bouteilles-25-pcs\/#primaryimage"},"image":{"@id":"https:\/\/sbi4beer.com\/fr\/produit\/kt-boite-en-carton-poignee-33-cl-apo-ln-24-bouteilles-25-pcs\/#primaryimage"},"thumbnailUrl":"https:\/\/sbi4beer.com\/wp-content\/uploads\/2022\/04\/doos-handvat.jpg","datePublished":"2022-04-04T09:31:21+00:00","dateModified":"2022-09-08T13:33:23+00:00","description":"KT bo\u00eete en carton + poign\u00e9e 33 cl APO-LN 24 bouteilles - 25 pcs \u2713 Bestel alle brouwingredi\u00ebnten van hoge kwaliteit op 1 plaats \u2713 Service & maatwerk \u2713 Snelle, betrouwbare levering","breadcrumb":{"@id":"https:\/\/sbi4beer.com\/fr\/produit\/kt-boite-en-carton-poignee-33-cl-apo-ln-24-bouteilles-25-pcs\/#breadcrumb"},"inLanguage":"fr-FR","potentialAction":[{"@type":"ReadAction","target":["https:\/\/sbi4beer.com\/fr\/produit\/kt-boite-en-carton-poignee-33-cl-apo-ln-24-bouteilles-25-pcs\/"]}]},{"@type":"ImageObject","inLanguage":"fr-FR","@id":"https:\/\/sbi4beer.com\/fr\/produit\/kt-boite-en-carton-poignee-33-cl-apo-ln-24-bouteilles-25-pcs\/#primaryimage","url":"https:\/\/sbi4beer.com\/wp-content\/uploads\/2022\/04\/doos-handvat.jpg","contentUrl":"https:\/\/sbi4beer.com\/wp-content\/uploads\/2022\/04\/doos-handvat.jpg","width":300,"height":300,"caption":"doos-handvat-greep"},{"@type":"BreadcrumbList","@id":"https:\/\/sbi4beer.com\/fr\/produit\/kt-boite-en-carton-poignee-33-cl-apo-ln-24-bouteilles-25-pcs\/#breadcrumb","itemListElement":[{"@type":"ListItem","position":1,"name":"Home","item":"https:\/\/sbi4beer.com\/fr\/"},{"@type":"ListItem","position":2,"name":"Shop","item":"https:\/\/sbi4beer.com\/fr\/shop\/"},{"@type":"ListItem","position":3,"name":"Emballage","item":"https:\/\/sbi4beer.com\/fr\/Categories-de-produits\/emballage\/"},{"@type":"ListItem","position":4,"name":"KT bo\u00eete en carton + poign\u00e9e 33 cl APO-LN 24 bouteilles &#8211; 25 pcs"}]},{"@type":"WebSite","@id":"https:\/\/sbi4beer.com\/fr\/#website","url":"https:\/\/sbi4beer.com\/fr\/","name":"Selected Brewing Ingredients","description":"Selected Brewing Ingredients","publisher":{"@id":"https:\/\/sbi4beer.com\/fr\/#organization"},"potentialAction":[{"@type":"SearchAction","target":{"@type":"EntryPoint","urlTemplate":"https:\/\/sbi4beer.com\/fr\/?s={search_term_string}"},"query-input":{"@type":"PropertyValueSpecification","valueRequired":true,"valueName":"search_term_string"}}],"inLanguage":"fr-FR"},{"@type":"Organization","@id":"https:\/\/sbi4beer.com\/fr\/#organization","name":"Selected Brewing Ingredients","url":"https:\/\/sbi4beer.com\/fr\/","logo":{"@type":"ImageObject","inLanguage":"fr-FR","@id":"https:\/\/sbi4beer.com\/fr\/#\/schema\/logo\/image\/","url":"https:\/\/sbi4beer.com\/wp-content\/uploads\/2025\/11\/logo-sbi.png","contentUrl":"https:\/\/sbi4beer.com\/wp-content\/uploads\/2025\/11\/logo-sbi.png","width":228,"height":69,"caption":"Selected Brewing Ingredients"},"image":{"@id":"https:\/\/sbi4beer.com\/fr\/#\/schema\/logo\/image\/"},"sameAs":["https:\/\/www.facebook.com\/SelectedBrewingIngredients","https:\/\/x.com\/sbi4beer","https:\/\/www.instagram.com\/sbi4beer\/","https:\/\/www.linkedin.com\/company\/sbi4beer\/"]}]}},"_links":{"self":[{"href":"https:\/\/sbi4beer.com\/fr\/wp-json\/wp\/v2\/product\/26449","targetHints":{"allow":["GET"]}}],"collection":[{"href":"https:\/\/sbi4beer.com\/fr\/wp-json\/wp\/v2\/product"}],"about":[{"href":"https:\/\/sbi4beer.com\/fr\/wp-json\/wp\/v2\/types\/product"}],"wp:featuredmedia":[{"embeddable":true,"href":"https:\/\/sbi4beer.com\/fr\/wp-json\/wp\/v2\/media\/41893"}],"wp:attachment":[{"href":"https:\/\/sbi4beer.com\/fr\/wp-json\/wp\/v2\/media?parent=26449"}],"wp:term":[{"taxonomy":"product_brand","embeddable":true,"href":"https:\/\/sbi4beer.com\/fr\/wp-json\/wp\/v2\/product_brand?post=26449"},{"taxonomy":"product_cat","embeddable":true,"href":"https:\/\/sbi4beer.com\/fr\/wp-json\/wp\/v2\/product_cat?post=26449"},{"taxonomy":"product_tag","embeddable":true,"href":"https:\/\/sbi4beer.com\/fr\/wp-json\/wp\/v2\/product_tag?post=26449"}],"curies":[{"name":"wp","href":"https:\/\/api.w.org\/{rel}","templated":true}]}}