{"id":28271,"date":"2022-06-07T13:02:15","date_gmt":"2022-06-07T11:02:15","guid":{"rendered":"https:\/\/sbi4beer.com\/product\/pinnacle-levure-de-distillation-mg-500-g\/"},"modified":"2026-04-01T14:44:29","modified_gmt":"2026-04-01T12:44:29","slug":"pinnacle-levure-de-distillation-mg-500-g","status":"publish","type":"product","link":"https:\/\/sbi4beer.com\/fr\/produit\/pinnacle-levure-de-distillation-mg-500-g\/","title":{"rendered":"Pinnacle levure de distillation MG+ 500 g"},"content":{"rendered":"<p><strong>Pinnacle Levure de Distillation (MG+) <\/strong>se caract\u00e9rise par <span style=\"font-size: 1.125rem;\">un nombre \u00e9lev\u00e9 de cellules (&gt;1 x 10<sup>10<\/sup> cellules\/g). Cette levure peut \u00eatre appliqu\u00e9e dans une large gamme de mo\u00fbts \u00e0 base de c\u00e9r\u00e9ales. En outre, cette levure <\/span><span style=\"font-size: 1.125rem;\">est r\u00e9put\u00e9e pour les spiritueux qu&rsquo;elle produit et qui pr\u00e9sentent des qualit\u00e9s organoleptiques \u00e9lev\u00e9es. La levure<\/span><strong>\u00a0<\/strong>est conditionn\u00e9e dans des sacs en aluminium de 500 g scell\u00e9s sous vide.<\/p>\n<h5><strong>Conseils de stockage<\/strong><\/h5>\n<p>Conserver <strong>Pinnacle Levure de Distillation (MG+) <\/strong> dans un endroit frais et sec. Pour de meilleures performances, utiliser dans les trois ans suivant la date de production. Une fois ouverte, la levure doit \u00eatre utilis\u00e9e dans les 3 \u00e0 4 jours, \u00e0 condition qu&rsquo;elle soit conserv\u00e9e dans un endroit frais.<\/p>\n<h5><strong>\u00c0 propos de Pinnacle<\/strong><\/h5>\n<p>La gamme Pinnacle se compose de levures sp\u00e9cialement s\u00e9lectionn\u00e9es pour la production de spiritueux de la plus haute qualit\u00e9. Les levures Pinnacle assurent une conversion optimis\u00e9e, compl\u00e8te et rapide des sucres de fermentation en alcool. La gamme de levures Pinnacle est disponible pour la production d&rsquo;un whisky tr\u00e8s complexe avec de nombreux ar\u00f4mes jusqu&rsquo;\u00e0 un alcool neutre.<\/p>\n<p>Pinnacle Levure de Distillation a fait ses d\u00e9buts dans le secteur du whisky \u00e9cossais il y a plus de 30 ans et est devenue depuis un ingr\u00e9dient essentiel renomm\u00e9 dans la production de certains des meilleurs whiskies de malt et de grain prim\u00e9s que nous buvons aujourd&rsquo;hui. Pas seulement en \u00c9cosse, mais dans le monde entier.<\/p>\n","protected":false},"excerpt":{"rendered":"<p><strong>Pinnacle Levure de Distillation (MG+) <\/strong>est une levure s\u00e8che diastatique active, qui convient bien aux fermentations \u00e0 base de malt et de c\u00e9r\u00e9ales. Elle a la capacit\u00e9 de tol\u00e9rer une gravit\u00e9 et une temp\u00e9rature \u00e9lev\u00e9es.<\/p>\n","protected":false},"featured_media":29666,"template":"","meta":{"_acf_changed":false},"product_brand":[],"product_cat":[1369,1363],"product_tag":[],"class_list":{"0":"post-28271","1":"product","2":"type-product","3":"status-publish","4":"has-post-thumbnail","6":"product_cat-boissons-distillees-autres-boissons","7":"product_cat-levure-nutriment","9":"first","10":"instock","11":"taxable","12":"shipping-taxable","13":"purchasable","14":"product-type-simple"},"acf":[],"yoast_head":"<!-- This site is optimized with the Yoast SEO plugin v27.1.1 - https:\/\/yoast.com\/product\/yoast-seo-wordpress\/ -->\n<title>Pinnacle levure de distillation MG+ 500 g - Selected Brewing Ingredients<\/title>\n<meta name=\"description\" content=\"Pinnacle levure de distillation MG+ 500 g \u2713 Bestel alle brouwingredi\u00ebnten van hoge kwaliteit op 1 plaats \u2713 Service &amp; maatwerk \u2713 Snelle, betrouwbare levering\" \/>\n<meta name=\"robots\" content=\"index, follow, max-snippet:-1, max-image-preview:large, max-video-preview:-1\" \/>\n<link rel=\"canonical\" href=\"https:\/\/sbi4beer.com\/fr\/produit\/pinnacle-levure-de-distillation-mg-500-g\/\" \/>\n<meta property=\"og:locale\" content=\"fr_FR\" \/>\n<meta property=\"og:type\" content=\"article\" \/>\n<meta property=\"og:title\" content=\"Pinnacle levure de distillation MG+ 500 g - Selected Brewing Ingredients\" \/>\n<meta property=\"og:description\" content=\"Pinnacle levure de distillation MG+ 500 g \u2713 Bestel alle brouwingredi\u00ebnten van hoge kwaliteit op 1 plaats \u2713 Service &amp; maatwerk \u2713 Snelle, betrouwbare levering\" \/>\n<meta property=\"og:url\" content=\"https:\/\/sbi4beer.com\/fr\/produit\/pinnacle-levure-de-distillation-mg-500-g\/\" \/>\n<meta property=\"og:site_name\" content=\"Selected Brewing Ingredients\" \/>\n<meta property=\"article:publisher\" content=\"https:\/\/www.facebook.com\/SelectedBrewingIngredients\" \/>\n<meta property=\"article:modified_time\" content=\"2026-04-01T12:44:29+00:00\" \/>\n<meta property=\"og:image\" content=\"https:\/\/sbi4beer.com\/wp-content\/uploads\/2022\/06\/pinnacle-distilling-gedroogde-gist-mg-500-gram.jpg\" \/>\n\t<meta property=\"og:image:width\" content=\"700\" \/>\n\t<meta property=\"og:image:height\" content=\"700\" \/>\n\t<meta property=\"og:image:type\" content=\"image\/jpeg\" \/>\n<meta name=\"twitter:card\" content=\"summary_large_image\" \/>\n<meta name=\"twitter:site\" content=\"@sbi4beer\" \/>\n<meta name=\"twitter:label1\" content=\"Dur\u00e9e de lecture estim\u00e9e\" \/>\n\t<meta name=\"twitter:data1\" content=\"2 minutes\" \/>\n<script type=\"application\/ld+json\" class=\"yoast-schema-graph\">{\"@context\":\"https:\/\/schema.org\",\"@graph\":[{\"@type\":\"WebPage\",\"@id\":\"https:\/\/sbi4beer.com\/fr\/produit\/pinnacle-levure-de-distillation-mg-500-g\/\",\"url\":\"https:\/\/sbi4beer.com\/fr\/produit\/pinnacle-levure-de-distillation-mg-500-g\/\",\"name\":\"Pinnacle levure de distillation MG+ 500 g - Selected Brewing Ingredients\",\"isPartOf\":{\"@id\":\"https:\/\/sbi4beer.com\/fr\/#website\"},\"primaryImageOfPage\":{\"@id\":\"https:\/\/sbi4beer.com\/fr\/produit\/pinnacle-levure-de-distillation-mg-500-g\/#primaryimage\"},\"image\":{\"@id\":\"https:\/\/sbi4beer.com\/fr\/produit\/pinnacle-levure-de-distillation-mg-500-g\/#primaryimage\"},\"thumbnailUrl\":\"https:\/\/sbi4beer.com\/wp-content\/uploads\/2022\/06\/pinnacle-distilling-gedroogde-gist-mg-500-gram.jpg\",\"datePublished\":\"2022-06-07T11:02:15+00:00\",\"dateModified\":\"2026-04-01T12:44:29+00:00\",\"description\":\"Pinnacle levure de distillation MG+ 500 g \u2713 Bestel alle brouwingredi\u00ebnten van hoge kwaliteit op 1 plaats \u2713 Service & maatwerk \u2713 Snelle, betrouwbare levering\",\"breadcrumb\":{\"@id\":\"https:\/\/sbi4beer.com\/fr\/produit\/pinnacle-levure-de-distillation-mg-500-g\/#breadcrumb\"},\"inLanguage\":\"fr-FR\",\"potentialAction\":[{\"@type\":\"ReadAction\",\"target\":[\"https:\/\/sbi4beer.com\/fr\/produit\/pinnacle-levure-de-distillation-mg-500-g\/\"]}]},{\"@type\":\"ImageObject\",\"inLanguage\":\"fr-FR\",\"@id\":\"https:\/\/sbi4beer.com\/fr\/produit\/pinnacle-levure-de-distillation-mg-500-g\/#primaryimage\",\"url\":\"https:\/\/sbi4beer.com\/wp-content\/uploads\/2022\/06\/pinnacle-distilling-gedroogde-gist-mg-500-gram.jpg\",\"contentUrl\":\"https:\/\/sbi4beer.com\/wp-content\/uploads\/2022\/06\/pinnacle-distilling-gedroogde-gist-mg-500-gram.jpg\",\"width\":700,\"height\":700,\"caption\":\"pinnacle-mg\"},{\"@type\":\"BreadcrumbList\",\"@id\":\"https:\/\/sbi4beer.com\/fr\/produit\/pinnacle-levure-de-distillation-mg-500-g\/#breadcrumb\",\"itemListElement\":[{\"@type\":\"ListItem\",\"position\":1,\"name\":\"Home\",\"item\":\"https:\/\/sbi4beer.com\/fr\/\"},{\"@type\":\"ListItem\",\"position\":2,\"name\":\"Shop\",\"item\":\"https:\/\/sbi4beer.com\/fr\/shop\/\"},{\"@type\":\"ListItem\",\"position\":3,\"name\":\"Boissons distill\u00e9es &amp; autres boissons\",\"item\":\"https:\/\/sbi4beer.com\/fr\/Categories-de-produits\/boissons-distillees-autres-boissons\/\"},{\"@type\":\"ListItem\",\"position\":4,\"name\":\"Pinnacle levure de distillation MG+ 500 g\"}]},{\"@type\":\"WebSite\",\"@id\":\"https:\/\/sbi4beer.com\/fr\/#website\",\"url\":\"https:\/\/sbi4beer.com\/fr\/\",\"name\":\"Selected Brewing Ingredients\",\"description\":\"Selected Brewing Ingredients\",\"publisher\":{\"@id\":\"https:\/\/sbi4beer.com\/fr\/#organization\"},\"potentialAction\":[{\"@type\":\"SearchAction\",\"target\":{\"@type\":\"EntryPoint\",\"urlTemplate\":\"https:\/\/sbi4beer.com\/fr\/?s={search_term_string}\"},\"query-input\":{\"@type\":\"PropertyValueSpecification\",\"valueRequired\":true,\"valueName\":\"search_term_string\"}}],\"inLanguage\":\"fr-FR\"},{\"@type\":\"Organization\",\"@id\":\"https:\/\/sbi4beer.com\/fr\/#organization\",\"name\":\"Selected Brewing Ingredients\",\"url\":\"https:\/\/sbi4beer.com\/fr\/\",\"logo\":{\"@type\":\"ImageObject\",\"inLanguage\":\"fr-FR\",\"@id\":\"https:\/\/sbi4beer.com\/fr\/#\/schema\/logo\/image\/\",\"url\":\"https:\/\/sbi4beer.com\/wp-content\/uploads\/2025\/11\/logo-sbi.png\",\"contentUrl\":\"https:\/\/sbi4beer.com\/wp-content\/uploads\/2025\/11\/logo-sbi.png\",\"width\":228,\"height\":69,\"caption\":\"Selected Brewing Ingredients\"},\"image\":{\"@id\":\"https:\/\/sbi4beer.com\/fr\/#\/schema\/logo\/image\/\"},\"sameAs\":[\"https:\/\/www.facebook.com\/SelectedBrewingIngredients\",\"https:\/\/x.com\/sbi4beer\",\"https:\/\/www.instagram.com\/sbi4beer\/\",\"https:\/\/www.linkedin.com\/company\/sbi4beer\/\"]}]}<\/script>\n<!-- \/ Yoast SEO plugin. -->","yoast_head_json":{"title":"Pinnacle levure de distillation MG+ 500 g - Selected Brewing Ingredients","description":"Pinnacle levure de distillation MG+ 500 g \u2713 Bestel alle brouwingredi\u00ebnten van hoge kwaliteit op 1 plaats \u2713 Service & maatwerk \u2713 Snelle, betrouwbare levering","robots":{"index":"index","follow":"follow","max-snippet":"max-snippet:-1","max-image-preview":"max-image-preview:large","max-video-preview":"max-video-preview:-1"},"canonical":"https:\/\/sbi4beer.com\/fr\/produit\/pinnacle-levure-de-distillation-mg-500-g\/","og_locale":"fr_FR","og_type":"article","og_title":"Pinnacle levure de distillation MG+ 500 g - Selected Brewing Ingredients","og_description":"Pinnacle levure de distillation MG+ 500 g \u2713 Bestel alle brouwingredi\u00ebnten van hoge kwaliteit op 1 plaats \u2713 Service & maatwerk \u2713 Snelle, betrouwbare levering","og_url":"https:\/\/sbi4beer.com\/fr\/produit\/pinnacle-levure-de-distillation-mg-500-g\/","og_site_name":"Selected Brewing Ingredients","article_publisher":"https:\/\/www.facebook.com\/SelectedBrewingIngredients","article_modified_time":"2026-04-01T12:44:29+00:00","og_image":[{"width":700,"height":700,"url":"https:\/\/sbi4beer.com\/wp-content\/uploads\/2022\/06\/pinnacle-distilling-gedroogde-gist-mg-500-gram.jpg","type":"image\/jpeg"}],"twitter_card":"summary_large_image","twitter_site":"@sbi4beer","twitter_misc":{"Dur\u00e9e de lecture estim\u00e9e":"2 minutes"},"schema":{"@context":"https:\/\/schema.org","@graph":[{"@type":"WebPage","@id":"https:\/\/sbi4beer.com\/fr\/produit\/pinnacle-levure-de-distillation-mg-500-g\/","url":"https:\/\/sbi4beer.com\/fr\/produit\/pinnacle-levure-de-distillation-mg-500-g\/","name":"Pinnacle levure de distillation MG+ 500 g - Selected Brewing Ingredients","isPartOf":{"@id":"https:\/\/sbi4beer.com\/fr\/#website"},"primaryImageOfPage":{"@id":"https:\/\/sbi4beer.com\/fr\/produit\/pinnacle-levure-de-distillation-mg-500-g\/#primaryimage"},"image":{"@id":"https:\/\/sbi4beer.com\/fr\/produit\/pinnacle-levure-de-distillation-mg-500-g\/#primaryimage"},"thumbnailUrl":"https:\/\/sbi4beer.com\/wp-content\/uploads\/2022\/06\/pinnacle-distilling-gedroogde-gist-mg-500-gram.jpg","datePublished":"2022-06-07T11:02:15+00:00","dateModified":"2026-04-01T12:44:29+00:00","description":"Pinnacle levure de distillation MG+ 500 g \u2713 Bestel alle brouwingredi\u00ebnten van hoge kwaliteit op 1 plaats \u2713 Service & maatwerk \u2713 Snelle, betrouwbare levering","breadcrumb":{"@id":"https:\/\/sbi4beer.com\/fr\/produit\/pinnacle-levure-de-distillation-mg-500-g\/#breadcrumb"},"inLanguage":"fr-FR","potentialAction":[{"@type":"ReadAction","target":["https:\/\/sbi4beer.com\/fr\/produit\/pinnacle-levure-de-distillation-mg-500-g\/"]}]},{"@type":"ImageObject","inLanguage":"fr-FR","@id":"https:\/\/sbi4beer.com\/fr\/produit\/pinnacle-levure-de-distillation-mg-500-g\/#primaryimage","url":"https:\/\/sbi4beer.com\/wp-content\/uploads\/2022\/06\/pinnacle-distilling-gedroogde-gist-mg-500-gram.jpg","contentUrl":"https:\/\/sbi4beer.com\/wp-content\/uploads\/2022\/06\/pinnacle-distilling-gedroogde-gist-mg-500-gram.jpg","width":700,"height":700,"caption":"pinnacle-mg"},{"@type":"BreadcrumbList","@id":"https:\/\/sbi4beer.com\/fr\/produit\/pinnacle-levure-de-distillation-mg-500-g\/#breadcrumb","itemListElement":[{"@type":"ListItem","position":1,"name":"Home","item":"https:\/\/sbi4beer.com\/fr\/"},{"@type":"ListItem","position":2,"name":"Shop","item":"https:\/\/sbi4beer.com\/fr\/shop\/"},{"@type":"ListItem","position":3,"name":"Boissons distill\u00e9es &amp; autres boissons","item":"https:\/\/sbi4beer.com\/fr\/Categories-de-produits\/boissons-distillees-autres-boissons\/"},{"@type":"ListItem","position":4,"name":"Pinnacle levure de distillation MG+ 500 g"}]},{"@type":"WebSite","@id":"https:\/\/sbi4beer.com\/fr\/#website","url":"https:\/\/sbi4beer.com\/fr\/","name":"Selected Brewing Ingredients","description":"Selected Brewing Ingredients","publisher":{"@id":"https:\/\/sbi4beer.com\/fr\/#organization"},"potentialAction":[{"@type":"SearchAction","target":{"@type":"EntryPoint","urlTemplate":"https:\/\/sbi4beer.com\/fr\/?s={search_term_string}"},"query-input":{"@type":"PropertyValueSpecification","valueRequired":true,"valueName":"search_term_string"}}],"inLanguage":"fr-FR"},{"@type":"Organization","@id":"https:\/\/sbi4beer.com\/fr\/#organization","name":"Selected Brewing Ingredients","url":"https:\/\/sbi4beer.com\/fr\/","logo":{"@type":"ImageObject","inLanguage":"fr-FR","@id":"https:\/\/sbi4beer.com\/fr\/#\/schema\/logo\/image\/","url":"https:\/\/sbi4beer.com\/wp-content\/uploads\/2025\/11\/logo-sbi.png","contentUrl":"https:\/\/sbi4beer.com\/wp-content\/uploads\/2025\/11\/logo-sbi.png","width":228,"height":69,"caption":"Selected Brewing Ingredients"},"image":{"@id":"https:\/\/sbi4beer.com\/fr\/#\/schema\/logo\/image\/"},"sameAs":["https:\/\/www.facebook.com\/SelectedBrewingIngredients","https:\/\/x.com\/sbi4beer","https:\/\/www.instagram.com\/sbi4beer\/","https:\/\/www.linkedin.com\/company\/sbi4beer\/"]}]}},"_links":{"self":[{"href":"https:\/\/sbi4beer.com\/fr\/wp-json\/wp\/v2\/product\/28271","targetHints":{"allow":["GET"]}}],"collection":[{"href":"https:\/\/sbi4beer.com\/fr\/wp-json\/wp\/v2\/product"}],"about":[{"href":"https:\/\/sbi4beer.com\/fr\/wp-json\/wp\/v2\/types\/product"}],"wp:featuredmedia":[{"embeddable":true,"href":"https:\/\/sbi4beer.com\/fr\/wp-json\/wp\/v2\/media\/29666"}],"wp:attachment":[{"href":"https:\/\/sbi4beer.com\/fr\/wp-json\/wp\/v2\/media?parent=28271"}],"wp:term":[{"taxonomy":"product_brand","embeddable":true,"href":"https:\/\/sbi4beer.com\/fr\/wp-json\/wp\/v2\/product_brand?post=28271"},{"taxonomy":"product_cat","embeddable":true,"href":"https:\/\/sbi4beer.com\/fr\/wp-json\/wp\/v2\/product_cat?post=28271"},{"taxonomy":"product_tag","embeddable":true,"href":"https:\/\/sbi4beer.com\/fr\/wp-json\/wp\/v2\/product_tag?post=28271"}],"curies":[{"name":"wp","href":"https:\/\/api.w.org\/{rel}","templated":true}]}}