{"id":28377,"date":"2022-06-08T17:32:39","date_gmt":"2022-06-08T15:32:39","guid":{"rendered":"https:\/\/sbi4beer.com\/product\/boite-en-carton-cannelure-bc-33-cl-apo-ln-24-bouteilles-15-pcs\/"},"modified":"2026-03-04T09:41:31","modified_gmt":"2026-03-04T08:41:31","slug":"boite-en-carton-cannelure-bc-33-cl-apo-ln-24-bouteilles-15-pcs","status":"publish","type":"product","link":"https:\/\/sbi4beer.com\/fr\/produit\/boite-en-carton-cannelure-bc-33-cl-apo-ln-24-bouteilles-15-pcs\/","title":{"rendered":"Bo\u00eete en carton cannelure-BC 33 cl APO-LN 24 bouteilles &#8211; 15 pcs"},"content":{"rendered":"<p>La <strong>Bo\u00eete en carton cannelure-BC 33 cl APO-LN 24 bouteilles<\/strong> est une bo\u00eete pliante am\u00e9ricaine. La bo\u00eete est identique en haut et en bas. Cette bo\u00eete est sp\u00e9cialement con\u00e7ue pour accueillir 24 bouteilles <a href=\"https:\/\/sbi4beer.com\/fr\/Categories-de-produits\/remplissage\/bouteilles\/?_producttype=apo-vichy-fr\" target=\"_blank\" rel=\"noopener\">APO Vichy<\/a> et\/ou 24 bouteilles <a href=\"https:\/\/sbi4beer.com\/fr\/Categories-de-produits\/remplissage\/bouteilles\/?_producttype=longneck-fr\" target=\"_blank\" rel=\"noopener\">Longneck<\/a>.<\/p>\n<p>La <strong>Bo\u00eete en carton cannelure-BC 33 cl APO-LN 24 bouteilles<\/strong> est group\u00e9 par 15. Avec une commande gradu\u00e9e de 36, vous recevrez 540 bo\u00eetes par palette.<\/p>\n<h5><strong>Caract\u00e9ristiques<\/strong><\/h5>\n<ul>\n<li>Couleur: brune, sans impression;<\/li>\n<li>Qualit\u00e9: cannelure-BC en carton.<\/li>\n<\/ul>\n<h5><strong>Dimensions int\u00e9rieures<\/strong><\/h5>\n<p>Longueur: 365 mm.<br \/>\nLargeur: 242 mm.<br \/>\nHauteur: 230 mm.<\/p>\n<h5><strong>La bo\u00eete pliante am\u00e9ricaine cannelure-BC<\/strong><\/h5>\n<p>Les bo\u00eetes en carton pr\u00e9sent\u00e9es sur notre site sont \u00e9galement connues sous le nom de \u00ab\u00a0<strong>bo\u00eetes pliantes am\u00e9ricaines<\/strong>\u00ab\u00a0. Il s&rsquo;agit d&rsquo;un type de bo\u00eete tr\u00e8s populaire dans le monde entier. La bo\u00eete pliante am\u00e9ricaine peut m\u00eame \u00eatre consid\u00e9r\u00e9e comme la bo\u00eete d&rsquo;exp\u00e9dition standard.<\/p>\n<p>Les bo\u00eetes pliantes am\u00e9ricaines de notre gamme sont regroup\u00e9es dans des emballages l\u00e9gers et pratiques afin de prendre tr\u00e8s peu de place. Toutes les bo\u00eetes en carton sont brunes \u00e0 l&rsquo;int\u00e9rieur et \u00e0 l&rsquo;ext\u00e9rieur. Le haut et le bas ont des rabats sur deux c\u00f4t\u00e9s qui peuvent \u00eatre pli\u00e9s l&rsquo;un vers l&rsquo;autre et <span style=\"font-size: 1.125rem;\">peuvent \u00eatre ferm\u00e9s avec du ruban adh\u00e9sif.<\/span><\/p>\n<p><strong>La bo\u00eete pliante am\u00e9ricaine cannelure-BC<\/strong><\/p>\n<p>La bo\u00eete pliante am\u00e9ricaine est une bo\u00eete en carton faite de carton ondul\u00e9. Le carton ondul\u00e9 existe en diff\u00e9rents types, tailles et qualit\u00e9s. Il est important de se demander dans quel but vous voulez utiliser la bo\u00eete. La bo\u00eete sera-t-elle utilis\u00e9e pour le stockage ? Allez-vous l&rsquo;utiliser pour envoyer des colis ? Que voulez-vous envoyer ? Autant de questions \u00e0 prendre en compte pour faire votre choix.<\/p>\n<p>Cannelure-BC indique, entre autres, qu&rsquo;il s&rsquo;agit d&rsquo;une double fl\u00fbte. (Voir photo.) En d&rsquo;autres termes, une double couche d&rsquo;ondulation entre l&rsquo;int\u00e9rieur et l&rsquo;ext\u00e9rieur, ce qui permet d&rsquo;obtenir un carton de qualit\u00e9 plus \u00e9pais et plus solide. Le carton cannelure-BC ne convient que pour les bo\u00eetes pliantes am\u00e9ricaines.<\/p>\n","protected":false},"excerpt":{"rendered":"<p>Bo\u00eete pliante am\u00e9ricaine coll\u00e9e (Fefco 0201). Regroup\u00e9s par 15.<\/p>\n","protected":false},"featured_media":28481,"template":"","meta":{"_acf_changed":false},"product_brand":[],"product_cat":[1373],"product_tag":[],"class_list":{"0":"post-28377","1":"product","2":"type-product","3":"status-publish","4":"has-post-thumbnail","6":"product_cat-emballage","7":"product_shipping_class-ecolab","9":"first","10":"instock","11":"taxable","12":"shipping-taxable","13":"purchasable","14":"product-type-simple"},"acf":[],"yoast_head":"<!-- This site is optimized with the Yoast SEO plugin v27.1.1 - https:\/\/yoast.com\/product\/yoast-seo-wordpress\/ -->\n<title>Bo\u00eete en carton cannelure-BC 33 cl APO-LN 24 bouteilles - 15 pcs - Selected Brewing Ingredients<\/title>\n<meta name=\"description\" content=\"Bo\u00eete en carton cannelure-BC 33 cl APO-LN 24 bouteilles - 15 pcs \u2713 Bestel alle brouwingredi\u00ebnten van hoge kwaliteit op 1 plaats \u2713 Service &amp; maatwerk \u2713 Snelle, betrouwbare levering\" \/>\n<meta name=\"robots\" content=\"index, follow, max-snippet:-1, max-image-preview:large, max-video-preview:-1\" \/>\n<link rel=\"canonical\" href=\"https:\/\/sbi4beer.com\/fr\/produit\/boite-en-carton-cannelure-bc-33-cl-apo-ln-24-bouteilles-15-pcs\/\" \/>\n<meta property=\"og:locale\" content=\"fr_FR\" \/>\n<meta property=\"og:type\" content=\"article\" \/>\n<meta property=\"og:title\" content=\"Bo\u00eete en carton cannelure-BC 33 cl APO-LN 24 bouteilles - 15 pcs - Selected Brewing Ingredients\" \/>\n<meta property=\"og:description\" content=\"Bo\u00eete en carton cannelure-BC 33 cl APO-LN 24 bouteilles - 15 pcs \u2713 Bestel alle brouwingredi\u00ebnten van hoge kwaliteit op 1 plaats \u2713 Service &amp; maatwerk \u2713 Snelle, betrouwbare levering\" \/>\n<meta property=\"og:url\" content=\"https:\/\/sbi4beer.com\/fr\/produit\/boite-en-carton-cannelure-bc-33-cl-apo-ln-24-bouteilles-15-pcs\/\" \/>\n<meta property=\"og:site_name\" content=\"Selected Brewing Ingredients\" \/>\n<meta property=\"article:publisher\" content=\"https:\/\/www.facebook.com\/SelectedBrewingIngredients\" \/>\n<meta property=\"article:modified_time\" content=\"2026-03-04T08:41:31+00:00\" \/>\n<meta property=\"og:image\" content=\"https:\/\/sbi4beer.com\/wp-content\/uploads\/2022\/06\/doos-bc-golf-33-cl-apo-ln-24-flessen.jpg\" \/>\n\t<meta property=\"og:image:width\" content=\"800\" \/>\n\t<meta property=\"og:image:height\" content=\"800\" \/>\n\t<meta property=\"og:image:type\" content=\"image\/jpeg\" \/>\n<meta name=\"twitter:card\" content=\"summary_large_image\" \/>\n<meta name=\"twitter:site\" content=\"@sbi4beer\" \/>\n<meta name=\"twitter:label1\" content=\"Dur\u00e9e de lecture estim\u00e9e\" \/>\n\t<meta name=\"twitter:data1\" content=\"2 minutes\" \/>\n<script type=\"application\/ld+json\" class=\"yoast-schema-graph\">{\"@context\":\"https:\/\/schema.org\",\"@graph\":[{\"@type\":\"WebPage\",\"@id\":\"https:\/\/sbi4beer.com\/fr\/produit\/boite-en-carton-cannelure-bc-33-cl-apo-ln-24-bouteilles-15-pcs\/\",\"url\":\"https:\/\/sbi4beer.com\/fr\/produit\/boite-en-carton-cannelure-bc-33-cl-apo-ln-24-bouteilles-15-pcs\/\",\"name\":\"Bo\u00eete en carton cannelure-BC 33 cl APO-LN 24 bouteilles - 15 pcs - Selected Brewing Ingredients\",\"isPartOf\":{\"@id\":\"https:\/\/sbi4beer.com\/fr\/#website\"},\"primaryImageOfPage\":{\"@id\":\"https:\/\/sbi4beer.com\/fr\/produit\/boite-en-carton-cannelure-bc-33-cl-apo-ln-24-bouteilles-15-pcs\/#primaryimage\"},\"image\":{\"@id\":\"https:\/\/sbi4beer.com\/fr\/produit\/boite-en-carton-cannelure-bc-33-cl-apo-ln-24-bouteilles-15-pcs\/#primaryimage\"},\"thumbnailUrl\":\"https:\/\/sbi4beer.com\/wp-content\/uploads\/2022\/06\/doos-bc-golf-33-cl-apo-ln-24-flessen.jpg\",\"datePublished\":\"2022-06-08T15:32:39+00:00\",\"dateModified\":\"2026-03-04T08:41:31+00:00\",\"description\":\"Bo\u00eete en carton cannelure-BC 33 cl APO-LN 24 bouteilles - 15 pcs \u2713 Bestel alle brouwingredi\u00ebnten van hoge kwaliteit op 1 plaats \u2713 Service & maatwerk \u2713 Snelle, betrouwbare levering\",\"breadcrumb\":{\"@id\":\"https:\/\/sbi4beer.com\/fr\/produit\/boite-en-carton-cannelure-bc-33-cl-apo-ln-24-bouteilles-15-pcs\/#breadcrumb\"},\"inLanguage\":\"fr-FR\",\"potentialAction\":[{\"@type\":\"ReadAction\",\"target\":[\"https:\/\/sbi4beer.com\/fr\/produit\/boite-en-carton-cannelure-bc-33-cl-apo-ln-24-bouteilles-15-pcs\/\"]}]},{\"@type\":\"ImageObject\",\"inLanguage\":\"fr-FR\",\"@id\":\"https:\/\/sbi4beer.com\/fr\/produit\/boite-en-carton-cannelure-bc-33-cl-apo-ln-24-bouteilles-15-pcs\/#primaryimage\",\"url\":\"https:\/\/sbi4beer.com\/wp-content\/uploads\/2022\/06\/doos-bc-golf-33-cl-apo-ln-24-flessen.jpg\",\"contentUrl\":\"https:\/\/sbi4beer.com\/wp-content\/uploads\/2022\/06\/doos-bc-golf-33-cl-apo-ln-24-flessen.jpg\",\"width\":800,\"height\":800,\"caption\":\"vouwdoos-longneck\"},{\"@type\":\"BreadcrumbList\",\"@id\":\"https:\/\/sbi4beer.com\/fr\/produit\/boite-en-carton-cannelure-bc-33-cl-apo-ln-24-bouteilles-15-pcs\/#breadcrumb\",\"itemListElement\":[{\"@type\":\"ListItem\",\"position\":1,\"name\":\"Home\",\"item\":\"https:\/\/sbi4beer.com\/fr\/\"},{\"@type\":\"ListItem\",\"position\":2,\"name\":\"Shop\",\"item\":\"https:\/\/sbi4beer.com\/fr\/shop\/\"},{\"@type\":\"ListItem\",\"position\":3,\"name\":\"Emballage\",\"item\":\"https:\/\/sbi4beer.com\/fr\/Categories-de-produits\/emballage\/\"},{\"@type\":\"ListItem\",\"position\":4,\"name\":\"Bo\u00eete en carton cannelure-BC 33 cl APO-LN 24 bouteilles &#8211; 15 pcs\"}]},{\"@type\":\"WebSite\",\"@id\":\"https:\/\/sbi4beer.com\/fr\/#website\",\"url\":\"https:\/\/sbi4beer.com\/fr\/\",\"name\":\"Selected Brewing Ingredients\",\"description\":\"Selected Brewing Ingredients\",\"publisher\":{\"@id\":\"https:\/\/sbi4beer.com\/fr\/#organization\"},\"potentialAction\":[{\"@type\":\"SearchAction\",\"target\":{\"@type\":\"EntryPoint\",\"urlTemplate\":\"https:\/\/sbi4beer.com\/fr\/?s={search_term_string}\"},\"query-input\":{\"@type\":\"PropertyValueSpecification\",\"valueRequired\":true,\"valueName\":\"search_term_string\"}}],\"inLanguage\":\"fr-FR\"},{\"@type\":\"Organization\",\"@id\":\"https:\/\/sbi4beer.com\/fr\/#organization\",\"name\":\"Selected Brewing Ingredients\",\"url\":\"https:\/\/sbi4beer.com\/fr\/\",\"logo\":{\"@type\":\"ImageObject\",\"inLanguage\":\"fr-FR\",\"@id\":\"https:\/\/sbi4beer.com\/fr\/#\/schema\/logo\/image\/\",\"url\":\"https:\/\/sbi4beer.com\/wp-content\/uploads\/2025\/11\/logo-sbi.png\",\"contentUrl\":\"https:\/\/sbi4beer.com\/wp-content\/uploads\/2025\/11\/logo-sbi.png\",\"width\":228,\"height\":69,\"caption\":\"Selected Brewing Ingredients\"},\"image\":{\"@id\":\"https:\/\/sbi4beer.com\/fr\/#\/schema\/logo\/image\/\"},\"sameAs\":[\"https:\/\/www.facebook.com\/SelectedBrewingIngredients\",\"https:\/\/x.com\/sbi4beer\",\"https:\/\/www.instagram.com\/sbi4beer\/\",\"https:\/\/www.linkedin.com\/company\/sbi4beer\/\"]}]}<\/script>\n<!-- \/ Yoast SEO plugin. -->","yoast_head_json":{"title":"Bo\u00eete en carton cannelure-BC 33 cl APO-LN 24 bouteilles - 15 pcs - Selected Brewing Ingredients","description":"Bo\u00eete en carton cannelure-BC 33 cl APO-LN 24 bouteilles - 15 pcs \u2713 Bestel alle brouwingredi\u00ebnten van hoge kwaliteit op 1 plaats \u2713 Service & maatwerk \u2713 Snelle, betrouwbare levering","robots":{"index":"index","follow":"follow","max-snippet":"max-snippet:-1","max-image-preview":"max-image-preview:large","max-video-preview":"max-video-preview:-1"},"canonical":"https:\/\/sbi4beer.com\/fr\/produit\/boite-en-carton-cannelure-bc-33-cl-apo-ln-24-bouteilles-15-pcs\/","og_locale":"fr_FR","og_type":"article","og_title":"Bo\u00eete en carton cannelure-BC 33 cl APO-LN 24 bouteilles - 15 pcs - Selected Brewing Ingredients","og_description":"Bo\u00eete en carton cannelure-BC 33 cl APO-LN 24 bouteilles - 15 pcs \u2713 Bestel alle brouwingredi\u00ebnten van hoge kwaliteit op 1 plaats \u2713 Service & maatwerk \u2713 Snelle, betrouwbare levering","og_url":"https:\/\/sbi4beer.com\/fr\/produit\/boite-en-carton-cannelure-bc-33-cl-apo-ln-24-bouteilles-15-pcs\/","og_site_name":"Selected Brewing Ingredients","article_publisher":"https:\/\/www.facebook.com\/SelectedBrewingIngredients","article_modified_time":"2026-03-04T08:41:31+00:00","og_image":[{"width":800,"height":800,"url":"https:\/\/sbi4beer.com\/wp-content\/uploads\/2022\/06\/doos-bc-golf-33-cl-apo-ln-24-flessen.jpg","type":"image\/jpeg"}],"twitter_card":"summary_large_image","twitter_site":"@sbi4beer","twitter_misc":{"Dur\u00e9e de lecture estim\u00e9e":"2 minutes"},"schema":{"@context":"https:\/\/schema.org","@graph":[{"@type":"WebPage","@id":"https:\/\/sbi4beer.com\/fr\/produit\/boite-en-carton-cannelure-bc-33-cl-apo-ln-24-bouteilles-15-pcs\/","url":"https:\/\/sbi4beer.com\/fr\/produit\/boite-en-carton-cannelure-bc-33-cl-apo-ln-24-bouteilles-15-pcs\/","name":"Bo\u00eete en carton cannelure-BC 33 cl APO-LN 24 bouteilles - 15 pcs - Selected Brewing Ingredients","isPartOf":{"@id":"https:\/\/sbi4beer.com\/fr\/#website"},"primaryImageOfPage":{"@id":"https:\/\/sbi4beer.com\/fr\/produit\/boite-en-carton-cannelure-bc-33-cl-apo-ln-24-bouteilles-15-pcs\/#primaryimage"},"image":{"@id":"https:\/\/sbi4beer.com\/fr\/produit\/boite-en-carton-cannelure-bc-33-cl-apo-ln-24-bouteilles-15-pcs\/#primaryimage"},"thumbnailUrl":"https:\/\/sbi4beer.com\/wp-content\/uploads\/2022\/06\/doos-bc-golf-33-cl-apo-ln-24-flessen.jpg","datePublished":"2022-06-08T15:32:39+00:00","dateModified":"2026-03-04T08:41:31+00:00","description":"Bo\u00eete en carton cannelure-BC 33 cl APO-LN 24 bouteilles - 15 pcs \u2713 Bestel alle brouwingredi\u00ebnten van hoge kwaliteit op 1 plaats \u2713 Service & maatwerk \u2713 Snelle, betrouwbare levering","breadcrumb":{"@id":"https:\/\/sbi4beer.com\/fr\/produit\/boite-en-carton-cannelure-bc-33-cl-apo-ln-24-bouteilles-15-pcs\/#breadcrumb"},"inLanguage":"fr-FR","potentialAction":[{"@type":"ReadAction","target":["https:\/\/sbi4beer.com\/fr\/produit\/boite-en-carton-cannelure-bc-33-cl-apo-ln-24-bouteilles-15-pcs\/"]}]},{"@type":"ImageObject","inLanguage":"fr-FR","@id":"https:\/\/sbi4beer.com\/fr\/produit\/boite-en-carton-cannelure-bc-33-cl-apo-ln-24-bouteilles-15-pcs\/#primaryimage","url":"https:\/\/sbi4beer.com\/wp-content\/uploads\/2022\/06\/doos-bc-golf-33-cl-apo-ln-24-flessen.jpg","contentUrl":"https:\/\/sbi4beer.com\/wp-content\/uploads\/2022\/06\/doos-bc-golf-33-cl-apo-ln-24-flessen.jpg","width":800,"height":800,"caption":"vouwdoos-longneck"},{"@type":"BreadcrumbList","@id":"https:\/\/sbi4beer.com\/fr\/produit\/boite-en-carton-cannelure-bc-33-cl-apo-ln-24-bouteilles-15-pcs\/#breadcrumb","itemListElement":[{"@type":"ListItem","position":1,"name":"Home","item":"https:\/\/sbi4beer.com\/fr\/"},{"@type":"ListItem","position":2,"name":"Shop","item":"https:\/\/sbi4beer.com\/fr\/shop\/"},{"@type":"ListItem","position":3,"name":"Emballage","item":"https:\/\/sbi4beer.com\/fr\/Categories-de-produits\/emballage\/"},{"@type":"ListItem","position":4,"name":"Bo\u00eete en carton cannelure-BC 33 cl APO-LN 24 bouteilles &#8211; 15 pcs"}]},{"@type":"WebSite","@id":"https:\/\/sbi4beer.com\/fr\/#website","url":"https:\/\/sbi4beer.com\/fr\/","name":"Selected Brewing Ingredients","description":"Selected Brewing Ingredients","publisher":{"@id":"https:\/\/sbi4beer.com\/fr\/#organization"},"potentialAction":[{"@type":"SearchAction","target":{"@type":"EntryPoint","urlTemplate":"https:\/\/sbi4beer.com\/fr\/?s={search_term_string}"},"query-input":{"@type":"PropertyValueSpecification","valueRequired":true,"valueName":"search_term_string"}}],"inLanguage":"fr-FR"},{"@type":"Organization","@id":"https:\/\/sbi4beer.com\/fr\/#organization","name":"Selected Brewing Ingredients","url":"https:\/\/sbi4beer.com\/fr\/","logo":{"@type":"ImageObject","inLanguage":"fr-FR","@id":"https:\/\/sbi4beer.com\/fr\/#\/schema\/logo\/image\/","url":"https:\/\/sbi4beer.com\/wp-content\/uploads\/2025\/11\/logo-sbi.png","contentUrl":"https:\/\/sbi4beer.com\/wp-content\/uploads\/2025\/11\/logo-sbi.png","width":228,"height":69,"caption":"Selected Brewing Ingredients"},"image":{"@id":"https:\/\/sbi4beer.com\/fr\/#\/schema\/logo\/image\/"},"sameAs":["https:\/\/www.facebook.com\/SelectedBrewingIngredients","https:\/\/x.com\/sbi4beer","https:\/\/www.instagram.com\/sbi4beer\/","https:\/\/www.linkedin.com\/company\/sbi4beer\/"]}]}},"_links":{"self":[{"href":"https:\/\/sbi4beer.com\/fr\/wp-json\/wp\/v2\/product\/28377","targetHints":{"allow":["GET"]}}],"collection":[{"href":"https:\/\/sbi4beer.com\/fr\/wp-json\/wp\/v2\/product"}],"about":[{"href":"https:\/\/sbi4beer.com\/fr\/wp-json\/wp\/v2\/types\/product"}],"wp:featuredmedia":[{"embeddable":true,"href":"https:\/\/sbi4beer.com\/fr\/wp-json\/wp\/v2\/media\/28481"}],"wp:attachment":[{"href":"https:\/\/sbi4beer.com\/fr\/wp-json\/wp\/v2\/media?parent=28377"}],"wp:term":[{"taxonomy":"product_brand","embeddable":true,"href":"https:\/\/sbi4beer.com\/fr\/wp-json\/wp\/v2\/product_brand?post=28377"},{"taxonomy":"product_cat","embeddable":true,"href":"https:\/\/sbi4beer.com\/fr\/wp-json\/wp\/v2\/product_cat?post=28377"},{"taxonomy":"product_tag","embeddable":true,"href":"https:\/\/sbi4beer.com\/fr\/wp-json\/wp\/v2\/product_tag?post=28377"}],"curies":[{"name":"wp","href":"https:\/\/api.w.org\/{rel}","templated":true}]}}