{"id":30543,"date":"2022-08-16T14:36:01","date_gmt":"2022-08-16T12:36:01","guid":{"rendered":"https:\/\/sbi4beer.com\/product\/fermentis-safbrew-br-8-levure-100-g\/"},"modified":"2026-04-10T11:59:22","modified_gmt":"2026-04-10T09:59:22","slug":"fermentis-safbrew-br-8-levure-100-g","status":"publish","type":"product","link":"https:\/\/sbi4beer.com\/fr\/produit\/fermentis-safbrew-br-8-levure-100-g\/","title":{"rendered":"Fermentis SafBrew\u2122 BR-8 levure 100 g"},"content":{"rendered":"<h5><strong>SafBrew\u2122 BR-8 &#8211;<\/strong><strong>\u00a0\u00ab\u00a0The first dry brett designed for your bottle and\/or cask conditioning\u00a0\u00bb<\/strong><\/h5>\n<p>La levure Fermentis SafBrew\u2122 BR-8 a \u00e9t\u00e9 s\u00e9lectionn\u00e9e sp\u00e9cifiquement pour la fermentation secondaire en bouteilles et en f\u00fbts. Cette levure assimile la quantit\u00e9 totale de glucose, fructose, saccharose, maltose et maltotriose. Elle se caract\u00e9rise par une production de compos\u00e9s ph\u00e9noliques sp\u00e9cifiques, responsables des ar\u00f4mes d&rsquo;animaux, de cheval, de cuir, de basse-cour et des ar\u00f4mes sp\u00e9cifiques dits &lsquo;funky&rsquo; en fin de fermentation. Le d\u00e9veloppement de ces ar\u00f4mes prend du temps et l&rsquo;optimum est normalement atteint apr\u00e8s 3 mois de fermentation. Il est \u00e9galement possible que le profil \u00e9volue l\u00e9g\u00e8rement jusqu&rsquo;\u00e0 6 mois de maturation ; et m\u00eame plus.<\/p>\n<h5><strong>Caract\u00e9ristiques<\/strong><\/h5>\n<p>Levure (Brettanomyces bruxellensis), \u00c9mulsifiant : monost\u00e9arate de sorbitan (E\/INS 491).<\/p>\n<p>La levure Fermentis SafBrew\u2122 BR-8 r\u00e9siste \u00e0 des niveaux d&rsquo;alcool assez \u00e9lev\u00e9s (\u2248 jusqu&rsquo;\u00e0 8,5 % v\/v), d\u00e9pendant de la saturation de la bi\u00e8re ; et permet aux brasseurs de b\u00e9n\u00e9ficier de toutes les propri\u00e9t\u00e9s li\u00e9es \u00e0 la refermentation :<\/p>\n<ul>\n<li>Conservation de la bi\u00e8re gr\u00e2ce au pi\u00e9geage de l&rsquo;oxyg\u00e8ne;<\/li>\n<li>Apport en rondeur et en ar\u00f4mes de maturation;<\/li>\n<li>Carbonatation;<\/li>\n<li>S&rsquo;accroche au fond des bouteilles\/f\u00fbts apr\u00e8s la fermentation et forme un joli voile lorsqu&rsquo;il est remis en suspension.<\/li>\n<\/ul>\n<p>Compte tenu de l&rsquo;impact de la levure sur la qualit\u00e9 de la bi\u00e8re finale, il est recommand\u00e9 de respecter les instructions de fermentation pr\u00e9conis\u00e9es. Fermentis conseille vivement aux utilisateurs de faire des essais de fermentation avant toute utilisation commerciale de leurs produits.<\/p>\n<p>Veuillez d&rsquo;abord lire les informations compl\u00e8tes sur le produit \u00e0 la page <strong>Downloads<\/strong> (la fiche de donn\u00e9es techniques).<\/p>\n<p>&nbsp;<\/p>\n<p><iframe loading=\"lazy\" title=\"SafBrew\u2122 BR-8 - The first dry Brettanomyces bruxellensis yeast strain\" src=\"https:\/\/www.youtube.com\/embed\/OQz33sYP2_c\" width=\"1000\" height=\"563\" frameborder=\"0\" allowfullscreen=\"allowfullscreen\"><span data-mce-type=\"bookmark\" style=\"display: inline-block; width: 0px; overflow: hidden; line-height: 0;\" class=\"mce_SELRES_start\">\ufeff<\/span><\/iframe><\/p>\n","protected":false},"excerpt":{"rendered":"<p>La levure Fermentis SafBrew<sup>\u2122<\/sup>\u00a0BR-8\u00a0est la premi\u00e8re levure\u00a0<em>Brettanomyces bruxellensis<\/em> disponible pour les brasseurs dans un format microgranulaire sec. Sp\u00e9cifiquement s\u00e9lectionn\u00e9e pour la fermentation secondaire en bouteilles et en f\u00fbts.<\/p>\n","protected":false},"featured_media":60292,"template":"","meta":{"_acf_changed":false},"product_brand":[],"product_cat":[1363],"product_tag":[],"class_list":{"0":"post-30543","1":"product","2":"type-product","3":"status-publish","4":"has-post-thumbnail","6":"product_cat-levure-nutriment","8":"first","9":"instock","10":"taxable","11":"shipping-taxable","12":"purchasable","13":"product-type-simple"},"acf":[],"yoast_head":"<!-- This site is optimized with the Yoast SEO plugin v27.1.1 - https:\/\/yoast.com\/product\/yoast-seo-wordpress\/ -->\n<title>Fermentis SafBrew\u2122 BR-8 levure 100 g - Selected Brewing Ingredients<\/title>\n<meta name=\"description\" content=\"Fermentis SafBrew\u2122 BR-8 levure 100 g \u2713 Bestel alle brouwingredi\u00ebnten van hoge kwaliteit op 1 plaats \u2713 Service &amp; maatwerk \u2713 Snelle, betrouwbare levering\" \/>\n<meta name=\"robots\" content=\"index, follow, max-snippet:-1, max-image-preview:large, max-video-preview:-1\" \/>\n<link rel=\"canonical\" href=\"https:\/\/sbi4beer.com\/fr\/produit\/fermentis-safbrew-br-8-levure-100-g\/\" \/>\n<meta property=\"og:locale\" content=\"fr_FR\" \/>\n<meta property=\"og:type\" content=\"article\" \/>\n<meta property=\"og:title\" content=\"Fermentis SafBrew\u2122 BR-8 levure 100 g - Selected Brewing Ingredients\" \/>\n<meta property=\"og:description\" content=\"Fermentis SafBrew\u2122 BR-8 levure 100 g \u2713 Bestel alle brouwingredi\u00ebnten van hoge kwaliteit op 1 plaats \u2713 Service &amp; maatwerk \u2713 Snelle, betrouwbare levering\" \/>\n<meta property=\"og:url\" content=\"https:\/\/sbi4beer.com\/fr\/produit\/fermentis-safbrew-br-8-levure-100-g\/\" \/>\n<meta property=\"og:site_name\" content=\"Selected Brewing Ingredients\" \/>\n<meta property=\"article:publisher\" content=\"https:\/\/www.facebook.com\/SelectedBrewingIngredients\" \/>\n<meta property=\"article:modified_time\" content=\"2026-04-10T09:59:22+00:00\" \/>\n<meta property=\"og:image\" content=\"https:\/\/sbi4beer.com\/wp-content\/uploads\/2022\/08\/fermentis-saf-brew-br-8-100-gram.jpg\" \/>\n\t<meta property=\"og:image:width\" content=\"800\" \/>\n\t<meta property=\"og:image:height\" content=\"800\" \/>\n\t<meta property=\"og:image:type\" content=\"image\/jpeg\" \/>\n<meta name=\"twitter:card\" content=\"summary_large_image\" \/>\n<meta name=\"twitter:site\" content=\"@sbi4beer\" \/>\n<meta name=\"twitter:label1\" content=\"Dur\u00e9e de lecture estim\u00e9e\" \/>\n\t<meta name=\"twitter:data1\" content=\"2 minutes\" \/>\n<script type=\"application\/ld+json\" class=\"yoast-schema-graph\">{\"@context\":\"https:\/\/schema.org\",\"@graph\":[{\"@type\":\"WebPage\",\"@id\":\"https:\/\/sbi4beer.com\/fr\/produit\/fermentis-safbrew-br-8-levure-100-g\/\",\"url\":\"https:\/\/sbi4beer.com\/fr\/produit\/fermentis-safbrew-br-8-levure-100-g\/\",\"name\":\"Fermentis SafBrew\u2122 BR-8 levure 100 g - Selected Brewing Ingredients\",\"isPartOf\":{\"@id\":\"https:\/\/sbi4beer.com\/fr\/#website\"},\"primaryImageOfPage\":{\"@id\":\"https:\/\/sbi4beer.com\/fr\/produit\/fermentis-safbrew-br-8-levure-100-g\/#primaryimage\"},\"image\":{\"@id\":\"https:\/\/sbi4beer.com\/fr\/produit\/fermentis-safbrew-br-8-levure-100-g\/#primaryimage\"},\"thumbnailUrl\":\"https:\/\/sbi4beer.com\/wp-content\/uploads\/2022\/08\/fermentis-saf-brew-br-8-100-gram.jpg\",\"datePublished\":\"2022-08-16T12:36:01+00:00\",\"dateModified\":\"2026-04-10T09:59:22+00:00\",\"description\":\"Fermentis SafBrew\u2122 BR-8 levure 100 g \u2713 Bestel alle brouwingredi\u00ebnten van hoge kwaliteit op 1 plaats \u2713 Service & maatwerk \u2713 Snelle, betrouwbare levering\",\"breadcrumb\":{\"@id\":\"https:\/\/sbi4beer.com\/fr\/produit\/fermentis-safbrew-br-8-levure-100-g\/#breadcrumb\"},\"inLanguage\":\"fr-FR\",\"potentialAction\":[{\"@type\":\"ReadAction\",\"target\":[\"https:\/\/sbi4beer.com\/fr\/produit\/fermentis-safbrew-br-8-levure-100-g\/\"]}]},{\"@type\":\"ImageObject\",\"inLanguage\":\"fr-FR\",\"@id\":\"https:\/\/sbi4beer.com\/fr\/produit\/fermentis-safbrew-br-8-levure-100-g\/#primaryimage\",\"url\":\"https:\/\/sbi4beer.com\/wp-content\/uploads\/2022\/08\/fermentis-saf-brew-br-8-100-gram.jpg\",\"contentUrl\":\"https:\/\/sbi4beer.com\/wp-content\/uploads\/2022\/08\/fermentis-saf-brew-br-8-100-gram.jpg\",\"width\":800,\"height\":800,\"caption\":\"fermentis-saf-brew-br-8-100-gram\"},{\"@type\":\"BreadcrumbList\",\"@id\":\"https:\/\/sbi4beer.com\/fr\/produit\/fermentis-safbrew-br-8-levure-100-g\/#breadcrumb\",\"itemListElement\":[{\"@type\":\"ListItem\",\"position\":1,\"name\":\"Home\",\"item\":\"https:\/\/sbi4beer.com\/fr\/\"},{\"@type\":\"ListItem\",\"position\":2,\"name\":\"Shop\",\"item\":\"https:\/\/sbi4beer.com\/fr\/shop\/\"},{\"@type\":\"ListItem\",\"position\":3,\"name\":\"Levure &amp; Nutriment\",\"item\":\"https:\/\/sbi4beer.com\/fr\/Categories-de-produits\/levure-nutriment\/\"},{\"@type\":\"ListItem\",\"position\":4,\"name\":\"Fermentis SafBrew\u2122 BR-8 levure 100 g\"}]},{\"@type\":\"WebSite\",\"@id\":\"https:\/\/sbi4beer.com\/fr\/#website\",\"url\":\"https:\/\/sbi4beer.com\/fr\/\",\"name\":\"Selected Brewing Ingredients\",\"description\":\"Selected Brewing Ingredients\",\"publisher\":{\"@id\":\"https:\/\/sbi4beer.com\/fr\/#organization\"},\"potentialAction\":[{\"@type\":\"SearchAction\",\"target\":{\"@type\":\"EntryPoint\",\"urlTemplate\":\"https:\/\/sbi4beer.com\/fr\/?s={search_term_string}\"},\"query-input\":{\"@type\":\"PropertyValueSpecification\",\"valueRequired\":true,\"valueName\":\"search_term_string\"}}],\"inLanguage\":\"fr-FR\"},{\"@type\":\"Organization\",\"@id\":\"https:\/\/sbi4beer.com\/fr\/#organization\",\"name\":\"Selected Brewing Ingredients\",\"url\":\"https:\/\/sbi4beer.com\/fr\/\",\"logo\":{\"@type\":\"ImageObject\",\"inLanguage\":\"fr-FR\",\"@id\":\"https:\/\/sbi4beer.com\/fr\/#\/schema\/logo\/image\/\",\"url\":\"https:\/\/sbi4beer.com\/wp-content\/uploads\/2025\/11\/logo-sbi.png\",\"contentUrl\":\"https:\/\/sbi4beer.com\/wp-content\/uploads\/2025\/11\/logo-sbi.png\",\"width\":228,\"height\":69,\"caption\":\"Selected Brewing Ingredients\"},\"image\":{\"@id\":\"https:\/\/sbi4beer.com\/fr\/#\/schema\/logo\/image\/\"},\"sameAs\":[\"https:\/\/www.facebook.com\/SelectedBrewingIngredients\",\"https:\/\/x.com\/sbi4beer\",\"https:\/\/www.instagram.com\/sbi4beer\/\",\"https:\/\/www.linkedin.com\/company\/sbi4beer\/\"]}]}<\/script>\n<!-- \/ Yoast SEO plugin. -->","yoast_head_json":{"title":"Fermentis SafBrew\u2122 BR-8 levure 100 g - Selected Brewing Ingredients","description":"Fermentis SafBrew\u2122 BR-8 levure 100 g \u2713 Bestel alle brouwingredi\u00ebnten van hoge kwaliteit op 1 plaats \u2713 Service & maatwerk \u2713 Snelle, betrouwbare levering","robots":{"index":"index","follow":"follow","max-snippet":"max-snippet:-1","max-image-preview":"max-image-preview:large","max-video-preview":"max-video-preview:-1"},"canonical":"https:\/\/sbi4beer.com\/fr\/produit\/fermentis-safbrew-br-8-levure-100-g\/","og_locale":"fr_FR","og_type":"article","og_title":"Fermentis SafBrew\u2122 BR-8 levure 100 g - Selected Brewing Ingredients","og_description":"Fermentis SafBrew\u2122 BR-8 levure 100 g \u2713 Bestel alle brouwingredi\u00ebnten van hoge kwaliteit op 1 plaats \u2713 Service & maatwerk \u2713 Snelle, betrouwbare levering","og_url":"https:\/\/sbi4beer.com\/fr\/produit\/fermentis-safbrew-br-8-levure-100-g\/","og_site_name":"Selected Brewing Ingredients","article_publisher":"https:\/\/www.facebook.com\/SelectedBrewingIngredients","article_modified_time":"2026-04-10T09:59:22+00:00","og_image":[{"width":800,"height":800,"url":"https:\/\/sbi4beer.com\/wp-content\/uploads\/2022\/08\/fermentis-saf-brew-br-8-100-gram.jpg","type":"image\/jpeg"}],"twitter_card":"summary_large_image","twitter_site":"@sbi4beer","twitter_misc":{"Dur\u00e9e de lecture estim\u00e9e":"2 minutes"},"schema":{"@context":"https:\/\/schema.org","@graph":[{"@type":"WebPage","@id":"https:\/\/sbi4beer.com\/fr\/produit\/fermentis-safbrew-br-8-levure-100-g\/","url":"https:\/\/sbi4beer.com\/fr\/produit\/fermentis-safbrew-br-8-levure-100-g\/","name":"Fermentis SafBrew\u2122 BR-8 levure 100 g - Selected Brewing Ingredients","isPartOf":{"@id":"https:\/\/sbi4beer.com\/fr\/#website"},"primaryImageOfPage":{"@id":"https:\/\/sbi4beer.com\/fr\/produit\/fermentis-safbrew-br-8-levure-100-g\/#primaryimage"},"image":{"@id":"https:\/\/sbi4beer.com\/fr\/produit\/fermentis-safbrew-br-8-levure-100-g\/#primaryimage"},"thumbnailUrl":"https:\/\/sbi4beer.com\/wp-content\/uploads\/2022\/08\/fermentis-saf-brew-br-8-100-gram.jpg","datePublished":"2022-08-16T12:36:01+00:00","dateModified":"2026-04-10T09:59:22+00:00","description":"Fermentis SafBrew\u2122 BR-8 levure 100 g \u2713 Bestel alle brouwingredi\u00ebnten van hoge kwaliteit op 1 plaats \u2713 Service & maatwerk \u2713 Snelle, betrouwbare levering","breadcrumb":{"@id":"https:\/\/sbi4beer.com\/fr\/produit\/fermentis-safbrew-br-8-levure-100-g\/#breadcrumb"},"inLanguage":"fr-FR","potentialAction":[{"@type":"ReadAction","target":["https:\/\/sbi4beer.com\/fr\/produit\/fermentis-safbrew-br-8-levure-100-g\/"]}]},{"@type":"ImageObject","inLanguage":"fr-FR","@id":"https:\/\/sbi4beer.com\/fr\/produit\/fermentis-safbrew-br-8-levure-100-g\/#primaryimage","url":"https:\/\/sbi4beer.com\/wp-content\/uploads\/2022\/08\/fermentis-saf-brew-br-8-100-gram.jpg","contentUrl":"https:\/\/sbi4beer.com\/wp-content\/uploads\/2022\/08\/fermentis-saf-brew-br-8-100-gram.jpg","width":800,"height":800,"caption":"fermentis-saf-brew-br-8-100-gram"},{"@type":"BreadcrumbList","@id":"https:\/\/sbi4beer.com\/fr\/produit\/fermentis-safbrew-br-8-levure-100-g\/#breadcrumb","itemListElement":[{"@type":"ListItem","position":1,"name":"Home","item":"https:\/\/sbi4beer.com\/fr\/"},{"@type":"ListItem","position":2,"name":"Shop","item":"https:\/\/sbi4beer.com\/fr\/shop\/"},{"@type":"ListItem","position":3,"name":"Levure &amp; Nutriment","item":"https:\/\/sbi4beer.com\/fr\/Categories-de-produits\/levure-nutriment\/"},{"@type":"ListItem","position":4,"name":"Fermentis SafBrew\u2122 BR-8 levure 100 g"}]},{"@type":"WebSite","@id":"https:\/\/sbi4beer.com\/fr\/#website","url":"https:\/\/sbi4beer.com\/fr\/","name":"Selected Brewing Ingredients","description":"Selected Brewing Ingredients","publisher":{"@id":"https:\/\/sbi4beer.com\/fr\/#organization"},"potentialAction":[{"@type":"SearchAction","target":{"@type":"EntryPoint","urlTemplate":"https:\/\/sbi4beer.com\/fr\/?s={search_term_string}"},"query-input":{"@type":"PropertyValueSpecification","valueRequired":true,"valueName":"search_term_string"}}],"inLanguage":"fr-FR"},{"@type":"Organization","@id":"https:\/\/sbi4beer.com\/fr\/#organization","name":"Selected Brewing Ingredients","url":"https:\/\/sbi4beer.com\/fr\/","logo":{"@type":"ImageObject","inLanguage":"fr-FR","@id":"https:\/\/sbi4beer.com\/fr\/#\/schema\/logo\/image\/","url":"https:\/\/sbi4beer.com\/wp-content\/uploads\/2025\/11\/logo-sbi.png","contentUrl":"https:\/\/sbi4beer.com\/wp-content\/uploads\/2025\/11\/logo-sbi.png","width":228,"height":69,"caption":"Selected Brewing Ingredients"},"image":{"@id":"https:\/\/sbi4beer.com\/fr\/#\/schema\/logo\/image\/"},"sameAs":["https:\/\/www.facebook.com\/SelectedBrewingIngredients","https:\/\/x.com\/sbi4beer","https:\/\/www.instagram.com\/sbi4beer\/","https:\/\/www.linkedin.com\/company\/sbi4beer\/"]}]}},"_links":{"self":[{"href":"https:\/\/sbi4beer.com\/fr\/wp-json\/wp\/v2\/product\/30543","targetHints":{"allow":["GET"]}}],"collection":[{"href":"https:\/\/sbi4beer.com\/fr\/wp-json\/wp\/v2\/product"}],"about":[{"href":"https:\/\/sbi4beer.com\/fr\/wp-json\/wp\/v2\/types\/product"}],"wp:featuredmedia":[{"embeddable":true,"href":"https:\/\/sbi4beer.com\/fr\/wp-json\/wp\/v2\/media\/60292"}],"wp:attachment":[{"href":"https:\/\/sbi4beer.com\/fr\/wp-json\/wp\/v2\/media?parent=30543"}],"wp:term":[{"taxonomy":"product_brand","embeddable":true,"href":"https:\/\/sbi4beer.com\/fr\/wp-json\/wp\/v2\/product_brand?post=30543"},{"taxonomy":"product_cat","embeddable":true,"href":"https:\/\/sbi4beer.com\/fr\/wp-json\/wp\/v2\/product_cat?post=30543"},{"taxonomy":"product_tag","embeddable":true,"href":"https:\/\/sbi4beer.com\/fr\/wp-json\/wp\/v2\/product_tag?post=30543"}],"curies":[{"name":"wp","href":"https:\/\/api.w.org\/{rel}","templated":true}]}}