{"id":37338,"date":"2023-01-30T17:01:36","date_gmt":"2023-01-30T16:01:36","guid":{"rendered":"https:\/\/sbi4beer.com\/product\/rinceuse-de-bouteilles-avvinatore-lux\/"},"modified":"2023-06-16T16:45:31","modified_gmt":"2023-06-16T14:45:31","slug":"rinceuse-de-bouteilles-avvinatore-lux","status":"publish","type":"product","link":"https:\/\/sbi4beer.com\/fr\/produit\/rinceuse-de-bouteilles-avvinatore-lux\/","title":{"rendered":"Rinceuse de bouteilles &#8211; Avvinatore Lux"},"content":{"rendered":"<h5><strong>Rinceuse de bouteilles &#8211; Avvinatore Lux<\/strong><\/h5>\n<p>Rin\u00e7age manuel des bouteilles avec la rinceuse de bouteilles &#8211; Avvinatore Lux d&rsquo;Enolandia.<\/p>\n<p><strong>CONSEIL:<\/strong>\u00a0Pour une bouteille sale, la\u00a0<a href=\"https:\/\/sbi4beer.com\/fr\/produit\/brosse-a-bouteilles-nylon-45cm\/\" target=\"_blank\" rel=\"noopener\"><strong>brosse \u00e0 bouteille<\/strong><\/a> universelle peut \u00eatre une bonne solution.<\/p>\n<h5><strong>Conseils d&rsquo;utilisation<\/strong><\/h5>\n<p>Avant d&rsquo;assembler la rinceuse de bouteilles, il peut \u00eatre utile de suivre les \u00e9tapes ci-dessous.<\/p>\n<ol>\n<li>Placez la base sur une surface solide;<\/li>\n<li>Placez le spiral au milieu et mettez la buse dessus;<\/li>\n<li>Placez ensuite la bague d&rsquo;\u00e9tanch\u00e9it\u00e9 restante sur la buse et abaissez-la.;<\/li>\n<li>Poussez ensuite la buse tout droit vers le bas de mani\u00e8re \u00e0 ce que le spiral soit \u00e9galement pouss\u00e9 tout droit vers l&rsquo;int\u00e9rieur;<\/li>\n<li>De l&rsquo;autre main, appuyez fermement sur la bague d&rsquo;\u00e9tanch\u00e9it\u00e9 jusqu&rsquo;\u00e0 ce que vous entendiez un d\u00e9clic;<\/li>\n<li>La rinceuse de bouteilles est maintenant pr\u00eat \u00e0 l&#8217;emploi et peut \u00eatre rempli avec la solution de votre choix.<\/li>\n<\/ol>\n<p>Si vous souhaitez d\u00e9monter \u00e0 nouveau la rinceuse de bouteilles &#8211; Avvinatore Lux, par exemple pour la nettoyer ou la ranger, c&rsquo;est bien s\u00fbr possible. Il suffit de d\u00e9clipser la bague d&rsquo;\u00e9tanch\u00e9it\u00e9.<\/p>\n<p>Il est \u00e9galement possible de placer la rinceuse sur un \u00e9gouttoir pour bouteilles de <a href=\"https:\/\/sbi4beer.com\/fr\/produit\/egouttoir-pour-bouteilles-avec-poignee-50-bouteilles\/\" target=\"_blank\" rel=\"noopener\"><strong>50<\/strong><\/a> ou <a href=\"https:\/\/sbi4beer.com\/fr\/produit\/egouttoir-pour-bouteilles-avec-poignee-80-bouteilles\/\" target=\"_blank\" rel=\"noopener\"><strong>80 bouteilles<\/strong><\/a>. D\u00e9vissez la poign\u00e9e de l&rsquo;\u00e9gouttoir et appuyez la rinceuse (sans son pied) sur le support.<\/p>\n<h5><strong>Caract\u00e9ristiques<\/strong><\/h5>\n<ul>\n<li>Mati\u00e8re plastique;<\/li>\n<li>Pied stable;<\/li>\n<li>Large cuve de rin\u00e7age;<\/li>\n<li>6 composants.<\/li>\n<\/ul>\n<h5><strong>Dimensions de l&rsquo;appareil<\/strong><\/h5>\n<ul>\n<li>La rinceuse et le pied ont un diam\u00e8tre de 16,5 cm;<\/li>\n<li>Dans une bo\u00eete compacte de 18,5 x 18,5 x 18 cm.<\/li>\n<\/ul>\n","protected":false},"excerpt":{"rendered":"<p>Rinceuse de bouteilles Avvinatore Lux.<\/p>\n","protected":false},"featured_media":37413,"template":"","meta":{"_acf_changed":false},"product_brand":[],"product_cat":[1370],"product_tag":[],"class_list":{"0":"post-37338","1":"product","2":"type-product","3":"status-publish","4":"has-post-thumbnail","6":"product_cat-equipements-accessoires","8":"first","9":"instock","10":"taxable","11":"shipping-taxable","12":"purchasable","13":"product-type-simple"},"acf":[],"yoast_head":"<!-- This site is optimized with the Yoast SEO plugin v27.1.1 - https:\/\/yoast.com\/product\/yoast-seo-wordpress\/ -->\n<title>Rinceuse de bouteilles - Avvinatore Lux - Selected Brewing Ingredients<\/title>\n<meta name=\"description\" content=\"Rinceuse de bouteilles - Avvinatore Lux \u2713 Bestel alle brouwingredi\u00ebnten van hoge kwaliteit op 1 plaats \u2713 Service &amp; maatwerk \u2713 Snelle, betrouwbare levering\" \/>\n<meta name=\"robots\" content=\"index, follow, max-snippet:-1, max-image-preview:large, max-video-preview:-1\" \/>\n<link rel=\"canonical\" href=\"https:\/\/sbi4beer.com\/fr\/produit\/rinceuse-de-bouteilles-avvinatore-lux\/\" \/>\n<meta property=\"og:locale\" content=\"fr_FR\" \/>\n<meta property=\"og:type\" content=\"article\" \/>\n<meta property=\"og:title\" content=\"Rinceuse de bouteilles - Avvinatore Lux - Selected Brewing Ingredients\" \/>\n<meta property=\"og:description\" content=\"Rinceuse de bouteilles - Avvinatore Lux \u2713 Bestel alle brouwingredi\u00ebnten van hoge kwaliteit op 1 plaats \u2713 Service &amp; maatwerk \u2713 Snelle, betrouwbare levering\" \/>\n<meta property=\"og:url\" content=\"https:\/\/sbi4beer.com\/fr\/produit\/rinceuse-de-bouteilles-avvinatore-lux\/\" \/>\n<meta property=\"og:site_name\" content=\"Selected Brewing Ingredients\" \/>\n<meta property=\"article:publisher\" content=\"https:\/\/www.facebook.com\/SelectedBrewingIngredients\" \/>\n<meta property=\"article:modified_time\" content=\"2023-06-16T14:45:31+00:00\" \/>\n<meta property=\"og:image\" content=\"https:\/\/sbi4beer.com\/wp-content\/uploads\/2023\/01\/flessenspoelapparaat.jpg\" \/>\n\t<meta property=\"og:image:width\" content=\"900\" \/>\n\t<meta property=\"og:image:height\" content=\"900\" \/>\n\t<meta property=\"og:image:type\" content=\"image\/jpeg\" \/>\n<meta name=\"twitter:card\" content=\"summary_large_image\" \/>\n<meta name=\"twitter:site\" content=\"@sbi4beer\" \/>\n<meta name=\"twitter:label1\" content=\"Dur\u00e9e de lecture estim\u00e9e\" \/>\n\t<meta name=\"twitter:data1\" content=\"2 minutes\" \/>\n<script type=\"application\/ld+json\" class=\"yoast-schema-graph\">{\"@context\":\"https:\/\/schema.org\",\"@graph\":[{\"@type\":\"WebPage\",\"@id\":\"https:\/\/sbi4beer.com\/fr\/produit\/rinceuse-de-bouteilles-avvinatore-lux\/\",\"url\":\"https:\/\/sbi4beer.com\/fr\/produit\/rinceuse-de-bouteilles-avvinatore-lux\/\",\"name\":\"Rinceuse de bouteilles - Avvinatore Lux - Selected Brewing Ingredients\",\"isPartOf\":{\"@id\":\"https:\/\/sbi4beer.com\/fr\/#website\"},\"primaryImageOfPage\":{\"@id\":\"https:\/\/sbi4beer.com\/fr\/produit\/rinceuse-de-bouteilles-avvinatore-lux\/#primaryimage\"},\"image\":{\"@id\":\"https:\/\/sbi4beer.com\/fr\/produit\/rinceuse-de-bouteilles-avvinatore-lux\/#primaryimage\"},\"thumbnailUrl\":\"https:\/\/sbi4beer.com\/wp-content\/uploads\/2023\/01\/flessenspoelapparaat.jpg\",\"datePublished\":\"2023-01-30T16:01:36+00:00\",\"dateModified\":\"2023-06-16T14:45:31+00:00\",\"description\":\"Rinceuse de bouteilles - Avvinatore Lux \u2713 Bestel alle brouwingredi\u00ebnten van hoge kwaliteit op 1 plaats \u2713 Service & maatwerk \u2713 Snelle, betrouwbare levering\",\"breadcrumb\":{\"@id\":\"https:\/\/sbi4beer.com\/fr\/produit\/rinceuse-de-bouteilles-avvinatore-lux\/#breadcrumb\"},\"inLanguage\":\"fr-FR\",\"potentialAction\":[{\"@type\":\"ReadAction\",\"target\":[\"https:\/\/sbi4beer.com\/fr\/produit\/rinceuse-de-bouteilles-avvinatore-lux\/\"]}]},{\"@type\":\"ImageObject\",\"inLanguage\":\"fr-FR\",\"@id\":\"https:\/\/sbi4beer.com\/fr\/produit\/rinceuse-de-bouteilles-avvinatore-lux\/#primaryimage\",\"url\":\"https:\/\/sbi4beer.com\/wp-content\/uploads\/2023\/01\/flessenspoelapparaat.jpg\",\"contentUrl\":\"https:\/\/sbi4beer.com\/wp-content\/uploads\/2023\/01\/flessenspoelapparaat.jpg\",\"width\":900,\"height\":900,\"caption\":\"flessenspoelapparaat\"},{\"@type\":\"BreadcrumbList\",\"@id\":\"https:\/\/sbi4beer.com\/fr\/produit\/rinceuse-de-bouteilles-avvinatore-lux\/#breadcrumb\",\"itemListElement\":[{\"@type\":\"ListItem\",\"position\":1,\"name\":\"Home\",\"item\":\"https:\/\/sbi4beer.com\/fr\/\"},{\"@type\":\"ListItem\",\"position\":2,\"name\":\"Shop\",\"item\":\"https:\/\/sbi4beer.com\/fr\/shop\/\"},{\"@type\":\"ListItem\",\"position\":3,\"name\":\"\u00c9quipements &amp; accessoires\",\"item\":\"https:\/\/sbi4beer.com\/fr\/Categories-de-produits\/equipements-accessoires\/\"},{\"@type\":\"ListItem\",\"position\":4,\"name\":\"Rinceuse de bouteilles &#8211; Avvinatore Lux\"}]},{\"@type\":\"WebSite\",\"@id\":\"https:\/\/sbi4beer.com\/fr\/#website\",\"url\":\"https:\/\/sbi4beer.com\/fr\/\",\"name\":\"Selected Brewing Ingredients\",\"description\":\"Selected Brewing Ingredients\",\"publisher\":{\"@id\":\"https:\/\/sbi4beer.com\/fr\/#organization\"},\"potentialAction\":[{\"@type\":\"SearchAction\",\"target\":{\"@type\":\"EntryPoint\",\"urlTemplate\":\"https:\/\/sbi4beer.com\/fr\/?s={search_term_string}\"},\"query-input\":{\"@type\":\"PropertyValueSpecification\",\"valueRequired\":true,\"valueName\":\"search_term_string\"}}],\"inLanguage\":\"fr-FR\"},{\"@type\":\"Organization\",\"@id\":\"https:\/\/sbi4beer.com\/fr\/#organization\",\"name\":\"Selected Brewing Ingredients\",\"url\":\"https:\/\/sbi4beer.com\/fr\/\",\"logo\":{\"@type\":\"ImageObject\",\"inLanguage\":\"fr-FR\",\"@id\":\"https:\/\/sbi4beer.com\/fr\/#\/schema\/logo\/image\/\",\"url\":\"https:\/\/sbi4beer.com\/wp-content\/uploads\/2025\/11\/logo-sbi.png\",\"contentUrl\":\"https:\/\/sbi4beer.com\/wp-content\/uploads\/2025\/11\/logo-sbi.png\",\"width\":228,\"height\":69,\"caption\":\"Selected Brewing Ingredients\"},\"image\":{\"@id\":\"https:\/\/sbi4beer.com\/fr\/#\/schema\/logo\/image\/\"},\"sameAs\":[\"https:\/\/www.facebook.com\/SelectedBrewingIngredients\",\"https:\/\/x.com\/sbi4beer\",\"https:\/\/www.instagram.com\/sbi4beer\/\",\"https:\/\/www.linkedin.com\/company\/sbi4beer\/\"]}]}<\/script>\n<!-- \/ Yoast SEO plugin. -->","yoast_head_json":{"title":"Rinceuse de bouteilles - Avvinatore Lux - Selected Brewing Ingredients","description":"Rinceuse de bouteilles - Avvinatore Lux \u2713 Bestel alle brouwingredi\u00ebnten van hoge kwaliteit op 1 plaats \u2713 Service & maatwerk \u2713 Snelle, betrouwbare levering","robots":{"index":"index","follow":"follow","max-snippet":"max-snippet:-1","max-image-preview":"max-image-preview:large","max-video-preview":"max-video-preview:-1"},"canonical":"https:\/\/sbi4beer.com\/fr\/produit\/rinceuse-de-bouteilles-avvinatore-lux\/","og_locale":"fr_FR","og_type":"article","og_title":"Rinceuse de bouteilles - Avvinatore Lux - Selected Brewing Ingredients","og_description":"Rinceuse de bouteilles - Avvinatore Lux \u2713 Bestel alle brouwingredi\u00ebnten van hoge kwaliteit op 1 plaats \u2713 Service & maatwerk \u2713 Snelle, betrouwbare levering","og_url":"https:\/\/sbi4beer.com\/fr\/produit\/rinceuse-de-bouteilles-avvinatore-lux\/","og_site_name":"Selected Brewing Ingredients","article_publisher":"https:\/\/www.facebook.com\/SelectedBrewingIngredients","article_modified_time":"2023-06-16T14:45:31+00:00","og_image":[{"width":900,"height":900,"url":"https:\/\/sbi4beer.com\/wp-content\/uploads\/2023\/01\/flessenspoelapparaat.jpg","type":"image\/jpeg"}],"twitter_card":"summary_large_image","twitter_site":"@sbi4beer","twitter_misc":{"Dur\u00e9e de lecture estim\u00e9e":"2 minutes"},"schema":{"@context":"https:\/\/schema.org","@graph":[{"@type":"WebPage","@id":"https:\/\/sbi4beer.com\/fr\/produit\/rinceuse-de-bouteilles-avvinatore-lux\/","url":"https:\/\/sbi4beer.com\/fr\/produit\/rinceuse-de-bouteilles-avvinatore-lux\/","name":"Rinceuse de bouteilles - Avvinatore Lux - Selected Brewing Ingredients","isPartOf":{"@id":"https:\/\/sbi4beer.com\/fr\/#website"},"primaryImageOfPage":{"@id":"https:\/\/sbi4beer.com\/fr\/produit\/rinceuse-de-bouteilles-avvinatore-lux\/#primaryimage"},"image":{"@id":"https:\/\/sbi4beer.com\/fr\/produit\/rinceuse-de-bouteilles-avvinatore-lux\/#primaryimage"},"thumbnailUrl":"https:\/\/sbi4beer.com\/wp-content\/uploads\/2023\/01\/flessenspoelapparaat.jpg","datePublished":"2023-01-30T16:01:36+00:00","dateModified":"2023-06-16T14:45:31+00:00","description":"Rinceuse de bouteilles - Avvinatore Lux \u2713 Bestel alle brouwingredi\u00ebnten van hoge kwaliteit op 1 plaats \u2713 Service & maatwerk \u2713 Snelle, betrouwbare levering","breadcrumb":{"@id":"https:\/\/sbi4beer.com\/fr\/produit\/rinceuse-de-bouteilles-avvinatore-lux\/#breadcrumb"},"inLanguage":"fr-FR","potentialAction":[{"@type":"ReadAction","target":["https:\/\/sbi4beer.com\/fr\/produit\/rinceuse-de-bouteilles-avvinatore-lux\/"]}]},{"@type":"ImageObject","inLanguage":"fr-FR","@id":"https:\/\/sbi4beer.com\/fr\/produit\/rinceuse-de-bouteilles-avvinatore-lux\/#primaryimage","url":"https:\/\/sbi4beer.com\/wp-content\/uploads\/2023\/01\/flessenspoelapparaat.jpg","contentUrl":"https:\/\/sbi4beer.com\/wp-content\/uploads\/2023\/01\/flessenspoelapparaat.jpg","width":900,"height":900,"caption":"flessenspoelapparaat"},{"@type":"BreadcrumbList","@id":"https:\/\/sbi4beer.com\/fr\/produit\/rinceuse-de-bouteilles-avvinatore-lux\/#breadcrumb","itemListElement":[{"@type":"ListItem","position":1,"name":"Home","item":"https:\/\/sbi4beer.com\/fr\/"},{"@type":"ListItem","position":2,"name":"Shop","item":"https:\/\/sbi4beer.com\/fr\/shop\/"},{"@type":"ListItem","position":3,"name":"\u00c9quipements &amp; accessoires","item":"https:\/\/sbi4beer.com\/fr\/Categories-de-produits\/equipements-accessoires\/"},{"@type":"ListItem","position":4,"name":"Rinceuse de bouteilles &#8211; Avvinatore Lux"}]},{"@type":"WebSite","@id":"https:\/\/sbi4beer.com\/fr\/#website","url":"https:\/\/sbi4beer.com\/fr\/","name":"Selected Brewing Ingredients","description":"Selected Brewing Ingredients","publisher":{"@id":"https:\/\/sbi4beer.com\/fr\/#organization"},"potentialAction":[{"@type":"SearchAction","target":{"@type":"EntryPoint","urlTemplate":"https:\/\/sbi4beer.com\/fr\/?s={search_term_string}"},"query-input":{"@type":"PropertyValueSpecification","valueRequired":true,"valueName":"search_term_string"}}],"inLanguage":"fr-FR"},{"@type":"Organization","@id":"https:\/\/sbi4beer.com\/fr\/#organization","name":"Selected Brewing Ingredients","url":"https:\/\/sbi4beer.com\/fr\/","logo":{"@type":"ImageObject","inLanguage":"fr-FR","@id":"https:\/\/sbi4beer.com\/fr\/#\/schema\/logo\/image\/","url":"https:\/\/sbi4beer.com\/wp-content\/uploads\/2025\/11\/logo-sbi.png","contentUrl":"https:\/\/sbi4beer.com\/wp-content\/uploads\/2025\/11\/logo-sbi.png","width":228,"height":69,"caption":"Selected Brewing Ingredients"},"image":{"@id":"https:\/\/sbi4beer.com\/fr\/#\/schema\/logo\/image\/"},"sameAs":["https:\/\/www.facebook.com\/SelectedBrewingIngredients","https:\/\/x.com\/sbi4beer","https:\/\/www.instagram.com\/sbi4beer\/","https:\/\/www.linkedin.com\/company\/sbi4beer\/"]}]}},"_links":{"self":[{"href":"https:\/\/sbi4beer.com\/fr\/wp-json\/wp\/v2\/product\/37338","targetHints":{"allow":["GET"]}}],"collection":[{"href":"https:\/\/sbi4beer.com\/fr\/wp-json\/wp\/v2\/product"}],"about":[{"href":"https:\/\/sbi4beer.com\/fr\/wp-json\/wp\/v2\/types\/product"}],"wp:featuredmedia":[{"embeddable":true,"href":"https:\/\/sbi4beer.com\/fr\/wp-json\/wp\/v2\/media\/37413"}],"wp:attachment":[{"href":"https:\/\/sbi4beer.com\/fr\/wp-json\/wp\/v2\/media?parent=37338"}],"wp:term":[{"taxonomy":"product_brand","embeddable":true,"href":"https:\/\/sbi4beer.com\/fr\/wp-json\/wp\/v2\/product_brand?post=37338"},{"taxonomy":"product_cat","embeddable":true,"href":"https:\/\/sbi4beer.com\/fr\/wp-json\/wp\/v2\/product_cat?post=37338"},{"taxonomy":"product_tag","embeddable":true,"href":"https:\/\/sbi4beer.com\/fr\/wp-json\/wp\/v2\/product_tag?post=37338"}],"curies":[{"name":"wp","href":"https:\/\/api.w.org\/{rel}","templated":true}]}}