{"id":37344,"date":"2023-01-30T17:02:09","date_gmt":"2023-01-30T16:02:09","guid":{"rendered":"https:\/\/sbi4beer.com\/product\/egouttoir-a-bouteille-avec-poignee-80-bouteilles\/"},"modified":"2023-04-26T10:57:14","modified_gmt":"2023-04-26T08:57:14","slug":"egouttoir-pour-bouteilles-avec-poignee-80-bouteilles","status":"publish","type":"product","link":"https:\/\/sbi4beer.com\/fr\/produit\/egouttoir-pour-bouteilles-avec-poignee-80-bouteilles\/","title":{"rendered":"Egouttoir pour bouteilles avec poign\u00e9e &#8211; 80 bouteilles"},"content":{"rendered":"<h5><strong>Egouttoir pour bouteilles avec poign\u00e9e &#8211; 80 bouteilles<\/strong><\/h5>\n<p>Un \u00e9gouttoir pour bouteilles (avec poign\u00e9e) permet \u00e0 l&rsquo;eau exc\u00e9dentaire de s&rsquo;\u00e9couler des bouteilles lav\u00e9es. Ce support convient \u00e0 80 bouteilles* de 25cl \u00e0 33cl. En cas d&rsquo;utilisation de bouteilles plus grandes, il est conseill\u00e9 de ne pas remplir compl\u00e8tement le support.<\/p>\n<p>Ce support est-il un peu trop grand ? <a href=\"https:\/\/sbi4beer.com\/fr\/produit\/egouttoir-pour-bouteilles-avec-poignee-50-bouteilles\/\" target=\"_blank\" rel=\"noopener\"><strong>L&rsquo;\u00e9gouttoir pour 50 bouteilles<\/strong><\/a> est un meilleur choix.<\/p>\n<p><strong>CONSEIL :<\/strong> Pour un bouteille sale, la <a href=\"https:\/\/sbi4beer.com\/fr\/produit\/brosse-a-bouteilles-nylon-45cm\/\" target=\"_blank\" rel=\"noopener\"><strong>brosse \u00e0 bouteilles<\/strong><\/a> universelle peut \u00eatre une excellente solution pour nettoyer m\u00eame les endroits difficiles \u00e0 atteindre.<\/p>\n<h5><strong>Caract\u00e9ristiques<\/strong><\/h5>\n<p>Le grand avantage de ce type d&rsquo;\u00e9gouttoir \u00e0 bouteilles est que sa forme sp\u00e9cifique permet de faire s\u00e9cher un grand nombre de bouteilles en m\u00eame temps dans un espace relativement restreint.<\/p>\n<ul>\n<li>Plastique;<\/li>\n<li>Base stable;<\/li>\n<li>Poign\u00e9e;<\/li>\n<li>8 niveaux avec 10 supports;<\/li>\n<li>Modulaire. Tous les niveaux sont filet\u00e9s, y compris la poign\u00e9e et la base.<\/li>\n<\/ul>\n<h5><strong>Dimensions<\/strong><\/h5>\n<ul>\n<li>La base a un diam\u00e8tre de 39,5 cm;<\/li>\n<li>L&rsquo;\u00e9gouttoir pour bouteilles a une hauteur d&rsquo;environ 77 cm.<\/li>\n<\/ul>\n<p><em>* Ce produit est livr\u00e9 sans bouteilles. Vous cherchez des bouteilles ? <strong><a href=\"https:\/\/sbi4beer.com\/fr\/Categories-de-produits\/remplissage\/bouteilles\/\" target=\"_blank\" rel=\"noopener\">Consultez-les ici.<\/a><\/strong><\/em><\/p>\n","protected":false},"excerpt":{"rendered":"<p>S\u00e9chage facile et hygi\u00e9nique des bouteilles gr\u00e2ce \u00e0 ce \u00e9gouttoir pour 80 bouteilles.<\/p>\n","protected":false},"featured_media":37366,"template":"","meta":{"_acf_changed":false},"product_brand":[],"product_cat":[1370],"product_tag":[],"class_list":{"0":"post-37344","1":"product","2":"type-product","3":"status-publish","4":"has-post-thumbnail","6":"product_cat-equipements-accessoires","8":"first","9":"instock","10":"taxable","11":"shipping-taxable","12":"purchasable","13":"product-type-simple"},"acf":[],"yoast_head":"<!-- This site is optimized with the Yoast SEO plugin v27.1.1 - https:\/\/yoast.com\/product\/yoast-seo-wordpress\/ -->\n<title>Egouttoir pour bouteilles avec poign\u00e9e - 80 bouteilles - Selected Brewing Ingredients<\/title>\n<meta name=\"description\" content=\"Egouttoir pour bouteilles avec poign\u00e9e - 80 bouteilles \u2713 Bestel alle brouwingredi\u00ebnten van hoge kwaliteit op 1 plaats \u2713 Service &amp; maatwerk \u2713 Snelle, betrouwbare levering\" \/>\n<meta name=\"robots\" content=\"index, follow, max-snippet:-1, max-image-preview:large, max-video-preview:-1\" \/>\n<link rel=\"canonical\" href=\"https:\/\/sbi4beer.com\/fr\/produit\/egouttoir-pour-bouteilles-avec-poignee-80-bouteilles\/\" \/>\n<meta property=\"og:locale\" content=\"fr_FR\" \/>\n<meta property=\"og:type\" content=\"article\" \/>\n<meta property=\"og:title\" content=\"Egouttoir pour bouteilles avec poign\u00e9e - 80 bouteilles - Selected Brewing Ingredients\" \/>\n<meta property=\"og:description\" content=\"Egouttoir pour bouteilles avec poign\u00e9e - 80 bouteilles \u2713 Bestel alle brouwingredi\u00ebnten van hoge kwaliteit op 1 plaats \u2713 Service &amp; maatwerk \u2713 Snelle, betrouwbare levering\" \/>\n<meta property=\"og:url\" content=\"https:\/\/sbi4beer.com\/fr\/produit\/egouttoir-pour-bouteilles-avec-poignee-80-bouteilles\/\" \/>\n<meta property=\"og:site_name\" content=\"Selected Brewing Ingredients\" \/>\n<meta property=\"article:publisher\" content=\"https:\/\/www.facebook.com\/SelectedBrewingIngredients\" \/>\n<meta property=\"article:modified_time\" content=\"2023-04-26T08:57:14+00:00\" \/>\n<meta property=\"og:image\" content=\"https:\/\/sbi4beer.com\/wp-content\/uploads\/2023\/01\/flessendroogrek-met-handvat.jpg\" \/>\n\t<meta property=\"og:image:width\" content=\"800\" \/>\n\t<meta property=\"og:image:height\" content=\"800\" \/>\n\t<meta property=\"og:image:type\" content=\"image\/jpeg\" \/>\n<meta name=\"twitter:card\" content=\"summary_large_image\" \/>\n<meta name=\"twitter:site\" content=\"@sbi4beer\" \/>\n<meta name=\"twitter:label1\" content=\"Dur\u00e9e de lecture estim\u00e9e\" \/>\n\t<meta name=\"twitter:data1\" content=\"1 minute\" \/>\n<script type=\"application\/ld+json\" class=\"yoast-schema-graph\">{\"@context\":\"https:\/\/schema.org\",\"@graph\":[{\"@type\":\"WebPage\",\"@id\":\"https:\/\/sbi4beer.com\/fr\/produit\/egouttoir-pour-bouteilles-avec-poignee-80-bouteilles\/\",\"url\":\"https:\/\/sbi4beer.com\/fr\/produit\/egouttoir-pour-bouteilles-avec-poignee-80-bouteilles\/\",\"name\":\"Egouttoir pour bouteilles avec poign\u00e9e - 80 bouteilles - Selected Brewing Ingredients\",\"isPartOf\":{\"@id\":\"https:\/\/sbi4beer.com\/fr\/#website\"},\"primaryImageOfPage\":{\"@id\":\"https:\/\/sbi4beer.com\/fr\/produit\/egouttoir-pour-bouteilles-avec-poignee-80-bouteilles\/#primaryimage\"},\"image\":{\"@id\":\"https:\/\/sbi4beer.com\/fr\/produit\/egouttoir-pour-bouteilles-avec-poignee-80-bouteilles\/#primaryimage\"},\"thumbnailUrl\":\"https:\/\/sbi4beer.com\/wp-content\/uploads\/2023\/01\/flessendroogrek-met-handvat.jpg\",\"datePublished\":\"2023-01-30T16:02:09+00:00\",\"dateModified\":\"2023-04-26T08:57:14+00:00\",\"description\":\"Egouttoir pour bouteilles avec poign\u00e9e - 80 bouteilles \u2713 Bestel alle brouwingredi\u00ebnten van hoge kwaliteit op 1 plaats \u2713 Service & maatwerk \u2713 Snelle, betrouwbare levering\",\"breadcrumb\":{\"@id\":\"https:\/\/sbi4beer.com\/fr\/produit\/egouttoir-pour-bouteilles-avec-poignee-80-bouteilles\/#breadcrumb\"},\"inLanguage\":\"fr-FR\",\"potentialAction\":[{\"@type\":\"ReadAction\",\"target\":[\"https:\/\/sbi4beer.com\/fr\/produit\/egouttoir-pour-bouteilles-avec-poignee-80-bouteilles\/\"]}]},{\"@type\":\"ImageObject\",\"inLanguage\":\"fr-FR\",\"@id\":\"https:\/\/sbi4beer.com\/fr\/produit\/egouttoir-pour-bouteilles-avec-poignee-80-bouteilles\/#primaryimage\",\"url\":\"https:\/\/sbi4beer.com\/wp-content\/uploads\/2023\/01\/flessendroogrek-met-handvat.jpg\",\"contentUrl\":\"https:\/\/sbi4beer.com\/wp-content\/uploads\/2023\/01\/flessendroogrek-met-handvat.jpg\",\"width\":800,\"height\":800,\"caption\":\"flessendroogrek-met-handvat\"},{\"@type\":\"BreadcrumbList\",\"@id\":\"https:\/\/sbi4beer.com\/fr\/produit\/egouttoir-pour-bouteilles-avec-poignee-80-bouteilles\/#breadcrumb\",\"itemListElement\":[{\"@type\":\"ListItem\",\"position\":1,\"name\":\"Home\",\"item\":\"https:\/\/sbi4beer.com\/fr\/\"},{\"@type\":\"ListItem\",\"position\":2,\"name\":\"Shop\",\"item\":\"https:\/\/sbi4beer.com\/fr\/shop\/\"},{\"@type\":\"ListItem\",\"position\":3,\"name\":\"\u00c9quipements &amp; accessoires\",\"item\":\"https:\/\/sbi4beer.com\/fr\/Categories-de-produits\/equipements-accessoires\/\"},{\"@type\":\"ListItem\",\"position\":4,\"name\":\"Egouttoir pour bouteilles avec poign\u00e9e &#8211; 80 bouteilles\"}]},{\"@type\":\"WebSite\",\"@id\":\"https:\/\/sbi4beer.com\/fr\/#website\",\"url\":\"https:\/\/sbi4beer.com\/fr\/\",\"name\":\"Selected Brewing Ingredients\",\"description\":\"Selected Brewing Ingredients\",\"publisher\":{\"@id\":\"https:\/\/sbi4beer.com\/fr\/#organization\"},\"potentialAction\":[{\"@type\":\"SearchAction\",\"target\":{\"@type\":\"EntryPoint\",\"urlTemplate\":\"https:\/\/sbi4beer.com\/fr\/?s={search_term_string}\"},\"query-input\":{\"@type\":\"PropertyValueSpecification\",\"valueRequired\":true,\"valueName\":\"search_term_string\"}}],\"inLanguage\":\"fr-FR\"},{\"@type\":\"Organization\",\"@id\":\"https:\/\/sbi4beer.com\/fr\/#organization\",\"name\":\"Selected Brewing Ingredients\",\"url\":\"https:\/\/sbi4beer.com\/fr\/\",\"logo\":{\"@type\":\"ImageObject\",\"inLanguage\":\"fr-FR\",\"@id\":\"https:\/\/sbi4beer.com\/fr\/#\/schema\/logo\/image\/\",\"url\":\"https:\/\/sbi4beer.com\/wp-content\/uploads\/2025\/11\/logo-sbi.png\",\"contentUrl\":\"https:\/\/sbi4beer.com\/wp-content\/uploads\/2025\/11\/logo-sbi.png\",\"width\":228,\"height\":69,\"caption\":\"Selected Brewing Ingredients\"},\"image\":{\"@id\":\"https:\/\/sbi4beer.com\/fr\/#\/schema\/logo\/image\/\"},\"sameAs\":[\"https:\/\/www.facebook.com\/SelectedBrewingIngredients\",\"https:\/\/x.com\/sbi4beer\",\"https:\/\/www.instagram.com\/sbi4beer\/\",\"https:\/\/www.linkedin.com\/company\/sbi4beer\/\"]}]}<\/script>\n<!-- \/ Yoast SEO plugin. -->","yoast_head_json":{"title":"Egouttoir pour bouteilles avec poign\u00e9e - 80 bouteilles - Selected Brewing Ingredients","description":"Egouttoir pour bouteilles avec poign\u00e9e - 80 bouteilles \u2713 Bestel alle brouwingredi\u00ebnten van hoge kwaliteit op 1 plaats \u2713 Service & maatwerk \u2713 Snelle, betrouwbare levering","robots":{"index":"index","follow":"follow","max-snippet":"max-snippet:-1","max-image-preview":"max-image-preview:large","max-video-preview":"max-video-preview:-1"},"canonical":"https:\/\/sbi4beer.com\/fr\/produit\/egouttoir-pour-bouteilles-avec-poignee-80-bouteilles\/","og_locale":"fr_FR","og_type":"article","og_title":"Egouttoir pour bouteilles avec poign\u00e9e - 80 bouteilles - Selected Brewing Ingredients","og_description":"Egouttoir pour bouteilles avec poign\u00e9e - 80 bouteilles \u2713 Bestel alle brouwingredi\u00ebnten van hoge kwaliteit op 1 plaats \u2713 Service & maatwerk \u2713 Snelle, betrouwbare levering","og_url":"https:\/\/sbi4beer.com\/fr\/produit\/egouttoir-pour-bouteilles-avec-poignee-80-bouteilles\/","og_site_name":"Selected Brewing Ingredients","article_publisher":"https:\/\/www.facebook.com\/SelectedBrewingIngredients","article_modified_time":"2023-04-26T08:57:14+00:00","og_image":[{"width":800,"height":800,"url":"https:\/\/sbi4beer.com\/wp-content\/uploads\/2023\/01\/flessendroogrek-met-handvat.jpg","type":"image\/jpeg"}],"twitter_card":"summary_large_image","twitter_site":"@sbi4beer","twitter_misc":{"Dur\u00e9e de lecture estim\u00e9e":"1 minute"},"schema":{"@context":"https:\/\/schema.org","@graph":[{"@type":"WebPage","@id":"https:\/\/sbi4beer.com\/fr\/produit\/egouttoir-pour-bouteilles-avec-poignee-80-bouteilles\/","url":"https:\/\/sbi4beer.com\/fr\/produit\/egouttoir-pour-bouteilles-avec-poignee-80-bouteilles\/","name":"Egouttoir pour bouteilles avec poign\u00e9e - 80 bouteilles - Selected Brewing Ingredients","isPartOf":{"@id":"https:\/\/sbi4beer.com\/fr\/#website"},"primaryImageOfPage":{"@id":"https:\/\/sbi4beer.com\/fr\/produit\/egouttoir-pour-bouteilles-avec-poignee-80-bouteilles\/#primaryimage"},"image":{"@id":"https:\/\/sbi4beer.com\/fr\/produit\/egouttoir-pour-bouteilles-avec-poignee-80-bouteilles\/#primaryimage"},"thumbnailUrl":"https:\/\/sbi4beer.com\/wp-content\/uploads\/2023\/01\/flessendroogrek-met-handvat.jpg","datePublished":"2023-01-30T16:02:09+00:00","dateModified":"2023-04-26T08:57:14+00:00","description":"Egouttoir pour bouteilles avec poign\u00e9e - 80 bouteilles \u2713 Bestel alle brouwingredi\u00ebnten van hoge kwaliteit op 1 plaats \u2713 Service & maatwerk \u2713 Snelle, betrouwbare levering","breadcrumb":{"@id":"https:\/\/sbi4beer.com\/fr\/produit\/egouttoir-pour-bouteilles-avec-poignee-80-bouteilles\/#breadcrumb"},"inLanguage":"fr-FR","potentialAction":[{"@type":"ReadAction","target":["https:\/\/sbi4beer.com\/fr\/produit\/egouttoir-pour-bouteilles-avec-poignee-80-bouteilles\/"]}]},{"@type":"ImageObject","inLanguage":"fr-FR","@id":"https:\/\/sbi4beer.com\/fr\/produit\/egouttoir-pour-bouteilles-avec-poignee-80-bouteilles\/#primaryimage","url":"https:\/\/sbi4beer.com\/wp-content\/uploads\/2023\/01\/flessendroogrek-met-handvat.jpg","contentUrl":"https:\/\/sbi4beer.com\/wp-content\/uploads\/2023\/01\/flessendroogrek-met-handvat.jpg","width":800,"height":800,"caption":"flessendroogrek-met-handvat"},{"@type":"BreadcrumbList","@id":"https:\/\/sbi4beer.com\/fr\/produit\/egouttoir-pour-bouteilles-avec-poignee-80-bouteilles\/#breadcrumb","itemListElement":[{"@type":"ListItem","position":1,"name":"Home","item":"https:\/\/sbi4beer.com\/fr\/"},{"@type":"ListItem","position":2,"name":"Shop","item":"https:\/\/sbi4beer.com\/fr\/shop\/"},{"@type":"ListItem","position":3,"name":"\u00c9quipements &amp; accessoires","item":"https:\/\/sbi4beer.com\/fr\/Categories-de-produits\/equipements-accessoires\/"},{"@type":"ListItem","position":4,"name":"Egouttoir pour bouteilles avec poign\u00e9e &#8211; 80 bouteilles"}]},{"@type":"WebSite","@id":"https:\/\/sbi4beer.com\/fr\/#website","url":"https:\/\/sbi4beer.com\/fr\/","name":"Selected Brewing Ingredients","description":"Selected Brewing Ingredients","publisher":{"@id":"https:\/\/sbi4beer.com\/fr\/#organization"},"potentialAction":[{"@type":"SearchAction","target":{"@type":"EntryPoint","urlTemplate":"https:\/\/sbi4beer.com\/fr\/?s={search_term_string}"},"query-input":{"@type":"PropertyValueSpecification","valueRequired":true,"valueName":"search_term_string"}}],"inLanguage":"fr-FR"},{"@type":"Organization","@id":"https:\/\/sbi4beer.com\/fr\/#organization","name":"Selected Brewing Ingredients","url":"https:\/\/sbi4beer.com\/fr\/","logo":{"@type":"ImageObject","inLanguage":"fr-FR","@id":"https:\/\/sbi4beer.com\/fr\/#\/schema\/logo\/image\/","url":"https:\/\/sbi4beer.com\/wp-content\/uploads\/2025\/11\/logo-sbi.png","contentUrl":"https:\/\/sbi4beer.com\/wp-content\/uploads\/2025\/11\/logo-sbi.png","width":228,"height":69,"caption":"Selected Brewing Ingredients"},"image":{"@id":"https:\/\/sbi4beer.com\/fr\/#\/schema\/logo\/image\/"},"sameAs":["https:\/\/www.facebook.com\/SelectedBrewingIngredients","https:\/\/x.com\/sbi4beer","https:\/\/www.instagram.com\/sbi4beer\/","https:\/\/www.linkedin.com\/company\/sbi4beer\/"]}]}},"_links":{"self":[{"href":"https:\/\/sbi4beer.com\/fr\/wp-json\/wp\/v2\/product\/37344","targetHints":{"allow":["GET"]}}],"collection":[{"href":"https:\/\/sbi4beer.com\/fr\/wp-json\/wp\/v2\/product"}],"about":[{"href":"https:\/\/sbi4beer.com\/fr\/wp-json\/wp\/v2\/types\/product"}],"wp:featuredmedia":[{"embeddable":true,"href":"https:\/\/sbi4beer.com\/fr\/wp-json\/wp\/v2\/media\/37366"}],"wp:attachment":[{"href":"https:\/\/sbi4beer.com\/fr\/wp-json\/wp\/v2\/media?parent=37344"}],"wp:term":[{"taxonomy":"product_brand","embeddable":true,"href":"https:\/\/sbi4beer.com\/fr\/wp-json\/wp\/v2\/product_brand?post=37344"},{"taxonomy":"product_cat","embeddable":true,"href":"https:\/\/sbi4beer.com\/fr\/wp-json\/wp\/v2\/product_cat?post=37344"},{"taxonomy":"product_tag","embeddable":true,"href":"https:\/\/sbi4beer.com\/fr\/wp-json\/wp\/v2\/product_tag?post=37344"}],"curies":[{"name":"wp","href":"https:\/\/api.w.org\/{rel}","templated":true}]}}