{"id":37353,"date":"2023-01-31T09:01:41","date_gmt":"2023-01-31T08:01:41","guid":{"rendered":"https:\/\/sbi4beer.com\/product\/appareil-a-capsules-de-couronne-26mm-rouge\/"},"modified":"2023-08-30T17:34:01","modified_gmt":"2023-08-30T15:34:01","slug":"appareil-a-capsules-couronnes-26mm-rouge","status":"publish","type":"product","link":"https:\/\/sbi4beer.com\/fr\/produit\/appareil-a-capsules-couronnes-26mm-rouge\/","title":{"rendered":"Appareil \u00e0 capsules couronnes 26mm rouge"},"content":{"rendered":"<h5><strong>Appareil \u00e0 capsules de couronne 26mm rouge<\/strong><\/h5>\n<p>Les appareils \u00e0 capsules de couronne sont disponibles dans diff\u00e9rentes formes et tailles. Ce mod\u00e8le solide d&rsquo;appareil \u00e0 capsules de couronne manuel est utilis\u00e9 manuellement \u00e0 l&rsquo;aide de deux leviers. Cela permet de cr\u00e9er une fermeture parfaite. Au centre se trouve une pi\u00e8ce sp\u00e9cialement con\u00e7ue pour les <strong><a href=\"https:\/\/sbi4beer.com\/fr\/Categories-de-produits\/remplissage\/bouteilles\/?_subcategorie=capsules-couronne\" target=\"_blank\" rel=\"noopener\">capsules de couronne<\/a><\/strong> de 26 mm.<\/p>\n<h5><strong>Caract\u00e9ristiques<\/strong><\/h5>\n<ul>\n<li>Couleur rouge;<\/li>\n<li>Deux leviers;<\/li>\n<li>Haute qualit\u00e9;<\/li>\n<li>Apparence professionnelle pour la bouteille (de bi\u00e8re);<\/li>\n<li>Un aimant maintient la capsule de couronne en place;<\/li>\n<li>Sp\u00e9cialement con\u00e7u pour les capsules de couronne de \u00d8 26 mm;<\/li>\n<li>Appareil \u00e0 capsules de couronne \u00e0 commande manuelle;<\/li>\n<li>Produit en Italie;<\/li>\n<li>Facile \u00e0 utiliser.<\/li>\n<\/ul>\n<h5><strong>Dimensions<\/strong><\/h5>\n<ul>\n<li>Longueur : 390 mm. Il s&rsquo;agit de la longueur lorsque les deux leviers sont compl\u00e8tement abaiss\u00e9s;<\/li>\n<li>Largeur : 71 mm;<\/li>\n<li>Hauteur : 188 mm, en position de repos, comme indiqu\u00e9 sur la premi\u00e8re photo.<\/li>\n<\/ul>\n<p>Les dimensions des leviers sont 105 mm x 22 mm x 19 mm, avec tous les coins arrondis.<\/p>\n<h5><strong>Points d&rsquo;attention<\/strong><\/h5>\n<p>Cet appareil \u00e0 capsules de couronne (\u00e9galement connu sous le nom de <strong>VIK Capper 26 mm<\/strong>) convient parfaitement \u00e0 l&#8217;embouteillage de petites quantit\u00e9s.<\/p>\n","protected":false},"excerpt":{"rendered":"<p>Appareil \u00e0 capsules de couronne manuelle. Sp\u00e9cialement con\u00e7u pour les capsules de couronne de 26 mm.<\/p>\n","protected":false},"featured_media":37476,"template":"","meta":{"_acf_changed":false},"product_brand":[],"product_cat":[1370],"product_tag":[],"class_list":{"0":"post-37353","1":"product","2":"type-product","3":"status-publish","4":"has-post-thumbnail","6":"product_cat-equipements-accessoires","8":"first","9":"instock","10":"taxable","11":"shipping-taxable","12":"purchasable","13":"product-type-simple"},"acf":[],"yoast_head":"<!-- This site is optimized with the Yoast SEO plugin v27.1.1 - https:\/\/yoast.com\/product\/yoast-seo-wordpress\/ -->\n<title>Appareil \u00e0 capsules couronnes 26mm rouge - Selected Brewing Ingredients<\/title>\n<meta name=\"description\" content=\"Appareil \u00e0 capsules couronnes 26mm rouge \u2713 Bestel alle brouwingredi\u00ebnten van hoge kwaliteit op 1 plaats \u2713 Service &amp; maatwerk \u2713 Snelle, betrouwbare levering\" \/>\n<meta name=\"robots\" content=\"index, follow, max-snippet:-1, max-image-preview:large, max-video-preview:-1\" \/>\n<link rel=\"canonical\" href=\"https:\/\/sbi4beer.com\/fr\/produit\/appareil-a-capsules-couronnes-26mm-rouge\/\" \/>\n<meta property=\"og:locale\" content=\"fr_FR\" \/>\n<meta property=\"og:type\" content=\"article\" \/>\n<meta property=\"og:title\" content=\"Appareil \u00e0 capsules couronnes 26mm rouge - Selected Brewing Ingredients\" \/>\n<meta property=\"og:description\" content=\"Appareil \u00e0 capsules couronnes 26mm rouge \u2713 Bestel alle brouwingredi\u00ebnten van hoge kwaliteit op 1 plaats \u2713 Service &amp; maatwerk \u2713 Snelle, betrouwbare levering\" \/>\n<meta property=\"og:url\" content=\"https:\/\/sbi4beer.com\/fr\/produit\/appareil-a-capsules-couronnes-26mm-rouge\/\" \/>\n<meta property=\"og:site_name\" content=\"Selected Brewing Ingredients\" \/>\n<meta property=\"article:publisher\" content=\"https:\/\/www.facebook.com\/SelectedBrewingIngredients\" \/>\n<meta property=\"article:modified_time\" content=\"2023-08-30T15:34:01+00:00\" \/>\n<meta property=\"og:image\" content=\"https:\/\/sbi4beer.com\/wp-content\/uploads\/2023\/01\/kroonkurkapparaat-26-mm-rood.jpg\" \/>\n\t<meta property=\"og:image:width\" content=\"800\" \/>\n\t<meta property=\"og:image:height\" content=\"800\" \/>\n\t<meta property=\"og:image:type\" content=\"image\/jpeg\" \/>\n<meta name=\"twitter:card\" content=\"summary_large_image\" \/>\n<meta name=\"twitter:site\" content=\"@sbi4beer\" \/>\n<meta name=\"twitter:label1\" content=\"Dur\u00e9e de lecture estim\u00e9e\" \/>\n\t<meta name=\"twitter:data1\" content=\"1 minute\" \/>\n<script type=\"application\/ld+json\" class=\"yoast-schema-graph\">{\"@context\":\"https:\/\/schema.org\",\"@graph\":[{\"@type\":\"WebPage\",\"@id\":\"https:\/\/sbi4beer.com\/fr\/produit\/appareil-a-capsules-couronnes-26mm-rouge\/\",\"url\":\"https:\/\/sbi4beer.com\/fr\/produit\/appareil-a-capsules-couronnes-26mm-rouge\/\",\"name\":\"Appareil \u00e0 capsules couronnes 26mm rouge - Selected Brewing Ingredients\",\"isPartOf\":{\"@id\":\"https:\/\/sbi4beer.com\/fr\/#website\"},\"primaryImageOfPage\":{\"@id\":\"https:\/\/sbi4beer.com\/fr\/produit\/appareil-a-capsules-couronnes-26mm-rouge\/#primaryimage\"},\"image\":{\"@id\":\"https:\/\/sbi4beer.com\/fr\/produit\/appareil-a-capsules-couronnes-26mm-rouge\/#primaryimage\"},\"thumbnailUrl\":\"https:\/\/sbi4beer.com\/wp-content\/uploads\/2023\/01\/kroonkurkapparaat-26-mm-rood.jpg\",\"datePublished\":\"2023-01-31T08:01:41+00:00\",\"dateModified\":\"2023-08-30T15:34:01+00:00\",\"description\":\"Appareil \u00e0 capsules couronnes 26mm rouge \u2713 Bestel alle brouwingredi\u00ebnten van hoge kwaliteit op 1 plaats \u2713 Service & maatwerk \u2713 Snelle, betrouwbare levering\",\"breadcrumb\":{\"@id\":\"https:\/\/sbi4beer.com\/fr\/produit\/appareil-a-capsules-couronnes-26mm-rouge\/#breadcrumb\"},\"inLanguage\":\"fr-FR\",\"potentialAction\":[{\"@type\":\"ReadAction\",\"target\":[\"https:\/\/sbi4beer.com\/fr\/produit\/appareil-a-capsules-couronnes-26mm-rouge\/\"]}]},{\"@type\":\"ImageObject\",\"inLanguage\":\"fr-FR\",\"@id\":\"https:\/\/sbi4beer.com\/fr\/produit\/appareil-a-capsules-couronnes-26mm-rouge\/#primaryimage\",\"url\":\"https:\/\/sbi4beer.com\/wp-content\/uploads\/2023\/01\/kroonkurkapparaat-26-mm-rood.jpg\",\"contentUrl\":\"https:\/\/sbi4beer.com\/wp-content\/uploads\/2023\/01\/kroonkurkapparaat-26-mm-rood.jpg\",\"width\":800,\"height\":800,\"caption\":\"kroonkurkapparaat-26-mm-rood\"},{\"@type\":\"BreadcrumbList\",\"@id\":\"https:\/\/sbi4beer.com\/fr\/produit\/appareil-a-capsules-couronnes-26mm-rouge\/#breadcrumb\",\"itemListElement\":[{\"@type\":\"ListItem\",\"position\":1,\"name\":\"Home\",\"item\":\"https:\/\/sbi4beer.com\/fr\/\"},{\"@type\":\"ListItem\",\"position\":2,\"name\":\"Shop\",\"item\":\"https:\/\/sbi4beer.com\/fr\/shop\/\"},{\"@type\":\"ListItem\",\"position\":3,\"name\":\"\u00c9quipements &amp; accessoires\",\"item\":\"https:\/\/sbi4beer.com\/fr\/Categories-de-produits\/equipements-accessoires\/\"},{\"@type\":\"ListItem\",\"position\":4,\"name\":\"Appareil \u00e0 capsules couronnes 26mm rouge\"}]},{\"@type\":\"WebSite\",\"@id\":\"https:\/\/sbi4beer.com\/fr\/#website\",\"url\":\"https:\/\/sbi4beer.com\/fr\/\",\"name\":\"Selected Brewing Ingredients\",\"description\":\"Selected Brewing Ingredients\",\"publisher\":{\"@id\":\"https:\/\/sbi4beer.com\/fr\/#organization\"},\"potentialAction\":[{\"@type\":\"SearchAction\",\"target\":{\"@type\":\"EntryPoint\",\"urlTemplate\":\"https:\/\/sbi4beer.com\/fr\/?s={search_term_string}\"},\"query-input\":{\"@type\":\"PropertyValueSpecification\",\"valueRequired\":true,\"valueName\":\"search_term_string\"}}],\"inLanguage\":\"fr-FR\"},{\"@type\":\"Organization\",\"@id\":\"https:\/\/sbi4beer.com\/fr\/#organization\",\"name\":\"Selected Brewing Ingredients\",\"url\":\"https:\/\/sbi4beer.com\/fr\/\",\"logo\":{\"@type\":\"ImageObject\",\"inLanguage\":\"fr-FR\",\"@id\":\"https:\/\/sbi4beer.com\/fr\/#\/schema\/logo\/image\/\",\"url\":\"https:\/\/sbi4beer.com\/wp-content\/uploads\/2025\/11\/logo-sbi.png\",\"contentUrl\":\"https:\/\/sbi4beer.com\/wp-content\/uploads\/2025\/11\/logo-sbi.png\",\"width\":228,\"height\":69,\"caption\":\"Selected Brewing Ingredients\"},\"image\":{\"@id\":\"https:\/\/sbi4beer.com\/fr\/#\/schema\/logo\/image\/\"},\"sameAs\":[\"https:\/\/www.facebook.com\/SelectedBrewingIngredients\",\"https:\/\/x.com\/sbi4beer\",\"https:\/\/www.instagram.com\/sbi4beer\/\",\"https:\/\/www.linkedin.com\/company\/sbi4beer\/\"]}]}<\/script>\n<!-- \/ Yoast SEO plugin. -->","yoast_head_json":{"title":"Appareil \u00e0 capsules couronnes 26mm rouge - Selected Brewing Ingredients","description":"Appareil \u00e0 capsules couronnes 26mm rouge \u2713 Bestel alle brouwingredi\u00ebnten van hoge kwaliteit op 1 plaats \u2713 Service & maatwerk \u2713 Snelle, betrouwbare levering","robots":{"index":"index","follow":"follow","max-snippet":"max-snippet:-1","max-image-preview":"max-image-preview:large","max-video-preview":"max-video-preview:-1"},"canonical":"https:\/\/sbi4beer.com\/fr\/produit\/appareil-a-capsules-couronnes-26mm-rouge\/","og_locale":"fr_FR","og_type":"article","og_title":"Appareil \u00e0 capsules couronnes 26mm rouge - Selected Brewing Ingredients","og_description":"Appareil \u00e0 capsules couronnes 26mm rouge \u2713 Bestel alle brouwingredi\u00ebnten van hoge kwaliteit op 1 plaats \u2713 Service & maatwerk \u2713 Snelle, betrouwbare levering","og_url":"https:\/\/sbi4beer.com\/fr\/produit\/appareil-a-capsules-couronnes-26mm-rouge\/","og_site_name":"Selected Brewing Ingredients","article_publisher":"https:\/\/www.facebook.com\/SelectedBrewingIngredients","article_modified_time":"2023-08-30T15:34:01+00:00","og_image":[{"width":800,"height":800,"url":"https:\/\/sbi4beer.com\/wp-content\/uploads\/2023\/01\/kroonkurkapparaat-26-mm-rood.jpg","type":"image\/jpeg"}],"twitter_card":"summary_large_image","twitter_site":"@sbi4beer","twitter_misc":{"Dur\u00e9e de lecture estim\u00e9e":"1 minute"},"schema":{"@context":"https:\/\/schema.org","@graph":[{"@type":"WebPage","@id":"https:\/\/sbi4beer.com\/fr\/produit\/appareil-a-capsules-couronnes-26mm-rouge\/","url":"https:\/\/sbi4beer.com\/fr\/produit\/appareil-a-capsules-couronnes-26mm-rouge\/","name":"Appareil \u00e0 capsules couronnes 26mm rouge - Selected Brewing Ingredients","isPartOf":{"@id":"https:\/\/sbi4beer.com\/fr\/#website"},"primaryImageOfPage":{"@id":"https:\/\/sbi4beer.com\/fr\/produit\/appareil-a-capsules-couronnes-26mm-rouge\/#primaryimage"},"image":{"@id":"https:\/\/sbi4beer.com\/fr\/produit\/appareil-a-capsules-couronnes-26mm-rouge\/#primaryimage"},"thumbnailUrl":"https:\/\/sbi4beer.com\/wp-content\/uploads\/2023\/01\/kroonkurkapparaat-26-mm-rood.jpg","datePublished":"2023-01-31T08:01:41+00:00","dateModified":"2023-08-30T15:34:01+00:00","description":"Appareil \u00e0 capsules couronnes 26mm rouge \u2713 Bestel alle brouwingredi\u00ebnten van hoge kwaliteit op 1 plaats \u2713 Service & maatwerk \u2713 Snelle, betrouwbare levering","breadcrumb":{"@id":"https:\/\/sbi4beer.com\/fr\/produit\/appareil-a-capsules-couronnes-26mm-rouge\/#breadcrumb"},"inLanguage":"fr-FR","potentialAction":[{"@type":"ReadAction","target":["https:\/\/sbi4beer.com\/fr\/produit\/appareil-a-capsules-couronnes-26mm-rouge\/"]}]},{"@type":"ImageObject","inLanguage":"fr-FR","@id":"https:\/\/sbi4beer.com\/fr\/produit\/appareil-a-capsules-couronnes-26mm-rouge\/#primaryimage","url":"https:\/\/sbi4beer.com\/wp-content\/uploads\/2023\/01\/kroonkurkapparaat-26-mm-rood.jpg","contentUrl":"https:\/\/sbi4beer.com\/wp-content\/uploads\/2023\/01\/kroonkurkapparaat-26-mm-rood.jpg","width":800,"height":800,"caption":"kroonkurkapparaat-26-mm-rood"},{"@type":"BreadcrumbList","@id":"https:\/\/sbi4beer.com\/fr\/produit\/appareil-a-capsules-couronnes-26mm-rouge\/#breadcrumb","itemListElement":[{"@type":"ListItem","position":1,"name":"Home","item":"https:\/\/sbi4beer.com\/fr\/"},{"@type":"ListItem","position":2,"name":"Shop","item":"https:\/\/sbi4beer.com\/fr\/shop\/"},{"@type":"ListItem","position":3,"name":"\u00c9quipements &amp; accessoires","item":"https:\/\/sbi4beer.com\/fr\/Categories-de-produits\/equipements-accessoires\/"},{"@type":"ListItem","position":4,"name":"Appareil \u00e0 capsules couronnes 26mm rouge"}]},{"@type":"WebSite","@id":"https:\/\/sbi4beer.com\/fr\/#website","url":"https:\/\/sbi4beer.com\/fr\/","name":"Selected Brewing Ingredients","description":"Selected Brewing Ingredients","publisher":{"@id":"https:\/\/sbi4beer.com\/fr\/#organization"},"potentialAction":[{"@type":"SearchAction","target":{"@type":"EntryPoint","urlTemplate":"https:\/\/sbi4beer.com\/fr\/?s={search_term_string}"},"query-input":{"@type":"PropertyValueSpecification","valueRequired":true,"valueName":"search_term_string"}}],"inLanguage":"fr-FR"},{"@type":"Organization","@id":"https:\/\/sbi4beer.com\/fr\/#organization","name":"Selected Brewing Ingredients","url":"https:\/\/sbi4beer.com\/fr\/","logo":{"@type":"ImageObject","inLanguage":"fr-FR","@id":"https:\/\/sbi4beer.com\/fr\/#\/schema\/logo\/image\/","url":"https:\/\/sbi4beer.com\/wp-content\/uploads\/2025\/11\/logo-sbi.png","contentUrl":"https:\/\/sbi4beer.com\/wp-content\/uploads\/2025\/11\/logo-sbi.png","width":228,"height":69,"caption":"Selected Brewing Ingredients"},"image":{"@id":"https:\/\/sbi4beer.com\/fr\/#\/schema\/logo\/image\/"},"sameAs":["https:\/\/www.facebook.com\/SelectedBrewingIngredients","https:\/\/x.com\/sbi4beer","https:\/\/www.instagram.com\/sbi4beer\/","https:\/\/www.linkedin.com\/company\/sbi4beer\/"]}]}},"_links":{"self":[{"href":"https:\/\/sbi4beer.com\/fr\/wp-json\/wp\/v2\/product\/37353","targetHints":{"allow":["GET"]}}],"collection":[{"href":"https:\/\/sbi4beer.com\/fr\/wp-json\/wp\/v2\/product"}],"about":[{"href":"https:\/\/sbi4beer.com\/fr\/wp-json\/wp\/v2\/types\/product"}],"wp:featuredmedia":[{"embeddable":true,"href":"https:\/\/sbi4beer.com\/fr\/wp-json\/wp\/v2\/media\/37476"}],"wp:attachment":[{"href":"https:\/\/sbi4beer.com\/fr\/wp-json\/wp\/v2\/media?parent=37353"}],"wp:term":[{"taxonomy":"product_brand","embeddable":true,"href":"https:\/\/sbi4beer.com\/fr\/wp-json\/wp\/v2\/product_brand?post=37353"},{"taxonomy":"product_cat","embeddable":true,"href":"https:\/\/sbi4beer.com\/fr\/wp-json\/wp\/v2\/product_cat?post=37353"},{"taxonomy":"product_tag","embeddable":true,"href":"https:\/\/sbi4beer.com\/fr\/wp-json\/wp\/v2\/product_tag?post=37353"}],"curies":[{"name":"wp","href":"https:\/\/api.w.org\/{rel}","templated":true}]}}