{"id":37356,"date":"2023-01-31T09:01:57","date_gmt":"2023-01-31T08:01:57","guid":{"rendered":"https:\/\/sbi4beer.com\/product\/thermometre-10c-a-110c\/"},"modified":"2023-04-24T17:08:35","modified_gmt":"2023-04-24T15:08:35","slug":"thermometre-10c-a-110c","status":"publish","type":"product","link":"https:\/\/sbi4beer.com\/fr\/produit\/thermometre-10c-a-110c\/","title":{"rendered":"Thermom\u00e8tre -10\u00b0C \u00e0 +110\u00b0C"},"content":{"rendered":"<h5><strong>Thermom\u00e8tre -10\u00b0C \u00e0 +110\u00b0C<\/strong><\/h5>\n<p>Ce thermom\u00e8tre est manuel d&rsquo;aspect classique qui permet de lire les degr\u00e9s en Celsius.<\/p>\n<p>L&rsquo;int\u00e9rieur du thermom\u00e8tre est jaune et le liquide qui indique la temp\u00e9rature est de couleur rouge. Cela rend le thermom\u00e8tre tr\u00e8s clair lors de la lecture de la temp\u00e9rature.<\/p>\n<h5><strong>Caract\u00e9ristiques<\/strong><\/h5>\n<ul>\n<li>Un bouchon noir avec un \u0153illet pour suspendre le thermom\u00e8tre;<\/li>\n<li>Mat\u00e9riau : verre;<\/li>\n<li>Plage de mesure de -10\u00b0C Celsius \u00e0 +110\u00b0C Celsius.<\/li>\n<\/ul>\n<h5><strong>Dimensions<\/strong><\/h5>\n<ul>\n<li>Longueur : 315 mm;<\/li>\n<li>Largeur : 10 mm. Il s&rsquo;agit de la largeur du bouchon noir. Le thermom\u00e8tre lui-m\u00eame a un diam\u00e8tre de \u00d8 7 mm.<\/li>\n<\/ul>\n<p>L&#8217;emballage de protection a une largeur de 12 mm.<\/p>\n<h5><strong>Points d&rsquo;attention<\/strong><\/h5>\n<p>Il faut toujours utiliser le thermom\u00e8tre avec pr\u00e9caution, car il est en verre et donc sensible \u00e0 la casse.<\/p>\n","protected":false},"excerpt":{"rendered":"<p>Ce thermom\u00e8tre long mesure de -10\u00b0C Celsius \u00e0 +110\u00b0C Celsius.<\/p>\n","protected":false},"featured_media":37493,"template":"","meta":{"_acf_changed":false},"product_brand":[],"product_cat":[1370],"product_tag":[],"class_list":{"0":"post-37356","1":"product","2":"type-product","3":"status-publish","4":"has-post-thumbnail","6":"product_cat-equipements-accessoires","8":"first","9":"instock","10":"taxable","11":"shipping-taxable","12":"purchasable","13":"product-type-simple"},"acf":[],"yoast_head":"<!-- This site is optimized with the Yoast SEO plugin v27.1.1 - https:\/\/yoast.com\/product\/yoast-seo-wordpress\/ -->\n<title>Thermom\u00e8tre -10\u00b0C \u00e0 +110\u00b0C - Selected Brewing Ingredients<\/title>\n<meta name=\"description\" content=\"Thermom\u00e8tre -10\u00b0C \u00e0 +110\u00b0C \u2713 Bestel alle brouwingredi\u00ebnten van hoge kwaliteit op 1 plaats \u2713 Service &amp; maatwerk \u2713 Snelle, betrouwbare levering\" \/>\n<meta name=\"robots\" content=\"index, follow, max-snippet:-1, max-image-preview:large, max-video-preview:-1\" \/>\n<link rel=\"canonical\" href=\"https:\/\/sbi4beer.com\/fr\/produit\/thermometre-10c-a-110c\/\" \/>\n<meta property=\"og:locale\" content=\"fr_FR\" \/>\n<meta property=\"og:type\" content=\"article\" \/>\n<meta property=\"og:title\" content=\"Thermom\u00e8tre -10\u00b0C \u00e0 +110\u00b0C - Selected Brewing Ingredients\" \/>\n<meta property=\"og:description\" content=\"Thermom\u00e8tre -10\u00b0C \u00e0 +110\u00b0C \u2713 Bestel alle brouwingredi\u00ebnten van hoge kwaliteit op 1 plaats \u2713 Service &amp; maatwerk \u2713 Snelle, betrouwbare levering\" \/>\n<meta property=\"og:url\" content=\"https:\/\/sbi4beer.com\/fr\/produit\/thermometre-10c-a-110c\/\" \/>\n<meta property=\"og:site_name\" content=\"Selected Brewing Ingredients\" \/>\n<meta property=\"article:publisher\" content=\"https:\/\/www.facebook.com\/SelectedBrewingIngredients\" \/>\n<meta property=\"article:modified_time\" content=\"2023-04-24T15:08:35+00:00\" \/>\n<meta property=\"og:image\" content=\"https:\/\/sbi4beer.com\/wp-content\/uploads\/2023\/01\/thermometer-homebrew.jpg\" \/>\n\t<meta property=\"og:image:width\" content=\"800\" \/>\n\t<meta property=\"og:image:height\" content=\"800\" \/>\n\t<meta property=\"og:image:type\" content=\"image\/jpeg\" \/>\n<meta name=\"twitter:card\" content=\"summary_large_image\" \/>\n<meta name=\"twitter:site\" content=\"@sbi4beer\" \/>\n<meta name=\"twitter:label1\" content=\"Dur\u00e9e de lecture estim\u00e9e\" \/>\n\t<meta name=\"twitter:data1\" content=\"1 minute\" \/>\n<script type=\"application\/ld+json\" class=\"yoast-schema-graph\">{\"@context\":\"https:\/\/schema.org\",\"@graph\":[{\"@type\":\"WebPage\",\"@id\":\"https:\/\/sbi4beer.com\/fr\/produit\/thermometre-10c-a-110c\/\",\"url\":\"https:\/\/sbi4beer.com\/fr\/produit\/thermometre-10c-a-110c\/\",\"name\":\"Thermom\u00e8tre -10\u00b0C \u00e0 +110\u00b0C - Selected Brewing Ingredients\",\"isPartOf\":{\"@id\":\"https:\/\/sbi4beer.com\/fr\/#website\"},\"primaryImageOfPage\":{\"@id\":\"https:\/\/sbi4beer.com\/fr\/produit\/thermometre-10c-a-110c\/#primaryimage\"},\"image\":{\"@id\":\"https:\/\/sbi4beer.com\/fr\/produit\/thermometre-10c-a-110c\/#primaryimage\"},\"thumbnailUrl\":\"https:\/\/sbi4beer.com\/wp-content\/uploads\/2023\/01\/thermometer-homebrew.jpg\",\"datePublished\":\"2023-01-31T08:01:57+00:00\",\"dateModified\":\"2023-04-24T15:08:35+00:00\",\"description\":\"Thermom\u00e8tre -10\u00b0C \u00e0 +110\u00b0C \u2713 Bestel alle brouwingredi\u00ebnten van hoge kwaliteit op 1 plaats \u2713 Service & maatwerk \u2713 Snelle, betrouwbare levering\",\"breadcrumb\":{\"@id\":\"https:\/\/sbi4beer.com\/fr\/produit\/thermometre-10c-a-110c\/#breadcrumb\"},\"inLanguage\":\"fr-FR\",\"potentialAction\":[{\"@type\":\"ReadAction\",\"target\":[\"https:\/\/sbi4beer.com\/fr\/produit\/thermometre-10c-a-110c\/\"]}]},{\"@type\":\"ImageObject\",\"inLanguage\":\"fr-FR\",\"@id\":\"https:\/\/sbi4beer.com\/fr\/produit\/thermometre-10c-a-110c\/#primaryimage\",\"url\":\"https:\/\/sbi4beer.com\/wp-content\/uploads\/2023\/01\/thermometer-homebrew.jpg\",\"contentUrl\":\"https:\/\/sbi4beer.com\/wp-content\/uploads\/2023\/01\/thermometer-homebrew.jpg\",\"width\":800,\"height\":800,\"caption\":\"thermometer\"},{\"@type\":\"BreadcrumbList\",\"@id\":\"https:\/\/sbi4beer.com\/fr\/produit\/thermometre-10c-a-110c\/#breadcrumb\",\"itemListElement\":[{\"@type\":\"ListItem\",\"position\":1,\"name\":\"Home\",\"item\":\"https:\/\/sbi4beer.com\/fr\/\"},{\"@type\":\"ListItem\",\"position\":2,\"name\":\"Shop\",\"item\":\"https:\/\/sbi4beer.com\/fr\/shop\/\"},{\"@type\":\"ListItem\",\"position\":3,\"name\":\"\u00c9quipements &amp; accessoires\",\"item\":\"https:\/\/sbi4beer.com\/fr\/Categories-de-produits\/equipements-accessoires\/\"},{\"@type\":\"ListItem\",\"position\":4,\"name\":\"Thermom\u00e8tre -10\u00b0C \u00e0 +110\u00b0C\"}]},{\"@type\":\"WebSite\",\"@id\":\"https:\/\/sbi4beer.com\/fr\/#website\",\"url\":\"https:\/\/sbi4beer.com\/fr\/\",\"name\":\"Selected Brewing Ingredients\",\"description\":\"Selected Brewing Ingredients\",\"publisher\":{\"@id\":\"https:\/\/sbi4beer.com\/fr\/#organization\"},\"potentialAction\":[{\"@type\":\"SearchAction\",\"target\":{\"@type\":\"EntryPoint\",\"urlTemplate\":\"https:\/\/sbi4beer.com\/fr\/?s={search_term_string}\"},\"query-input\":{\"@type\":\"PropertyValueSpecification\",\"valueRequired\":true,\"valueName\":\"search_term_string\"}}],\"inLanguage\":\"fr-FR\"},{\"@type\":\"Organization\",\"@id\":\"https:\/\/sbi4beer.com\/fr\/#organization\",\"name\":\"Selected Brewing Ingredients\",\"url\":\"https:\/\/sbi4beer.com\/fr\/\",\"logo\":{\"@type\":\"ImageObject\",\"inLanguage\":\"fr-FR\",\"@id\":\"https:\/\/sbi4beer.com\/fr\/#\/schema\/logo\/image\/\",\"url\":\"https:\/\/sbi4beer.com\/wp-content\/uploads\/2025\/11\/logo-sbi.png\",\"contentUrl\":\"https:\/\/sbi4beer.com\/wp-content\/uploads\/2025\/11\/logo-sbi.png\",\"width\":228,\"height\":69,\"caption\":\"Selected Brewing Ingredients\"},\"image\":{\"@id\":\"https:\/\/sbi4beer.com\/fr\/#\/schema\/logo\/image\/\"},\"sameAs\":[\"https:\/\/www.facebook.com\/SelectedBrewingIngredients\",\"https:\/\/x.com\/sbi4beer\",\"https:\/\/www.instagram.com\/sbi4beer\/\",\"https:\/\/www.linkedin.com\/company\/sbi4beer\/\"]}]}<\/script>\n<!-- \/ Yoast SEO plugin. -->","yoast_head_json":{"title":"Thermom\u00e8tre -10\u00b0C \u00e0 +110\u00b0C - Selected Brewing Ingredients","description":"Thermom\u00e8tre -10\u00b0C \u00e0 +110\u00b0C \u2713 Bestel alle brouwingredi\u00ebnten van hoge kwaliteit op 1 plaats \u2713 Service & maatwerk \u2713 Snelle, betrouwbare levering","robots":{"index":"index","follow":"follow","max-snippet":"max-snippet:-1","max-image-preview":"max-image-preview:large","max-video-preview":"max-video-preview:-1"},"canonical":"https:\/\/sbi4beer.com\/fr\/produit\/thermometre-10c-a-110c\/","og_locale":"fr_FR","og_type":"article","og_title":"Thermom\u00e8tre -10\u00b0C \u00e0 +110\u00b0C - Selected Brewing Ingredients","og_description":"Thermom\u00e8tre -10\u00b0C \u00e0 +110\u00b0C \u2713 Bestel alle brouwingredi\u00ebnten van hoge kwaliteit op 1 plaats \u2713 Service & maatwerk \u2713 Snelle, betrouwbare levering","og_url":"https:\/\/sbi4beer.com\/fr\/produit\/thermometre-10c-a-110c\/","og_site_name":"Selected Brewing Ingredients","article_publisher":"https:\/\/www.facebook.com\/SelectedBrewingIngredients","article_modified_time":"2023-04-24T15:08:35+00:00","og_image":[{"width":800,"height":800,"url":"https:\/\/sbi4beer.com\/wp-content\/uploads\/2023\/01\/thermometer-homebrew.jpg","type":"image\/jpeg"}],"twitter_card":"summary_large_image","twitter_site":"@sbi4beer","twitter_misc":{"Dur\u00e9e de lecture estim\u00e9e":"1 minute"},"schema":{"@context":"https:\/\/schema.org","@graph":[{"@type":"WebPage","@id":"https:\/\/sbi4beer.com\/fr\/produit\/thermometre-10c-a-110c\/","url":"https:\/\/sbi4beer.com\/fr\/produit\/thermometre-10c-a-110c\/","name":"Thermom\u00e8tre -10\u00b0C \u00e0 +110\u00b0C - Selected Brewing Ingredients","isPartOf":{"@id":"https:\/\/sbi4beer.com\/fr\/#website"},"primaryImageOfPage":{"@id":"https:\/\/sbi4beer.com\/fr\/produit\/thermometre-10c-a-110c\/#primaryimage"},"image":{"@id":"https:\/\/sbi4beer.com\/fr\/produit\/thermometre-10c-a-110c\/#primaryimage"},"thumbnailUrl":"https:\/\/sbi4beer.com\/wp-content\/uploads\/2023\/01\/thermometer-homebrew.jpg","datePublished":"2023-01-31T08:01:57+00:00","dateModified":"2023-04-24T15:08:35+00:00","description":"Thermom\u00e8tre -10\u00b0C \u00e0 +110\u00b0C \u2713 Bestel alle brouwingredi\u00ebnten van hoge kwaliteit op 1 plaats \u2713 Service & maatwerk \u2713 Snelle, betrouwbare levering","breadcrumb":{"@id":"https:\/\/sbi4beer.com\/fr\/produit\/thermometre-10c-a-110c\/#breadcrumb"},"inLanguage":"fr-FR","potentialAction":[{"@type":"ReadAction","target":["https:\/\/sbi4beer.com\/fr\/produit\/thermometre-10c-a-110c\/"]}]},{"@type":"ImageObject","inLanguage":"fr-FR","@id":"https:\/\/sbi4beer.com\/fr\/produit\/thermometre-10c-a-110c\/#primaryimage","url":"https:\/\/sbi4beer.com\/wp-content\/uploads\/2023\/01\/thermometer-homebrew.jpg","contentUrl":"https:\/\/sbi4beer.com\/wp-content\/uploads\/2023\/01\/thermometer-homebrew.jpg","width":800,"height":800,"caption":"thermometer"},{"@type":"BreadcrumbList","@id":"https:\/\/sbi4beer.com\/fr\/produit\/thermometre-10c-a-110c\/#breadcrumb","itemListElement":[{"@type":"ListItem","position":1,"name":"Home","item":"https:\/\/sbi4beer.com\/fr\/"},{"@type":"ListItem","position":2,"name":"Shop","item":"https:\/\/sbi4beer.com\/fr\/shop\/"},{"@type":"ListItem","position":3,"name":"\u00c9quipements &amp; accessoires","item":"https:\/\/sbi4beer.com\/fr\/Categories-de-produits\/equipements-accessoires\/"},{"@type":"ListItem","position":4,"name":"Thermom\u00e8tre -10\u00b0C \u00e0 +110\u00b0C"}]},{"@type":"WebSite","@id":"https:\/\/sbi4beer.com\/fr\/#website","url":"https:\/\/sbi4beer.com\/fr\/","name":"Selected Brewing Ingredients","description":"Selected Brewing Ingredients","publisher":{"@id":"https:\/\/sbi4beer.com\/fr\/#organization"},"potentialAction":[{"@type":"SearchAction","target":{"@type":"EntryPoint","urlTemplate":"https:\/\/sbi4beer.com\/fr\/?s={search_term_string}"},"query-input":{"@type":"PropertyValueSpecification","valueRequired":true,"valueName":"search_term_string"}}],"inLanguage":"fr-FR"},{"@type":"Organization","@id":"https:\/\/sbi4beer.com\/fr\/#organization","name":"Selected Brewing Ingredients","url":"https:\/\/sbi4beer.com\/fr\/","logo":{"@type":"ImageObject","inLanguage":"fr-FR","@id":"https:\/\/sbi4beer.com\/fr\/#\/schema\/logo\/image\/","url":"https:\/\/sbi4beer.com\/wp-content\/uploads\/2025\/11\/logo-sbi.png","contentUrl":"https:\/\/sbi4beer.com\/wp-content\/uploads\/2025\/11\/logo-sbi.png","width":228,"height":69,"caption":"Selected Brewing Ingredients"},"image":{"@id":"https:\/\/sbi4beer.com\/fr\/#\/schema\/logo\/image\/"},"sameAs":["https:\/\/www.facebook.com\/SelectedBrewingIngredients","https:\/\/x.com\/sbi4beer","https:\/\/www.instagram.com\/sbi4beer\/","https:\/\/www.linkedin.com\/company\/sbi4beer\/"]}]}},"_links":{"self":[{"href":"https:\/\/sbi4beer.com\/fr\/wp-json\/wp\/v2\/product\/37356","targetHints":{"allow":["GET"]}}],"collection":[{"href":"https:\/\/sbi4beer.com\/fr\/wp-json\/wp\/v2\/product"}],"about":[{"href":"https:\/\/sbi4beer.com\/fr\/wp-json\/wp\/v2\/types\/product"}],"wp:featuredmedia":[{"embeddable":true,"href":"https:\/\/sbi4beer.com\/fr\/wp-json\/wp\/v2\/media\/37493"}],"wp:attachment":[{"href":"https:\/\/sbi4beer.com\/fr\/wp-json\/wp\/v2\/media?parent=37356"}],"wp:term":[{"taxonomy":"product_brand","embeddable":true,"href":"https:\/\/sbi4beer.com\/fr\/wp-json\/wp\/v2\/product_brand?post=37356"},{"taxonomy":"product_cat","embeddable":true,"href":"https:\/\/sbi4beer.com\/fr\/wp-json\/wp\/v2\/product_cat?post=37356"},{"taxonomy":"product_tag","embeddable":true,"href":"https:\/\/sbi4beer.com\/fr\/wp-json\/wp\/v2\/product_tag?post=37356"}],"curies":[{"name":"wp","href":"https:\/\/api.w.org\/{rel}","templated":true}]}}