{"id":37553,"date":"2023-02-01T14:37:11","date_gmt":"2023-02-01T13:37:11","guid":{"rendered":"https:\/\/sbi4beer.com\/product\/hopaid-antifoam-2-25-kg\/"},"modified":"2024-07-19T16:20:59","modified_gmt":"2024-07-19T14:20:59","slug":"hopaid-antifoam-2-25-kg","status":"publish","type":"product","link":"https:\/\/sbi4beer.com\/fr\/produit\/hopaid-antifoam-2-25-kg\/","title":{"rendered":"HopAid\u00ae Antifoam 2.25 kg"},"content":{"rendered":"<p>HopAid\u00ae Antifoam peut \u00eatre utilis\u00e9 pour les bi\u00e8res \u00e0 fermentation haute et basse dans tous les types de cuves de fermentation. En emp\u00eachant la formation de mousse pendant la fermentation primaire, la capacit\u00e9 de la cuve est mieux utilis\u00e9e. HopAid\u00ae Antifoam n&rsquo;affecte pas la r\u00e9tention de mousse de la bi\u00e8re finale.<\/p>\n<h5><em>Avantages :<\/em><\/h5>\n<ul>\n<li>Am\u00e9lioration de la rentabilit\u00e9 : la capacit\u00e9 de la cuve est mieux utilis\u00e9e en \u00e9vitant la formation de mousse pendant la fermentation primaire;<\/li>\n<li>S\u00fbr : il est s\u00fbr pour les aliments dans l&rsquo;UE et aux \u00c9tats-Unis, il ne contient pas de silicate, il est un produit \u00ab\u00a0clean label\u00a0\u00bb et il est extrait du houblon;<\/li>\n<li>Protection de la qualit\u00e9 de la bi\u00e8re : il r\u00e9duit le risque de contamination microbiologique et aide \u00e0 contenir les pertes d&rsquo;IBU et de prot\u00e9ines;<\/li>\n<li>Clean : facilite consid\u00e9rablement le nettoyage en place (NEP) et le nettoyage des r\u00e9servoirs. Gain de temps et d&rsquo;argent.<\/li>\n<\/ul>\n<p>Pour plus d&rsquo;informations, voir \u00a0\u00bb Downloads \u00a0\u00bb pour la fiche de donn\u00e9es techniques et la fiche de donn\u00e9es de s\u00e9curit\u00e9.<\/p>\n","protected":false},"excerpt":{"rendered":"<p>HopAid\u00ae Antifoam est un agent antimousse naturel \u00e0 base de houblon, utilis\u00e9 pendant la fermentation pour \u00e9viter la formation excessive de mousse.<\/p>\n","protected":false},"featured_media":39768,"template":"","meta":{"_acf_changed":false},"product_brand":[],"product_cat":[1372,1362],"product_tag":[],"class_list":{"0":"post-37553","1":"product","2":"type-product","3":"status-publish","4":"has-post-thumbnail","6":"product_cat-additifs-auxiliaires","7":"product_cat-houblons","9":"first","10":"instock","11":"taxable","12":"shipping-taxable","13":"purchasable","14":"product-type-simple"},"acf":[],"yoast_head":"<!-- This site is optimized with the Yoast SEO plugin v27.1.1 - https:\/\/yoast.com\/product\/yoast-seo-wordpress\/ -->\n<title>HopAid\u00ae Antifoam 2.25 kg - Selected Brewing Ingredients<\/title>\n<meta name=\"description\" content=\"HopAid\u00ae Antifoam 2.25 kg \u2713 Bestel alle brouwingredi\u00ebnten van hoge kwaliteit op 1 plaats \u2713 Service &amp; maatwerk \u2713 Snelle, betrouwbare levering\" \/>\n<meta name=\"robots\" content=\"index, follow, max-snippet:-1, max-image-preview:large, max-video-preview:-1\" \/>\n<link rel=\"canonical\" href=\"https:\/\/sbi4beer.com\/fr\/produit\/hopaid-antifoam-2-25-kg\/\" \/>\n<meta property=\"og:locale\" content=\"fr_FR\" \/>\n<meta property=\"og:type\" content=\"article\" \/>\n<meta property=\"og:title\" content=\"HopAid\u00ae Antifoam 2.25 kg - Selected Brewing Ingredients\" \/>\n<meta property=\"og:description\" content=\"HopAid\u00ae Antifoam 2.25 kg \u2713 Bestel alle brouwingredi\u00ebnten van hoge kwaliteit op 1 plaats \u2713 Service &amp; maatwerk \u2713 Snelle, betrouwbare levering\" \/>\n<meta property=\"og:url\" content=\"https:\/\/sbi4beer.com\/fr\/produit\/hopaid-antifoam-2-25-kg\/\" \/>\n<meta property=\"og:site_name\" content=\"Selected Brewing Ingredients\" \/>\n<meta property=\"article:publisher\" content=\"https:\/\/www.facebook.com\/SelectedBrewingIngredients\" \/>\n<meta property=\"article:modified_time\" content=\"2024-07-19T14:20:59+00:00\" \/>\n<meta property=\"og:image\" content=\"https:\/\/sbi4beer.com\/wp-content\/uploads\/2023\/02\/antifoam-hopaid-barthhaas.jpg\" \/>\n\t<meta property=\"og:image:width\" content=\"800\" \/>\n\t<meta property=\"og:image:height\" content=\"800\" \/>\n\t<meta property=\"og:image:type\" content=\"image\/jpeg\" \/>\n<meta name=\"twitter:card\" content=\"summary_large_image\" \/>\n<meta name=\"twitter:site\" content=\"@sbi4beer\" \/>\n<meta name=\"twitter:label1\" content=\"Dur\u00e9e de lecture estim\u00e9e\" \/>\n\t<meta name=\"twitter:data1\" content=\"2 minutes\" \/>\n<script type=\"application\/ld+json\" class=\"yoast-schema-graph\">{\"@context\":\"https:\/\/schema.org\",\"@graph\":[{\"@type\":\"WebPage\",\"@id\":\"https:\/\/sbi4beer.com\/fr\/produit\/hopaid-antifoam-2-25-kg\/\",\"url\":\"https:\/\/sbi4beer.com\/fr\/produit\/hopaid-antifoam-2-25-kg\/\",\"name\":\"HopAid\u00ae Antifoam 2.25 kg - Selected Brewing Ingredients\",\"isPartOf\":{\"@id\":\"https:\/\/sbi4beer.com\/fr\/#website\"},\"primaryImageOfPage\":{\"@id\":\"https:\/\/sbi4beer.com\/fr\/produit\/hopaid-antifoam-2-25-kg\/#primaryimage\"},\"image\":{\"@id\":\"https:\/\/sbi4beer.com\/fr\/produit\/hopaid-antifoam-2-25-kg\/#primaryimage\"},\"thumbnailUrl\":\"https:\/\/sbi4beer.com\/wp-content\/uploads\/2023\/02\/antifoam-hopaid-barthhaas.jpg\",\"datePublished\":\"2023-02-01T13:37:11+00:00\",\"dateModified\":\"2024-07-19T14:20:59+00:00\",\"description\":\"HopAid\u00ae Antifoam 2.25 kg \u2713 Bestel alle brouwingredi\u00ebnten van hoge kwaliteit op 1 plaats \u2713 Service & maatwerk \u2713 Snelle, betrouwbare levering\",\"breadcrumb\":{\"@id\":\"https:\/\/sbi4beer.com\/fr\/produit\/hopaid-antifoam-2-25-kg\/#breadcrumb\"},\"inLanguage\":\"fr-FR\",\"potentialAction\":[{\"@type\":\"ReadAction\",\"target\":[\"https:\/\/sbi4beer.com\/fr\/produit\/hopaid-antifoam-2-25-kg\/\"]}]},{\"@type\":\"ImageObject\",\"inLanguage\":\"fr-FR\",\"@id\":\"https:\/\/sbi4beer.com\/fr\/produit\/hopaid-antifoam-2-25-kg\/#primaryimage\",\"url\":\"https:\/\/sbi4beer.com\/wp-content\/uploads\/2023\/02\/antifoam-hopaid-barthhaas.jpg\",\"contentUrl\":\"https:\/\/sbi4beer.com\/wp-content\/uploads\/2023\/02\/antifoam-hopaid-barthhaas.jpg\",\"width\":800,\"height\":800,\"caption\":\"antifoam-hopaid-barthhaas\"},{\"@type\":\"BreadcrumbList\",\"@id\":\"https:\/\/sbi4beer.com\/fr\/produit\/hopaid-antifoam-2-25-kg\/#breadcrumb\",\"itemListElement\":[{\"@type\":\"ListItem\",\"position\":1,\"name\":\"Home\",\"item\":\"https:\/\/sbi4beer.com\/fr\/\"},{\"@type\":\"ListItem\",\"position\":2,\"name\":\"Shop\",\"item\":\"https:\/\/sbi4beer.com\/fr\/shop\/\"},{\"@type\":\"ListItem\",\"position\":3,\"name\":\"Additifs &amp; auxiliaires\",\"item\":\"https:\/\/sbi4beer.com\/fr\/Categories-de-produits\/additifs-auxiliaires\/\"},{\"@type\":\"ListItem\",\"position\":4,\"name\":\"HopAid\u00ae Antifoam 2.25 kg\"}]},{\"@type\":\"WebSite\",\"@id\":\"https:\/\/sbi4beer.com\/fr\/#website\",\"url\":\"https:\/\/sbi4beer.com\/fr\/\",\"name\":\"Selected Brewing Ingredients\",\"description\":\"Selected Brewing Ingredients\",\"publisher\":{\"@id\":\"https:\/\/sbi4beer.com\/fr\/#organization\"},\"potentialAction\":[{\"@type\":\"SearchAction\",\"target\":{\"@type\":\"EntryPoint\",\"urlTemplate\":\"https:\/\/sbi4beer.com\/fr\/?s={search_term_string}\"},\"query-input\":{\"@type\":\"PropertyValueSpecification\",\"valueRequired\":true,\"valueName\":\"search_term_string\"}}],\"inLanguage\":\"fr-FR\"},{\"@type\":\"Organization\",\"@id\":\"https:\/\/sbi4beer.com\/fr\/#organization\",\"name\":\"Selected Brewing Ingredients\",\"url\":\"https:\/\/sbi4beer.com\/fr\/\",\"logo\":{\"@type\":\"ImageObject\",\"inLanguage\":\"fr-FR\",\"@id\":\"https:\/\/sbi4beer.com\/fr\/#\/schema\/logo\/image\/\",\"url\":\"https:\/\/sbi4beer.com\/wp-content\/uploads\/2025\/11\/logo-sbi.png\",\"contentUrl\":\"https:\/\/sbi4beer.com\/wp-content\/uploads\/2025\/11\/logo-sbi.png\",\"width\":228,\"height\":69,\"caption\":\"Selected Brewing Ingredients\"},\"image\":{\"@id\":\"https:\/\/sbi4beer.com\/fr\/#\/schema\/logo\/image\/\"},\"sameAs\":[\"https:\/\/www.facebook.com\/SelectedBrewingIngredients\",\"https:\/\/x.com\/sbi4beer\",\"https:\/\/www.instagram.com\/sbi4beer\/\",\"https:\/\/www.linkedin.com\/company\/sbi4beer\/\"]}]}<\/script>\n<!-- \/ Yoast SEO plugin. -->","yoast_head_json":{"title":"HopAid\u00ae Antifoam 2.25 kg - Selected Brewing Ingredients","description":"HopAid\u00ae Antifoam 2.25 kg \u2713 Bestel alle brouwingredi\u00ebnten van hoge kwaliteit op 1 plaats \u2713 Service & maatwerk \u2713 Snelle, betrouwbare levering","robots":{"index":"index","follow":"follow","max-snippet":"max-snippet:-1","max-image-preview":"max-image-preview:large","max-video-preview":"max-video-preview:-1"},"canonical":"https:\/\/sbi4beer.com\/fr\/produit\/hopaid-antifoam-2-25-kg\/","og_locale":"fr_FR","og_type":"article","og_title":"HopAid\u00ae Antifoam 2.25 kg - Selected Brewing Ingredients","og_description":"HopAid\u00ae Antifoam 2.25 kg \u2713 Bestel alle brouwingredi\u00ebnten van hoge kwaliteit op 1 plaats \u2713 Service & maatwerk \u2713 Snelle, betrouwbare levering","og_url":"https:\/\/sbi4beer.com\/fr\/produit\/hopaid-antifoam-2-25-kg\/","og_site_name":"Selected Brewing Ingredients","article_publisher":"https:\/\/www.facebook.com\/SelectedBrewingIngredients","article_modified_time":"2024-07-19T14:20:59+00:00","og_image":[{"width":800,"height":800,"url":"https:\/\/sbi4beer.com\/wp-content\/uploads\/2023\/02\/antifoam-hopaid-barthhaas.jpg","type":"image\/jpeg"}],"twitter_card":"summary_large_image","twitter_site":"@sbi4beer","twitter_misc":{"Dur\u00e9e de lecture estim\u00e9e":"2 minutes"},"schema":{"@context":"https:\/\/schema.org","@graph":[{"@type":"WebPage","@id":"https:\/\/sbi4beer.com\/fr\/produit\/hopaid-antifoam-2-25-kg\/","url":"https:\/\/sbi4beer.com\/fr\/produit\/hopaid-antifoam-2-25-kg\/","name":"HopAid\u00ae Antifoam 2.25 kg - Selected Brewing Ingredients","isPartOf":{"@id":"https:\/\/sbi4beer.com\/fr\/#website"},"primaryImageOfPage":{"@id":"https:\/\/sbi4beer.com\/fr\/produit\/hopaid-antifoam-2-25-kg\/#primaryimage"},"image":{"@id":"https:\/\/sbi4beer.com\/fr\/produit\/hopaid-antifoam-2-25-kg\/#primaryimage"},"thumbnailUrl":"https:\/\/sbi4beer.com\/wp-content\/uploads\/2023\/02\/antifoam-hopaid-barthhaas.jpg","datePublished":"2023-02-01T13:37:11+00:00","dateModified":"2024-07-19T14:20:59+00:00","description":"HopAid\u00ae Antifoam 2.25 kg \u2713 Bestel alle brouwingredi\u00ebnten van hoge kwaliteit op 1 plaats \u2713 Service & maatwerk \u2713 Snelle, betrouwbare levering","breadcrumb":{"@id":"https:\/\/sbi4beer.com\/fr\/produit\/hopaid-antifoam-2-25-kg\/#breadcrumb"},"inLanguage":"fr-FR","potentialAction":[{"@type":"ReadAction","target":["https:\/\/sbi4beer.com\/fr\/produit\/hopaid-antifoam-2-25-kg\/"]}]},{"@type":"ImageObject","inLanguage":"fr-FR","@id":"https:\/\/sbi4beer.com\/fr\/produit\/hopaid-antifoam-2-25-kg\/#primaryimage","url":"https:\/\/sbi4beer.com\/wp-content\/uploads\/2023\/02\/antifoam-hopaid-barthhaas.jpg","contentUrl":"https:\/\/sbi4beer.com\/wp-content\/uploads\/2023\/02\/antifoam-hopaid-barthhaas.jpg","width":800,"height":800,"caption":"antifoam-hopaid-barthhaas"},{"@type":"BreadcrumbList","@id":"https:\/\/sbi4beer.com\/fr\/produit\/hopaid-antifoam-2-25-kg\/#breadcrumb","itemListElement":[{"@type":"ListItem","position":1,"name":"Home","item":"https:\/\/sbi4beer.com\/fr\/"},{"@type":"ListItem","position":2,"name":"Shop","item":"https:\/\/sbi4beer.com\/fr\/shop\/"},{"@type":"ListItem","position":3,"name":"Additifs &amp; auxiliaires","item":"https:\/\/sbi4beer.com\/fr\/Categories-de-produits\/additifs-auxiliaires\/"},{"@type":"ListItem","position":4,"name":"HopAid\u00ae Antifoam 2.25 kg"}]},{"@type":"WebSite","@id":"https:\/\/sbi4beer.com\/fr\/#website","url":"https:\/\/sbi4beer.com\/fr\/","name":"Selected Brewing Ingredients","description":"Selected Brewing Ingredients","publisher":{"@id":"https:\/\/sbi4beer.com\/fr\/#organization"},"potentialAction":[{"@type":"SearchAction","target":{"@type":"EntryPoint","urlTemplate":"https:\/\/sbi4beer.com\/fr\/?s={search_term_string}"},"query-input":{"@type":"PropertyValueSpecification","valueRequired":true,"valueName":"search_term_string"}}],"inLanguage":"fr-FR"},{"@type":"Organization","@id":"https:\/\/sbi4beer.com\/fr\/#organization","name":"Selected Brewing Ingredients","url":"https:\/\/sbi4beer.com\/fr\/","logo":{"@type":"ImageObject","inLanguage":"fr-FR","@id":"https:\/\/sbi4beer.com\/fr\/#\/schema\/logo\/image\/","url":"https:\/\/sbi4beer.com\/wp-content\/uploads\/2025\/11\/logo-sbi.png","contentUrl":"https:\/\/sbi4beer.com\/wp-content\/uploads\/2025\/11\/logo-sbi.png","width":228,"height":69,"caption":"Selected Brewing Ingredients"},"image":{"@id":"https:\/\/sbi4beer.com\/fr\/#\/schema\/logo\/image\/"},"sameAs":["https:\/\/www.facebook.com\/SelectedBrewingIngredients","https:\/\/x.com\/sbi4beer","https:\/\/www.instagram.com\/sbi4beer\/","https:\/\/www.linkedin.com\/company\/sbi4beer\/"]}]}},"_links":{"self":[{"href":"https:\/\/sbi4beer.com\/fr\/wp-json\/wp\/v2\/product\/37553","targetHints":{"allow":["GET"]}}],"collection":[{"href":"https:\/\/sbi4beer.com\/fr\/wp-json\/wp\/v2\/product"}],"about":[{"href":"https:\/\/sbi4beer.com\/fr\/wp-json\/wp\/v2\/types\/product"}],"wp:featuredmedia":[{"embeddable":true,"href":"https:\/\/sbi4beer.com\/fr\/wp-json\/wp\/v2\/media\/39768"}],"wp:attachment":[{"href":"https:\/\/sbi4beer.com\/fr\/wp-json\/wp\/v2\/media?parent=37553"}],"wp:term":[{"taxonomy":"product_brand","embeddable":true,"href":"https:\/\/sbi4beer.com\/fr\/wp-json\/wp\/v2\/product_brand?post=37553"},{"taxonomy":"product_cat","embeddable":true,"href":"https:\/\/sbi4beer.com\/fr\/wp-json\/wp\/v2\/product_cat?post=37553"},{"taxonomy":"product_tag","embeddable":true,"href":"https:\/\/sbi4beer.com\/fr\/wp-json\/wp\/v2\/product_tag?post=37553"}],"curies":[{"name":"wp","href":"https:\/\/api.w.org\/{rel}","templated":true}]}}