{"id":39241,"date":"2023-03-30T14:05:32","date_gmt":"2023-03-30T12:05:32","guid":{"rendered":"https:\/\/sbi4beer.com\/product\/aftapkraan-pvc-met-tegenmoer\/"},"modified":"2023-04-25T15:36:14","modified_gmt":"2023-04-25T13:36:14","slug":"robinet-pvc-avec-contre-ecrou","status":"publish","type":"product","link":"https:\/\/sbi4beer.com\/fr\/produit\/robinet-pvc-avec-contre-ecrou\/","title":{"rendered":"Robinet PVC avec contre-\u00e9crou"},"content":{"rendered":"<p>Ce robinet en PVC est sp\u00e9cialement con\u00e7u pour \u00eatre fix\u00e9 au seau de fermentation. Le robinet est livr\u00e9 avec un anneau en caoutchouc et un contre-\u00e9crou. Gr\u00e2ce \u00e0 un levier facile \u00e0 utiliser, vous pouvez facilement distribuer le liquide.<\/p>\n<p>Vous fixez le robinet au seau, vous serrez fermement l&rsquo;\u00e9crou depuis l&rsquo;int\u00e9rieur du seau et vous pouvez ensuite facilement pr\u00e9lever le liquide lorsque vous ouvrez le robinet. Le robinet est verrouillable gr\u00e2ce \u00e0 un levier pratique. Celui-ci indique \u00ab\u00a0open\u00a0\u00bb et \u00ab\u00a0closed\u00a0\u00bb. Lorsque vous voulez commencer \u00e0 utiliser le seau de fermentation, vous devez donc veiller \u00e0 ce que le robinet soit r\u00e9gl\u00e9 sur \u00ab\u00a0closed\u00a0\u00bb.<\/p>\n<h5><strong>Caract\u00e9ristiques<\/strong><\/h5>\n<ul>\n<li>Robinet blanc;<\/li>\n<li>Avec contre-\u00e9crou;<\/li>\n<li>Avec anneau en caoutchouc.<\/li>\n<\/ul>\n<h5><strong>Dimensions <\/strong><\/h5>\n<p>Longueur : 78 mm;<br \/>\nHauteur : 83 mm;<br \/>\nLargeur : 38 mm lorsque le robinet est tourn\u00e9 vers l&rsquo;avant. Lorsque le robinet est \u00ab\u00a0open\u00a0\u00bb ou \u00ab\u00a0closed\u00a0\u00bb, sa largeur est de 55 mm.<\/p>\n<p>Le contre-\u00e9crou a un diam\u00e8tre de \u00d8 17 mm \u00e0 l&rsquo;int\u00e9rieur du filetage, l&rsquo;ext\u00e9rieur a un diam\u00e8tre de \u00d8 23 mm.<\/p>\n","protected":false},"excerpt":{"rendered":"<p>Robinet, y compris le contre-\u00e9crou et un anneau en caoutchouc.<\/p>\n","protected":false},"featured_media":39380,"template":"","meta":{"_acf_changed":false},"product_brand":[],"product_cat":[1370],"product_tag":[],"class_list":{"0":"post-39241","1":"product","2":"type-product","3":"status-publish","4":"has-post-thumbnail","6":"product_cat-equipements-accessoires","8":"first","9":"instock","10":"taxable","11":"shipping-taxable","12":"purchasable","13":"product-type-simple"},"acf":[],"yoast_head":"<!-- This site is optimized with the Yoast SEO plugin v27.1.1 - https:\/\/yoast.com\/product\/yoast-seo-wordpress\/ -->\n<title>Robinet PVC avec contre-\u00e9crou - Selected Brewing Ingredients<\/title>\n<meta name=\"description\" content=\"Robinet PVC avec contre-\u00e9crou \u2713 Bestel alle brouwingredi\u00ebnten van hoge kwaliteit op 1 plaats \u2713 Service &amp; maatwerk \u2713 Snelle, betrouwbare levering\" \/>\n<meta name=\"robots\" content=\"index, follow, max-snippet:-1, max-image-preview:large, max-video-preview:-1\" \/>\n<link rel=\"canonical\" href=\"https:\/\/sbi4beer.com\/fr\/produit\/robinet-pvc-avec-contre-ecrou\/\" \/>\n<meta property=\"og:locale\" content=\"fr_FR\" \/>\n<meta property=\"og:type\" content=\"article\" \/>\n<meta property=\"og:title\" content=\"Robinet PVC avec contre-\u00e9crou - Selected Brewing Ingredients\" \/>\n<meta property=\"og:description\" content=\"Robinet PVC avec contre-\u00e9crou \u2713 Bestel alle brouwingredi\u00ebnten van hoge kwaliteit op 1 plaats \u2713 Service &amp; maatwerk \u2713 Snelle, betrouwbare levering\" \/>\n<meta property=\"og:url\" content=\"https:\/\/sbi4beer.com\/fr\/produit\/robinet-pvc-avec-contre-ecrou\/\" \/>\n<meta property=\"og:site_name\" content=\"Selected Brewing Ingredients\" \/>\n<meta property=\"article:publisher\" content=\"https:\/\/www.facebook.com\/SelectedBrewingIngredients\" \/>\n<meta property=\"article:modified_time\" content=\"2023-04-25T13:36:14+00:00\" \/>\n<meta property=\"og:image\" content=\"https:\/\/sbi4beer.com\/wp-content\/uploads\/2023\/03\/aftapkraan-pvc-inclusief-tegenmoer.jpg\" \/>\n\t<meta property=\"og:image:width\" content=\"800\" \/>\n\t<meta property=\"og:image:height\" content=\"800\" \/>\n\t<meta property=\"og:image:type\" content=\"image\/jpeg\" \/>\n<meta name=\"twitter:card\" content=\"summary_large_image\" \/>\n<meta name=\"twitter:site\" content=\"@sbi4beer\" \/>\n<meta name=\"twitter:label1\" content=\"Dur\u00e9e de lecture estim\u00e9e\" \/>\n\t<meta name=\"twitter:data1\" content=\"1 minute\" \/>\n<script type=\"application\/ld+json\" class=\"yoast-schema-graph\">{\"@context\":\"https:\/\/schema.org\",\"@graph\":[{\"@type\":\"WebPage\",\"@id\":\"https:\/\/sbi4beer.com\/fr\/produit\/robinet-pvc-avec-contre-ecrou\/\",\"url\":\"https:\/\/sbi4beer.com\/fr\/produit\/robinet-pvc-avec-contre-ecrou\/\",\"name\":\"Robinet PVC avec contre-\u00e9crou - Selected Brewing Ingredients\",\"isPartOf\":{\"@id\":\"https:\/\/sbi4beer.com\/fr\/#website\"},\"primaryImageOfPage\":{\"@id\":\"https:\/\/sbi4beer.com\/fr\/produit\/robinet-pvc-avec-contre-ecrou\/#primaryimage\"},\"image\":{\"@id\":\"https:\/\/sbi4beer.com\/fr\/produit\/robinet-pvc-avec-contre-ecrou\/#primaryimage\"},\"thumbnailUrl\":\"https:\/\/sbi4beer.com\/wp-content\/uploads\/2023\/03\/aftapkraan-pvc-inclusief-tegenmoer.jpg\",\"datePublished\":\"2023-03-30T12:05:32+00:00\",\"dateModified\":\"2023-04-25T13:36:14+00:00\",\"description\":\"Robinet PVC avec contre-\u00e9crou \u2713 Bestel alle brouwingredi\u00ebnten van hoge kwaliteit op 1 plaats \u2713 Service & maatwerk \u2713 Snelle, betrouwbare levering\",\"breadcrumb\":{\"@id\":\"https:\/\/sbi4beer.com\/fr\/produit\/robinet-pvc-avec-contre-ecrou\/#breadcrumb\"},\"inLanguage\":\"fr-FR\",\"potentialAction\":[{\"@type\":\"ReadAction\",\"target\":[\"https:\/\/sbi4beer.com\/fr\/produit\/robinet-pvc-avec-contre-ecrou\/\"]}]},{\"@type\":\"ImageObject\",\"inLanguage\":\"fr-FR\",\"@id\":\"https:\/\/sbi4beer.com\/fr\/produit\/robinet-pvc-avec-contre-ecrou\/#primaryimage\",\"url\":\"https:\/\/sbi4beer.com\/wp-content\/uploads\/2023\/03\/aftapkraan-pvc-inclusief-tegenmoer.jpg\",\"contentUrl\":\"https:\/\/sbi4beer.com\/wp-content\/uploads\/2023\/03\/aftapkraan-pvc-inclusief-tegenmoer.jpg\",\"width\":800,\"height\":800,\"caption\":\"aftapkraan-pvc-inclusief-tegenmoer\"},{\"@type\":\"BreadcrumbList\",\"@id\":\"https:\/\/sbi4beer.com\/fr\/produit\/robinet-pvc-avec-contre-ecrou\/#breadcrumb\",\"itemListElement\":[{\"@type\":\"ListItem\",\"position\":1,\"name\":\"Home\",\"item\":\"https:\/\/sbi4beer.com\/fr\/\"},{\"@type\":\"ListItem\",\"position\":2,\"name\":\"Shop\",\"item\":\"https:\/\/sbi4beer.com\/fr\/shop\/\"},{\"@type\":\"ListItem\",\"position\":3,\"name\":\"\u00c9quipements &amp; accessoires\",\"item\":\"https:\/\/sbi4beer.com\/fr\/Categories-de-produits\/equipements-accessoires\/\"},{\"@type\":\"ListItem\",\"position\":4,\"name\":\"Robinet PVC avec contre-\u00e9crou\"}]},{\"@type\":\"WebSite\",\"@id\":\"https:\/\/sbi4beer.com\/fr\/#website\",\"url\":\"https:\/\/sbi4beer.com\/fr\/\",\"name\":\"Selected Brewing Ingredients\",\"description\":\"Selected Brewing Ingredients\",\"publisher\":{\"@id\":\"https:\/\/sbi4beer.com\/fr\/#organization\"},\"potentialAction\":[{\"@type\":\"SearchAction\",\"target\":{\"@type\":\"EntryPoint\",\"urlTemplate\":\"https:\/\/sbi4beer.com\/fr\/?s={search_term_string}\"},\"query-input\":{\"@type\":\"PropertyValueSpecification\",\"valueRequired\":true,\"valueName\":\"search_term_string\"}}],\"inLanguage\":\"fr-FR\"},{\"@type\":\"Organization\",\"@id\":\"https:\/\/sbi4beer.com\/fr\/#organization\",\"name\":\"Selected Brewing Ingredients\",\"url\":\"https:\/\/sbi4beer.com\/fr\/\",\"logo\":{\"@type\":\"ImageObject\",\"inLanguage\":\"fr-FR\",\"@id\":\"https:\/\/sbi4beer.com\/fr\/#\/schema\/logo\/image\/\",\"url\":\"https:\/\/sbi4beer.com\/wp-content\/uploads\/2025\/11\/logo-sbi.png\",\"contentUrl\":\"https:\/\/sbi4beer.com\/wp-content\/uploads\/2025\/11\/logo-sbi.png\",\"width\":228,\"height\":69,\"caption\":\"Selected Brewing Ingredients\"},\"image\":{\"@id\":\"https:\/\/sbi4beer.com\/fr\/#\/schema\/logo\/image\/\"},\"sameAs\":[\"https:\/\/www.facebook.com\/SelectedBrewingIngredients\",\"https:\/\/x.com\/sbi4beer\",\"https:\/\/www.instagram.com\/sbi4beer\/\",\"https:\/\/www.linkedin.com\/company\/sbi4beer\/\"]}]}<\/script>\n<!-- \/ Yoast SEO plugin. -->","yoast_head_json":{"title":"Robinet PVC avec contre-\u00e9crou - Selected Brewing Ingredients","description":"Robinet PVC avec contre-\u00e9crou \u2713 Bestel alle brouwingredi\u00ebnten van hoge kwaliteit op 1 plaats \u2713 Service & maatwerk \u2713 Snelle, betrouwbare levering","robots":{"index":"index","follow":"follow","max-snippet":"max-snippet:-1","max-image-preview":"max-image-preview:large","max-video-preview":"max-video-preview:-1"},"canonical":"https:\/\/sbi4beer.com\/fr\/produit\/robinet-pvc-avec-contre-ecrou\/","og_locale":"fr_FR","og_type":"article","og_title":"Robinet PVC avec contre-\u00e9crou - Selected Brewing Ingredients","og_description":"Robinet PVC avec contre-\u00e9crou \u2713 Bestel alle brouwingredi\u00ebnten van hoge kwaliteit op 1 plaats \u2713 Service & maatwerk \u2713 Snelle, betrouwbare levering","og_url":"https:\/\/sbi4beer.com\/fr\/produit\/robinet-pvc-avec-contre-ecrou\/","og_site_name":"Selected Brewing Ingredients","article_publisher":"https:\/\/www.facebook.com\/SelectedBrewingIngredients","article_modified_time":"2023-04-25T13:36:14+00:00","og_image":[{"width":800,"height":800,"url":"https:\/\/sbi4beer.com\/wp-content\/uploads\/2023\/03\/aftapkraan-pvc-inclusief-tegenmoer.jpg","type":"image\/jpeg"}],"twitter_card":"summary_large_image","twitter_site":"@sbi4beer","twitter_misc":{"Dur\u00e9e de lecture estim\u00e9e":"1 minute"},"schema":{"@context":"https:\/\/schema.org","@graph":[{"@type":"WebPage","@id":"https:\/\/sbi4beer.com\/fr\/produit\/robinet-pvc-avec-contre-ecrou\/","url":"https:\/\/sbi4beer.com\/fr\/produit\/robinet-pvc-avec-contre-ecrou\/","name":"Robinet PVC avec contre-\u00e9crou - Selected Brewing Ingredients","isPartOf":{"@id":"https:\/\/sbi4beer.com\/fr\/#website"},"primaryImageOfPage":{"@id":"https:\/\/sbi4beer.com\/fr\/produit\/robinet-pvc-avec-contre-ecrou\/#primaryimage"},"image":{"@id":"https:\/\/sbi4beer.com\/fr\/produit\/robinet-pvc-avec-contre-ecrou\/#primaryimage"},"thumbnailUrl":"https:\/\/sbi4beer.com\/wp-content\/uploads\/2023\/03\/aftapkraan-pvc-inclusief-tegenmoer.jpg","datePublished":"2023-03-30T12:05:32+00:00","dateModified":"2023-04-25T13:36:14+00:00","description":"Robinet PVC avec contre-\u00e9crou \u2713 Bestel alle brouwingredi\u00ebnten van hoge kwaliteit op 1 plaats \u2713 Service & maatwerk \u2713 Snelle, betrouwbare levering","breadcrumb":{"@id":"https:\/\/sbi4beer.com\/fr\/produit\/robinet-pvc-avec-contre-ecrou\/#breadcrumb"},"inLanguage":"fr-FR","potentialAction":[{"@type":"ReadAction","target":["https:\/\/sbi4beer.com\/fr\/produit\/robinet-pvc-avec-contre-ecrou\/"]}]},{"@type":"ImageObject","inLanguage":"fr-FR","@id":"https:\/\/sbi4beer.com\/fr\/produit\/robinet-pvc-avec-contre-ecrou\/#primaryimage","url":"https:\/\/sbi4beer.com\/wp-content\/uploads\/2023\/03\/aftapkraan-pvc-inclusief-tegenmoer.jpg","contentUrl":"https:\/\/sbi4beer.com\/wp-content\/uploads\/2023\/03\/aftapkraan-pvc-inclusief-tegenmoer.jpg","width":800,"height":800,"caption":"aftapkraan-pvc-inclusief-tegenmoer"},{"@type":"BreadcrumbList","@id":"https:\/\/sbi4beer.com\/fr\/produit\/robinet-pvc-avec-contre-ecrou\/#breadcrumb","itemListElement":[{"@type":"ListItem","position":1,"name":"Home","item":"https:\/\/sbi4beer.com\/fr\/"},{"@type":"ListItem","position":2,"name":"Shop","item":"https:\/\/sbi4beer.com\/fr\/shop\/"},{"@type":"ListItem","position":3,"name":"\u00c9quipements &amp; accessoires","item":"https:\/\/sbi4beer.com\/fr\/Categories-de-produits\/equipements-accessoires\/"},{"@type":"ListItem","position":4,"name":"Robinet PVC avec contre-\u00e9crou"}]},{"@type":"WebSite","@id":"https:\/\/sbi4beer.com\/fr\/#website","url":"https:\/\/sbi4beer.com\/fr\/","name":"Selected Brewing Ingredients","description":"Selected Brewing Ingredients","publisher":{"@id":"https:\/\/sbi4beer.com\/fr\/#organization"},"potentialAction":[{"@type":"SearchAction","target":{"@type":"EntryPoint","urlTemplate":"https:\/\/sbi4beer.com\/fr\/?s={search_term_string}"},"query-input":{"@type":"PropertyValueSpecification","valueRequired":true,"valueName":"search_term_string"}}],"inLanguage":"fr-FR"},{"@type":"Organization","@id":"https:\/\/sbi4beer.com\/fr\/#organization","name":"Selected Brewing Ingredients","url":"https:\/\/sbi4beer.com\/fr\/","logo":{"@type":"ImageObject","inLanguage":"fr-FR","@id":"https:\/\/sbi4beer.com\/fr\/#\/schema\/logo\/image\/","url":"https:\/\/sbi4beer.com\/wp-content\/uploads\/2025\/11\/logo-sbi.png","contentUrl":"https:\/\/sbi4beer.com\/wp-content\/uploads\/2025\/11\/logo-sbi.png","width":228,"height":69,"caption":"Selected Brewing Ingredients"},"image":{"@id":"https:\/\/sbi4beer.com\/fr\/#\/schema\/logo\/image\/"},"sameAs":["https:\/\/www.facebook.com\/SelectedBrewingIngredients","https:\/\/x.com\/sbi4beer","https:\/\/www.instagram.com\/sbi4beer\/","https:\/\/www.linkedin.com\/company\/sbi4beer\/"]}]}},"_links":{"self":[{"href":"https:\/\/sbi4beer.com\/fr\/wp-json\/wp\/v2\/product\/39241","targetHints":{"allow":["GET"]}}],"collection":[{"href":"https:\/\/sbi4beer.com\/fr\/wp-json\/wp\/v2\/product"}],"about":[{"href":"https:\/\/sbi4beer.com\/fr\/wp-json\/wp\/v2\/types\/product"}],"wp:featuredmedia":[{"embeddable":true,"href":"https:\/\/sbi4beer.com\/fr\/wp-json\/wp\/v2\/media\/39380"}],"wp:attachment":[{"href":"https:\/\/sbi4beer.com\/fr\/wp-json\/wp\/v2\/media?parent=39241"}],"wp:term":[{"taxonomy":"product_brand","embeddable":true,"href":"https:\/\/sbi4beer.com\/fr\/wp-json\/wp\/v2\/product_brand?post=39241"},{"taxonomy":"product_cat","embeddable":true,"href":"https:\/\/sbi4beer.com\/fr\/wp-json\/wp\/v2\/product_cat?post=39241"},{"taxonomy":"product_tag","embeddable":true,"href":"https:\/\/sbi4beer.com\/fr\/wp-json\/wp\/v2\/product_tag?post=39241"}],"curies":[{"name":"wp","href":"https:\/\/api.w.org\/{rel}","templated":true}]}}