{"id":39992,"date":"2023-05-05T12:31:17","date_gmt":"2023-05-05T10:31:17","guid":{"rendered":"https:\/\/sbi4beer.com\/product\/lalbrew-lona-low-alcohol-hybrid-ale-levure-500-g\/"},"modified":"2023-10-20T10:02:22","modified_gmt":"2023-10-20T08:02:22","slug":"lalbrew-lona-low-alcohol-hybrid-ale-levure-500-g","status":"publish","type":"product","link":"https:\/\/sbi4beer.com\/fr\/produit\/lalbrew-lona-low-alcohol-hybrid-ale-levure-500-g\/","title":{"rendered":"LalBrew LoNa\u2122 Low Alcohol Hybrid Ale Levure 500 g"},"content":{"rendered":"<p>Le brassage de la bi\u00e8re \u00e0 faible teneur en alcool est connu pour \u00eatre un processus difficile et co\u00fbteux. Le r\u00e9sultat est souvent la production de bi\u00e8res fades et peu cors\u00e9es. Malgr\u00e9 la demande croissante, peu de solutions sont propos\u00e9es aux brasseurs. LalBrew LoNa\u2122 est une levure hybride <em>Saccharomyces cerevisiae<\/em> innovante qui offre une solution qui change la donne et qui est parfaite pour fabriquer et cr\u00e9er de nombreux styles diff\u00e9rents de bi\u00e8res \u00e0 faible teneur en alcool.<\/p>\n<h5><strong>LalBrew LoNa\u2122 Low Alcohol Hybrid Ale levure 500 g<\/strong><\/h5>\n<p>Cette levure produit un profil aromatique propre et neutre, sans ar\u00f4mes ph\u00e9noliques, et en r\u00e9duisant de mani\u00e8re significative les ald\u00e9hydes qui provoquent des ar\u00f4mes de moisi. Une technologie brevet\u00e9e garantit que la souche ne produira pas d&rsquo;ar\u00f4mes sulfureux, ce qui permet aux ar\u00f4mes de malt et de houblon de se r\u00e9v\u00e9ler.<\/p>\n<p>LalBrew LoNa\u2122 est une souche hybride maltose-n\u00e9gative qui a \u00e9t\u00e9 s\u00e9lectionn\u00e9e pour avoir des caract\u00e9ristiques id\u00e9ales pour la <strong>production de bi\u00e8res \u00e0 faible teneur en alcool et sans alcool. <\/strong>Des m\u00e9thodes de s\u00e9lection classiques et non OGM avanc\u00e9es ont \u00e9t\u00e9 utilis\u00e9es pour s\u00e9lectionner une souche qui ne consomme pas de maltose ou de maltotriose, ce qui se traduit par une tr\u00e8s faible att\u00e9nuation. LalBrew LoNa\u2122 est la premi\u00e8re souche de Saccharomyces cerevisiae n\u00e9gative au maltose sp\u00e9cifiquement s\u00e9lectionn\u00e9e pour les fermentations de bi\u00e8re:<\/p>\n<p><img loading=\"lazy\" decoding=\"async\" class=\"alignnone size-full wp-image-40091\" style=\"font-size: 1.125rem;\" src=\"https:\/\/sbi4beer.com\/wp-content\/uploads\/2023\/05\/LalBrew-LoNa-low-alcohol-verschil.jpg\" alt=\"LalBrew-LoNa-low-alcohol-verschil\" width=\"785\" height=\"425\" srcset=\"https:\/\/sbi4beer.com\/wp-content\/uploads\/2023\/05\/LalBrew-LoNa-low-alcohol-verschil.jpg 785w, https:\/\/sbi4beer.com\/wp-content\/uploads\/2023\/05\/LalBrew-LoNa-low-alcohol-verschil-600x325.jpg 600w, https:\/\/sbi4beer.com\/wp-content\/uploads\/2023\/05\/LalBrew-LoNa-low-alcohol-verschil-300x162.jpg 300w, https:\/\/sbi4beer.com\/wp-content\/uploads\/2023\/05\/LalBrew-LoNa-low-alcohol-verschil-768x416.jpg 768w\" sizes=\"auto, (max-width: 785px) 100vw, 785px\" \/><\/p>\n<p><em><strong>Attention : La pasteurisation est n\u00e9cessaire lors du brassage avec LalBrew LoNa\u2122 pour \u00e9viter la refermentation <\/strong><\/em><em><strong>apr\u00e8s l&#8217;emballage et assurer la stabilit\u00e9 de la bi\u00e8re.<\/strong><\/em><\/p>\n<p>Voir la fiche technique dans &lsquo;Downloads&rsquo; avant l&rsquo;utilisation.<\/p>\n","protected":false},"excerpt":{"rendered":"<p>La levure LalBrew LoNa\u2122 Low Alcohol Hybrid Ale pr\u00e9sente un profil aromatique propre et neutre. Sp\u00e9cifiquement con\u00e7ue pour la production de bi\u00e8res \u00e0 faible teneur en alcool et sans alcool.<\/p>\n<p><span style=\"color: #ff0000;\"><em><strong>Attention : La pasteurisation est n\u00e9cessaire lors du brassage avec LalBrew LoNa\u2122 pour \u00e9viter la refermentation <\/strong><\/em><em><strong>apr\u00e8s l&#8217;emballage et assurer la stabilit\u00e9 de la bi\u00e8re.<\/strong><\/em><\/span><\/p>\n","protected":false},"featured_media":40097,"template":"","meta":{"_acf_changed":false},"product_brand":[],"product_cat":[1363],"product_tag":[],"class_list":{"0":"post-39992","1":"product","2":"type-product","3":"status-publish","4":"has-post-thumbnail","6":"product_cat-levure-nutriment","8":"first","9":"instock","10":"taxable","11":"shipping-taxable","12":"purchasable","13":"product-type-simple"},"acf":[],"yoast_head":"<!-- This site is optimized with the Yoast SEO plugin v27.1.1 - https:\/\/yoast.com\/product\/yoast-seo-wordpress\/ -->\n<title>LalBrew LoNa\u2122 Low Alcohol Hybrid Ale Levure 500 g - Selected Brewing Ingredients<\/title>\n<meta name=\"description\" content=\"LalBrew LoNa\u2122 Low Alcohol Hybrid Ale Levure 500 g \u2713 Bestel alle brouwingredi\u00ebnten van hoge kwaliteit op 1 plaats \u2713 Service &amp; maatwerk \u2713 Snelle, betrouwbare levering\" \/>\n<meta name=\"robots\" content=\"index, follow, max-snippet:-1, max-image-preview:large, max-video-preview:-1\" \/>\n<link rel=\"canonical\" href=\"https:\/\/sbi4beer.com\/fr\/produit\/lalbrew-lona-low-alcohol-hybrid-ale-levure-500-g\/\" \/>\n<meta property=\"og:locale\" content=\"fr_FR\" \/>\n<meta property=\"og:type\" content=\"article\" \/>\n<meta property=\"og:title\" content=\"LalBrew LoNa\u2122 Low Alcohol Hybrid Ale Levure 500 g - Selected Brewing Ingredients\" \/>\n<meta property=\"og:description\" content=\"LalBrew LoNa\u2122 Low Alcohol Hybrid Ale Levure 500 g \u2713 Bestel alle brouwingredi\u00ebnten van hoge kwaliteit op 1 plaats \u2713 Service &amp; maatwerk \u2713 Snelle, betrouwbare levering\" \/>\n<meta property=\"og:url\" content=\"https:\/\/sbi4beer.com\/fr\/produit\/lalbrew-lona-low-alcohol-hybrid-ale-levure-500-g\/\" \/>\n<meta property=\"og:site_name\" content=\"Selected Brewing Ingredients\" \/>\n<meta property=\"article:publisher\" content=\"https:\/\/www.facebook.com\/SelectedBrewingIngredients\" \/>\n<meta property=\"article:modified_time\" content=\"2023-10-20T08:02:22+00:00\" \/>\n<meta property=\"og:image\" content=\"https:\/\/sbi4beer.com\/wp-content\/uploads\/2023\/05\/lalbrew-lona-low-alcohol-hybrid-ale-gist-500-g.jpg\" \/>\n\t<meta property=\"og:image:width\" content=\"800\" \/>\n\t<meta property=\"og:image:height\" content=\"800\" \/>\n\t<meta property=\"og:image:type\" content=\"image\/jpeg\" \/>\n<meta name=\"twitter:card\" content=\"summary_large_image\" \/>\n<meta name=\"twitter:site\" content=\"@sbi4beer\" \/>\n<meta name=\"twitter:label1\" content=\"Dur\u00e9e de lecture estim\u00e9e\" \/>\n\t<meta name=\"twitter:data1\" content=\"2 minutes\" \/>\n<script type=\"application\/ld+json\" class=\"yoast-schema-graph\">{\"@context\":\"https:\/\/schema.org\",\"@graph\":[{\"@type\":\"WebPage\",\"@id\":\"https:\/\/sbi4beer.com\/fr\/produit\/lalbrew-lona-low-alcohol-hybrid-ale-levure-500-g\/\",\"url\":\"https:\/\/sbi4beer.com\/fr\/produit\/lalbrew-lona-low-alcohol-hybrid-ale-levure-500-g\/\",\"name\":\"LalBrew LoNa\u2122 Low Alcohol Hybrid Ale Levure 500 g - Selected Brewing Ingredients\",\"isPartOf\":{\"@id\":\"https:\/\/sbi4beer.com\/fr\/#website\"},\"primaryImageOfPage\":{\"@id\":\"https:\/\/sbi4beer.com\/fr\/produit\/lalbrew-lona-low-alcohol-hybrid-ale-levure-500-g\/#primaryimage\"},\"image\":{\"@id\":\"https:\/\/sbi4beer.com\/fr\/produit\/lalbrew-lona-low-alcohol-hybrid-ale-levure-500-g\/#primaryimage\"},\"thumbnailUrl\":\"https:\/\/sbi4beer.com\/wp-content\/uploads\/2023\/05\/LalBrew-LoNa-low-alcohol-hybrid-ale-yeast.jpg\",\"datePublished\":\"2023-05-05T10:31:17+00:00\",\"dateModified\":\"2023-10-20T08:02:22+00:00\",\"description\":\"LalBrew LoNa\u2122 Low Alcohol Hybrid Ale Levure 500 g \u2713 Bestel alle brouwingredi\u00ebnten van hoge kwaliteit op 1 plaats \u2713 Service & maatwerk \u2713 Snelle, betrouwbare levering\",\"breadcrumb\":{\"@id\":\"https:\/\/sbi4beer.com\/fr\/produit\/lalbrew-lona-low-alcohol-hybrid-ale-levure-500-g\/#breadcrumb\"},\"inLanguage\":\"fr-FR\",\"potentialAction\":[{\"@type\":\"ReadAction\",\"target\":[\"https:\/\/sbi4beer.com\/fr\/produit\/lalbrew-lona-low-alcohol-hybrid-ale-levure-500-g\/\"]}]},{\"@type\":\"ImageObject\",\"inLanguage\":\"fr-FR\",\"@id\":\"https:\/\/sbi4beer.com\/fr\/produit\/lalbrew-lona-low-alcohol-hybrid-ale-levure-500-g\/#primaryimage\",\"url\":\"https:\/\/sbi4beer.com\/wp-content\/uploads\/2023\/05\/LalBrew-LoNa-low-alcohol-hybrid-ale-yeast.jpg\",\"contentUrl\":\"https:\/\/sbi4beer.com\/wp-content\/uploads\/2023\/05\/LalBrew-LoNa-low-alcohol-hybrid-ale-yeast.jpg\",\"width\":840,\"height\":840,\"caption\":\"LalBrew-LoNa-low-alcohol-hybrid-ale-yeast\"},{\"@type\":\"BreadcrumbList\",\"@id\":\"https:\/\/sbi4beer.com\/fr\/produit\/lalbrew-lona-low-alcohol-hybrid-ale-levure-500-g\/#breadcrumb\",\"itemListElement\":[{\"@type\":\"ListItem\",\"position\":1,\"name\":\"Home\",\"item\":\"https:\/\/sbi4beer.com\/fr\/\"},{\"@type\":\"ListItem\",\"position\":2,\"name\":\"Shop\",\"item\":\"https:\/\/sbi4beer.com\/fr\/shop\/\"},{\"@type\":\"ListItem\",\"position\":3,\"name\":\"Levure &amp; Nutriment\",\"item\":\"https:\/\/sbi4beer.com\/fr\/Categories-de-produits\/levure-nutriment\/\"},{\"@type\":\"ListItem\",\"position\":4,\"name\":\"LalBrew LoNa\u2122 Low Alcohol Hybrid Ale Levure 500 g\"}]},{\"@type\":\"WebSite\",\"@id\":\"https:\/\/sbi4beer.com\/fr\/#website\",\"url\":\"https:\/\/sbi4beer.com\/fr\/\",\"name\":\"Selected Brewing Ingredients\",\"description\":\"Selected Brewing Ingredients\",\"publisher\":{\"@id\":\"https:\/\/sbi4beer.com\/fr\/#organization\"},\"potentialAction\":[{\"@type\":\"SearchAction\",\"target\":{\"@type\":\"EntryPoint\",\"urlTemplate\":\"https:\/\/sbi4beer.com\/fr\/?s={search_term_string}\"},\"query-input\":{\"@type\":\"PropertyValueSpecification\",\"valueRequired\":true,\"valueName\":\"search_term_string\"}}],\"inLanguage\":\"fr-FR\"},{\"@type\":\"Organization\",\"@id\":\"https:\/\/sbi4beer.com\/fr\/#organization\",\"name\":\"Selected Brewing Ingredients\",\"url\":\"https:\/\/sbi4beer.com\/fr\/\",\"logo\":{\"@type\":\"ImageObject\",\"inLanguage\":\"fr-FR\",\"@id\":\"https:\/\/sbi4beer.com\/fr\/#\/schema\/logo\/image\/\",\"url\":\"https:\/\/sbi4beer.com\/wp-content\/uploads\/2025\/11\/logo-sbi.png\",\"contentUrl\":\"https:\/\/sbi4beer.com\/wp-content\/uploads\/2025\/11\/logo-sbi.png\",\"width\":228,\"height\":69,\"caption\":\"Selected Brewing Ingredients\"},\"image\":{\"@id\":\"https:\/\/sbi4beer.com\/fr\/#\/schema\/logo\/image\/\"},\"sameAs\":[\"https:\/\/www.facebook.com\/SelectedBrewingIngredients\",\"https:\/\/x.com\/sbi4beer\",\"https:\/\/www.instagram.com\/sbi4beer\/\",\"https:\/\/www.linkedin.com\/company\/sbi4beer\/\"]}]}<\/script>\n<!-- \/ Yoast SEO plugin. -->","yoast_head_json":{"title":"LalBrew LoNa\u2122 Low Alcohol Hybrid Ale Levure 500 g - Selected Brewing Ingredients","description":"LalBrew LoNa\u2122 Low Alcohol Hybrid Ale Levure 500 g \u2713 Bestel alle brouwingredi\u00ebnten van hoge kwaliteit op 1 plaats \u2713 Service & maatwerk \u2713 Snelle, betrouwbare levering","robots":{"index":"index","follow":"follow","max-snippet":"max-snippet:-1","max-image-preview":"max-image-preview:large","max-video-preview":"max-video-preview:-1"},"canonical":"https:\/\/sbi4beer.com\/fr\/produit\/lalbrew-lona-low-alcohol-hybrid-ale-levure-500-g\/","og_locale":"fr_FR","og_type":"article","og_title":"LalBrew LoNa\u2122 Low Alcohol Hybrid Ale Levure 500 g - Selected Brewing Ingredients","og_description":"LalBrew LoNa\u2122 Low Alcohol Hybrid Ale Levure 500 g \u2713 Bestel alle brouwingredi\u00ebnten van hoge kwaliteit op 1 plaats \u2713 Service & maatwerk \u2713 Snelle, betrouwbare levering","og_url":"https:\/\/sbi4beer.com\/fr\/produit\/lalbrew-lona-low-alcohol-hybrid-ale-levure-500-g\/","og_site_name":"Selected Brewing Ingredients","article_publisher":"https:\/\/www.facebook.com\/SelectedBrewingIngredients","article_modified_time":"2023-10-20T08:02:22+00:00","og_image":[{"width":800,"height":800,"url":"https:\/\/sbi4beer.com\/wp-content\/uploads\/2023\/05\/lalbrew-lona-low-alcohol-hybrid-ale-gist-500-g.jpg","type":"image\/jpeg"}],"twitter_card":"summary_large_image","twitter_site":"@sbi4beer","twitter_misc":{"Dur\u00e9e de lecture estim\u00e9e":"2 minutes"},"schema":{"@context":"https:\/\/schema.org","@graph":[{"@type":"WebPage","@id":"https:\/\/sbi4beer.com\/fr\/produit\/lalbrew-lona-low-alcohol-hybrid-ale-levure-500-g\/","url":"https:\/\/sbi4beer.com\/fr\/produit\/lalbrew-lona-low-alcohol-hybrid-ale-levure-500-g\/","name":"LalBrew LoNa\u2122 Low Alcohol Hybrid Ale Levure 500 g - Selected Brewing Ingredients","isPartOf":{"@id":"https:\/\/sbi4beer.com\/fr\/#website"},"primaryImageOfPage":{"@id":"https:\/\/sbi4beer.com\/fr\/produit\/lalbrew-lona-low-alcohol-hybrid-ale-levure-500-g\/#primaryimage"},"image":{"@id":"https:\/\/sbi4beer.com\/fr\/produit\/lalbrew-lona-low-alcohol-hybrid-ale-levure-500-g\/#primaryimage"},"thumbnailUrl":"https:\/\/sbi4beer.com\/wp-content\/uploads\/2023\/05\/LalBrew-LoNa-low-alcohol-hybrid-ale-yeast.jpg","datePublished":"2023-05-05T10:31:17+00:00","dateModified":"2023-10-20T08:02:22+00:00","description":"LalBrew LoNa\u2122 Low Alcohol Hybrid Ale Levure 500 g \u2713 Bestel alle brouwingredi\u00ebnten van hoge kwaliteit op 1 plaats \u2713 Service & maatwerk \u2713 Snelle, betrouwbare levering","breadcrumb":{"@id":"https:\/\/sbi4beer.com\/fr\/produit\/lalbrew-lona-low-alcohol-hybrid-ale-levure-500-g\/#breadcrumb"},"inLanguage":"fr-FR","potentialAction":[{"@type":"ReadAction","target":["https:\/\/sbi4beer.com\/fr\/produit\/lalbrew-lona-low-alcohol-hybrid-ale-levure-500-g\/"]}]},{"@type":"ImageObject","inLanguage":"fr-FR","@id":"https:\/\/sbi4beer.com\/fr\/produit\/lalbrew-lona-low-alcohol-hybrid-ale-levure-500-g\/#primaryimage","url":"https:\/\/sbi4beer.com\/wp-content\/uploads\/2023\/05\/LalBrew-LoNa-low-alcohol-hybrid-ale-yeast.jpg","contentUrl":"https:\/\/sbi4beer.com\/wp-content\/uploads\/2023\/05\/LalBrew-LoNa-low-alcohol-hybrid-ale-yeast.jpg","width":840,"height":840,"caption":"LalBrew-LoNa-low-alcohol-hybrid-ale-yeast"},{"@type":"BreadcrumbList","@id":"https:\/\/sbi4beer.com\/fr\/produit\/lalbrew-lona-low-alcohol-hybrid-ale-levure-500-g\/#breadcrumb","itemListElement":[{"@type":"ListItem","position":1,"name":"Home","item":"https:\/\/sbi4beer.com\/fr\/"},{"@type":"ListItem","position":2,"name":"Shop","item":"https:\/\/sbi4beer.com\/fr\/shop\/"},{"@type":"ListItem","position":3,"name":"Levure &amp; Nutriment","item":"https:\/\/sbi4beer.com\/fr\/Categories-de-produits\/levure-nutriment\/"},{"@type":"ListItem","position":4,"name":"LalBrew LoNa\u2122 Low Alcohol Hybrid Ale Levure 500 g"}]},{"@type":"WebSite","@id":"https:\/\/sbi4beer.com\/fr\/#website","url":"https:\/\/sbi4beer.com\/fr\/","name":"Selected Brewing Ingredients","description":"Selected Brewing Ingredients","publisher":{"@id":"https:\/\/sbi4beer.com\/fr\/#organization"},"potentialAction":[{"@type":"SearchAction","target":{"@type":"EntryPoint","urlTemplate":"https:\/\/sbi4beer.com\/fr\/?s={search_term_string}"},"query-input":{"@type":"PropertyValueSpecification","valueRequired":true,"valueName":"search_term_string"}}],"inLanguage":"fr-FR"},{"@type":"Organization","@id":"https:\/\/sbi4beer.com\/fr\/#organization","name":"Selected Brewing Ingredients","url":"https:\/\/sbi4beer.com\/fr\/","logo":{"@type":"ImageObject","inLanguage":"fr-FR","@id":"https:\/\/sbi4beer.com\/fr\/#\/schema\/logo\/image\/","url":"https:\/\/sbi4beer.com\/wp-content\/uploads\/2025\/11\/logo-sbi.png","contentUrl":"https:\/\/sbi4beer.com\/wp-content\/uploads\/2025\/11\/logo-sbi.png","width":228,"height":69,"caption":"Selected Brewing Ingredients"},"image":{"@id":"https:\/\/sbi4beer.com\/fr\/#\/schema\/logo\/image\/"},"sameAs":["https:\/\/www.facebook.com\/SelectedBrewingIngredients","https:\/\/x.com\/sbi4beer","https:\/\/www.instagram.com\/sbi4beer\/","https:\/\/www.linkedin.com\/company\/sbi4beer\/"]}]}},"_links":{"self":[{"href":"https:\/\/sbi4beer.com\/fr\/wp-json\/wp\/v2\/product\/39992","targetHints":{"allow":["GET"]}}],"collection":[{"href":"https:\/\/sbi4beer.com\/fr\/wp-json\/wp\/v2\/product"}],"about":[{"href":"https:\/\/sbi4beer.com\/fr\/wp-json\/wp\/v2\/types\/product"}],"wp:featuredmedia":[{"embeddable":true,"href":"https:\/\/sbi4beer.com\/fr\/wp-json\/wp\/v2\/media\/40097"}],"wp:attachment":[{"href":"https:\/\/sbi4beer.com\/fr\/wp-json\/wp\/v2\/media?parent=39992"}],"wp:term":[{"taxonomy":"product_brand","embeddable":true,"href":"https:\/\/sbi4beer.com\/fr\/wp-json\/wp\/v2\/product_brand?post=39992"},{"taxonomy":"product_cat","embeddable":true,"href":"https:\/\/sbi4beer.com\/fr\/wp-json\/wp\/v2\/product_cat?post=39992"},{"taxonomy":"product_tag","embeddable":true,"href":"https:\/\/sbi4beer.com\/fr\/wp-json\/wp\/v2\/product_tag?post=39992"}],"curies":[{"name":"wp","href":"https:\/\/api.w.org\/{rel}","templated":true}]}}