{"id":47051,"date":"2024-01-26T12:32:38","date_gmt":"2024-01-26T11:32:38","guid":{"rendered":"https:\/\/sbi4beer.com\/product\/coriandre-en-poudre-25-kg\/"},"modified":"2024-06-26T15:59:32","modified_gmt":"2024-06-26T13:59:32","slug":"coriandre-en-poudre-25-kg","status":"publish","type":"product","link":"https:\/\/sbi4beer.com\/fr\/produit\/coriandre-en-poudre-25-kg\/","title":{"rendered":"Coriandre en poudre 25 kg"},"content":{"rendered":"<p>La poudre de coriandre est obtenue \u00e0 partir des graines de coriandre. La d\u00e9nomination latine de \u2018Coriandre Poudre\u2019 est\u00a0<em>Coriandri fructus pulv.<\/em><\/p>\n<p>Conserver dans un endroit sec et \u00e0 l\u2019abri de la lumi\u00e8re (temp\u00e9rature maximale 25\u00b0C). A consommer dans les 3 ans.<\/p>\n","protected":false},"excerpt":{"rendered":"<p>Sous forme de poudre, la coriandre est \u00e9galement connue sous le nom de \u00ab\u00a0ketoembar\u00a0\u00bb. Dans l\u2019industrie de la bi\u00e8re, la coriandre est utilis\u00e9e dans la production de bi\u00e8re blanche ou de bi\u00e8re avec des notes d\u2019agrumes distinctes.<\/p>\n","protected":false},"featured_media":21817,"template":"","meta":{"_acf_changed":false},"product_brand":[],"product_cat":[1366],"product_tag":[],"class_list":{"0":"post-47051","1":"product","2":"type-product","3":"status-publish","4":"has-post-thumbnail","6":"product_cat-herbs-epices","8":"first","9":"instock","10":"taxable","11":"shipping-taxable","12":"purchasable","13":"product-type-simple"},"acf":[],"yoast_head":"<!-- This site is optimized with the Yoast SEO plugin v27.1.1 - https:\/\/yoast.com\/product\/yoast-seo-wordpress\/ -->\n<title>Coriandre en poudre 25 kg - Selected Brewing Ingredients<\/title>\n<meta name=\"description\" content=\"Coriandre en poudre 25 kg \u2713 Bestel alle brouwingredi\u00ebnten van hoge kwaliteit op 1 plaats \u2713 Service &amp; maatwerk \u2713 Snelle, betrouwbare levering\" \/>\n<meta name=\"robots\" content=\"index, follow, max-snippet:-1, max-image-preview:large, max-video-preview:-1\" \/>\n<link rel=\"canonical\" href=\"https:\/\/sbi4beer.com\/fr\/produit\/coriandre-en-poudre-25-kg\/\" \/>\n<meta property=\"og:locale\" content=\"fr_FR\" \/>\n<meta property=\"og:type\" content=\"article\" \/>\n<meta property=\"og:title\" content=\"Coriandre en poudre 25 kg - Selected Brewing Ingredients\" \/>\n<meta property=\"og:description\" content=\"Coriandre en poudre 25 kg \u2713 Bestel alle brouwingredi\u00ebnten van hoge kwaliteit op 1 plaats \u2713 Service &amp; maatwerk \u2713 Snelle, betrouwbare levering\" \/>\n<meta property=\"og:url\" content=\"https:\/\/sbi4beer.com\/fr\/produit\/coriandre-en-poudre-25-kg\/\" \/>\n<meta property=\"og:site_name\" content=\"Selected Brewing Ingredients\" \/>\n<meta property=\"article:publisher\" content=\"https:\/\/www.facebook.com\/SelectedBrewingIngredients\" \/>\n<meta property=\"article:modified_time\" content=\"2024-06-26T13:59:32+00:00\" \/>\n<meta property=\"og:image\" content=\"https:\/\/sbi4beer.com\/wp-content\/uploads\/2020\/11\/Koriander-poeder-1-kg-SBI.jpg\" \/>\n\t<meta property=\"og:image:width\" content=\"700\" \/>\n\t<meta property=\"og:image:height\" content=\"700\" \/>\n\t<meta property=\"og:image:type\" content=\"image\/jpeg\" \/>\n<meta name=\"twitter:card\" content=\"summary_large_image\" \/>\n<meta name=\"twitter:site\" content=\"@sbi4beer\" \/>\n<script type=\"application\/ld+json\" class=\"yoast-schema-graph\">{\"@context\":\"https:\/\/schema.org\",\"@graph\":[{\"@type\":\"WebPage\",\"@id\":\"https:\/\/sbi4beer.com\/fr\/produit\/coriandre-en-poudre-25-kg\/\",\"url\":\"https:\/\/sbi4beer.com\/fr\/produit\/coriandre-en-poudre-25-kg\/\",\"name\":\"Coriandre en poudre 25 kg - Selected Brewing Ingredients\",\"isPartOf\":{\"@id\":\"https:\/\/sbi4beer.com\/fr\/#website\"},\"primaryImageOfPage\":{\"@id\":\"https:\/\/sbi4beer.com\/fr\/produit\/coriandre-en-poudre-25-kg\/#primaryimage\"},\"image\":{\"@id\":\"https:\/\/sbi4beer.com\/fr\/produit\/coriandre-en-poudre-25-kg\/#primaryimage\"},\"thumbnailUrl\":\"https:\/\/sbi4beer.com\/wp-content\/uploads\/2020\/11\/Koriander-poeder-1-kg-SBI.jpg\",\"datePublished\":\"2024-01-26T11:32:38+00:00\",\"dateModified\":\"2024-06-26T13:59:32+00:00\",\"description\":\"Coriandre en poudre 25 kg \u2713 Bestel alle brouwingredi\u00ebnten van hoge kwaliteit op 1 plaats \u2713 Service & maatwerk \u2713 Snelle, betrouwbare levering\",\"breadcrumb\":{\"@id\":\"https:\/\/sbi4beer.com\/fr\/produit\/coriandre-en-poudre-25-kg\/#breadcrumb\"},\"inLanguage\":\"fr-FR\",\"potentialAction\":[{\"@type\":\"ReadAction\",\"target\":[\"https:\/\/sbi4beer.com\/fr\/produit\/coriandre-en-poudre-25-kg\/\"]}]},{\"@type\":\"ImageObject\",\"inLanguage\":\"fr-FR\",\"@id\":\"https:\/\/sbi4beer.com\/fr\/produit\/coriandre-en-poudre-25-kg\/#primaryimage\",\"url\":\"https:\/\/sbi4beer.com\/wp-content\/uploads\/2020\/11\/Koriander-poeder-1-kg-SBI.jpg\",\"contentUrl\":\"https:\/\/sbi4beer.com\/wp-content\/uploads\/2020\/11\/Koriander-poeder-1-kg-SBI.jpg\",\"width\":700,\"height\":700},{\"@type\":\"BreadcrumbList\",\"@id\":\"https:\/\/sbi4beer.com\/fr\/produit\/coriandre-en-poudre-25-kg\/#breadcrumb\",\"itemListElement\":[{\"@type\":\"ListItem\",\"position\":1,\"name\":\"Home\",\"item\":\"https:\/\/sbi4beer.com\/fr\/\"},{\"@type\":\"ListItem\",\"position\":2,\"name\":\"Shop\",\"item\":\"https:\/\/sbi4beer.com\/fr\/shop\/\"},{\"@type\":\"ListItem\",\"position\":3,\"name\":\"Herbs &amp; \u00c9pices\",\"item\":\"https:\/\/sbi4beer.com\/fr\/Categories-de-produits\/herbs-epices\/\"},{\"@type\":\"ListItem\",\"position\":4,\"name\":\"Coriandre en poudre 25 kg\"}]},{\"@type\":\"WebSite\",\"@id\":\"https:\/\/sbi4beer.com\/fr\/#website\",\"url\":\"https:\/\/sbi4beer.com\/fr\/\",\"name\":\"Selected Brewing Ingredients\",\"description\":\"Selected Brewing Ingredients\",\"publisher\":{\"@id\":\"https:\/\/sbi4beer.com\/fr\/#organization\"},\"potentialAction\":[{\"@type\":\"SearchAction\",\"target\":{\"@type\":\"EntryPoint\",\"urlTemplate\":\"https:\/\/sbi4beer.com\/fr\/?s={search_term_string}\"},\"query-input\":{\"@type\":\"PropertyValueSpecification\",\"valueRequired\":true,\"valueName\":\"search_term_string\"}}],\"inLanguage\":\"fr-FR\"},{\"@type\":\"Organization\",\"@id\":\"https:\/\/sbi4beer.com\/fr\/#organization\",\"name\":\"Selected Brewing Ingredients\",\"url\":\"https:\/\/sbi4beer.com\/fr\/\",\"logo\":{\"@type\":\"ImageObject\",\"inLanguage\":\"fr-FR\",\"@id\":\"https:\/\/sbi4beer.com\/fr\/#\/schema\/logo\/image\/\",\"url\":\"https:\/\/sbi4beer.com\/wp-content\/uploads\/2025\/11\/logo-sbi.png\",\"contentUrl\":\"https:\/\/sbi4beer.com\/wp-content\/uploads\/2025\/11\/logo-sbi.png\",\"width\":228,\"height\":69,\"caption\":\"Selected Brewing Ingredients\"},\"image\":{\"@id\":\"https:\/\/sbi4beer.com\/fr\/#\/schema\/logo\/image\/\"},\"sameAs\":[\"https:\/\/www.facebook.com\/SelectedBrewingIngredients\",\"https:\/\/x.com\/sbi4beer\",\"https:\/\/www.instagram.com\/sbi4beer\/\",\"https:\/\/www.linkedin.com\/company\/sbi4beer\/\"]}]}<\/script>\n<!-- \/ Yoast SEO plugin. -->","yoast_head_json":{"title":"Coriandre en poudre 25 kg - Selected Brewing Ingredients","description":"Coriandre en poudre 25 kg \u2713 Bestel alle brouwingredi\u00ebnten van hoge kwaliteit op 1 plaats \u2713 Service & maatwerk \u2713 Snelle, betrouwbare levering","robots":{"index":"index","follow":"follow","max-snippet":"max-snippet:-1","max-image-preview":"max-image-preview:large","max-video-preview":"max-video-preview:-1"},"canonical":"https:\/\/sbi4beer.com\/fr\/produit\/coriandre-en-poudre-25-kg\/","og_locale":"fr_FR","og_type":"article","og_title":"Coriandre en poudre 25 kg - Selected Brewing Ingredients","og_description":"Coriandre en poudre 25 kg \u2713 Bestel alle brouwingredi\u00ebnten van hoge kwaliteit op 1 plaats \u2713 Service & maatwerk \u2713 Snelle, betrouwbare levering","og_url":"https:\/\/sbi4beer.com\/fr\/produit\/coriandre-en-poudre-25-kg\/","og_site_name":"Selected Brewing Ingredients","article_publisher":"https:\/\/www.facebook.com\/SelectedBrewingIngredients","article_modified_time":"2024-06-26T13:59:32+00:00","og_image":[{"width":700,"height":700,"url":"https:\/\/sbi4beer.com\/wp-content\/uploads\/2020\/11\/Koriander-poeder-1-kg-SBI.jpg","type":"image\/jpeg"}],"twitter_card":"summary_large_image","twitter_site":"@sbi4beer","schema":{"@context":"https:\/\/schema.org","@graph":[{"@type":"WebPage","@id":"https:\/\/sbi4beer.com\/fr\/produit\/coriandre-en-poudre-25-kg\/","url":"https:\/\/sbi4beer.com\/fr\/produit\/coriandre-en-poudre-25-kg\/","name":"Coriandre en poudre 25 kg - Selected Brewing Ingredients","isPartOf":{"@id":"https:\/\/sbi4beer.com\/fr\/#website"},"primaryImageOfPage":{"@id":"https:\/\/sbi4beer.com\/fr\/produit\/coriandre-en-poudre-25-kg\/#primaryimage"},"image":{"@id":"https:\/\/sbi4beer.com\/fr\/produit\/coriandre-en-poudre-25-kg\/#primaryimage"},"thumbnailUrl":"https:\/\/sbi4beer.com\/wp-content\/uploads\/2020\/11\/Koriander-poeder-1-kg-SBI.jpg","datePublished":"2024-01-26T11:32:38+00:00","dateModified":"2024-06-26T13:59:32+00:00","description":"Coriandre en poudre 25 kg \u2713 Bestel alle brouwingredi\u00ebnten van hoge kwaliteit op 1 plaats \u2713 Service & maatwerk \u2713 Snelle, betrouwbare levering","breadcrumb":{"@id":"https:\/\/sbi4beer.com\/fr\/produit\/coriandre-en-poudre-25-kg\/#breadcrumb"},"inLanguage":"fr-FR","potentialAction":[{"@type":"ReadAction","target":["https:\/\/sbi4beer.com\/fr\/produit\/coriandre-en-poudre-25-kg\/"]}]},{"@type":"ImageObject","inLanguage":"fr-FR","@id":"https:\/\/sbi4beer.com\/fr\/produit\/coriandre-en-poudre-25-kg\/#primaryimage","url":"https:\/\/sbi4beer.com\/wp-content\/uploads\/2020\/11\/Koriander-poeder-1-kg-SBI.jpg","contentUrl":"https:\/\/sbi4beer.com\/wp-content\/uploads\/2020\/11\/Koriander-poeder-1-kg-SBI.jpg","width":700,"height":700},{"@type":"BreadcrumbList","@id":"https:\/\/sbi4beer.com\/fr\/produit\/coriandre-en-poudre-25-kg\/#breadcrumb","itemListElement":[{"@type":"ListItem","position":1,"name":"Home","item":"https:\/\/sbi4beer.com\/fr\/"},{"@type":"ListItem","position":2,"name":"Shop","item":"https:\/\/sbi4beer.com\/fr\/shop\/"},{"@type":"ListItem","position":3,"name":"Herbs &amp; \u00c9pices","item":"https:\/\/sbi4beer.com\/fr\/Categories-de-produits\/herbs-epices\/"},{"@type":"ListItem","position":4,"name":"Coriandre en poudre 25 kg"}]},{"@type":"WebSite","@id":"https:\/\/sbi4beer.com\/fr\/#website","url":"https:\/\/sbi4beer.com\/fr\/","name":"Selected Brewing Ingredients","description":"Selected Brewing Ingredients","publisher":{"@id":"https:\/\/sbi4beer.com\/fr\/#organization"},"potentialAction":[{"@type":"SearchAction","target":{"@type":"EntryPoint","urlTemplate":"https:\/\/sbi4beer.com\/fr\/?s={search_term_string}"},"query-input":{"@type":"PropertyValueSpecification","valueRequired":true,"valueName":"search_term_string"}}],"inLanguage":"fr-FR"},{"@type":"Organization","@id":"https:\/\/sbi4beer.com\/fr\/#organization","name":"Selected Brewing Ingredients","url":"https:\/\/sbi4beer.com\/fr\/","logo":{"@type":"ImageObject","inLanguage":"fr-FR","@id":"https:\/\/sbi4beer.com\/fr\/#\/schema\/logo\/image\/","url":"https:\/\/sbi4beer.com\/wp-content\/uploads\/2025\/11\/logo-sbi.png","contentUrl":"https:\/\/sbi4beer.com\/wp-content\/uploads\/2025\/11\/logo-sbi.png","width":228,"height":69,"caption":"Selected Brewing Ingredients"},"image":{"@id":"https:\/\/sbi4beer.com\/fr\/#\/schema\/logo\/image\/"},"sameAs":["https:\/\/www.facebook.com\/SelectedBrewingIngredients","https:\/\/x.com\/sbi4beer","https:\/\/www.instagram.com\/sbi4beer\/","https:\/\/www.linkedin.com\/company\/sbi4beer\/"]}]}},"_links":{"self":[{"href":"https:\/\/sbi4beer.com\/fr\/wp-json\/wp\/v2\/product\/47051","targetHints":{"allow":["GET"]}}],"collection":[{"href":"https:\/\/sbi4beer.com\/fr\/wp-json\/wp\/v2\/product"}],"about":[{"href":"https:\/\/sbi4beer.com\/fr\/wp-json\/wp\/v2\/types\/product"}],"wp:featuredmedia":[{"embeddable":true,"href":"https:\/\/sbi4beer.com\/fr\/wp-json\/wp\/v2\/media\/21817"}],"wp:attachment":[{"href":"https:\/\/sbi4beer.com\/fr\/wp-json\/wp\/v2\/media?parent=47051"}],"wp:term":[{"taxonomy":"product_brand","embeddable":true,"href":"https:\/\/sbi4beer.com\/fr\/wp-json\/wp\/v2\/product_brand?post=47051"},{"taxonomy":"product_cat","embeddable":true,"href":"https:\/\/sbi4beer.com\/fr\/wp-json\/wp\/v2\/product_cat?post=47051"},{"taxonomy":"product_tag","embeddable":true,"href":"https:\/\/sbi4beer.com\/fr\/wp-json\/wp\/v2\/product_tag?post=47051"}],"curies":[{"name":"wp","href":"https:\/\/api.w.org\/{rel}","templated":true}]}}