{"id":47541,"date":"2024-02-19T13:32:25","date_gmt":"2024-02-19T12:32:25","guid":{"rendered":"https:\/\/sbi4beer.com\/product\/pinnacle-levure-heritage-pilsner-115-g\/"},"modified":"2024-10-18T14:30:40","modified_gmt":"2024-10-18T12:30:40","slug":"pinnacle-levure-heritage-pilsner-115-g","status":"publish","type":"product","link":"https:\/\/sbi4beer.com\/fr\/produit\/pinnacle-levure-heritage-pilsner-115-g\/","title":{"rendered":"Pinnacle levure Heritage Pilsner 11,5 g"},"content":{"rendered":"<p>La Pinnacle Heritage Pilsner est une levure qui donne des Lagers et des Pilsners s\u00e8ches, nobles, vives et rafra\u00eechissantes. Les bi\u00e8res qui en r\u00e9sultent ont un profil aromatique pur avec un ar\u00f4me raffin\u00e9, complexe, subtil et fruit\u00e9 et un palais doux \u2013 ce qui donne une bi\u00e8re \u00e0 l\u2019ar\u00f4me tr\u00e8s noble et vif, fid\u00e8le au style Lager \/ Pilsner.<\/p>\n<p>Cette souche polyvalente de fermentation basse convient \u00e0 tous les types de Lagers europ\u00e9ennes et est parfaite pour la Pilsner allemande et boh\u00e9mienne, la Pilsner am\u00e9ricaine, la Mailbok, le Doppelbock, l\u2019Oktoberfest et la M\u00e4rzen.<\/p>\n<ul>\n<li>Temp\u00e9rature de la fermentation: 12-15\u00b0C<\/li>\n<li>Taux de fermentation: Tr\u00e8s rapide<\/li>\n<li>Stabilit\u00e9 de la mousse: Excellente<\/li>\n<li>Tol\u00e9rance \u00e0 l\u2019alcool: 9-11% ABV<\/li>\n<li>POF n\u00e9gatif<\/li>\n<\/ul>\n<h5><strong>Conditions de stockage<\/strong><\/h5>\n<p>Le produit doit \u00eatre entrepos\u00e9 dans un endroit sec entre 4 et 10\u00b0C (39-50\u00b0F). Les emballages ouverts doivent \u00eatre referm\u00e9s s\u2019ils ne sont pas enti\u00e8rement vides et ils doivent \u00eatre conserv\u00e9s \u00e0 une temp\u00e9rature de 4\u00b0C (39\u00b0F) et utilis\u00e9s sous cinq jours.<\/p>\n<h5><strong>Dur\u00e9e de conservation<\/strong><\/h5>\n<p>Trois ans \u00e0 compter de la date de fabrication.<\/p>\n<h5><strong>La levure de brassage Pinnacle s\u00e8che active<\/strong><\/h5>\n<p>La levure de brassage Pinnacle s\u00e8che active de grande qualit\u00e9 est comparable par ses performances \u00e0 la levure liquide. De plus, cette solution est pratique, constante et \u00e9conomique.<\/p>\n<p><strong>Besoin de plus d\u2019informations? Regarder documentation \u00ab Sp\u00e9cifications du produit Pinnacle levure Heritage Pilsner \u00bb<\/strong><\/p>\n","protected":false},"excerpt":{"rendered":"<p>La Pinnacle Heritage Pilsner est une levure qui donne des Lagers et des Pilsners s\u00e8ches, nobles, vives et rafra\u00eechissantes.<\/p>\n","protected":false},"featured_media":62094,"template":"","meta":{"_acf_changed":false},"product_brand":[],"product_cat":[1363],"product_tag":[],"class_list":{"0":"post-47541","1":"product","2":"type-product","3":"status-publish","4":"has-post-thumbnail","6":"product_cat-levure-nutriment","8":"first","9":"instock","10":"taxable","11":"shipping-taxable","12":"purchasable","13":"product-type-simple"},"acf":[],"yoast_head":"<!-- This site is optimized with the Yoast SEO plugin v27.1.1 - https:\/\/yoast.com\/product\/yoast-seo-wordpress\/ -->\n<title>Pinnacle levure Heritage Pilsner 11,5 g - Selected Brewing Ingredients<\/title>\n<meta name=\"description\" content=\"Pinnacle levure Heritage Pilsner 11,5 g \u2713 Bestel alle brouwingredi\u00ebnten van hoge kwaliteit op 1 plaats \u2713 Service &amp; maatwerk \u2713 Snelle, betrouwbare levering\" \/>\n<meta name=\"robots\" content=\"index, follow, max-snippet:-1, max-image-preview:large, max-video-preview:-1\" \/>\n<link rel=\"canonical\" href=\"https:\/\/sbi4beer.com\/fr\/produit\/pinnacle-levure-heritage-pilsner-115-g\/\" \/>\n<meta property=\"og:locale\" content=\"fr_FR\" \/>\n<meta property=\"og:type\" content=\"article\" \/>\n<meta property=\"og:title\" content=\"Pinnacle levure Heritage Pilsner 11,5 g - Selected Brewing Ingredients\" \/>\n<meta property=\"og:description\" content=\"Pinnacle levure Heritage Pilsner 11,5 g \u2713 Bestel alle brouwingredi\u00ebnten van hoge kwaliteit op 1 plaats \u2713 Service &amp; maatwerk \u2713 Snelle, betrouwbare levering\" \/>\n<meta property=\"og:url\" content=\"https:\/\/sbi4beer.com\/fr\/produit\/pinnacle-levure-heritage-pilsner-115-g\/\" \/>\n<meta property=\"og:site_name\" content=\"Selected Brewing Ingredients\" \/>\n<meta property=\"article:publisher\" content=\"https:\/\/www.facebook.com\/SelectedBrewingIngredients\" \/>\n<meta property=\"article:modified_time\" content=\"2024-10-18T12:30:40+00:00\" \/>\n<meta property=\"og:image\" content=\"https:\/\/sbi4beer.com\/wp-content\/uploads\/2024\/02\/pinnacle-heritage-pilsner-ale-gist-11-g.jpg\" \/>\n\t<meta property=\"og:image:width\" content=\"1200\" \/>\n\t<meta property=\"og:image:height\" content=\"1200\" \/>\n\t<meta property=\"og:image:type\" content=\"image\/jpeg\" \/>\n<meta name=\"twitter:card\" content=\"summary_large_image\" \/>\n<meta name=\"twitter:site\" content=\"@sbi4beer\" \/>\n<meta name=\"twitter:label1\" content=\"Dur\u00e9e de lecture estim\u00e9e\" \/>\n\t<meta name=\"twitter:data1\" content=\"1 minute\" \/>\n<script type=\"application\/ld+json\" class=\"yoast-schema-graph\">{\"@context\":\"https:\/\/schema.org\",\"@graph\":[{\"@type\":\"WebPage\",\"@id\":\"https:\/\/sbi4beer.com\/fr\/produit\/pinnacle-levure-heritage-pilsner-115-g\/\",\"url\":\"https:\/\/sbi4beer.com\/fr\/produit\/pinnacle-levure-heritage-pilsner-115-g\/\",\"name\":\"Pinnacle levure Heritage Pilsner 11,5 g - Selected Brewing Ingredients\",\"isPartOf\":{\"@id\":\"https:\/\/sbi4beer.com\/fr\/#website\"},\"primaryImageOfPage\":{\"@id\":\"https:\/\/sbi4beer.com\/fr\/produit\/pinnacle-levure-heritage-pilsner-115-g\/#primaryimage\"},\"image\":{\"@id\":\"https:\/\/sbi4beer.com\/fr\/produit\/pinnacle-levure-heritage-pilsner-115-g\/#primaryimage\"},\"thumbnailUrl\":\"https:\/\/sbi4beer.com\/wp-content\/uploads\/2024\/02\/pinnacle-heritage-pilsner-ale-gist-11-g.jpg\",\"datePublished\":\"2024-02-19T12:32:25+00:00\",\"dateModified\":\"2024-10-18T12:30:40+00:00\",\"description\":\"Pinnacle levure Heritage Pilsner 11,5 g \u2713 Bestel alle brouwingredi\u00ebnten van hoge kwaliteit op 1 plaats \u2713 Service & maatwerk \u2713 Snelle, betrouwbare levering\",\"breadcrumb\":{\"@id\":\"https:\/\/sbi4beer.com\/fr\/produit\/pinnacle-levure-heritage-pilsner-115-g\/#breadcrumb\"},\"inLanguage\":\"fr-FR\",\"potentialAction\":[{\"@type\":\"ReadAction\",\"target\":[\"https:\/\/sbi4beer.com\/fr\/produit\/pinnacle-levure-heritage-pilsner-115-g\/\"]}]},{\"@type\":\"ImageObject\",\"inLanguage\":\"fr-FR\",\"@id\":\"https:\/\/sbi4beer.com\/fr\/produit\/pinnacle-levure-heritage-pilsner-115-g\/#primaryimage\",\"url\":\"https:\/\/sbi4beer.com\/wp-content\/uploads\/2024\/02\/pinnacle-heritage-pilsner-ale-gist-11-g.jpg\",\"contentUrl\":\"https:\/\/sbi4beer.com\/wp-content\/uploads\/2024\/02\/pinnacle-heritage-pilsner-ale-gist-11-g.jpg\",\"width\":1200,\"height\":1200},{\"@type\":\"BreadcrumbList\",\"@id\":\"https:\/\/sbi4beer.com\/fr\/produit\/pinnacle-levure-heritage-pilsner-115-g\/#breadcrumb\",\"itemListElement\":[{\"@type\":\"ListItem\",\"position\":1,\"name\":\"Home\",\"item\":\"https:\/\/sbi4beer.com\/fr\/\"},{\"@type\":\"ListItem\",\"position\":2,\"name\":\"Shop\",\"item\":\"https:\/\/sbi4beer.com\/fr\/shop\/\"},{\"@type\":\"ListItem\",\"position\":3,\"name\":\"Levure &amp; Nutriment\",\"item\":\"https:\/\/sbi4beer.com\/fr\/Categories-de-produits\/levure-nutriment\/\"},{\"@type\":\"ListItem\",\"position\":4,\"name\":\"Pinnacle levure Heritage Pilsner 11,5 g\"}]},{\"@type\":\"WebSite\",\"@id\":\"https:\/\/sbi4beer.com\/fr\/#website\",\"url\":\"https:\/\/sbi4beer.com\/fr\/\",\"name\":\"Selected Brewing Ingredients\",\"description\":\"Selected Brewing Ingredients\",\"publisher\":{\"@id\":\"https:\/\/sbi4beer.com\/fr\/#organization\"},\"potentialAction\":[{\"@type\":\"SearchAction\",\"target\":{\"@type\":\"EntryPoint\",\"urlTemplate\":\"https:\/\/sbi4beer.com\/fr\/?s={search_term_string}\"},\"query-input\":{\"@type\":\"PropertyValueSpecification\",\"valueRequired\":true,\"valueName\":\"search_term_string\"}}],\"inLanguage\":\"fr-FR\"},{\"@type\":\"Organization\",\"@id\":\"https:\/\/sbi4beer.com\/fr\/#organization\",\"name\":\"Selected Brewing Ingredients\",\"url\":\"https:\/\/sbi4beer.com\/fr\/\",\"logo\":{\"@type\":\"ImageObject\",\"inLanguage\":\"fr-FR\",\"@id\":\"https:\/\/sbi4beer.com\/fr\/#\/schema\/logo\/image\/\",\"url\":\"https:\/\/sbi4beer.com\/wp-content\/uploads\/2025\/11\/logo-sbi.png\",\"contentUrl\":\"https:\/\/sbi4beer.com\/wp-content\/uploads\/2025\/11\/logo-sbi.png\",\"width\":228,\"height\":69,\"caption\":\"Selected Brewing Ingredients\"},\"image\":{\"@id\":\"https:\/\/sbi4beer.com\/fr\/#\/schema\/logo\/image\/\"},\"sameAs\":[\"https:\/\/www.facebook.com\/SelectedBrewingIngredients\",\"https:\/\/x.com\/sbi4beer\",\"https:\/\/www.instagram.com\/sbi4beer\/\",\"https:\/\/www.linkedin.com\/company\/sbi4beer\/\"]}]}<\/script>\n<!-- \/ Yoast SEO plugin. -->","yoast_head_json":{"title":"Pinnacle levure Heritage Pilsner 11,5 g - Selected Brewing Ingredients","description":"Pinnacle levure Heritage Pilsner 11,5 g \u2713 Bestel alle brouwingredi\u00ebnten van hoge kwaliteit op 1 plaats \u2713 Service & maatwerk \u2713 Snelle, betrouwbare levering","robots":{"index":"index","follow":"follow","max-snippet":"max-snippet:-1","max-image-preview":"max-image-preview:large","max-video-preview":"max-video-preview:-1"},"canonical":"https:\/\/sbi4beer.com\/fr\/produit\/pinnacle-levure-heritage-pilsner-115-g\/","og_locale":"fr_FR","og_type":"article","og_title":"Pinnacle levure Heritage Pilsner 11,5 g - Selected Brewing Ingredients","og_description":"Pinnacle levure Heritage Pilsner 11,5 g \u2713 Bestel alle brouwingredi\u00ebnten van hoge kwaliteit op 1 plaats \u2713 Service & maatwerk \u2713 Snelle, betrouwbare levering","og_url":"https:\/\/sbi4beer.com\/fr\/produit\/pinnacle-levure-heritage-pilsner-115-g\/","og_site_name":"Selected Brewing Ingredients","article_publisher":"https:\/\/www.facebook.com\/SelectedBrewingIngredients","article_modified_time":"2024-10-18T12:30:40+00:00","og_image":[{"width":1200,"height":1200,"url":"https:\/\/sbi4beer.com\/wp-content\/uploads\/2024\/02\/pinnacle-heritage-pilsner-ale-gist-11-g.jpg","type":"image\/jpeg"}],"twitter_card":"summary_large_image","twitter_site":"@sbi4beer","twitter_misc":{"Dur\u00e9e de lecture estim\u00e9e":"1 minute"},"schema":{"@context":"https:\/\/schema.org","@graph":[{"@type":"WebPage","@id":"https:\/\/sbi4beer.com\/fr\/produit\/pinnacle-levure-heritage-pilsner-115-g\/","url":"https:\/\/sbi4beer.com\/fr\/produit\/pinnacle-levure-heritage-pilsner-115-g\/","name":"Pinnacle levure Heritage Pilsner 11,5 g - Selected Brewing Ingredients","isPartOf":{"@id":"https:\/\/sbi4beer.com\/fr\/#website"},"primaryImageOfPage":{"@id":"https:\/\/sbi4beer.com\/fr\/produit\/pinnacle-levure-heritage-pilsner-115-g\/#primaryimage"},"image":{"@id":"https:\/\/sbi4beer.com\/fr\/produit\/pinnacle-levure-heritage-pilsner-115-g\/#primaryimage"},"thumbnailUrl":"https:\/\/sbi4beer.com\/wp-content\/uploads\/2024\/02\/pinnacle-heritage-pilsner-ale-gist-11-g.jpg","datePublished":"2024-02-19T12:32:25+00:00","dateModified":"2024-10-18T12:30:40+00:00","description":"Pinnacle levure Heritage Pilsner 11,5 g \u2713 Bestel alle brouwingredi\u00ebnten van hoge kwaliteit op 1 plaats \u2713 Service & maatwerk \u2713 Snelle, betrouwbare levering","breadcrumb":{"@id":"https:\/\/sbi4beer.com\/fr\/produit\/pinnacle-levure-heritage-pilsner-115-g\/#breadcrumb"},"inLanguage":"fr-FR","potentialAction":[{"@type":"ReadAction","target":["https:\/\/sbi4beer.com\/fr\/produit\/pinnacle-levure-heritage-pilsner-115-g\/"]}]},{"@type":"ImageObject","inLanguage":"fr-FR","@id":"https:\/\/sbi4beer.com\/fr\/produit\/pinnacle-levure-heritage-pilsner-115-g\/#primaryimage","url":"https:\/\/sbi4beer.com\/wp-content\/uploads\/2024\/02\/pinnacle-heritage-pilsner-ale-gist-11-g.jpg","contentUrl":"https:\/\/sbi4beer.com\/wp-content\/uploads\/2024\/02\/pinnacle-heritage-pilsner-ale-gist-11-g.jpg","width":1200,"height":1200},{"@type":"BreadcrumbList","@id":"https:\/\/sbi4beer.com\/fr\/produit\/pinnacle-levure-heritage-pilsner-115-g\/#breadcrumb","itemListElement":[{"@type":"ListItem","position":1,"name":"Home","item":"https:\/\/sbi4beer.com\/fr\/"},{"@type":"ListItem","position":2,"name":"Shop","item":"https:\/\/sbi4beer.com\/fr\/shop\/"},{"@type":"ListItem","position":3,"name":"Levure &amp; Nutriment","item":"https:\/\/sbi4beer.com\/fr\/Categories-de-produits\/levure-nutriment\/"},{"@type":"ListItem","position":4,"name":"Pinnacle levure Heritage Pilsner 11,5 g"}]},{"@type":"WebSite","@id":"https:\/\/sbi4beer.com\/fr\/#website","url":"https:\/\/sbi4beer.com\/fr\/","name":"Selected Brewing Ingredients","description":"Selected Brewing Ingredients","publisher":{"@id":"https:\/\/sbi4beer.com\/fr\/#organization"},"potentialAction":[{"@type":"SearchAction","target":{"@type":"EntryPoint","urlTemplate":"https:\/\/sbi4beer.com\/fr\/?s={search_term_string}"},"query-input":{"@type":"PropertyValueSpecification","valueRequired":true,"valueName":"search_term_string"}}],"inLanguage":"fr-FR"},{"@type":"Organization","@id":"https:\/\/sbi4beer.com\/fr\/#organization","name":"Selected Brewing Ingredients","url":"https:\/\/sbi4beer.com\/fr\/","logo":{"@type":"ImageObject","inLanguage":"fr-FR","@id":"https:\/\/sbi4beer.com\/fr\/#\/schema\/logo\/image\/","url":"https:\/\/sbi4beer.com\/wp-content\/uploads\/2025\/11\/logo-sbi.png","contentUrl":"https:\/\/sbi4beer.com\/wp-content\/uploads\/2025\/11\/logo-sbi.png","width":228,"height":69,"caption":"Selected Brewing Ingredients"},"image":{"@id":"https:\/\/sbi4beer.com\/fr\/#\/schema\/logo\/image\/"},"sameAs":["https:\/\/www.facebook.com\/SelectedBrewingIngredients","https:\/\/x.com\/sbi4beer","https:\/\/www.instagram.com\/sbi4beer\/","https:\/\/www.linkedin.com\/company\/sbi4beer\/"]}]}},"_links":{"self":[{"href":"https:\/\/sbi4beer.com\/fr\/wp-json\/wp\/v2\/product\/47541","targetHints":{"allow":["GET"]}}],"collection":[{"href":"https:\/\/sbi4beer.com\/fr\/wp-json\/wp\/v2\/product"}],"about":[{"href":"https:\/\/sbi4beer.com\/fr\/wp-json\/wp\/v2\/types\/product"}],"wp:featuredmedia":[{"embeddable":true,"href":"https:\/\/sbi4beer.com\/fr\/wp-json\/wp\/v2\/media\/62094"}],"wp:attachment":[{"href":"https:\/\/sbi4beer.com\/fr\/wp-json\/wp\/v2\/media?parent=47541"}],"wp:term":[{"taxonomy":"product_brand","embeddable":true,"href":"https:\/\/sbi4beer.com\/fr\/wp-json\/wp\/v2\/product_brand?post=47541"},{"taxonomy":"product_cat","embeddable":true,"href":"https:\/\/sbi4beer.com\/fr\/wp-json\/wp\/v2\/product_cat?post=47541"},{"taxonomy":"product_tag","embeddable":true,"href":"https:\/\/sbi4beer.com\/fr\/wp-json\/wp\/v2\/product_tag?post=47541"}],"curies":[{"name":"wp","href":"https:\/\/api.w.org\/{rel}","templated":true}]}}