{"id":47547,"date":"2024-02-19T13:32:48","date_gmt":"2024-02-19T12:32:48","guid":{"rendered":"https:\/\/sbi4beer.com\/product\/pinnacle-brewboost-enrichi-en-zinc-nutriment-de-levure-2x5-g\/"},"modified":"2024-10-18T15:00:18","modified_gmt":"2024-10-18T13:00:18","slug":"pinnacle-brewboost-enrichi-en-zinc-nutriment-de-levure-2x5-g","status":"publish","type":"product","link":"https:\/\/sbi4beer.com\/fr\/produit\/pinnacle-brewboost-enrichi-en-zinc-nutriment-de-levure-2x5-g\/","title":{"rendered":"Pinnacle Brewboost enrichi en Zinc nutriment de levure 2&#215;5 g"},"content":{"rendered":"<h5><strong>Brewboost enrichi en Zinc nutriment de levure<\/strong><\/h5>\n<p>BrewBoost est un nutriment de fermentation \u00e0 base de levure inactive sp\u00e9cialement s\u00e9lectionn\u00e9 qui contient un niveau \u00e9lev\u00e9 de zinc li\u00e9 organiquement, un min\u00e9ral qui agit positivement sur la fermentation de brassage comme cela a \u00e9t\u00e9 prouv\u00e9.<\/p>\n<p>Ce compl\u00e9ment de levure nutritionnel apporte des sources d\u2019azote et de zinc facilement disponibles afin d\u2019assurer la fermentation du mo\u00fbt de bi\u00e8re.<\/p>\n<p><strong>Besoin de plus d\u2019informations? Regarder documentation.<\/strong><\/p>\n","protected":false},"excerpt":{"rendered":"<p>BrewBoost peut \u00eatre utilis\u00e9 pour garantir la fermentation de toutes vos bi\u00e8res. Avec BrewBoost, vous obtenez une meilleure constance en termes d\u2019ar\u00f4me et vous produisez des bi\u00e8res plus nobles et plus \u00e9quilibr\u00e9es.<\/p>\n","protected":false},"featured_media":62100,"template":"","meta":{"_acf_changed":false},"product_brand":[],"product_cat":[1363],"product_tag":[],"class_list":{"0":"post-47547","1":"product","2":"type-product","3":"status-publish","4":"has-post-thumbnail","6":"product_cat-levure-nutriment","8":"first","9":"instock","10":"taxable","11":"shipping-taxable","12":"purchasable","13":"product-type-simple"},"acf":[],"yoast_head":"<!-- This site is optimized with the Yoast SEO plugin v27.1.1 - https:\/\/yoast.com\/product\/yoast-seo-wordpress\/ -->\n<title>Pinnacle Brewboost enrichi en Zinc nutriment de levure 2x5 g - Selected Brewing Ingredients<\/title>\n<meta name=\"description\" content=\"Pinnacle Brewboost enrichi en Zinc nutriment de levure 2x5 g \u2713 Bestel alle brouwingredi\u00ebnten van hoge kwaliteit op 1 plaats \u2713 Service &amp; maatwerk \u2713 Snelle, betrouwbare levering\" \/>\n<meta name=\"robots\" content=\"index, follow, max-snippet:-1, max-image-preview:large, max-video-preview:-1\" \/>\n<link rel=\"canonical\" href=\"https:\/\/sbi4beer.com\/fr\/produit\/pinnacle-brewboost-enrichi-en-zinc-nutriment-de-levure-2x5-g\/\" \/>\n<meta property=\"og:locale\" content=\"fr_FR\" \/>\n<meta property=\"og:type\" content=\"article\" \/>\n<meta property=\"og:title\" content=\"Pinnacle Brewboost enrichi en Zinc nutriment de levure 2x5 g - Selected Brewing Ingredients\" \/>\n<meta property=\"og:description\" content=\"Pinnacle Brewboost enrichi en Zinc nutriment de levure 2x5 g \u2713 Bestel alle brouwingredi\u00ebnten van hoge kwaliteit op 1 plaats \u2713 Service &amp; maatwerk \u2713 Snelle, betrouwbare levering\" \/>\n<meta property=\"og:url\" content=\"https:\/\/sbi4beer.com\/fr\/produit\/pinnacle-brewboost-enrichi-en-zinc-nutriment-de-levure-2x5-g\/\" \/>\n<meta property=\"og:site_name\" content=\"Selected Brewing Ingredients\" \/>\n<meta property=\"article:publisher\" content=\"https:\/\/www.facebook.com\/SelectedBrewingIngredients\" \/>\n<meta property=\"article:modified_time\" content=\"2024-10-18T13:00:18+00:00\" \/>\n<meta property=\"og:image\" content=\"https:\/\/sbi4beer.com\/wp-content\/uploads\/2024\/02\/pinnacle-brewboost-zinc-enriched-gistvoeding-2-x-5-g.jpg\" \/>\n\t<meta property=\"og:image:width\" content=\"1200\" \/>\n\t<meta property=\"og:image:height\" content=\"1200\" \/>\n\t<meta property=\"og:image:type\" content=\"image\/jpeg\" \/>\n<meta name=\"twitter:card\" content=\"summary_large_image\" \/>\n<meta name=\"twitter:site\" content=\"@sbi4beer\" \/>\n<meta name=\"twitter:label1\" content=\"Dur\u00e9e de lecture estim\u00e9e\" \/>\n\t<meta name=\"twitter:data1\" content=\"1 minute\" \/>\n<script type=\"application\/ld+json\" class=\"yoast-schema-graph\">{\"@context\":\"https:\/\/schema.org\",\"@graph\":[{\"@type\":\"WebPage\",\"@id\":\"https:\/\/sbi4beer.com\/fr\/produit\/pinnacle-brewboost-enrichi-en-zinc-nutriment-de-levure-2x5-g\/\",\"url\":\"https:\/\/sbi4beer.com\/fr\/produit\/pinnacle-brewboost-enrichi-en-zinc-nutriment-de-levure-2x5-g\/\",\"name\":\"Pinnacle Brewboost enrichi en Zinc nutriment de levure 2x5 g - Selected Brewing Ingredients\",\"isPartOf\":{\"@id\":\"https:\/\/sbi4beer.com\/fr\/#website\"},\"primaryImageOfPage\":{\"@id\":\"https:\/\/sbi4beer.com\/fr\/produit\/pinnacle-brewboost-enrichi-en-zinc-nutriment-de-levure-2x5-g\/#primaryimage\"},\"image\":{\"@id\":\"https:\/\/sbi4beer.com\/fr\/produit\/pinnacle-brewboost-enrichi-en-zinc-nutriment-de-levure-2x5-g\/#primaryimage\"},\"thumbnailUrl\":\"https:\/\/sbi4beer.com\/wp-content\/uploads\/2024\/02\/pinnacle-brewboost-zinc-enriched-gistvoeding-2-x-5-g.jpg\",\"datePublished\":\"2024-02-19T12:32:48+00:00\",\"dateModified\":\"2024-10-18T13:00:18+00:00\",\"description\":\"Pinnacle Brewboost enrichi en Zinc nutriment de levure 2x5 g \u2713 Bestel alle brouwingredi\u00ebnten van hoge kwaliteit op 1 plaats \u2713 Service & maatwerk \u2713 Snelle, betrouwbare levering\",\"breadcrumb\":{\"@id\":\"https:\/\/sbi4beer.com\/fr\/produit\/pinnacle-brewboost-enrichi-en-zinc-nutriment-de-levure-2x5-g\/#breadcrumb\"},\"inLanguage\":\"fr-FR\",\"potentialAction\":[{\"@type\":\"ReadAction\",\"target\":[\"https:\/\/sbi4beer.com\/fr\/produit\/pinnacle-brewboost-enrichi-en-zinc-nutriment-de-levure-2x5-g\/\"]}]},{\"@type\":\"ImageObject\",\"inLanguage\":\"fr-FR\",\"@id\":\"https:\/\/sbi4beer.com\/fr\/produit\/pinnacle-brewboost-enrichi-en-zinc-nutriment-de-levure-2x5-g\/#primaryimage\",\"url\":\"https:\/\/sbi4beer.com\/wp-content\/uploads\/2024\/02\/pinnacle-brewboost-zinc-enriched-gistvoeding-2-x-5-g.jpg\",\"contentUrl\":\"https:\/\/sbi4beer.com\/wp-content\/uploads\/2024\/02\/pinnacle-brewboost-zinc-enriched-gistvoeding-2-x-5-g.jpg\",\"width\":1200,\"height\":1200},{\"@type\":\"BreadcrumbList\",\"@id\":\"https:\/\/sbi4beer.com\/fr\/produit\/pinnacle-brewboost-enrichi-en-zinc-nutriment-de-levure-2x5-g\/#breadcrumb\",\"itemListElement\":[{\"@type\":\"ListItem\",\"position\":1,\"name\":\"Home\",\"item\":\"https:\/\/sbi4beer.com\/fr\/\"},{\"@type\":\"ListItem\",\"position\":2,\"name\":\"Shop\",\"item\":\"https:\/\/sbi4beer.com\/fr\/shop\/\"},{\"@type\":\"ListItem\",\"position\":3,\"name\":\"Levure &amp; Nutriment\",\"item\":\"https:\/\/sbi4beer.com\/fr\/Categories-de-produits\/levure-nutriment\/\"},{\"@type\":\"ListItem\",\"position\":4,\"name\":\"Pinnacle Brewboost enrichi en Zinc nutriment de levure 2&#215;5 g\"}]},{\"@type\":\"WebSite\",\"@id\":\"https:\/\/sbi4beer.com\/fr\/#website\",\"url\":\"https:\/\/sbi4beer.com\/fr\/\",\"name\":\"Selected Brewing Ingredients\",\"description\":\"Selected Brewing Ingredients\",\"publisher\":{\"@id\":\"https:\/\/sbi4beer.com\/fr\/#organization\"},\"potentialAction\":[{\"@type\":\"SearchAction\",\"target\":{\"@type\":\"EntryPoint\",\"urlTemplate\":\"https:\/\/sbi4beer.com\/fr\/?s={search_term_string}\"},\"query-input\":{\"@type\":\"PropertyValueSpecification\",\"valueRequired\":true,\"valueName\":\"search_term_string\"}}],\"inLanguage\":\"fr-FR\"},{\"@type\":\"Organization\",\"@id\":\"https:\/\/sbi4beer.com\/fr\/#organization\",\"name\":\"Selected Brewing Ingredients\",\"url\":\"https:\/\/sbi4beer.com\/fr\/\",\"logo\":{\"@type\":\"ImageObject\",\"inLanguage\":\"fr-FR\",\"@id\":\"https:\/\/sbi4beer.com\/fr\/#\/schema\/logo\/image\/\",\"url\":\"https:\/\/sbi4beer.com\/wp-content\/uploads\/2025\/11\/logo-sbi.png\",\"contentUrl\":\"https:\/\/sbi4beer.com\/wp-content\/uploads\/2025\/11\/logo-sbi.png\",\"width\":228,\"height\":69,\"caption\":\"Selected Brewing Ingredients\"},\"image\":{\"@id\":\"https:\/\/sbi4beer.com\/fr\/#\/schema\/logo\/image\/\"},\"sameAs\":[\"https:\/\/www.facebook.com\/SelectedBrewingIngredients\",\"https:\/\/x.com\/sbi4beer\",\"https:\/\/www.instagram.com\/sbi4beer\/\",\"https:\/\/www.linkedin.com\/company\/sbi4beer\/\"]}]}<\/script>\n<!-- \/ Yoast SEO plugin. -->","yoast_head_json":{"title":"Pinnacle Brewboost enrichi en Zinc nutriment de levure 2x5 g - Selected Brewing Ingredients","description":"Pinnacle Brewboost enrichi en Zinc nutriment de levure 2x5 g \u2713 Bestel alle brouwingredi\u00ebnten van hoge kwaliteit op 1 plaats \u2713 Service & maatwerk \u2713 Snelle, betrouwbare levering","robots":{"index":"index","follow":"follow","max-snippet":"max-snippet:-1","max-image-preview":"max-image-preview:large","max-video-preview":"max-video-preview:-1"},"canonical":"https:\/\/sbi4beer.com\/fr\/produit\/pinnacle-brewboost-enrichi-en-zinc-nutriment-de-levure-2x5-g\/","og_locale":"fr_FR","og_type":"article","og_title":"Pinnacle Brewboost enrichi en Zinc nutriment de levure 2x5 g - Selected Brewing Ingredients","og_description":"Pinnacle Brewboost enrichi en Zinc nutriment de levure 2x5 g \u2713 Bestel alle brouwingredi\u00ebnten van hoge kwaliteit op 1 plaats \u2713 Service & maatwerk \u2713 Snelle, betrouwbare levering","og_url":"https:\/\/sbi4beer.com\/fr\/produit\/pinnacle-brewboost-enrichi-en-zinc-nutriment-de-levure-2x5-g\/","og_site_name":"Selected Brewing Ingredients","article_publisher":"https:\/\/www.facebook.com\/SelectedBrewingIngredients","article_modified_time":"2024-10-18T13:00:18+00:00","og_image":[{"width":1200,"height":1200,"url":"https:\/\/sbi4beer.com\/wp-content\/uploads\/2024\/02\/pinnacle-brewboost-zinc-enriched-gistvoeding-2-x-5-g.jpg","type":"image\/jpeg"}],"twitter_card":"summary_large_image","twitter_site":"@sbi4beer","twitter_misc":{"Dur\u00e9e de lecture estim\u00e9e":"1 minute"},"schema":{"@context":"https:\/\/schema.org","@graph":[{"@type":"WebPage","@id":"https:\/\/sbi4beer.com\/fr\/produit\/pinnacle-brewboost-enrichi-en-zinc-nutriment-de-levure-2x5-g\/","url":"https:\/\/sbi4beer.com\/fr\/produit\/pinnacle-brewboost-enrichi-en-zinc-nutriment-de-levure-2x5-g\/","name":"Pinnacle Brewboost enrichi en Zinc nutriment de levure 2x5 g - Selected Brewing Ingredients","isPartOf":{"@id":"https:\/\/sbi4beer.com\/fr\/#website"},"primaryImageOfPage":{"@id":"https:\/\/sbi4beer.com\/fr\/produit\/pinnacle-brewboost-enrichi-en-zinc-nutriment-de-levure-2x5-g\/#primaryimage"},"image":{"@id":"https:\/\/sbi4beer.com\/fr\/produit\/pinnacle-brewboost-enrichi-en-zinc-nutriment-de-levure-2x5-g\/#primaryimage"},"thumbnailUrl":"https:\/\/sbi4beer.com\/wp-content\/uploads\/2024\/02\/pinnacle-brewboost-zinc-enriched-gistvoeding-2-x-5-g.jpg","datePublished":"2024-02-19T12:32:48+00:00","dateModified":"2024-10-18T13:00:18+00:00","description":"Pinnacle Brewboost enrichi en Zinc nutriment de levure 2x5 g \u2713 Bestel alle brouwingredi\u00ebnten van hoge kwaliteit op 1 plaats \u2713 Service & maatwerk \u2713 Snelle, betrouwbare levering","breadcrumb":{"@id":"https:\/\/sbi4beer.com\/fr\/produit\/pinnacle-brewboost-enrichi-en-zinc-nutriment-de-levure-2x5-g\/#breadcrumb"},"inLanguage":"fr-FR","potentialAction":[{"@type":"ReadAction","target":["https:\/\/sbi4beer.com\/fr\/produit\/pinnacle-brewboost-enrichi-en-zinc-nutriment-de-levure-2x5-g\/"]}]},{"@type":"ImageObject","inLanguage":"fr-FR","@id":"https:\/\/sbi4beer.com\/fr\/produit\/pinnacle-brewboost-enrichi-en-zinc-nutriment-de-levure-2x5-g\/#primaryimage","url":"https:\/\/sbi4beer.com\/wp-content\/uploads\/2024\/02\/pinnacle-brewboost-zinc-enriched-gistvoeding-2-x-5-g.jpg","contentUrl":"https:\/\/sbi4beer.com\/wp-content\/uploads\/2024\/02\/pinnacle-brewboost-zinc-enriched-gistvoeding-2-x-5-g.jpg","width":1200,"height":1200},{"@type":"BreadcrumbList","@id":"https:\/\/sbi4beer.com\/fr\/produit\/pinnacle-brewboost-enrichi-en-zinc-nutriment-de-levure-2x5-g\/#breadcrumb","itemListElement":[{"@type":"ListItem","position":1,"name":"Home","item":"https:\/\/sbi4beer.com\/fr\/"},{"@type":"ListItem","position":2,"name":"Shop","item":"https:\/\/sbi4beer.com\/fr\/shop\/"},{"@type":"ListItem","position":3,"name":"Levure &amp; Nutriment","item":"https:\/\/sbi4beer.com\/fr\/Categories-de-produits\/levure-nutriment\/"},{"@type":"ListItem","position":4,"name":"Pinnacle Brewboost enrichi en Zinc nutriment de levure 2&#215;5 g"}]},{"@type":"WebSite","@id":"https:\/\/sbi4beer.com\/fr\/#website","url":"https:\/\/sbi4beer.com\/fr\/","name":"Selected Brewing Ingredients","description":"Selected Brewing Ingredients","publisher":{"@id":"https:\/\/sbi4beer.com\/fr\/#organization"},"potentialAction":[{"@type":"SearchAction","target":{"@type":"EntryPoint","urlTemplate":"https:\/\/sbi4beer.com\/fr\/?s={search_term_string}"},"query-input":{"@type":"PropertyValueSpecification","valueRequired":true,"valueName":"search_term_string"}}],"inLanguage":"fr-FR"},{"@type":"Organization","@id":"https:\/\/sbi4beer.com\/fr\/#organization","name":"Selected Brewing Ingredients","url":"https:\/\/sbi4beer.com\/fr\/","logo":{"@type":"ImageObject","inLanguage":"fr-FR","@id":"https:\/\/sbi4beer.com\/fr\/#\/schema\/logo\/image\/","url":"https:\/\/sbi4beer.com\/wp-content\/uploads\/2025\/11\/logo-sbi.png","contentUrl":"https:\/\/sbi4beer.com\/wp-content\/uploads\/2025\/11\/logo-sbi.png","width":228,"height":69,"caption":"Selected Brewing Ingredients"},"image":{"@id":"https:\/\/sbi4beer.com\/fr\/#\/schema\/logo\/image\/"},"sameAs":["https:\/\/www.facebook.com\/SelectedBrewingIngredients","https:\/\/x.com\/sbi4beer","https:\/\/www.instagram.com\/sbi4beer\/","https:\/\/www.linkedin.com\/company\/sbi4beer\/"]}]}},"_links":{"self":[{"href":"https:\/\/sbi4beer.com\/fr\/wp-json\/wp\/v2\/product\/47547","targetHints":{"allow":["GET"]}}],"collection":[{"href":"https:\/\/sbi4beer.com\/fr\/wp-json\/wp\/v2\/product"}],"about":[{"href":"https:\/\/sbi4beer.com\/fr\/wp-json\/wp\/v2\/types\/product"}],"wp:featuredmedia":[{"embeddable":true,"href":"https:\/\/sbi4beer.com\/fr\/wp-json\/wp\/v2\/media\/62100"}],"wp:attachment":[{"href":"https:\/\/sbi4beer.com\/fr\/wp-json\/wp\/v2\/media?parent=47547"}],"wp:term":[{"taxonomy":"product_brand","embeddable":true,"href":"https:\/\/sbi4beer.com\/fr\/wp-json\/wp\/v2\/product_brand?post=47547"},{"taxonomy":"product_cat","embeddable":true,"href":"https:\/\/sbi4beer.com\/fr\/wp-json\/wp\/v2\/product_cat?post=47547"},{"taxonomy":"product_tag","embeddable":true,"href":"https:\/\/sbi4beer.com\/fr\/wp-json\/wp\/v2\/product_tag?post=47547"}],"curies":[{"name":"wp","href":"https:\/\/api.w.org\/{rel}","templated":true}]}}