{"id":50717,"date":"2024-06-14T15:31:37","date_gmt":"2024-06-14T13:31:37","guid":{"rendered":"https:\/\/sbi4beer.com\/product\/lalbrew-pomona-modern-hybrid-ipa-levure-11-g\/"},"modified":"2026-04-13T15:27:36","modified_gmt":"2026-04-13T13:27:36","slug":"lalbrew-pomona-modern-hybrid-ipa-levure-11-g","status":"publish","type":"product","link":"https:\/\/sbi4beer.com\/fr\/produit\/lalbrew-pomona-modern-hybrid-ipa-levure-11-g\/","title":{"rendered":"Lalbrew Pomona\u2122 Modern Hybrid IPA levure 11 g"},"content":{"rendered":"<h5 class=\"wp-block-heading\"><strong>D\u00e9couvrez LalBrew Pomona \u2122 pour les IPA modernes<\/strong><\/h5>\n<p>Vous pouvez maintenant cr\u00e9er l\u2019IPA moderne parfaite avec LalBrew Pomona\u2122. Cette souche hybride a \u00e9t\u00e9 s\u00e9lectionn\u00e9e pour ses flaveurs fruit\u00e9es et ses performances de fermentation dans les bi\u00e8res houblonn\u00e9es.<\/p>\n<h5 class=\"wp-block-heading\"><strong>Pourquoi LalBrew Pomona\u2122 change la donne ?<\/strong><\/h5>\n<ul>\n<li>Haut potentiel de biotransformation;<\/li>\n<li>Profil aromatique unique avec des notes de p\u00eache, d\u2019agrumes et de fruits tropicaux;<\/li>\n<li>S\u00e9lectionn\u00e9e sp\u00e9cifiquement pour la fermentation d\u2019un mo\u00fbt \u00e0 haute densit\u00e9 et fortement houblonn\u00e9;<\/li>\n<li>Favorise un trouble stable;<\/li>\n<li>Robuste et r\u00e9ensemen\u00e7able<\/li>\n<\/ul>\n<h5><strong>Sp\u00e9cifications<\/strong><\/h5>\n<ul>\n<li>Tol\u00e9rance \u00e0 l\u2019alcool: &gt; 10% ABV.<\/li>\n<li>Plage de temp\u00e9rature: 18 \u2013 22\u00b0C (64 \u2013 72\u00b0F). LalBrew Pomona\u2122 produit d\u2019agr\u00e9ables ar\u00f4mes tropicaux et de p\u00eache en fermentant \u00e0 sa plage de temp\u00e9rature optimale. La fermentation \u00e0 haute temp\u00e9rature n\u2019est pas n\u00e9cessaire pour favoriser ces ar\u00f4mes.<\/li>\n<\/ul>\n<h5><strong>Lalbrew Pomona\u2122 peut-elle \u00eatre utilis\u00e9e pour d\u2019autres styles de bi\u00e8res ?<\/strong><\/h5>\n<p>Oui. Bien qu\u2019elle ait \u00e9t\u00e9 utilis\u00e9e principalement pour des hazy pale\u00a0 ales\/IPA lors des essais, certains brasseurs ont brass\u00e9 avec succ\u00e8s des American Brown Ale, une NZ Pale Ale (limpide) \u00a0et des kettle sours.<\/p>\n<h5><strong>Ce qui est biotransformation?<\/strong><\/h5>\n<p>En savoir plus sur la\u00a0<a href=\"https:\/\/sbi4beer.com\/wp-content\/uploads\/2024\/06\/LalBrew-Pomona-biotransformatie.pdf\" target=\"_blank\" rel=\"noopener\">biotransformation<\/a>\u00a0(anglais).<\/p>\n","protected":false},"excerpt":{"rendered":"<p>Pomona, une souche fruit\u00e9e, tol\u00e9rante au stress et robuste qui am\u00e9liore la biotransformation et le trouble pour les IPA modernes.<\/p>\n","protected":false},"featured_media":50827,"template":"","meta":{"_acf_changed":false},"product_brand":[],"product_cat":[1363],"product_tag":[],"class_list":{"0":"post-50717","1":"product","2":"type-product","3":"status-publish","4":"has-post-thumbnail","6":"product_cat-levure-nutriment","8":"first","9":"instock","10":"taxable","11":"shipping-taxable","12":"purchasable","13":"product-type-simple"},"acf":[],"yoast_head":"<!-- This site is optimized with the Yoast SEO plugin v27.1.1 - https:\/\/yoast.com\/product\/yoast-seo-wordpress\/ -->\n<title>Lalbrew Pomona\u2122 Modern Hybrid IPA levure 11 g - Selected Brewing Ingredients<\/title>\n<meta name=\"description\" content=\"Lalbrew Pomona\u2122 Modern Hybrid IPA levure 11 g \u2713 Bestel alle brouwingredi\u00ebnten van hoge kwaliteit op 1 plaats \u2713 Service &amp; maatwerk \u2713 Snelle, betrouwbare levering\" \/>\n<meta name=\"robots\" content=\"index, follow, max-snippet:-1, max-image-preview:large, max-video-preview:-1\" \/>\n<link rel=\"canonical\" href=\"https:\/\/sbi4beer.com\/fr\/produit\/lalbrew-pomona-modern-hybrid-ipa-levure-11-g\/\" \/>\n<meta property=\"og:locale\" content=\"fr_FR\" \/>\n<meta property=\"og:type\" content=\"article\" \/>\n<meta property=\"og:title\" content=\"Lalbrew Pomona\u2122 Modern Hybrid IPA levure 11 g - Selected Brewing Ingredients\" \/>\n<meta property=\"og:description\" content=\"Lalbrew Pomona\u2122 Modern Hybrid IPA levure 11 g \u2713 Bestel alle brouwingredi\u00ebnten van hoge kwaliteit op 1 plaats \u2713 Service &amp; maatwerk \u2713 Snelle, betrouwbare levering\" \/>\n<meta property=\"og:url\" content=\"https:\/\/sbi4beer.com\/fr\/produit\/lalbrew-pomona-modern-hybrid-ipa-levure-11-g\/\" \/>\n<meta property=\"og:site_name\" content=\"Selected Brewing Ingredients\" \/>\n<meta property=\"article:publisher\" content=\"https:\/\/www.facebook.com\/SelectedBrewingIngredients\" \/>\n<meta property=\"article:modified_time\" content=\"2026-04-13T13:27:36+00:00\" \/>\n<meta property=\"og:image\" content=\"https:\/\/sbi4beer.com\/wp-content\/uploads\/2024\/06\/LalBrew-Pomona\u2122-modern-hybride-IPA-gist-11-g-1.jpg\" \/>\n\t<meta property=\"og:image:width\" content=\"908\" \/>\n\t<meta property=\"og:image:height\" content=\"908\" \/>\n\t<meta property=\"og:image:type\" content=\"image\/jpeg\" \/>\n<meta name=\"twitter:card\" content=\"summary_large_image\" \/>\n<meta name=\"twitter:site\" content=\"@sbi4beer\" \/>\n<meta name=\"twitter:label1\" content=\"Dur\u00e9e de lecture estim\u00e9e\" \/>\n\t<meta name=\"twitter:data1\" content=\"2 minutes\" \/>\n<script type=\"application\/ld+json\" class=\"yoast-schema-graph\">{\"@context\":\"https:\/\/schema.org\",\"@graph\":[{\"@type\":\"WebPage\",\"@id\":\"https:\/\/sbi4beer.com\/fr\/produit\/lalbrew-pomona-modern-hybrid-ipa-levure-11-g\/\",\"url\":\"https:\/\/sbi4beer.com\/fr\/produit\/lalbrew-pomona-modern-hybrid-ipa-levure-11-g\/\",\"name\":\"Lalbrew Pomona\u2122 Modern Hybrid IPA levure 11 g - Selected Brewing Ingredients\",\"isPartOf\":{\"@id\":\"https:\/\/sbi4beer.com\/fr\/#website\"},\"primaryImageOfPage\":{\"@id\":\"https:\/\/sbi4beer.com\/fr\/produit\/lalbrew-pomona-modern-hybrid-ipa-levure-11-g\/#primaryimage\"},\"image\":{\"@id\":\"https:\/\/sbi4beer.com\/fr\/produit\/lalbrew-pomona-modern-hybrid-ipa-levure-11-g\/#primaryimage\"},\"thumbnailUrl\":\"https:\/\/sbi4beer.com\/wp-content\/uploads\/2024\/06\/LalBrew-Pomona\u2122-modern-hybride-IPA-gist-11-g-1.jpg\",\"datePublished\":\"2024-06-14T13:31:37+00:00\",\"dateModified\":\"2026-04-13T13:27:36+00:00\",\"description\":\"Lalbrew Pomona\u2122 Modern Hybrid IPA levure 11 g \u2713 Bestel alle brouwingredi\u00ebnten van hoge kwaliteit op 1 plaats \u2713 Service & maatwerk \u2713 Snelle, betrouwbare levering\",\"breadcrumb\":{\"@id\":\"https:\/\/sbi4beer.com\/fr\/produit\/lalbrew-pomona-modern-hybrid-ipa-levure-11-g\/#breadcrumb\"},\"inLanguage\":\"fr-FR\",\"potentialAction\":[{\"@type\":\"ReadAction\",\"target\":[\"https:\/\/sbi4beer.com\/fr\/produit\/lalbrew-pomona-modern-hybrid-ipa-levure-11-g\/\"]}]},{\"@type\":\"ImageObject\",\"inLanguage\":\"fr-FR\",\"@id\":\"https:\/\/sbi4beer.com\/fr\/produit\/lalbrew-pomona-modern-hybrid-ipa-levure-11-g\/#primaryimage\",\"url\":\"https:\/\/sbi4beer.com\/wp-content\/uploads\/2024\/06\/LalBrew-Pomona\u2122-modern-hybride-IPA-gist-11-g-1.jpg\",\"contentUrl\":\"https:\/\/sbi4beer.com\/wp-content\/uploads\/2024\/06\/LalBrew-Pomona\u2122-modern-hybride-IPA-gist-11-g-1.jpg\",\"width\":908,\"height\":908,\"caption\":\"LalBrew-Pomona\u2122-modern-hybride-IPA-gist-11-g\"},{\"@type\":\"BreadcrumbList\",\"@id\":\"https:\/\/sbi4beer.com\/fr\/produit\/lalbrew-pomona-modern-hybrid-ipa-levure-11-g\/#breadcrumb\",\"itemListElement\":[{\"@type\":\"ListItem\",\"position\":1,\"name\":\"Home\",\"item\":\"https:\/\/sbi4beer.com\/fr\/\"},{\"@type\":\"ListItem\",\"position\":2,\"name\":\"Shop\",\"item\":\"https:\/\/sbi4beer.com\/fr\/shop\/\"},{\"@type\":\"ListItem\",\"position\":3,\"name\":\"Levure &amp; Nutriment\",\"item\":\"https:\/\/sbi4beer.com\/fr\/Categories-de-produits\/levure-nutriment\/\"},{\"@type\":\"ListItem\",\"position\":4,\"name\":\"Lalbrew Pomona\u2122 Modern Hybrid IPA levure 11 g\"}]},{\"@type\":\"WebSite\",\"@id\":\"https:\/\/sbi4beer.com\/fr\/#website\",\"url\":\"https:\/\/sbi4beer.com\/fr\/\",\"name\":\"Selected Brewing Ingredients\",\"description\":\"Selected Brewing Ingredients\",\"publisher\":{\"@id\":\"https:\/\/sbi4beer.com\/fr\/#organization\"},\"potentialAction\":[{\"@type\":\"SearchAction\",\"target\":{\"@type\":\"EntryPoint\",\"urlTemplate\":\"https:\/\/sbi4beer.com\/fr\/?s={search_term_string}\"},\"query-input\":{\"@type\":\"PropertyValueSpecification\",\"valueRequired\":true,\"valueName\":\"search_term_string\"}}],\"inLanguage\":\"fr-FR\"},{\"@type\":\"Organization\",\"@id\":\"https:\/\/sbi4beer.com\/fr\/#organization\",\"name\":\"Selected Brewing Ingredients\",\"url\":\"https:\/\/sbi4beer.com\/fr\/\",\"logo\":{\"@type\":\"ImageObject\",\"inLanguage\":\"fr-FR\",\"@id\":\"https:\/\/sbi4beer.com\/fr\/#\/schema\/logo\/image\/\",\"url\":\"https:\/\/sbi4beer.com\/wp-content\/uploads\/2025\/11\/logo-sbi.png\",\"contentUrl\":\"https:\/\/sbi4beer.com\/wp-content\/uploads\/2025\/11\/logo-sbi.png\",\"width\":228,\"height\":69,\"caption\":\"Selected Brewing Ingredients\"},\"image\":{\"@id\":\"https:\/\/sbi4beer.com\/fr\/#\/schema\/logo\/image\/\"},\"sameAs\":[\"https:\/\/www.facebook.com\/SelectedBrewingIngredients\",\"https:\/\/x.com\/sbi4beer\",\"https:\/\/www.instagram.com\/sbi4beer\/\",\"https:\/\/www.linkedin.com\/company\/sbi4beer\/\"]}]}<\/script>\n<!-- \/ Yoast SEO plugin. -->","yoast_head_json":{"title":"Lalbrew Pomona\u2122 Modern Hybrid IPA levure 11 g - Selected Brewing Ingredients","description":"Lalbrew Pomona\u2122 Modern Hybrid IPA levure 11 g \u2713 Bestel alle brouwingredi\u00ebnten van hoge kwaliteit op 1 plaats \u2713 Service & maatwerk \u2713 Snelle, betrouwbare levering","robots":{"index":"index","follow":"follow","max-snippet":"max-snippet:-1","max-image-preview":"max-image-preview:large","max-video-preview":"max-video-preview:-1"},"canonical":"https:\/\/sbi4beer.com\/fr\/produit\/lalbrew-pomona-modern-hybrid-ipa-levure-11-g\/","og_locale":"fr_FR","og_type":"article","og_title":"Lalbrew Pomona\u2122 Modern Hybrid IPA levure 11 g - Selected Brewing Ingredients","og_description":"Lalbrew Pomona\u2122 Modern Hybrid IPA levure 11 g \u2713 Bestel alle brouwingredi\u00ebnten van hoge kwaliteit op 1 plaats \u2713 Service & maatwerk \u2713 Snelle, betrouwbare levering","og_url":"https:\/\/sbi4beer.com\/fr\/produit\/lalbrew-pomona-modern-hybrid-ipa-levure-11-g\/","og_site_name":"Selected Brewing Ingredients","article_publisher":"https:\/\/www.facebook.com\/SelectedBrewingIngredients","article_modified_time":"2026-04-13T13:27:36+00:00","og_image":[{"width":908,"height":908,"url":"https:\/\/sbi4beer.com\/wp-content\/uploads\/2024\/06\/LalBrew-Pomona\u2122-modern-hybride-IPA-gist-11-g-1.jpg","type":"image\/jpeg"}],"twitter_card":"summary_large_image","twitter_site":"@sbi4beer","twitter_misc":{"Dur\u00e9e de lecture estim\u00e9e":"2 minutes"},"schema":{"@context":"https:\/\/schema.org","@graph":[{"@type":"WebPage","@id":"https:\/\/sbi4beer.com\/fr\/produit\/lalbrew-pomona-modern-hybrid-ipa-levure-11-g\/","url":"https:\/\/sbi4beer.com\/fr\/produit\/lalbrew-pomona-modern-hybrid-ipa-levure-11-g\/","name":"Lalbrew Pomona\u2122 Modern Hybrid IPA levure 11 g - Selected Brewing Ingredients","isPartOf":{"@id":"https:\/\/sbi4beer.com\/fr\/#website"},"primaryImageOfPage":{"@id":"https:\/\/sbi4beer.com\/fr\/produit\/lalbrew-pomona-modern-hybrid-ipa-levure-11-g\/#primaryimage"},"image":{"@id":"https:\/\/sbi4beer.com\/fr\/produit\/lalbrew-pomona-modern-hybrid-ipa-levure-11-g\/#primaryimage"},"thumbnailUrl":"https:\/\/sbi4beer.com\/wp-content\/uploads\/2024\/06\/LalBrew-Pomona\u2122-modern-hybride-IPA-gist-11-g-1.jpg","datePublished":"2024-06-14T13:31:37+00:00","dateModified":"2026-04-13T13:27:36+00:00","description":"Lalbrew Pomona\u2122 Modern Hybrid IPA levure 11 g \u2713 Bestel alle brouwingredi\u00ebnten van hoge kwaliteit op 1 plaats \u2713 Service & maatwerk \u2713 Snelle, betrouwbare levering","breadcrumb":{"@id":"https:\/\/sbi4beer.com\/fr\/produit\/lalbrew-pomona-modern-hybrid-ipa-levure-11-g\/#breadcrumb"},"inLanguage":"fr-FR","potentialAction":[{"@type":"ReadAction","target":["https:\/\/sbi4beer.com\/fr\/produit\/lalbrew-pomona-modern-hybrid-ipa-levure-11-g\/"]}]},{"@type":"ImageObject","inLanguage":"fr-FR","@id":"https:\/\/sbi4beer.com\/fr\/produit\/lalbrew-pomona-modern-hybrid-ipa-levure-11-g\/#primaryimage","url":"https:\/\/sbi4beer.com\/wp-content\/uploads\/2024\/06\/LalBrew-Pomona\u2122-modern-hybride-IPA-gist-11-g-1.jpg","contentUrl":"https:\/\/sbi4beer.com\/wp-content\/uploads\/2024\/06\/LalBrew-Pomona\u2122-modern-hybride-IPA-gist-11-g-1.jpg","width":908,"height":908,"caption":"LalBrew-Pomona\u2122-modern-hybride-IPA-gist-11-g"},{"@type":"BreadcrumbList","@id":"https:\/\/sbi4beer.com\/fr\/produit\/lalbrew-pomona-modern-hybrid-ipa-levure-11-g\/#breadcrumb","itemListElement":[{"@type":"ListItem","position":1,"name":"Home","item":"https:\/\/sbi4beer.com\/fr\/"},{"@type":"ListItem","position":2,"name":"Shop","item":"https:\/\/sbi4beer.com\/fr\/shop\/"},{"@type":"ListItem","position":3,"name":"Levure &amp; Nutriment","item":"https:\/\/sbi4beer.com\/fr\/Categories-de-produits\/levure-nutriment\/"},{"@type":"ListItem","position":4,"name":"Lalbrew Pomona\u2122 Modern Hybrid IPA levure 11 g"}]},{"@type":"WebSite","@id":"https:\/\/sbi4beer.com\/fr\/#website","url":"https:\/\/sbi4beer.com\/fr\/","name":"Selected Brewing Ingredients","description":"Selected Brewing Ingredients","publisher":{"@id":"https:\/\/sbi4beer.com\/fr\/#organization"},"potentialAction":[{"@type":"SearchAction","target":{"@type":"EntryPoint","urlTemplate":"https:\/\/sbi4beer.com\/fr\/?s={search_term_string}"},"query-input":{"@type":"PropertyValueSpecification","valueRequired":true,"valueName":"search_term_string"}}],"inLanguage":"fr-FR"},{"@type":"Organization","@id":"https:\/\/sbi4beer.com\/fr\/#organization","name":"Selected Brewing Ingredients","url":"https:\/\/sbi4beer.com\/fr\/","logo":{"@type":"ImageObject","inLanguage":"fr-FR","@id":"https:\/\/sbi4beer.com\/fr\/#\/schema\/logo\/image\/","url":"https:\/\/sbi4beer.com\/wp-content\/uploads\/2025\/11\/logo-sbi.png","contentUrl":"https:\/\/sbi4beer.com\/wp-content\/uploads\/2025\/11\/logo-sbi.png","width":228,"height":69,"caption":"Selected Brewing Ingredients"},"image":{"@id":"https:\/\/sbi4beer.com\/fr\/#\/schema\/logo\/image\/"},"sameAs":["https:\/\/www.facebook.com\/SelectedBrewingIngredients","https:\/\/x.com\/sbi4beer","https:\/\/www.instagram.com\/sbi4beer\/","https:\/\/www.linkedin.com\/company\/sbi4beer\/"]}]}},"_links":{"self":[{"href":"https:\/\/sbi4beer.com\/fr\/wp-json\/wp\/v2\/product\/50717","targetHints":{"allow":["GET"]}}],"collection":[{"href":"https:\/\/sbi4beer.com\/fr\/wp-json\/wp\/v2\/product"}],"about":[{"href":"https:\/\/sbi4beer.com\/fr\/wp-json\/wp\/v2\/types\/product"}],"wp:featuredmedia":[{"embeddable":true,"href":"https:\/\/sbi4beer.com\/fr\/wp-json\/wp\/v2\/media\/50827"}],"wp:attachment":[{"href":"https:\/\/sbi4beer.com\/fr\/wp-json\/wp\/v2\/media?parent=50717"}],"wp:term":[{"taxonomy":"product_brand","embeddable":true,"href":"https:\/\/sbi4beer.com\/fr\/wp-json\/wp\/v2\/product_brand?post=50717"},{"taxonomy":"product_cat","embeddable":true,"href":"https:\/\/sbi4beer.com\/fr\/wp-json\/wp\/v2\/product_cat?post=50717"},{"taxonomy":"product_tag","embeddable":true,"href":"https:\/\/sbi4beer.com\/fr\/wp-json\/wp\/v2\/product_tag?post=50717"}],"curies":[{"name":"wp","href":"https:\/\/api.w.org\/{rel}","templated":true}]}}