{"id":51249,"date":"2024-07-05T17:30:18","date_gmt":"2024-07-05T15:30:18","guid":{"rendered":"https:\/\/sbi4beer.com\/product\/fermentis-safale-bw-20-levure-500-g\/"},"modified":"2024-07-25T09:18:55","modified_gmt":"2024-07-25T07:18:55","slug":"fermentis-safale-bw-20-levure-500-g","status":"publish","type":"product","link":"https:\/\/sbi4beer.com\/fr\/produit\/fermentis-safale-bw-20-levure-500-g\/","title":{"rendered":"Fermentis SafAle\u2122 BW-20 levure 500 g"},"content":{"rendered":"<h5><strong>Fermentis SafAle\u2122 BW-20<\/strong><\/h5>\n<p>Levure de sp\u00e9cialit\u00e9 s\u00e9lectionn\u00e9e pour la production de bi\u00e8res de bl\u00e9 de type belge, aux notes fruit\u00e9es et ph\u00e9noliques sp\u00e9cifiques (clou de girofle et poivre). Cette levure a \u00e9t\u00e9 choisie comme souche de levure de r\u00e9f\u00e9rence parmi les souches les plus c\u00e9l\u00e8bres pour les bi\u00e8res Blanche belges. Sa nature mains ph\u00e9nolique produit une bi\u00e8re de base plus d\u00e9licate, qui perm et l&rsquo;expression des inw\u00e9dients ajout\u00e9s tets que la coriandre et les \u00e9corces d&rsquo;agrumes.<\/p>\n<p>Cette souche ne fermente pas compl\u00e8tement Ie maltotriose, ce qui augmente la sensation en bouche.<br \/>\n<iframe loading=\"lazy\" title=\"YouTube video player\" src=\"https:\/\/www.youtube.com\/embed\/eupqoVJY-_c?si=20vS4aNXlRcK7xjV\" width=\"560\" height=\"315\" frameborder=\"0\" allowfullscreen=\"allowfullscreen\"><\/iframe><\/p>\n<p>Levure \u00e0 s\u00e9dimentation moyenne, elle ne forme pas de flocs.<\/p>\n","protected":false},"excerpt":{"rendered":"<p>La levure id\u00e9ale pour les bi\u00e8res de froment de style Blanche Belge.<\/p>\n","protected":false},"featured_media":58654,"template":"","meta":{"_acf_changed":false},"product_brand":[],"product_cat":[1363],"product_tag":[],"class_list":{"0":"post-51249","1":"product","2":"type-product","3":"status-publish","4":"has-post-thumbnail","6":"product_cat-levure-nutriment","8":"first","9":"instock","10":"taxable","11":"shipping-taxable","12":"purchasable","13":"product-type-simple"},"acf":[],"yoast_head":"<!-- This site is optimized with the Yoast SEO plugin v27.1.1 - https:\/\/yoast.com\/product\/yoast-seo-wordpress\/ -->\n<title>Fermentis SafAle\u2122 BW-20 levure 500 g - Selected Brewing Ingredients<\/title>\n<meta name=\"description\" content=\"Fermentis SafAle\u2122 BW-20 levure 500 g \u2713 Bestel alle brouwingredi\u00ebnten van hoge kwaliteit op 1 plaats \u2713 Service &amp; maatwerk \u2713 Snelle, betrouwbare levering\" \/>\n<meta name=\"robots\" content=\"index, follow, max-snippet:-1, max-image-preview:large, max-video-preview:-1\" \/>\n<link rel=\"canonical\" href=\"https:\/\/sbi4beer.com\/fr\/produit\/fermentis-safale-bw-20-levure-500-g\/\" \/>\n<meta property=\"og:locale\" content=\"fr_FR\" \/>\n<meta property=\"og:type\" content=\"article\" \/>\n<meta property=\"og:title\" content=\"Fermentis SafAle\u2122 BW-20 levure 500 g - Selected Brewing Ingredients\" \/>\n<meta property=\"og:description\" content=\"Fermentis SafAle\u2122 BW-20 levure 500 g \u2713 Bestel alle brouwingredi\u00ebnten van hoge kwaliteit op 1 plaats \u2713 Service &amp; maatwerk \u2713 Snelle, betrouwbare levering\" \/>\n<meta property=\"og:url\" content=\"https:\/\/sbi4beer.com\/fr\/produit\/fermentis-safale-bw-20-levure-500-g\/\" \/>\n<meta property=\"og:site_name\" content=\"Selected Brewing Ingredients\" \/>\n<meta property=\"article:publisher\" content=\"https:\/\/www.facebook.com\/SelectedBrewingIngredients\" \/>\n<meta property=\"article:modified_time\" content=\"2024-07-25T07:18:55+00:00\" \/>\n<meta property=\"og:image\" content=\"https:\/\/sbi4beer.com\/wp-content\/uploads\/2024\/07\/fermentis-safale-bw-20-gist-500-g.jpg\" \/>\n\t<meta property=\"og:image:width\" content=\"835\" \/>\n\t<meta property=\"og:image:height\" content=\"835\" \/>\n\t<meta property=\"og:image:type\" content=\"image\/jpeg\" \/>\n<meta name=\"twitter:card\" content=\"summary_large_image\" \/>\n<meta name=\"twitter:site\" content=\"@sbi4beer\" \/>\n<meta name=\"twitter:label1\" content=\"Dur\u00e9e de lecture estim\u00e9e\" \/>\n\t<meta name=\"twitter:data1\" content=\"1 minute\" \/>\n<script type=\"application\/ld+json\" class=\"yoast-schema-graph\">{\"@context\":\"https:\/\/schema.org\",\"@graph\":[{\"@type\":\"WebPage\",\"@id\":\"https:\/\/sbi4beer.com\/fr\/produit\/fermentis-safale-bw-20-levure-500-g\/\",\"url\":\"https:\/\/sbi4beer.com\/fr\/produit\/fermentis-safale-bw-20-levure-500-g\/\",\"name\":\"Fermentis SafAle\u2122 BW-20 levure 500 g - Selected Brewing Ingredients\",\"isPartOf\":{\"@id\":\"https:\/\/sbi4beer.com\/fr\/#website\"},\"primaryImageOfPage\":{\"@id\":\"https:\/\/sbi4beer.com\/fr\/produit\/fermentis-safale-bw-20-levure-500-g\/#primaryimage\"},\"image\":{\"@id\":\"https:\/\/sbi4beer.com\/fr\/produit\/fermentis-safale-bw-20-levure-500-g\/#primaryimage\"},\"thumbnailUrl\":\"https:\/\/sbi4beer.com\/wp-content\/uploads\/2024\/07\/fermentis-saflager-e-30-gist-500g-sbi.jpg\",\"datePublished\":\"2024-07-05T15:30:18+00:00\",\"dateModified\":\"2024-07-25T07:18:55+00:00\",\"description\":\"Fermentis SafAle\u2122 BW-20 levure 500 g \u2713 Bestel alle brouwingredi\u00ebnten van hoge kwaliteit op 1 plaats \u2713 Service & maatwerk \u2713 Snelle, betrouwbare levering\",\"breadcrumb\":{\"@id\":\"https:\/\/sbi4beer.com\/fr\/produit\/fermentis-safale-bw-20-levure-500-g\/#breadcrumb\"},\"inLanguage\":\"fr-FR\",\"potentialAction\":[{\"@type\":\"ReadAction\",\"target\":[\"https:\/\/sbi4beer.com\/fr\/produit\/fermentis-safale-bw-20-levure-500-g\/\"]}]},{\"@type\":\"ImageObject\",\"inLanguage\":\"fr-FR\",\"@id\":\"https:\/\/sbi4beer.com\/fr\/produit\/fermentis-safale-bw-20-levure-500-g\/#primaryimage\",\"url\":\"https:\/\/sbi4beer.com\/wp-content\/uploads\/2024\/07\/fermentis-saflager-e-30-gist-500g-sbi.jpg\",\"contentUrl\":\"https:\/\/sbi4beer.com\/wp-content\/uploads\/2024\/07\/fermentis-saflager-e-30-gist-500g-sbi.jpg\",\"width\":800,\"height\":800,\"caption\":\"fermentis-saflager-e-30-gist-500g-sbi\"},{\"@type\":\"BreadcrumbList\",\"@id\":\"https:\/\/sbi4beer.com\/fr\/produit\/fermentis-safale-bw-20-levure-500-g\/#breadcrumb\",\"itemListElement\":[{\"@type\":\"ListItem\",\"position\":1,\"name\":\"Home\",\"item\":\"https:\/\/sbi4beer.com\/fr\/\"},{\"@type\":\"ListItem\",\"position\":2,\"name\":\"Shop\",\"item\":\"https:\/\/sbi4beer.com\/fr\/shop\/\"},{\"@type\":\"ListItem\",\"position\":3,\"name\":\"Levure &amp; Nutriment\",\"item\":\"https:\/\/sbi4beer.com\/fr\/Categories-de-produits\/levure-nutriment\/\"},{\"@type\":\"ListItem\",\"position\":4,\"name\":\"Fermentis SafAle\u2122 BW-20 levure 500 g\"}]},{\"@type\":\"WebSite\",\"@id\":\"https:\/\/sbi4beer.com\/fr\/#website\",\"url\":\"https:\/\/sbi4beer.com\/fr\/\",\"name\":\"Selected Brewing Ingredients\",\"description\":\"Selected Brewing Ingredients\",\"publisher\":{\"@id\":\"https:\/\/sbi4beer.com\/fr\/#organization\"},\"potentialAction\":[{\"@type\":\"SearchAction\",\"target\":{\"@type\":\"EntryPoint\",\"urlTemplate\":\"https:\/\/sbi4beer.com\/fr\/?s={search_term_string}\"},\"query-input\":{\"@type\":\"PropertyValueSpecification\",\"valueRequired\":true,\"valueName\":\"search_term_string\"}}],\"inLanguage\":\"fr-FR\"},{\"@type\":\"Organization\",\"@id\":\"https:\/\/sbi4beer.com\/fr\/#organization\",\"name\":\"Selected Brewing Ingredients\",\"url\":\"https:\/\/sbi4beer.com\/fr\/\",\"logo\":{\"@type\":\"ImageObject\",\"inLanguage\":\"fr-FR\",\"@id\":\"https:\/\/sbi4beer.com\/fr\/#\/schema\/logo\/image\/\",\"url\":\"https:\/\/sbi4beer.com\/wp-content\/uploads\/2025\/11\/logo-sbi.png\",\"contentUrl\":\"https:\/\/sbi4beer.com\/wp-content\/uploads\/2025\/11\/logo-sbi.png\",\"width\":228,\"height\":69,\"caption\":\"Selected Brewing Ingredients\"},\"image\":{\"@id\":\"https:\/\/sbi4beer.com\/fr\/#\/schema\/logo\/image\/\"},\"sameAs\":[\"https:\/\/www.facebook.com\/SelectedBrewingIngredients\",\"https:\/\/x.com\/sbi4beer\",\"https:\/\/www.instagram.com\/sbi4beer\/\",\"https:\/\/www.linkedin.com\/company\/sbi4beer\/\"]}]}<\/script>\n<!-- \/ Yoast SEO plugin. -->","yoast_head_json":{"title":"Fermentis SafAle\u2122 BW-20 levure 500 g - Selected Brewing Ingredients","description":"Fermentis SafAle\u2122 BW-20 levure 500 g \u2713 Bestel alle brouwingredi\u00ebnten van hoge kwaliteit op 1 plaats \u2713 Service & maatwerk \u2713 Snelle, betrouwbare levering","robots":{"index":"index","follow":"follow","max-snippet":"max-snippet:-1","max-image-preview":"max-image-preview:large","max-video-preview":"max-video-preview:-1"},"canonical":"https:\/\/sbi4beer.com\/fr\/produit\/fermentis-safale-bw-20-levure-500-g\/","og_locale":"fr_FR","og_type":"article","og_title":"Fermentis SafAle\u2122 BW-20 levure 500 g - Selected Brewing Ingredients","og_description":"Fermentis SafAle\u2122 BW-20 levure 500 g \u2713 Bestel alle brouwingredi\u00ebnten van hoge kwaliteit op 1 plaats \u2713 Service & maatwerk \u2713 Snelle, betrouwbare levering","og_url":"https:\/\/sbi4beer.com\/fr\/produit\/fermentis-safale-bw-20-levure-500-g\/","og_site_name":"Selected Brewing Ingredients","article_publisher":"https:\/\/www.facebook.com\/SelectedBrewingIngredients","article_modified_time":"2024-07-25T07:18:55+00:00","og_image":[{"width":835,"height":835,"url":"https:\/\/sbi4beer.com\/wp-content\/uploads\/2024\/07\/fermentis-safale-bw-20-gist-500-g.jpg","type":"image\/jpeg"}],"twitter_card":"summary_large_image","twitter_site":"@sbi4beer","twitter_misc":{"Dur\u00e9e de lecture estim\u00e9e":"1 minute"},"schema":{"@context":"https:\/\/schema.org","@graph":[{"@type":"WebPage","@id":"https:\/\/sbi4beer.com\/fr\/produit\/fermentis-safale-bw-20-levure-500-g\/","url":"https:\/\/sbi4beer.com\/fr\/produit\/fermentis-safale-bw-20-levure-500-g\/","name":"Fermentis SafAle\u2122 BW-20 levure 500 g - Selected Brewing Ingredients","isPartOf":{"@id":"https:\/\/sbi4beer.com\/fr\/#website"},"primaryImageOfPage":{"@id":"https:\/\/sbi4beer.com\/fr\/produit\/fermentis-safale-bw-20-levure-500-g\/#primaryimage"},"image":{"@id":"https:\/\/sbi4beer.com\/fr\/produit\/fermentis-safale-bw-20-levure-500-g\/#primaryimage"},"thumbnailUrl":"https:\/\/sbi4beer.com\/wp-content\/uploads\/2024\/07\/fermentis-saflager-e-30-gist-500g-sbi.jpg","datePublished":"2024-07-05T15:30:18+00:00","dateModified":"2024-07-25T07:18:55+00:00","description":"Fermentis SafAle\u2122 BW-20 levure 500 g \u2713 Bestel alle brouwingredi\u00ebnten van hoge kwaliteit op 1 plaats \u2713 Service & maatwerk \u2713 Snelle, betrouwbare levering","breadcrumb":{"@id":"https:\/\/sbi4beer.com\/fr\/produit\/fermentis-safale-bw-20-levure-500-g\/#breadcrumb"},"inLanguage":"fr-FR","potentialAction":[{"@type":"ReadAction","target":["https:\/\/sbi4beer.com\/fr\/produit\/fermentis-safale-bw-20-levure-500-g\/"]}]},{"@type":"ImageObject","inLanguage":"fr-FR","@id":"https:\/\/sbi4beer.com\/fr\/produit\/fermentis-safale-bw-20-levure-500-g\/#primaryimage","url":"https:\/\/sbi4beer.com\/wp-content\/uploads\/2024\/07\/fermentis-saflager-e-30-gist-500g-sbi.jpg","contentUrl":"https:\/\/sbi4beer.com\/wp-content\/uploads\/2024\/07\/fermentis-saflager-e-30-gist-500g-sbi.jpg","width":800,"height":800,"caption":"fermentis-saflager-e-30-gist-500g-sbi"},{"@type":"BreadcrumbList","@id":"https:\/\/sbi4beer.com\/fr\/produit\/fermentis-safale-bw-20-levure-500-g\/#breadcrumb","itemListElement":[{"@type":"ListItem","position":1,"name":"Home","item":"https:\/\/sbi4beer.com\/fr\/"},{"@type":"ListItem","position":2,"name":"Shop","item":"https:\/\/sbi4beer.com\/fr\/shop\/"},{"@type":"ListItem","position":3,"name":"Levure &amp; Nutriment","item":"https:\/\/sbi4beer.com\/fr\/Categories-de-produits\/levure-nutriment\/"},{"@type":"ListItem","position":4,"name":"Fermentis SafAle\u2122 BW-20 levure 500 g"}]},{"@type":"WebSite","@id":"https:\/\/sbi4beer.com\/fr\/#website","url":"https:\/\/sbi4beer.com\/fr\/","name":"Selected Brewing Ingredients","description":"Selected Brewing Ingredients","publisher":{"@id":"https:\/\/sbi4beer.com\/fr\/#organization"},"potentialAction":[{"@type":"SearchAction","target":{"@type":"EntryPoint","urlTemplate":"https:\/\/sbi4beer.com\/fr\/?s={search_term_string}"},"query-input":{"@type":"PropertyValueSpecification","valueRequired":true,"valueName":"search_term_string"}}],"inLanguage":"fr-FR"},{"@type":"Organization","@id":"https:\/\/sbi4beer.com\/fr\/#organization","name":"Selected Brewing Ingredients","url":"https:\/\/sbi4beer.com\/fr\/","logo":{"@type":"ImageObject","inLanguage":"fr-FR","@id":"https:\/\/sbi4beer.com\/fr\/#\/schema\/logo\/image\/","url":"https:\/\/sbi4beer.com\/wp-content\/uploads\/2025\/11\/logo-sbi.png","contentUrl":"https:\/\/sbi4beer.com\/wp-content\/uploads\/2025\/11\/logo-sbi.png","width":228,"height":69,"caption":"Selected Brewing Ingredients"},"image":{"@id":"https:\/\/sbi4beer.com\/fr\/#\/schema\/logo\/image\/"},"sameAs":["https:\/\/www.facebook.com\/SelectedBrewingIngredients","https:\/\/x.com\/sbi4beer","https:\/\/www.instagram.com\/sbi4beer\/","https:\/\/www.linkedin.com\/company\/sbi4beer\/"]}]}},"_links":{"self":[{"href":"https:\/\/sbi4beer.com\/fr\/wp-json\/wp\/v2\/product\/51249","targetHints":{"allow":["GET"]}}],"collection":[{"href":"https:\/\/sbi4beer.com\/fr\/wp-json\/wp\/v2\/product"}],"about":[{"href":"https:\/\/sbi4beer.com\/fr\/wp-json\/wp\/v2\/types\/product"}],"wp:featuredmedia":[{"embeddable":true,"href":"https:\/\/sbi4beer.com\/fr\/wp-json\/wp\/v2\/media\/58654"}],"wp:attachment":[{"href":"https:\/\/sbi4beer.com\/fr\/wp-json\/wp\/v2\/media?parent=51249"}],"wp:term":[{"taxonomy":"product_brand","embeddable":true,"href":"https:\/\/sbi4beer.com\/fr\/wp-json\/wp\/v2\/product_brand?post=51249"},{"taxonomy":"product_cat","embeddable":true,"href":"https:\/\/sbi4beer.com\/fr\/wp-json\/wp\/v2\/product_cat?post=51249"},{"taxonomy":"product_tag","embeddable":true,"href":"https:\/\/sbi4beer.com\/fr\/wp-json\/wp\/v2\/product_tag?post=51249"}],"curies":[{"name":"wp","href":"https:\/\/api.w.org\/{rel}","templated":true}]}}