{"id":54833,"date":"2025-01-20T16:30:18","date_gmt":"2025-01-20T15:30:18","guid":{"rendered":"https:\/\/sbi4beer.com\/product\/pinnacle-levure-crisp-sour-500-g\/"},"modified":"2025-02-12T08:32:00","modified_gmt":"2025-02-12T07:32:00","slug":"pinnacle-levure-crisp-sour-500-g","status":"publish","type":"product","link":"https:\/\/sbi4beer.com\/fr\/produit\/pinnacle-levure-crisp-sour-500-g\/","title":{"rendered":"Pinnacle levure Crisp Sour 500 g"},"content":{"rendered":"<h5><strong>Pinnacle Crisp Sour<\/strong><\/h5>\n<p>Pinnacle Crisp Sour est s\u00e9lectionn\u00e9 pour sa capacit\u00e9 unique \u00e0 produire de l\u2019acide lactique. Le r\u00e9sultat : une acidit\u00e9 douce et rafra\u00eechissante d\u2019une intensit\u00e9 subtile \u00e0 mod\u00e9r\u00e9e, selon les conditions de brassage.<\/p>\n<p>Pinnacle Crisp Sour est une esp\u00e8ce unique de\u00a0<em>Lachancea thermotolerans<\/em>, isol\u00e9e de la nature. Cette souche apporte un d\u00e9licieux ar\u00f4me de fruits exotiques et d\u2019agrumes. Il est \u00e9galement possible d\u2019obtenir un soup\u00e7on subtil d\u2019ar\u00f4mes traditionnels de la bi\u00e8re aigre belge dans les recettes peu complexes. Pinnacle Crisp Sour est un excellent choix pour produire des types de bi\u00e8res acides traditionnelles et modernes, comme la Sour IPA, la Berliner Weisse, les types de bi\u00e8res Gose, Lambic\/Geuze et la Fruit Sour.<\/p>\n<ul>\n<li>Temp\u00e9rature de la fermentation : 18-30\u00b0C<\/li>\n<li>Taux de fermentation : Moyen.<\/li>\n<li>Tol\u00e9rance \u00e0 l\u2019alcool : Jusqu\u2019\u00e0 6-8% abv (augmenter le taux d\u2019ensemencement pour une plus grande tol\u00e9rance)<\/li>\n<\/ul>\n<p>\u00c9galement disponible en\u00a0<a href=\"https:\/\/sbi4beer.com\/fr\/produit\/pinnacle-levure-crisp-sour-115-g\/\" target=\"_blank\" rel=\"noopener\">11,5 g<\/a>.<\/p>\n<h5><strong>Conditions de stockage<\/strong><\/h5>\n<p>le produit doit \u00eatre entrepos\u00e9 dans un endroit sec entre 4 et 10\u00b0C (39-50\u00b0F). Les emballages ouverts doivent \u00eatre referm\u00e9s s\u2019ils ne sont pas enti\u00e8rement vides et ils doivent \u00eatre conserv\u00e9s \u00e0 une temp\u00e9rature de 4\u00b0C (39\u00b0F) et utilis\u00e9s sous cinq jours.<\/p>\n<h5><strong>Dur\u00e9e de conservation<\/strong><\/h5>\n<p>Trois ans \u00e0 compter de la date de fabrication.<\/p>\n<p><strong>Besoin de plus d\u2019informations? Regarder les documents sur les downloads.<\/strong><\/p>\n","protected":false},"excerpt":{"rendered":"<p>Pinnacle Crisp Sour est un excellent choix pour produire des types de bi\u00e8res acides traditionnelles et modernes.<\/p>\n","protected":false},"featured_media":54929,"template":"","meta":{"_acf_changed":false},"product_brand":[],"product_cat":[1363],"product_tag":[],"class_list":{"0":"post-54833","1":"product","2":"type-product","3":"status-publish","4":"has-post-thumbnail","6":"product_cat-levure-nutriment","8":"first","9":"instock","10":"taxable","11":"shipping-taxable","12":"purchasable","13":"product-type-simple"},"acf":[],"yoast_head":"<!-- This site is optimized with the Yoast SEO plugin v27.1.1 - https:\/\/yoast.com\/product\/yoast-seo-wordpress\/ -->\n<title>Pinnacle levure Crisp Sour 500 g - Selected Brewing Ingredients<\/title>\n<meta name=\"description\" content=\"Pinnacle levure Crisp Sour 500 g \u2713 Bestel alle brouwingredi\u00ebnten van hoge kwaliteit op 1 plaats \u2713 Service &amp; maatwerk \u2713 Snelle, betrouwbare levering\" \/>\n<meta name=\"robots\" content=\"index, follow, max-snippet:-1, max-image-preview:large, max-video-preview:-1\" \/>\n<link rel=\"canonical\" href=\"https:\/\/sbi4beer.com\/fr\/produit\/pinnacle-levure-crisp-sour-500-g\/\" \/>\n<meta property=\"og:locale\" content=\"fr_FR\" \/>\n<meta property=\"og:type\" content=\"article\" \/>\n<meta property=\"og:title\" content=\"Pinnacle levure Crisp Sour 500 g - Selected Brewing Ingredients\" \/>\n<meta property=\"og:description\" content=\"Pinnacle levure Crisp Sour 500 g \u2713 Bestel alle brouwingredi\u00ebnten van hoge kwaliteit op 1 plaats \u2713 Service &amp; maatwerk \u2713 Snelle, betrouwbare levering\" \/>\n<meta property=\"og:url\" content=\"https:\/\/sbi4beer.com\/fr\/produit\/pinnacle-levure-crisp-sour-500-g\/\" \/>\n<meta property=\"og:site_name\" content=\"Selected Brewing Ingredients\" \/>\n<meta property=\"article:publisher\" content=\"https:\/\/www.facebook.com\/SelectedBrewingIngredients\" \/>\n<meta property=\"article:modified_time\" content=\"2025-02-12T07:32:00+00:00\" \/>\n<meta property=\"og:image\" content=\"https:\/\/sbi4beer.com\/wp-content\/uploads\/2025\/01\/pinnacle-crisp-sour-gist-500-g-yeast.jpg\" \/>\n\t<meta property=\"og:image:width\" content=\"1200\" \/>\n\t<meta property=\"og:image:height\" content=\"1200\" \/>\n\t<meta property=\"og:image:type\" content=\"image\/jpeg\" \/>\n<meta name=\"twitter:card\" content=\"summary_large_image\" \/>\n<meta name=\"twitter:site\" content=\"@sbi4beer\" \/>\n<meta name=\"twitter:label1\" content=\"Dur\u00e9e de lecture estim\u00e9e\" \/>\n\t<meta name=\"twitter:data1\" content=\"2 minutes\" \/>\n<script type=\"application\/ld+json\" class=\"yoast-schema-graph\">{\"@context\":\"https:\/\/schema.org\",\"@graph\":[{\"@type\":\"WebPage\",\"@id\":\"https:\/\/sbi4beer.com\/fr\/produit\/pinnacle-levure-crisp-sour-500-g\/\",\"url\":\"https:\/\/sbi4beer.com\/fr\/produit\/pinnacle-levure-crisp-sour-500-g\/\",\"name\":\"Pinnacle levure Crisp Sour 500 g - Selected Brewing Ingredients\",\"isPartOf\":{\"@id\":\"https:\/\/sbi4beer.com\/fr\/#website\"},\"primaryImageOfPage\":{\"@id\":\"https:\/\/sbi4beer.com\/fr\/produit\/pinnacle-levure-crisp-sour-500-g\/#primaryimage\"},\"image\":{\"@id\":\"https:\/\/sbi4beer.com\/fr\/produit\/pinnacle-levure-crisp-sour-500-g\/#primaryimage\"},\"thumbnailUrl\":\"https:\/\/sbi4beer.com\/wp-content\/uploads\/2025\/01\/pinnacle-crisp-sour-gist-500-g-yeast.jpg\",\"datePublished\":\"2025-01-20T15:30:18+00:00\",\"dateModified\":\"2025-02-12T07:32:00+00:00\",\"description\":\"Pinnacle levure Crisp Sour 500 g \u2713 Bestel alle brouwingredi\u00ebnten van hoge kwaliteit op 1 plaats \u2713 Service & maatwerk \u2713 Snelle, betrouwbare levering\",\"breadcrumb\":{\"@id\":\"https:\/\/sbi4beer.com\/fr\/produit\/pinnacle-levure-crisp-sour-500-g\/#breadcrumb\"},\"inLanguage\":\"fr-FR\",\"potentialAction\":[{\"@type\":\"ReadAction\",\"target\":[\"https:\/\/sbi4beer.com\/fr\/produit\/pinnacle-levure-crisp-sour-500-g\/\"]}]},{\"@type\":\"ImageObject\",\"inLanguage\":\"fr-FR\",\"@id\":\"https:\/\/sbi4beer.com\/fr\/produit\/pinnacle-levure-crisp-sour-500-g\/#primaryimage\",\"url\":\"https:\/\/sbi4beer.com\/wp-content\/uploads\/2025\/01\/pinnacle-crisp-sour-gist-500-g-yeast.jpg\",\"contentUrl\":\"https:\/\/sbi4beer.com\/wp-content\/uploads\/2025\/01\/pinnacle-crisp-sour-gist-500-g-yeast.jpg\",\"width\":1200,\"height\":1200,\"caption\":\"pinnacle-crisp-sour-gist-500-g-yeast\"},{\"@type\":\"BreadcrumbList\",\"@id\":\"https:\/\/sbi4beer.com\/fr\/produit\/pinnacle-levure-crisp-sour-500-g\/#breadcrumb\",\"itemListElement\":[{\"@type\":\"ListItem\",\"position\":1,\"name\":\"Home\",\"item\":\"https:\/\/sbi4beer.com\/fr\/\"},{\"@type\":\"ListItem\",\"position\":2,\"name\":\"Shop\",\"item\":\"https:\/\/sbi4beer.com\/fr\/shop\/\"},{\"@type\":\"ListItem\",\"position\":3,\"name\":\"Levure &amp; Nutriment\",\"item\":\"https:\/\/sbi4beer.com\/fr\/Categories-de-produits\/levure-nutriment\/\"},{\"@type\":\"ListItem\",\"position\":4,\"name\":\"Pinnacle levure Crisp Sour 500 g\"}]},{\"@type\":\"WebSite\",\"@id\":\"https:\/\/sbi4beer.com\/fr\/#website\",\"url\":\"https:\/\/sbi4beer.com\/fr\/\",\"name\":\"Selected Brewing Ingredients\",\"description\":\"Selected Brewing Ingredients\",\"publisher\":{\"@id\":\"https:\/\/sbi4beer.com\/fr\/#organization\"},\"potentialAction\":[{\"@type\":\"SearchAction\",\"target\":{\"@type\":\"EntryPoint\",\"urlTemplate\":\"https:\/\/sbi4beer.com\/fr\/?s={search_term_string}\"},\"query-input\":{\"@type\":\"PropertyValueSpecification\",\"valueRequired\":true,\"valueName\":\"search_term_string\"}}],\"inLanguage\":\"fr-FR\"},{\"@type\":\"Organization\",\"@id\":\"https:\/\/sbi4beer.com\/fr\/#organization\",\"name\":\"Selected Brewing Ingredients\",\"url\":\"https:\/\/sbi4beer.com\/fr\/\",\"logo\":{\"@type\":\"ImageObject\",\"inLanguage\":\"fr-FR\",\"@id\":\"https:\/\/sbi4beer.com\/fr\/#\/schema\/logo\/image\/\",\"url\":\"https:\/\/sbi4beer.com\/wp-content\/uploads\/2025\/11\/logo-sbi.png\",\"contentUrl\":\"https:\/\/sbi4beer.com\/wp-content\/uploads\/2025\/11\/logo-sbi.png\",\"width\":228,\"height\":69,\"caption\":\"Selected Brewing Ingredients\"},\"image\":{\"@id\":\"https:\/\/sbi4beer.com\/fr\/#\/schema\/logo\/image\/\"},\"sameAs\":[\"https:\/\/www.facebook.com\/SelectedBrewingIngredients\",\"https:\/\/x.com\/sbi4beer\",\"https:\/\/www.instagram.com\/sbi4beer\/\",\"https:\/\/www.linkedin.com\/company\/sbi4beer\/\"]}]}<\/script>\n<!-- \/ Yoast SEO plugin. -->","yoast_head_json":{"title":"Pinnacle levure Crisp Sour 500 g - Selected Brewing Ingredients","description":"Pinnacle levure Crisp Sour 500 g \u2713 Bestel alle brouwingredi\u00ebnten van hoge kwaliteit op 1 plaats \u2713 Service & maatwerk \u2713 Snelle, betrouwbare levering","robots":{"index":"index","follow":"follow","max-snippet":"max-snippet:-1","max-image-preview":"max-image-preview:large","max-video-preview":"max-video-preview:-1"},"canonical":"https:\/\/sbi4beer.com\/fr\/produit\/pinnacle-levure-crisp-sour-500-g\/","og_locale":"fr_FR","og_type":"article","og_title":"Pinnacle levure Crisp Sour 500 g - Selected Brewing Ingredients","og_description":"Pinnacle levure Crisp Sour 500 g \u2713 Bestel alle brouwingredi\u00ebnten van hoge kwaliteit op 1 plaats \u2713 Service & maatwerk \u2713 Snelle, betrouwbare levering","og_url":"https:\/\/sbi4beer.com\/fr\/produit\/pinnacle-levure-crisp-sour-500-g\/","og_site_name":"Selected Brewing Ingredients","article_publisher":"https:\/\/www.facebook.com\/SelectedBrewingIngredients","article_modified_time":"2025-02-12T07:32:00+00:00","og_image":[{"width":1200,"height":1200,"url":"https:\/\/sbi4beer.com\/wp-content\/uploads\/2025\/01\/pinnacle-crisp-sour-gist-500-g-yeast.jpg","type":"image\/jpeg"}],"twitter_card":"summary_large_image","twitter_site":"@sbi4beer","twitter_misc":{"Dur\u00e9e de lecture estim\u00e9e":"2 minutes"},"schema":{"@context":"https:\/\/schema.org","@graph":[{"@type":"WebPage","@id":"https:\/\/sbi4beer.com\/fr\/produit\/pinnacle-levure-crisp-sour-500-g\/","url":"https:\/\/sbi4beer.com\/fr\/produit\/pinnacle-levure-crisp-sour-500-g\/","name":"Pinnacle levure Crisp Sour 500 g - Selected Brewing Ingredients","isPartOf":{"@id":"https:\/\/sbi4beer.com\/fr\/#website"},"primaryImageOfPage":{"@id":"https:\/\/sbi4beer.com\/fr\/produit\/pinnacle-levure-crisp-sour-500-g\/#primaryimage"},"image":{"@id":"https:\/\/sbi4beer.com\/fr\/produit\/pinnacle-levure-crisp-sour-500-g\/#primaryimage"},"thumbnailUrl":"https:\/\/sbi4beer.com\/wp-content\/uploads\/2025\/01\/pinnacle-crisp-sour-gist-500-g-yeast.jpg","datePublished":"2025-01-20T15:30:18+00:00","dateModified":"2025-02-12T07:32:00+00:00","description":"Pinnacle levure Crisp Sour 500 g \u2713 Bestel alle brouwingredi\u00ebnten van hoge kwaliteit op 1 plaats \u2713 Service & maatwerk \u2713 Snelle, betrouwbare levering","breadcrumb":{"@id":"https:\/\/sbi4beer.com\/fr\/produit\/pinnacle-levure-crisp-sour-500-g\/#breadcrumb"},"inLanguage":"fr-FR","potentialAction":[{"@type":"ReadAction","target":["https:\/\/sbi4beer.com\/fr\/produit\/pinnacle-levure-crisp-sour-500-g\/"]}]},{"@type":"ImageObject","inLanguage":"fr-FR","@id":"https:\/\/sbi4beer.com\/fr\/produit\/pinnacle-levure-crisp-sour-500-g\/#primaryimage","url":"https:\/\/sbi4beer.com\/wp-content\/uploads\/2025\/01\/pinnacle-crisp-sour-gist-500-g-yeast.jpg","contentUrl":"https:\/\/sbi4beer.com\/wp-content\/uploads\/2025\/01\/pinnacle-crisp-sour-gist-500-g-yeast.jpg","width":1200,"height":1200,"caption":"pinnacle-crisp-sour-gist-500-g-yeast"},{"@type":"BreadcrumbList","@id":"https:\/\/sbi4beer.com\/fr\/produit\/pinnacle-levure-crisp-sour-500-g\/#breadcrumb","itemListElement":[{"@type":"ListItem","position":1,"name":"Home","item":"https:\/\/sbi4beer.com\/fr\/"},{"@type":"ListItem","position":2,"name":"Shop","item":"https:\/\/sbi4beer.com\/fr\/shop\/"},{"@type":"ListItem","position":3,"name":"Levure &amp; Nutriment","item":"https:\/\/sbi4beer.com\/fr\/Categories-de-produits\/levure-nutriment\/"},{"@type":"ListItem","position":4,"name":"Pinnacle levure Crisp Sour 500 g"}]},{"@type":"WebSite","@id":"https:\/\/sbi4beer.com\/fr\/#website","url":"https:\/\/sbi4beer.com\/fr\/","name":"Selected Brewing Ingredients","description":"Selected Brewing Ingredients","publisher":{"@id":"https:\/\/sbi4beer.com\/fr\/#organization"},"potentialAction":[{"@type":"SearchAction","target":{"@type":"EntryPoint","urlTemplate":"https:\/\/sbi4beer.com\/fr\/?s={search_term_string}"},"query-input":{"@type":"PropertyValueSpecification","valueRequired":true,"valueName":"search_term_string"}}],"inLanguage":"fr-FR"},{"@type":"Organization","@id":"https:\/\/sbi4beer.com\/fr\/#organization","name":"Selected Brewing Ingredients","url":"https:\/\/sbi4beer.com\/fr\/","logo":{"@type":"ImageObject","inLanguage":"fr-FR","@id":"https:\/\/sbi4beer.com\/fr\/#\/schema\/logo\/image\/","url":"https:\/\/sbi4beer.com\/wp-content\/uploads\/2025\/11\/logo-sbi.png","contentUrl":"https:\/\/sbi4beer.com\/wp-content\/uploads\/2025\/11\/logo-sbi.png","width":228,"height":69,"caption":"Selected Brewing Ingredients"},"image":{"@id":"https:\/\/sbi4beer.com\/fr\/#\/schema\/logo\/image\/"},"sameAs":["https:\/\/www.facebook.com\/SelectedBrewingIngredients","https:\/\/x.com\/sbi4beer","https:\/\/www.instagram.com\/sbi4beer\/","https:\/\/www.linkedin.com\/company\/sbi4beer\/"]}]}},"_links":{"self":[{"href":"https:\/\/sbi4beer.com\/fr\/wp-json\/wp\/v2\/product\/54833","targetHints":{"allow":["GET"]}}],"collection":[{"href":"https:\/\/sbi4beer.com\/fr\/wp-json\/wp\/v2\/product"}],"about":[{"href":"https:\/\/sbi4beer.com\/fr\/wp-json\/wp\/v2\/types\/product"}],"wp:featuredmedia":[{"embeddable":true,"href":"https:\/\/sbi4beer.com\/fr\/wp-json\/wp\/v2\/media\/54929"}],"wp:attachment":[{"href":"https:\/\/sbi4beer.com\/fr\/wp-json\/wp\/v2\/media?parent=54833"}],"wp:term":[{"taxonomy":"product_brand","embeddable":true,"href":"https:\/\/sbi4beer.com\/fr\/wp-json\/wp\/v2\/product_brand?post=54833"},{"taxonomy":"product_cat","embeddable":true,"href":"https:\/\/sbi4beer.com\/fr\/wp-json\/wp\/v2\/product_cat?post=54833"},{"taxonomy":"product_tag","embeddable":true,"href":"https:\/\/sbi4beer.com\/fr\/wp-json\/wp\/v2\/product_tag?post=54833"}],"curies":[{"name":"wp","href":"https:\/\/api.w.org\/{rel}","templated":true}]}}