{"id":54836,"date":"2025-01-20T16:30:22","date_gmt":"2025-01-20T15:30:22","guid":{"rendered":"https:\/\/sbi4beer.com\/product\/pinnacle-levure-low-alcohol-500-g\/"},"modified":"2025-01-30T16:12:12","modified_gmt":"2025-01-30T15:12:12","slug":"pinnacle-levure-low-alcohol-500-g","status":"publish","type":"product","link":"https:\/\/sbi4beer.com\/fr\/produit\/pinnacle-levure-low-alcohol-500-g\/","title":{"rendered":"Pinnacle levure Low Alcohol 500 g"},"content":{"rendered":"<h5><strong>Pinnacle Low Alcohol from AB Biotek<\/strong><\/h5>\n<p>Pinnacle Low Alcohol is a maltose-negative yeast, specifically selected to produce a clean low alcohol beer with very low levels of worty and grainy notes. The clean aroma and absence of phenolic off-flavours make it suitable for wide variety of beer styles.<\/p>\n<ul>\n<li>Pitching rate: 50 g\/hL<\/li>\n<li>Fermentation temperature: 18-22\u00b0C<\/li>\n<li>Flocculation: Medium<\/li>\n<li>Fermentation rate: Very fast<\/li>\n<li>Diacetyl reduction: Fast<\/li>\n<li>Alcohol production: +\/- 0.1 ABV por \u02daP<br \/>\n<h5><\/h5>\n<\/li>\n<\/ul>\n<h5><strong>Beer styles<\/strong><\/h5>\n<p>IPA, NEIPA, Lager, Pale Ale en Stout.<\/p>\n<h5><strong>Important:<\/strong><\/h5>\n<ol>\n<li>Pasteurisation is required to ensure product stability.<\/li>\n<li>Final beer pH below 4.5, ideally below 4.2, is required to improve product stability.<\/li>\n<li>Re-pitching or propagation is not recommended for this product.<\/li>\n<\/ol>\n<h5><strong>Conditions de stockage<\/strong><\/h5>\n<p>le produit doit \u00eatre entrepos\u00e9 dans un endroit sec entre 4 et 10\u00b0C (39-50\u00b0F). Les emballages ouverts doivent \u00eatre referm\u00e9s s\u2019ils ne sont pas enti\u00e8rement vides et ils doivent \u00eatre conserv\u00e9s \u00e0 une temp\u00e9rature de 4\u00b0C (39\u00b0F) et utilis\u00e9s sous cinq jours.<\/p>\n<p><strong>Besoin de plus d\u2019informations? Regarder les documents sur les downloads.<\/strong><\/p>\n","protected":false},"excerpt":{"rendered":"<p>Pinnacle Low Alcohol is specifically selected to produce a clean low alcohol beer.<\/p>\n","protected":false},"featured_media":55121,"template":"","meta":{"_acf_changed":false},"product_brand":[],"product_cat":[1363],"product_tag":[],"class_list":{"0":"post-54836","1":"product","2":"type-product","3":"status-publish","4":"has-post-thumbnail","6":"product_cat-levure-nutriment","8":"first","9":"instock","10":"taxable","11":"shipping-taxable","12":"purchasable","13":"product-type-simple"},"acf":[],"yoast_head":"<!-- This site is optimized with the Yoast SEO plugin v27.1.1 - https:\/\/yoast.com\/product\/yoast-seo-wordpress\/ -->\n<title>Pinnacle levure Low Alcohol 500 g - Selected Brewing Ingredients<\/title>\n<meta name=\"description\" content=\"Pinnacle levure Low Alcohol 500 g \u2713 Bestel alle brouwingredi\u00ebnten van hoge kwaliteit op 1 plaats \u2713 Service &amp; maatwerk \u2713 Snelle, betrouwbare levering\" \/>\n<meta name=\"robots\" content=\"index, follow, max-snippet:-1, max-image-preview:large, max-video-preview:-1\" \/>\n<link rel=\"canonical\" href=\"https:\/\/sbi4beer.com\/fr\/produit\/pinnacle-levure-low-alcohol-500-g\/\" \/>\n<meta property=\"og:locale\" content=\"fr_FR\" \/>\n<meta property=\"og:type\" content=\"article\" \/>\n<meta property=\"og:title\" content=\"Pinnacle levure Low Alcohol 500 g - Selected Brewing Ingredients\" \/>\n<meta property=\"og:description\" content=\"Pinnacle levure Low Alcohol 500 g \u2713 Bestel alle brouwingredi\u00ebnten van hoge kwaliteit op 1 plaats \u2713 Service &amp; maatwerk \u2713 Snelle, betrouwbare levering\" \/>\n<meta property=\"og:url\" content=\"https:\/\/sbi4beer.com\/fr\/produit\/pinnacle-levure-low-alcohol-500-g\/\" \/>\n<meta property=\"og:site_name\" content=\"Selected Brewing Ingredients\" \/>\n<meta property=\"article:publisher\" content=\"https:\/\/www.facebook.com\/SelectedBrewingIngredients\" \/>\n<meta property=\"article:modified_time\" content=\"2025-01-30T15:12:12+00:00\" \/>\n<meta property=\"og:image\" content=\"https:\/\/sbi4beer.com\/wp-content\/uploads\/2025\/01\/pinnacle-low-alcohol-gist-500-g.jpg\" \/>\n\t<meta property=\"og:image:width\" content=\"800\" \/>\n\t<meta property=\"og:image:height\" content=\"802\" \/>\n\t<meta property=\"og:image:type\" content=\"image\/jpeg\" \/>\n<meta name=\"twitter:card\" content=\"summary_large_image\" \/>\n<meta name=\"twitter:site\" content=\"@sbi4beer\" \/>\n<meta name=\"twitter:label1\" content=\"Dur\u00e9e de lecture estim\u00e9e\" \/>\n\t<meta name=\"twitter:data1\" content=\"2 minutes\" \/>\n<script type=\"application\/ld+json\" class=\"yoast-schema-graph\">{\"@context\":\"https:\/\/schema.org\",\"@graph\":[{\"@type\":\"WebPage\",\"@id\":\"https:\/\/sbi4beer.com\/fr\/produit\/pinnacle-levure-low-alcohol-500-g\/\",\"url\":\"https:\/\/sbi4beer.com\/fr\/produit\/pinnacle-levure-low-alcohol-500-g\/\",\"name\":\"Pinnacle levure Low Alcohol 500 g - Selected Brewing Ingredients\",\"isPartOf\":{\"@id\":\"https:\/\/sbi4beer.com\/fr\/#website\"},\"primaryImageOfPage\":{\"@id\":\"https:\/\/sbi4beer.com\/fr\/produit\/pinnacle-levure-low-alcohol-500-g\/#primaryimage\"},\"image\":{\"@id\":\"https:\/\/sbi4beer.com\/fr\/produit\/pinnacle-levure-low-alcohol-500-g\/#primaryimage\"},\"thumbnailUrl\":\"https:\/\/sbi4beer.com\/wp-content\/uploads\/2025\/01\/pinnacle-low-alcohol-gist-500-g.jpg\",\"datePublished\":\"2025-01-20T15:30:22+00:00\",\"dateModified\":\"2025-01-30T15:12:12+00:00\",\"description\":\"Pinnacle levure Low Alcohol 500 g \u2713 Bestel alle brouwingredi\u00ebnten van hoge kwaliteit op 1 plaats \u2713 Service & maatwerk \u2713 Snelle, betrouwbare levering\",\"breadcrumb\":{\"@id\":\"https:\/\/sbi4beer.com\/fr\/produit\/pinnacle-levure-low-alcohol-500-g\/#breadcrumb\"},\"inLanguage\":\"fr-FR\",\"potentialAction\":[{\"@type\":\"ReadAction\",\"target\":[\"https:\/\/sbi4beer.com\/fr\/produit\/pinnacle-levure-low-alcohol-500-g\/\"]}]},{\"@type\":\"ImageObject\",\"inLanguage\":\"fr-FR\",\"@id\":\"https:\/\/sbi4beer.com\/fr\/produit\/pinnacle-levure-low-alcohol-500-g\/#primaryimage\",\"url\":\"https:\/\/sbi4beer.com\/wp-content\/uploads\/2025\/01\/pinnacle-low-alcohol-gist-500-g.jpg\",\"contentUrl\":\"https:\/\/sbi4beer.com\/wp-content\/uploads\/2025\/01\/pinnacle-low-alcohol-gist-500-g.jpg\",\"width\":800,\"height\":802,\"caption\":\"pinnacle-low-alcohol-gist-500-g\"},{\"@type\":\"BreadcrumbList\",\"@id\":\"https:\/\/sbi4beer.com\/fr\/produit\/pinnacle-levure-low-alcohol-500-g\/#breadcrumb\",\"itemListElement\":[{\"@type\":\"ListItem\",\"position\":1,\"name\":\"Home\",\"item\":\"https:\/\/sbi4beer.com\/fr\/\"},{\"@type\":\"ListItem\",\"position\":2,\"name\":\"Shop\",\"item\":\"https:\/\/sbi4beer.com\/fr\/shop\/\"},{\"@type\":\"ListItem\",\"position\":3,\"name\":\"Levure &amp; Nutriment\",\"item\":\"https:\/\/sbi4beer.com\/fr\/Categories-de-produits\/levure-nutriment\/\"},{\"@type\":\"ListItem\",\"position\":4,\"name\":\"Pinnacle levure Low Alcohol 500 g\"}]},{\"@type\":\"WebSite\",\"@id\":\"https:\/\/sbi4beer.com\/fr\/#website\",\"url\":\"https:\/\/sbi4beer.com\/fr\/\",\"name\":\"Selected Brewing Ingredients\",\"description\":\"Selected Brewing Ingredients\",\"publisher\":{\"@id\":\"https:\/\/sbi4beer.com\/fr\/#organization\"},\"potentialAction\":[{\"@type\":\"SearchAction\",\"target\":{\"@type\":\"EntryPoint\",\"urlTemplate\":\"https:\/\/sbi4beer.com\/fr\/?s={search_term_string}\"},\"query-input\":{\"@type\":\"PropertyValueSpecification\",\"valueRequired\":true,\"valueName\":\"search_term_string\"}}],\"inLanguage\":\"fr-FR\"},{\"@type\":\"Organization\",\"@id\":\"https:\/\/sbi4beer.com\/fr\/#organization\",\"name\":\"Selected Brewing Ingredients\",\"url\":\"https:\/\/sbi4beer.com\/fr\/\",\"logo\":{\"@type\":\"ImageObject\",\"inLanguage\":\"fr-FR\",\"@id\":\"https:\/\/sbi4beer.com\/fr\/#\/schema\/logo\/image\/\",\"url\":\"https:\/\/sbi4beer.com\/wp-content\/uploads\/2025\/11\/logo-sbi.png\",\"contentUrl\":\"https:\/\/sbi4beer.com\/wp-content\/uploads\/2025\/11\/logo-sbi.png\",\"width\":228,\"height\":69,\"caption\":\"Selected Brewing Ingredients\"},\"image\":{\"@id\":\"https:\/\/sbi4beer.com\/fr\/#\/schema\/logo\/image\/\"},\"sameAs\":[\"https:\/\/www.facebook.com\/SelectedBrewingIngredients\",\"https:\/\/x.com\/sbi4beer\",\"https:\/\/www.instagram.com\/sbi4beer\/\",\"https:\/\/www.linkedin.com\/company\/sbi4beer\/\"]}]}<\/script>\n<!-- \/ Yoast SEO plugin. -->","yoast_head_json":{"title":"Pinnacle levure Low Alcohol 500 g - Selected Brewing Ingredients","description":"Pinnacle levure Low Alcohol 500 g \u2713 Bestel alle brouwingredi\u00ebnten van hoge kwaliteit op 1 plaats \u2713 Service & maatwerk \u2713 Snelle, betrouwbare levering","robots":{"index":"index","follow":"follow","max-snippet":"max-snippet:-1","max-image-preview":"max-image-preview:large","max-video-preview":"max-video-preview:-1"},"canonical":"https:\/\/sbi4beer.com\/fr\/produit\/pinnacle-levure-low-alcohol-500-g\/","og_locale":"fr_FR","og_type":"article","og_title":"Pinnacle levure Low Alcohol 500 g - Selected Brewing Ingredients","og_description":"Pinnacle levure Low Alcohol 500 g \u2713 Bestel alle brouwingredi\u00ebnten van hoge kwaliteit op 1 plaats \u2713 Service & maatwerk \u2713 Snelle, betrouwbare levering","og_url":"https:\/\/sbi4beer.com\/fr\/produit\/pinnacle-levure-low-alcohol-500-g\/","og_site_name":"Selected Brewing Ingredients","article_publisher":"https:\/\/www.facebook.com\/SelectedBrewingIngredients","article_modified_time":"2025-01-30T15:12:12+00:00","og_image":[{"width":800,"height":802,"url":"https:\/\/sbi4beer.com\/wp-content\/uploads\/2025\/01\/pinnacle-low-alcohol-gist-500-g.jpg","type":"image\/jpeg"}],"twitter_card":"summary_large_image","twitter_site":"@sbi4beer","twitter_misc":{"Dur\u00e9e de lecture estim\u00e9e":"2 minutes"},"schema":{"@context":"https:\/\/schema.org","@graph":[{"@type":"WebPage","@id":"https:\/\/sbi4beer.com\/fr\/produit\/pinnacle-levure-low-alcohol-500-g\/","url":"https:\/\/sbi4beer.com\/fr\/produit\/pinnacle-levure-low-alcohol-500-g\/","name":"Pinnacle levure Low Alcohol 500 g - Selected Brewing Ingredients","isPartOf":{"@id":"https:\/\/sbi4beer.com\/fr\/#website"},"primaryImageOfPage":{"@id":"https:\/\/sbi4beer.com\/fr\/produit\/pinnacle-levure-low-alcohol-500-g\/#primaryimage"},"image":{"@id":"https:\/\/sbi4beer.com\/fr\/produit\/pinnacle-levure-low-alcohol-500-g\/#primaryimage"},"thumbnailUrl":"https:\/\/sbi4beer.com\/wp-content\/uploads\/2025\/01\/pinnacle-low-alcohol-gist-500-g.jpg","datePublished":"2025-01-20T15:30:22+00:00","dateModified":"2025-01-30T15:12:12+00:00","description":"Pinnacle levure Low Alcohol 500 g \u2713 Bestel alle brouwingredi\u00ebnten van hoge kwaliteit op 1 plaats \u2713 Service & maatwerk \u2713 Snelle, betrouwbare levering","breadcrumb":{"@id":"https:\/\/sbi4beer.com\/fr\/produit\/pinnacle-levure-low-alcohol-500-g\/#breadcrumb"},"inLanguage":"fr-FR","potentialAction":[{"@type":"ReadAction","target":["https:\/\/sbi4beer.com\/fr\/produit\/pinnacle-levure-low-alcohol-500-g\/"]}]},{"@type":"ImageObject","inLanguage":"fr-FR","@id":"https:\/\/sbi4beer.com\/fr\/produit\/pinnacle-levure-low-alcohol-500-g\/#primaryimage","url":"https:\/\/sbi4beer.com\/wp-content\/uploads\/2025\/01\/pinnacle-low-alcohol-gist-500-g.jpg","contentUrl":"https:\/\/sbi4beer.com\/wp-content\/uploads\/2025\/01\/pinnacle-low-alcohol-gist-500-g.jpg","width":800,"height":802,"caption":"pinnacle-low-alcohol-gist-500-g"},{"@type":"BreadcrumbList","@id":"https:\/\/sbi4beer.com\/fr\/produit\/pinnacle-levure-low-alcohol-500-g\/#breadcrumb","itemListElement":[{"@type":"ListItem","position":1,"name":"Home","item":"https:\/\/sbi4beer.com\/fr\/"},{"@type":"ListItem","position":2,"name":"Shop","item":"https:\/\/sbi4beer.com\/fr\/shop\/"},{"@type":"ListItem","position":3,"name":"Levure &amp; Nutriment","item":"https:\/\/sbi4beer.com\/fr\/Categories-de-produits\/levure-nutriment\/"},{"@type":"ListItem","position":4,"name":"Pinnacle levure Low Alcohol 500 g"}]},{"@type":"WebSite","@id":"https:\/\/sbi4beer.com\/fr\/#website","url":"https:\/\/sbi4beer.com\/fr\/","name":"Selected Brewing Ingredients","description":"Selected Brewing Ingredients","publisher":{"@id":"https:\/\/sbi4beer.com\/fr\/#organization"},"potentialAction":[{"@type":"SearchAction","target":{"@type":"EntryPoint","urlTemplate":"https:\/\/sbi4beer.com\/fr\/?s={search_term_string}"},"query-input":{"@type":"PropertyValueSpecification","valueRequired":true,"valueName":"search_term_string"}}],"inLanguage":"fr-FR"},{"@type":"Organization","@id":"https:\/\/sbi4beer.com\/fr\/#organization","name":"Selected Brewing Ingredients","url":"https:\/\/sbi4beer.com\/fr\/","logo":{"@type":"ImageObject","inLanguage":"fr-FR","@id":"https:\/\/sbi4beer.com\/fr\/#\/schema\/logo\/image\/","url":"https:\/\/sbi4beer.com\/wp-content\/uploads\/2025\/11\/logo-sbi.png","contentUrl":"https:\/\/sbi4beer.com\/wp-content\/uploads\/2025\/11\/logo-sbi.png","width":228,"height":69,"caption":"Selected Brewing Ingredients"},"image":{"@id":"https:\/\/sbi4beer.com\/fr\/#\/schema\/logo\/image\/"},"sameAs":["https:\/\/www.facebook.com\/SelectedBrewingIngredients","https:\/\/x.com\/sbi4beer","https:\/\/www.instagram.com\/sbi4beer\/","https:\/\/www.linkedin.com\/company\/sbi4beer\/"]}]}},"_links":{"self":[{"href":"https:\/\/sbi4beer.com\/fr\/wp-json\/wp\/v2\/product\/54836","targetHints":{"allow":["GET"]}}],"collection":[{"href":"https:\/\/sbi4beer.com\/fr\/wp-json\/wp\/v2\/product"}],"about":[{"href":"https:\/\/sbi4beer.com\/fr\/wp-json\/wp\/v2\/types\/product"}],"wp:featuredmedia":[{"embeddable":true,"href":"https:\/\/sbi4beer.com\/fr\/wp-json\/wp\/v2\/media\/55121"}],"wp:attachment":[{"href":"https:\/\/sbi4beer.com\/fr\/wp-json\/wp\/v2\/media?parent=54836"}],"wp:term":[{"taxonomy":"product_brand","embeddable":true,"href":"https:\/\/sbi4beer.com\/fr\/wp-json\/wp\/v2\/product_brand?post=54836"},{"taxonomy":"product_cat","embeddable":true,"href":"https:\/\/sbi4beer.com\/fr\/wp-json\/wp\/v2\/product_cat?post=54836"},{"taxonomy":"product_tag","embeddable":true,"href":"https:\/\/sbi4beer.com\/fr\/wp-json\/wp\/v2\/product_tag?post=54836"}],"curies":[{"name":"wp","href":"https:\/\/api.w.org\/{rel}","templated":true}]}}