{"id":55311,"date":"2025-02-06T12:31:35","date_gmt":"2025-02-06T11:31:35","guid":{"rendered":"https:\/\/sbi4beer.com\/product\/co%c2%b2-hop-extract-500-g-alfa-herkules\/"},"modified":"2025-02-10T12:31:57","modified_gmt":"2025-02-10T11:31:57","slug":"co%c2%b2-hop-extract-500-g-alfa-herkules","status":"publish","type":"product","link":"https:\/\/sbi4beer.com\/fr\/produit\/co%c2%b2-hop-extract-500-g-alfa-herkules\/","title":{"rendered":"CO\u00b2 Hop Extract 500 g alfa &#8211; Herkules"},"content":{"rendered":"<p>Pour donner de l\u2019amertume et du caract\u00e8re au houblon des bi\u00e8res en l\u2019ajoutant \u00e0 la bouilloire, g\u00e9n\u00e9ralement au d\u00e9but de l\u2019\u00e9bullition et souvent en combinaison avec du houblon entier ou des pellets de houblon qui peuvent \u00eatre ajout\u00e9s plus tard.<br \/>\nL\u2019extrait de houblon CO\u00b2 peut \u00eatre utilis\u00e9 pour obtenir 100 % de l\u2019amertume et de l\u2019ar\u00f4me de houblon requis.<\/p>\n","protected":false},"excerpt":{"rendered":"<p>L\u2019extrait de houblon CO\u00b2 est produit par des processus d\u2019extraction utilisant du dioxyde de carbone. Ce proc\u00e9d\u00e9 permet de pr\u00e9server le produit naturel et pur qu\u2019est le houblon.<br \/>\nCet extrait de houblon est produit \u00e0 partir de la vari\u00e9t\u00e9 de houblon Herkules.<\/p>\n","protected":false},"featured_media":26305,"template":"","meta":{"_acf_changed":false},"product_brand":[],"product_cat":[1362],"product_tag":[],"class_list":{"0":"post-55311","1":"product","2":"type-product","3":"status-publish","4":"has-post-thumbnail","6":"product_cat-houblons","8":"first","9":"instock","10":"taxable","11":"shipping-taxable","12":"purchasable","13":"product-type-simple"},"acf":[],"yoast_head":"<!-- This site is optimized with the Yoast SEO plugin v27.1.1 - https:\/\/yoast.com\/product\/yoast-seo-wordpress\/ -->\n<title>CO\u00b2 Hop Extract 500 g alfa - Herkules - Selected Brewing Ingredients<\/title>\n<meta name=\"description\" content=\"CO\u00b2 Hop Extract 500 g alfa - Herkules \u2713 Bestel alle brouwingredi\u00ebnten van hoge kwaliteit op 1 plaats \u2713 Service &amp; maatwerk \u2713 Snelle, betrouwbare levering\" \/>\n<meta name=\"robots\" content=\"index, follow, max-snippet:-1, max-image-preview:large, max-video-preview:-1\" \/>\n<link rel=\"canonical\" href=\"https:\/\/sbi4beer.com\/fr\/produit\/co%c2%b2-hop-extract-500-g-alfa-herkules\/\" \/>\n<meta property=\"og:locale\" content=\"fr_FR\" \/>\n<meta property=\"og:type\" content=\"article\" \/>\n<meta property=\"og:title\" content=\"CO\u00b2 Hop Extract 500 g alfa - Herkules - Selected Brewing Ingredients\" \/>\n<meta property=\"og:description\" content=\"CO\u00b2 Hop Extract 500 g alfa - Herkules \u2713 Bestel alle brouwingredi\u00ebnten van hoge kwaliteit op 1 plaats \u2713 Service &amp; maatwerk \u2713 Snelle, betrouwbare levering\" \/>\n<meta property=\"og:url\" content=\"https:\/\/sbi4beer.com\/fr\/produit\/co%c2%b2-hop-extract-500-g-alfa-herkules\/\" \/>\n<meta property=\"og:site_name\" content=\"Selected Brewing Ingredients\" \/>\n<meta property=\"article:publisher\" content=\"https:\/\/www.facebook.com\/SelectedBrewingIngredients\" \/>\n<meta property=\"article:modified_time\" content=\"2025-02-10T11:31:57+00:00\" \/>\n<meta property=\"og:image\" content=\"https:\/\/sbi4beer.com\/wp-content\/uploads\/2022\/03\/co2-hop-extract-300-gram-alfa-sbi.jpg\" \/>\n\t<meta property=\"og:image:width\" content=\"700\" \/>\n\t<meta property=\"og:image:height\" content=\"700\" \/>\n\t<meta property=\"og:image:type\" content=\"image\/jpeg\" \/>\n<meta name=\"twitter:card\" content=\"summary_large_image\" \/>\n<meta name=\"twitter:site\" content=\"@sbi4beer\" \/>\n<script type=\"application\/ld+json\" class=\"yoast-schema-graph\">{\"@context\":\"https:\/\/schema.org\",\"@graph\":[{\"@type\":\"WebPage\",\"@id\":\"https:\/\/sbi4beer.com\/fr\/produit\/co%c2%b2-hop-extract-500-g-alfa-herkules\/\",\"url\":\"https:\/\/sbi4beer.com\/fr\/produit\/co%c2%b2-hop-extract-500-g-alfa-herkules\/\",\"name\":\"CO\u00b2 Hop Extract 500 g alfa - Herkules - Selected Brewing Ingredients\",\"isPartOf\":{\"@id\":\"https:\/\/sbi4beer.com\/fr\/#website\"},\"primaryImageOfPage\":{\"@id\":\"https:\/\/sbi4beer.com\/fr\/produit\/co%c2%b2-hop-extract-500-g-alfa-herkules\/#primaryimage\"},\"image\":{\"@id\":\"https:\/\/sbi4beer.com\/fr\/produit\/co%c2%b2-hop-extract-500-g-alfa-herkules\/#primaryimage\"},\"thumbnailUrl\":\"https:\/\/sbi4beer.com\/wp-content\/uploads\/2022\/03\/co2-hop-extract-300-gram-alfa-sbi.jpg\",\"datePublished\":\"2025-02-06T11:31:35+00:00\",\"dateModified\":\"2025-02-10T11:31:57+00:00\",\"description\":\"CO\u00b2 Hop Extract 500 g alfa - Herkules \u2713 Bestel alle brouwingredi\u00ebnten van hoge kwaliteit op 1 plaats \u2713 Service & maatwerk \u2713 Snelle, betrouwbare levering\",\"breadcrumb\":{\"@id\":\"https:\/\/sbi4beer.com\/fr\/produit\/co%c2%b2-hop-extract-500-g-alfa-herkules\/#breadcrumb\"},\"inLanguage\":\"fr-FR\",\"potentialAction\":[{\"@type\":\"ReadAction\",\"target\":[\"https:\/\/sbi4beer.com\/fr\/produit\/co%c2%b2-hop-extract-500-g-alfa-herkules\/\"]}]},{\"@type\":\"ImageObject\",\"inLanguage\":\"fr-FR\",\"@id\":\"https:\/\/sbi4beer.com\/fr\/produit\/co%c2%b2-hop-extract-500-g-alfa-herkules\/#primaryimage\",\"url\":\"https:\/\/sbi4beer.com\/wp-content\/uploads\/2022\/03\/co2-hop-extract-300-gram-alfa-sbi.jpg\",\"contentUrl\":\"https:\/\/sbi4beer.com\/wp-content\/uploads\/2022\/03\/co2-hop-extract-300-gram-alfa-sbi.jpg\",\"width\":700,\"height\":700,\"caption\":\"hop-extract\"},{\"@type\":\"BreadcrumbList\",\"@id\":\"https:\/\/sbi4beer.com\/fr\/produit\/co%c2%b2-hop-extract-500-g-alfa-herkules\/#breadcrumb\",\"itemListElement\":[{\"@type\":\"ListItem\",\"position\":1,\"name\":\"Home\",\"item\":\"https:\/\/sbi4beer.com\/fr\/\"},{\"@type\":\"ListItem\",\"position\":2,\"name\":\"Shop\",\"item\":\"https:\/\/sbi4beer.com\/fr\/shop\/\"},{\"@type\":\"ListItem\",\"position\":3,\"name\":\"Houblons\",\"item\":\"https:\/\/sbi4beer.com\/fr\/Categories-de-produits\/houblons\/\"},{\"@type\":\"ListItem\",\"position\":4,\"name\":\"CO\u00b2 Hop Extract 500 g alfa &#8211; Herkules\"}]},{\"@type\":\"WebSite\",\"@id\":\"https:\/\/sbi4beer.com\/fr\/#website\",\"url\":\"https:\/\/sbi4beer.com\/fr\/\",\"name\":\"Selected Brewing Ingredients\",\"description\":\"Selected Brewing Ingredients\",\"publisher\":{\"@id\":\"https:\/\/sbi4beer.com\/fr\/#organization\"},\"potentialAction\":[{\"@type\":\"SearchAction\",\"target\":{\"@type\":\"EntryPoint\",\"urlTemplate\":\"https:\/\/sbi4beer.com\/fr\/?s={search_term_string}\"},\"query-input\":{\"@type\":\"PropertyValueSpecification\",\"valueRequired\":true,\"valueName\":\"search_term_string\"}}],\"inLanguage\":\"fr-FR\"},{\"@type\":\"Organization\",\"@id\":\"https:\/\/sbi4beer.com\/fr\/#organization\",\"name\":\"Selected Brewing Ingredients\",\"url\":\"https:\/\/sbi4beer.com\/fr\/\",\"logo\":{\"@type\":\"ImageObject\",\"inLanguage\":\"fr-FR\",\"@id\":\"https:\/\/sbi4beer.com\/fr\/#\/schema\/logo\/image\/\",\"url\":\"https:\/\/sbi4beer.com\/wp-content\/uploads\/2025\/11\/logo-sbi.png\",\"contentUrl\":\"https:\/\/sbi4beer.com\/wp-content\/uploads\/2025\/11\/logo-sbi.png\",\"width\":228,\"height\":69,\"caption\":\"Selected Brewing Ingredients\"},\"image\":{\"@id\":\"https:\/\/sbi4beer.com\/fr\/#\/schema\/logo\/image\/\"},\"sameAs\":[\"https:\/\/www.facebook.com\/SelectedBrewingIngredients\",\"https:\/\/x.com\/sbi4beer\",\"https:\/\/www.instagram.com\/sbi4beer\/\",\"https:\/\/www.linkedin.com\/company\/sbi4beer\/\"]}]}<\/script>\n<!-- \/ Yoast SEO plugin. -->","yoast_head_json":{"title":"CO\u00b2 Hop Extract 500 g alfa - Herkules - Selected Brewing Ingredients","description":"CO\u00b2 Hop Extract 500 g alfa - Herkules \u2713 Bestel alle brouwingredi\u00ebnten van hoge kwaliteit op 1 plaats \u2713 Service & maatwerk \u2713 Snelle, betrouwbare levering","robots":{"index":"index","follow":"follow","max-snippet":"max-snippet:-1","max-image-preview":"max-image-preview:large","max-video-preview":"max-video-preview:-1"},"canonical":"https:\/\/sbi4beer.com\/fr\/produit\/co%c2%b2-hop-extract-500-g-alfa-herkules\/","og_locale":"fr_FR","og_type":"article","og_title":"CO\u00b2 Hop Extract 500 g alfa - Herkules - Selected Brewing Ingredients","og_description":"CO\u00b2 Hop Extract 500 g alfa - Herkules \u2713 Bestel alle brouwingredi\u00ebnten van hoge kwaliteit op 1 plaats \u2713 Service & maatwerk \u2713 Snelle, betrouwbare levering","og_url":"https:\/\/sbi4beer.com\/fr\/produit\/co%c2%b2-hop-extract-500-g-alfa-herkules\/","og_site_name":"Selected Brewing Ingredients","article_publisher":"https:\/\/www.facebook.com\/SelectedBrewingIngredients","article_modified_time":"2025-02-10T11:31:57+00:00","og_image":[{"width":700,"height":700,"url":"https:\/\/sbi4beer.com\/wp-content\/uploads\/2022\/03\/co2-hop-extract-300-gram-alfa-sbi.jpg","type":"image\/jpeg"}],"twitter_card":"summary_large_image","twitter_site":"@sbi4beer","schema":{"@context":"https:\/\/schema.org","@graph":[{"@type":"WebPage","@id":"https:\/\/sbi4beer.com\/fr\/produit\/co%c2%b2-hop-extract-500-g-alfa-herkules\/","url":"https:\/\/sbi4beer.com\/fr\/produit\/co%c2%b2-hop-extract-500-g-alfa-herkules\/","name":"CO\u00b2 Hop Extract 500 g alfa - Herkules - Selected Brewing Ingredients","isPartOf":{"@id":"https:\/\/sbi4beer.com\/fr\/#website"},"primaryImageOfPage":{"@id":"https:\/\/sbi4beer.com\/fr\/produit\/co%c2%b2-hop-extract-500-g-alfa-herkules\/#primaryimage"},"image":{"@id":"https:\/\/sbi4beer.com\/fr\/produit\/co%c2%b2-hop-extract-500-g-alfa-herkules\/#primaryimage"},"thumbnailUrl":"https:\/\/sbi4beer.com\/wp-content\/uploads\/2022\/03\/co2-hop-extract-300-gram-alfa-sbi.jpg","datePublished":"2025-02-06T11:31:35+00:00","dateModified":"2025-02-10T11:31:57+00:00","description":"CO\u00b2 Hop Extract 500 g alfa - Herkules \u2713 Bestel alle brouwingredi\u00ebnten van hoge kwaliteit op 1 plaats \u2713 Service & maatwerk \u2713 Snelle, betrouwbare levering","breadcrumb":{"@id":"https:\/\/sbi4beer.com\/fr\/produit\/co%c2%b2-hop-extract-500-g-alfa-herkules\/#breadcrumb"},"inLanguage":"fr-FR","potentialAction":[{"@type":"ReadAction","target":["https:\/\/sbi4beer.com\/fr\/produit\/co%c2%b2-hop-extract-500-g-alfa-herkules\/"]}]},{"@type":"ImageObject","inLanguage":"fr-FR","@id":"https:\/\/sbi4beer.com\/fr\/produit\/co%c2%b2-hop-extract-500-g-alfa-herkules\/#primaryimage","url":"https:\/\/sbi4beer.com\/wp-content\/uploads\/2022\/03\/co2-hop-extract-300-gram-alfa-sbi.jpg","contentUrl":"https:\/\/sbi4beer.com\/wp-content\/uploads\/2022\/03\/co2-hop-extract-300-gram-alfa-sbi.jpg","width":700,"height":700,"caption":"hop-extract"},{"@type":"BreadcrumbList","@id":"https:\/\/sbi4beer.com\/fr\/produit\/co%c2%b2-hop-extract-500-g-alfa-herkules\/#breadcrumb","itemListElement":[{"@type":"ListItem","position":1,"name":"Home","item":"https:\/\/sbi4beer.com\/fr\/"},{"@type":"ListItem","position":2,"name":"Shop","item":"https:\/\/sbi4beer.com\/fr\/shop\/"},{"@type":"ListItem","position":3,"name":"Houblons","item":"https:\/\/sbi4beer.com\/fr\/Categories-de-produits\/houblons\/"},{"@type":"ListItem","position":4,"name":"CO\u00b2 Hop Extract 500 g alfa &#8211; Herkules"}]},{"@type":"WebSite","@id":"https:\/\/sbi4beer.com\/fr\/#website","url":"https:\/\/sbi4beer.com\/fr\/","name":"Selected Brewing Ingredients","description":"Selected Brewing Ingredients","publisher":{"@id":"https:\/\/sbi4beer.com\/fr\/#organization"},"potentialAction":[{"@type":"SearchAction","target":{"@type":"EntryPoint","urlTemplate":"https:\/\/sbi4beer.com\/fr\/?s={search_term_string}"},"query-input":{"@type":"PropertyValueSpecification","valueRequired":true,"valueName":"search_term_string"}}],"inLanguage":"fr-FR"},{"@type":"Organization","@id":"https:\/\/sbi4beer.com\/fr\/#organization","name":"Selected Brewing Ingredients","url":"https:\/\/sbi4beer.com\/fr\/","logo":{"@type":"ImageObject","inLanguage":"fr-FR","@id":"https:\/\/sbi4beer.com\/fr\/#\/schema\/logo\/image\/","url":"https:\/\/sbi4beer.com\/wp-content\/uploads\/2025\/11\/logo-sbi.png","contentUrl":"https:\/\/sbi4beer.com\/wp-content\/uploads\/2025\/11\/logo-sbi.png","width":228,"height":69,"caption":"Selected Brewing Ingredients"},"image":{"@id":"https:\/\/sbi4beer.com\/fr\/#\/schema\/logo\/image\/"},"sameAs":["https:\/\/www.facebook.com\/SelectedBrewingIngredients","https:\/\/x.com\/sbi4beer","https:\/\/www.instagram.com\/sbi4beer\/","https:\/\/www.linkedin.com\/company\/sbi4beer\/"]}]}},"_links":{"self":[{"href":"https:\/\/sbi4beer.com\/fr\/wp-json\/wp\/v2\/product\/55311","targetHints":{"allow":["GET"]}}],"collection":[{"href":"https:\/\/sbi4beer.com\/fr\/wp-json\/wp\/v2\/product"}],"about":[{"href":"https:\/\/sbi4beer.com\/fr\/wp-json\/wp\/v2\/types\/product"}],"wp:featuredmedia":[{"embeddable":true,"href":"https:\/\/sbi4beer.com\/fr\/wp-json\/wp\/v2\/media\/26305"}],"wp:attachment":[{"href":"https:\/\/sbi4beer.com\/fr\/wp-json\/wp\/v2\/media?parent=55311"}],"wp:term":[{"taxonomy":"product_brand","embeddable":true,"href":"https:\/\/sbi4beer.com\/fr\/wp-json\/wp\/v2\/product_brand?post=55311"},{"taxonomy":"product_cat","embeddable":true,"href":"https:\/\/sbi4beer.com\/fr\/wp-json\/wp\/v2\/product_cat?post=55311"},{"taxonomy":"product_tag","embeddable":true,"href":"https:\/\/sbi4beer.com\/fr\/wp-json\/wp\/v2\/product_tag?post=55311"}],"curies":[{"name":"wp","href":"https:\/\/api.w.org\/{rel}","templated":true}]}}