{"id":57340,"date":"2025-05-14T14:00:17","date_gmt":"2025-05-14T12:00:17","guid":{"rendered":"https:\/\/sbi4beer.com\/product\/fermentis-safspirit-m-1-levure-10-kg\/"},"modified":"2025-05-21T10:47:17","modified_gmt":"2025-05-21T08:47:17","slug":"fermentis-safspirit-m-1-levure-10-kg","status":"publish","type":"product","link":"https:\/\/sbi4beer.com\/fr\/produit\/fermentis-safspirit-m-1-levure-10-kg\/","title":{"rendered":"Fermentis SafSpirit\u2122 M-1 levure 10 kg"},"content":{"rendered":"<p>Produit de grands cong\u00e9n\u00e8res, adapt\u00e9s au vieillissement des whiskies en f\u00fbts. Bonne r\u00e9sistance \u00e0 l&rsquo;alcool (plus de 15% v\/v). Tr\u00e8s bonne att\u00e9nuation gr\u00e2ce \u00e0 l&rsquo;assimilation des sucres complexes, ce qui en fait la meilleure option pour les whiskies produits \u00e0 partir de malt, lorsque les ajouts d&rsquo;enzymes ne sont pas autoris\u00e9s.\u00a0Bon choix pour la fermentation\u00a0continue. Malgr\u00e9 sa popularit\u00e9 en \u00c9cosse, il convient \u00e0 la production de toutes sortes de whiskies ou de boissons \u00e0 base de c\u00e9r\u00e9ales distill\u00e9es (brutes ou malt\u00e9es) qui seront vieillies en f\u00fbts.<\/p>\n<p>Ook verkrijgbaar in <a href=\"https:\/\/sbi4beer.com\/fr\/produit\/fermentis-safspirit-m-1-levure-500-g\/\" target=\"_blank\" rel=\"noopener\">500 g<\/a>.<\/p>\n","protected":false},"excerpt":{"rendered":"<p>La souche\u00a0la plus c\u00e9l\u00e8bre et incontournable pour la production\u00a0de whisky \u00e9cossais et de whisky\u00a0single malt.<\/p>\n","protected":false},"featured_media":15015,"template":"","meta":{"_acf_changed":false},"product_brand":[],"product_cat":[1369,1363],"product_tag":[],"class_list":{"0":"post-57340","1":"product","2":"type-product","3":"status-publish","4":"has-post-thumbnail","6":"product_cat-boissons-distillees-autres-boissons","7":"product_cat-levure-nutriment","9":"first","10":"instock","11":"taxable","12":"shipping-taxable","13":"purchasable","14":"product-type-simple"},"acf":[],"yoast_head":"<!-- This site is optimized with the Yoast SEO plugin v27.1.1 - https:\/\/yoast.com\/product\/yoast-seo-wordpress\/ -->\n<title>Fermentis SafSpirit\u2122 M-1 levure 10 kg - Selected Brewing Ingredients<\/title>\n<meta name=\"description\" content=\"Fermentis SafSpirit\u2122 M-1 levure 10 kg \u2713 Bestel alle brouwingredi\u00ebnten van hoge kwaliteit op 1 plaats \u2713 Service &amp; maatwerk \u2713 Snelle, betrouwbare levering\" \/>\n<meta name=\"robots\" content=\"index, follow, max-snippet:-1, max-image-preview:large, max-video-preview:-1\" \/>\n<link rel=\"canonical\" href=\"https:\/\/sbi4beer.com\/fr\/produit\/fermentis-safspirit-m-1-levure-10-kg\/\" \/>\n<meta property=\"og:locale\" content=\"fr_FR\" \/>\n<meta property=\"og:type\" content=\"article\" \/>\n<meta property=\"og:title\" content=\"Fermentis SafSpirit\u2122 M-1 levure 10 kg - Selected Brewing Ingredients\" \/>\n<meta property=\"og:description\" content=\"Fermentis SafSpirit\u2122 M-1 levure 10 kg \u2713 Bestel alle brouwingredi\u00ebnten van hoge kwaliteit op 1 plaats \u2713 Service &amp; maatwerk \u2713 Snelle, betrouwbare levering\" \/>\n<meta property=\"og:url\" content=\"https:\/\/sbi4beer.com\/fr\/produit\/fermentis-safspirit-m-1-levure-10-kg\/\" \/>\n<meta property=\"og:site_name\" content=\"Selected Brewing Ingredients\" \/>\n<meta property=\"article:publisher\" content=\"https:\/\/www.facebook.com\/SelectedBrewingIngredients\" \/>\n<meta property=\"article:modified_time\" content=\"2025-05-21T08:47:17+00:00\" \/>\n<meta property=\"og:image\" content=\"https:\/\/sbi4beer.com\/wp-content\/uploads\/2020\/11\/Fermentis-logo.jpg\" \/>\n\t<meta property=\"og:image:width\" content=\"680\" \/>\n\t<meta property=\"og:image:height\" content=\"680\" \/>\n\t<meta property=\"og:image:type\" content=\"image\/jpeg\" \/>\n<meta name=\"twitter:card\" content=\"summary_large_image\" \/>\n<meta name=\"twitter:site\" content=\"@sbi4beer\" \/>\n<meta name=\"twitter:label1\" content=\"Dur\u00e9e de lecture estim\u00e9e\" \/>\n\t<meta name=\"twitter:data1\" content=\"1 minute\" \/>\n<script type=\"application\/ld+json\" class=\"yoast-schema-graph\">{\"@context\":\"https:\/\/schema.org\",\"@graph\":[{\"@type\":\"WebPage\",\"@id\":\"https:\/\/sbi4beer.com\/fr\/produit\/fermentis-safspirit-m-1-levure-10-kg\/\",\"url\":\"https:\/\/sbi4beer.com\/fr\/produit\/fermentis-safspirit-m-1-levure-10-kg\/\",\"name\":\"Fermentis SafSpirit\u2122 M-1 levure 10 kg - Selected Brewing Ingredients\",\"isPartOf\":{\"@id\":\"https:\/\/sbi4beer.com\/fr\/#website\"},\"primaryImageOfPage\":{\"@id\":\"https:\/\/sbi4beer.com\/fr\/produit\/fermentis-safspirit-m-1-levure-10-kg\/#primaryimage\"},\"image\":{\"@id\":\"https:\/\/sbi4beer.com\/fr\/produit\/fermentis-safspirit-m-1-levure-10-kg\/#primaryimage\"},\"thumbnailUrl\":\"https:\/\/sbi4beer.com\/wp-content\/uploads\/2020\/11\/Fermentis-logo.jpg\",\"datePublished\":\"2025-05-14T12:00:17+00:00\",\"dateModified\":\"2025-05-21T08:47:17+00:00\",\"description\":\"Fermentis SafSpirit\u2122 M-1 levure 10 kg \u2713 Bestel alle brouwingredi\u00ebnten van hoge kwaliteit op 1 plaats \u2713 Service & maatwerk \u2713 Snelle, betrouwbare levering\",\"breadcrumb\":{\"@id\":\"https:\/\/sbi4beer.com\/fr\/produit\/fermentis-safspirit-m-1-levure-10-kg\/#breadcrumb\"},\"inLanguage\":\"fr-FR\",\"potentialAction\":[{\"@type\":\"ReadAction\",\"target\":[\"https:\/\/sbi4beer.com\/fr\/produit\/fermentis-safspirit-m-1-levure-10-kg\/\"]}]},{\"@type\":\"ImageObject\",\"inLanguage\":\"fr-FR\",\"@id\":\"https:\/\/sbi4beer.com\/fr\/produit\/fermentis-safspirit-m-1-levure-10-kg\/#primaryimage\",\"url\":\"https:\/\/sbi4beer.com\/wp-content\/uploads\/2020\/11\/Fermentis-logo.jpg\",\"contentUrl\":\"https:\/\/sbi4beer.com\/wp-content\/uploads\/2020\/11\/Fermentis-logo.jpg\",\"width\":680,\"height\":680,\"caption\":\"fermentis-logo\"},{\"@type\":\"BreadcrumbList\",\"@id\":\"https:\/\/sbi4beer.com\/fr\/produit\/fermentis-safspirit-m-1-levure-10-kg\/#breadcrumb\",\"itemListElement\":[{\"@type\":\"ListItem\",\"position\":1,\"name\":\"Home\",\"item\":\"https:\/\/sbi4beer.com\/fr\/\"},{\"@type\":\"ListItem\",\"position\":2,\"name\":\"Shop\",\"item\":\"https:\/\/sbi4beer.com\/fr\/shop\/\"},{\"@type\":\"ListItem\",\"position\":3,\"name\":\"Boissons distill\u00e9es &amp; autres boissons\",\"item\":\"https:\/\/sbi4beer.com\/fr\/Categories-de-produits\/boissons-distillees-autres-boissons\/\"},{\"@type\":\"ListItem\",\"position\":4,\"name\":\"Fermentis SafSpirit\u2122 M-1 levure 10 kg\"}]},{\"@type\":\"WebSite\",\"@id\":\"https:\/\/sbi4beer.com\/fr\/#website\",\"url\":\"https:\/\/sbi4beer.com\/fr\/\",\"name\":\"Selected Brewing Ingredients\",\"description\":\"Selected Brewing Ingredients\",\"publisher\":{\"@id\":\"https:\/\/sbi4beer.com\/fr\/#organization\"},\"potentialAction\":[{\"@type\":\"SearchAction\",\"target\":{\"@type\":\"EntryPoint\",\"urlTemplate\":\"https:\/\/sbi4beer.com\/fr\/?s={search_term_string}\"},\"query-input\":{\"@type\":\"PropertyValueSpecification\",\"valueRequired\":true,\"valueName\":\"search_term_string\"}}],\"inLanguage\":\"fr-FR\"},{\"@type\":\"Organization\",\"@id\":\"https:\/\/sbi4beer.com\/fr\/#organization\",\"name\":\"Selected Brewing Ingredients\",\"url\":\"https:\/\/sbi4beer.com\/fr\/\",\"logo\":{\"@type\":\"ImageObject\",\"inLanguage\":\"fr-FR\",\"@id\":\"https:\/\/sbi4beer.com\/fr\/#\/schema\/logo\/image\/\",\"url\":\"https:\/\/sbi4beer.com\/wp-content\/uploads\/2025\/11\/logo-sbi.png\",\"contentUrl\":\"https:\/\/sbi4beer.com\/wp-content\/uploads\/2025\/11\/logo-sbi.png\",\"width\":228,\"height\":69,\"caption\":\"Selected Brewing Ingredients\"},\"image\":{\"@id\":\"https:\/\/sbi4beer.com\/fr\/#\/schema\/logo\/image\/\"},\"sameAs\":[\"https:\/\/www.facebook.com\/SelectedBrewingIngredients\",\"https:\/\/x.com\/sbi4beer\",\"https:\/\/www.instagram.com\/sbi4beer\/\",\"https:\/\/www.linkedin.com\/company\/sbi4beer\/\"]}]}<\/script>\n<!-- \/ Yoast SEO plugin. -->","yoast_head_json":{"title":"Fermentis SafSpirit\u2122 M-1 levure 10 kg - Selected Brewing Ingredients","description":"Fermentis SafSpirit\u2122 M-1 levure 10 kg \u2713 Bestel alle brouwingredi\u00ebnten van hoge kwaliteit op 1 plaats \u2713 Service & maatwerk \u2713 Snelle, betrouwbare levering","robots":{"index":"index","follow":"follow","max-snippet":"max-snippet:-1","max-image-preview":"max-image-preview:large","max-video-preview":"max-video-preview:-1"},"canonical":"https:\/\/sbi4beer.com\/fr\/produit\/fermentis-safspirit-m-1-levure-10-kg\/","og_locale":"fr_FR","og_type":"article","og_title":"Fermentis SafSpirit\u2122 M-1 levure 10 kg - Selected Brewing Ingredients","og_description":"Fermentis SafSpirit\u2122 M-1 levure 10 kg \u2713 Bestel alle brouwingredi\u00ebnten van hoge kwaliteit op 1 plaats \u2713 Service & maatwerk \u2713 Snelle, betrouwbare levering","og_url":"https:\/\/sbi4beer.com\/fr\/produit\/fermentis-safspirit-m-1-levure-10-kg\/","og_site_name":"Selected Brewing Ingredients","article_publisher":"https:\/\/www.facebook.com\/SelectedBrewingIngredients","article_modified_time":"2025-05-21T08:47:17+00:00","og_image":[{"width":680,"height":680,"url":"https:\/\/sbi4beer.com\/wp-content\/uploads\/2020\/11\/Fermentis-logo.jpg","type":"image\/jpeg"}],"twitter_card":"summary_large_image","twitter_site":"@sbi4beer","twitter_misc":{"Dur\u00e9e de lecture estim\u00e9e":"1 minute"},"schema":{"@context":"https:\/\/schema.org","@graph":[{"@type":"WebPage","@id":"https:\/\/sbi4beer.com\/fr\/produit\/fermentis-safspirit-m-1-levure-10-kg\/","url":"https:\/\/sbi4beer.com\/fr\/produit\/fermentis-safspirit-m-1-levure-10-kg\/","name":"Fermentis SafSpirit\u2122 M-1 levure 10 kg - Selected Brewing Ingredients","isPartOf":{"@id":"https:\/\/sbi4beer.com\/fr\/#website"},"primaryImageOfPage":{"@id":"https:\/\/sbi4beer.com\/fr\/produit\/fermentis-safspirit-m-1-levure-10-kg\/#primaryimage"},"image":{"@id":"https:\/\/sbi4beer.com\/fr\/produit\/fermentis-safspirit-m-1-levure-10-kg\/#primaryimage"},"thumbnailUrl":"https:\/\/sbi4beer.com\/wp-content\/uploads\/2020\/11\/Fermentis-logo.jpg","datePublished":"2025-05-14T12:00:17+00:00","dateModified":"2025-05-21T08:47:17+00:00","description":"Fermentis SafSpirit\u2122 M-1 levure 10 kg \u2713 Bestel alle brouwingredi\u00ebnten van hoge kwaliteit op 1 plaats \u2713 Service & maatwerk \u2713 Snelle, betrouwbare levering","breadcrumb":{"@id":"https:\/\/sbi4beer.com\/fr\/produit\/fermentis-safspirit-m-1-levure-10-kg\/#breadcrumb"},"inLanguage":"fr-FR","potentialAction":[{"@type":"ReadAction","target":["https:\/\/sbi4beer.com\/fr\/produit\/fermentis-safspirit-m-1-levure-10-kg\/"]}]},{"@type":"ImageObject","inLanguage":"fr-FR","@id":"https:\/\/sbi4beer.com\/fr\/produit\/fermentis-safspirit-m-1-levure-10-kg\/#primaryimage","url":"https:\/\/sbi4beer.com\/wp-content\/uploads\/2020\/11\/Fermentis-logo.jpg","contentUrl":"https:\/\/sbi4beer.com\/wp-content\/uploads\/2020\/11\/Fermentis-logo.jpg","width":680,"height":680,"caption":"fermentis-logo"},{"@type":"BreadcrumbList","@id":"https:\/\/sbi4beer.com\/fr\/produit\/fermentis-safspirit-m-1-levure-10-kg\/#breadcrumb","itemListElement":[{"@type":"ListItem","position":1,"name":"Home","item":"https:\/\/sbi4beer.com\/fr\/"},{"@type":"ListItem","position":2,"name":"Shop","item":"https:\/\/sbi4beer.com\/fr\/shop\/"},{"@type":"ListItem","position":3,"name":"Boissons distill\u00e9es &amp; autres boissons","item":"https:\/\/sbi4beer.com\/fr\/Categories-de-produits\/boissons-distillees-autres-boissons\/"},{"@type":"ListItem","position":4,"name":"Fermentis SafSpirit\u2122 M-1 levure 10 kg"}]},{"@type":"WebSite","@id":"https:\/\/sbi4beer.com\/fr\/#website","url":"https:\/\/sbi4beer.com\/fr\/","name":"Selected Brewing Ingredients","description":"Selected Brewing Ingredients","publisher":{"@id":"https:\/\/sbi4beer.com\/fr\/#organization"},"potentialAction":[{"@type":"SearchAction","target":{"@type":"EntryPoint","urlTemplate":"https:\/\/sbi4beer.com\/fr\/?s={search_term_string}"},"query-input":{"@type":"PropertyValueSpecification","valueRequired":true,"valueName":"search_term_string"}}],"inLanguage":"fr-FR"},{"@type":"Organization","@id":"https:\/\/sbi4beer.com\/fr\/#organization","name":"Selected Brewing Ingredients","url":"https:\/\/sbi4beer.com\/fr\/","logo":{"@type":"ImageObject","inLanguage":"fr-FR","@id":"https:\/\/sbi4beer.com\/fr\/#\/schema\/logo\/image\/","url":"https:\/\/sbi4beer.com\/wp-content\/uploads\/2025\/11\/logo-sbi.png","contentUrl":"https:\/\/sbi4beer.com\/wp-content\/uploads\/2025\/11\/logo-sbi.png","width":228,"height":69,"caption":"Selected Brewing Ingredients"},"image":{"@id":"https:\/\/sbi4beer.com\/fr\/#\/schema\/logo\/image\/"},"sameAs":["https:\/\/www.facebook.com\/SelectedBrewingIngredients","https:\/\/x.com\/sbi4beer","https:\/\/www.instagram.com\/sbi4beer\/","https:\/\/www.linkedin.com\/company\/sbi4beer\/"]}]}},"_links":{"self":[{"href":"https:\/\/sbi4beer.com\/fr\/wp-json\/wp\/v2\/product\/57340","targetHints":{"allow":["GET"]}}],"collection":[{"href":"https:\/\/sbi4beer.com\/fr\/wp-json\/wp\/v2\/product"}],"about":[{"href":"https:\/\/sbi4beer.com\/fr\/wp-json\/wp\/v2\/types\/product"}],"wp:featuredmedia":[{"embeddable":true,"href":"https:\/\/sbi4beer.com\/fr\/wp-json\/wp\/v2\/media\/15015"}],"wp:attachment":[{"href":"https:\/\/sbi4beer.com\/fr\/wp-json\/wp\/v2\/media?parent=57340"}],"wp:term":[{"taxonomy":"product_brand","embeddable":true,"href":"https:\/\/sbi4beer.com\/fr\/wp-json\/wp\/v2\/product_brand?post=57340"},{"taxonomy":"product_cat","embeddable":true,"href":"https:\/\/sbi4beer.com\/fr\/wp-json\/wp\/v2\/product_cat?post=57340"},{"taxonomy":"product_tag","embeddable":true,"href":"https:\/\/sbi4beer.com\/fr\/wp-json\/wp\/v2\/product_tag?post=57340"}],"curies":[{"name":"wp","href":"https:\/\/api.w.org\/{rel}","templated":true}]}}