{"id":57421,"date":"2025-05-19T14:30:06","date_gmt":"2025-05-19T12:30:06","guid":{"rendered":"https:\/\/sbi4beer.com\/product\/lalbrew-aurora-gist-500-g-limited-release\/"},"modified":"2025-05-22T14:20:15","modified_gmt":"2025-05-22T12:20:15","slug":"lalbrew-aurora-levure-500-g-limited-release","status":"publish","type":"product","link":"https:\/\/sbi4beer.com\/fr\/produit\/lalbrew-aurora-levure-500-g-limited-release\/","title":{"rendered":"Lalbrew Aurora\u2122 levure 500 g &#8211; Limited Release"},"content":{"rendered":"<p>La s\u00e9rie LalBrew\u00ae Limited Release c\u00e9l\u00e8bre l\u2019innovation brassicole en pr\u00e9sentant de nouvelles souches avec des performances de fermentation, des flaveurs et une histoire uniques.<\/p>\n<p>La premi\u00e8re levure de cette s\u00e9rie est LalBrew\u00ae Aurora. Elle a \u00e9t\u00e9 soigneusement s\u00e9lectionn\u00e9e dans la vaste collection de cultures de levures de Lallemand pour ses performances de fermentation robustes et son expression aromatique unique. Inspir\u00e9e des aurores bor\u00e9ales, LalBrew\u00ae Aurora fermente bien \u00e0 basse temp\u00e9rature et produit des ar\u00f4mes floraux et fruit\u00e9s nets, d\u2019une puret\u00e9 exceptionnelle.<\/p>\n<h5 class=\"mb-1\"><strong>LalBrew\u00ae Aurora &#8211; Limited Release Northern IPA levure<\/strong><\/h5>\n<p>LalBrew\u00ae Aurora ouvre de nouvelles perspectives pour les IPA en d\u00e9finissant le style Northern IPA, qui allie la buvabilit\u00e9 des IPA traditionnelles West Coast, au caract\u00e8re moderne de la levure des styles East Coast. Gr\u00e2ce \u00e0 une fermentation robuste et un ar\u00f4me fruit\u00e9, net et rafra\u00eechissant, LalBrew\u00ae Aurora est le choix id\u00e9al pour votre prochaine exploration d\u2019IPA.<\/p>\n<h5><strong>Specifications<\/strong><\/h5>\n<ul>\n<li>Ar\u00f4mes: Fruit\u00e9s, floraux;<\/li>\n<li>Att\u00e9nuation: 74 &#8211; 82%;<\/li>\n<li>Plage de temp\u00e9rature: 12 &#8211; 30\u00b0C (54 &#8211; 86\u00b0F);<\/li>\n<li>Tol\u00e9rance \u00e0 l&rsquo;alcool: 13% ABV;<\/li>\n<li>Taux d&rsquo;ensemencement: 50-100 g\/hL;<\/li>\n<li>Styles de bi\u00e8res: Northern IPA, Cold IPA, Session IPA, Double IPA.<\/li>\n<\/ul>\n<h5><strong>Est-ce que\u00a0<\/strong><strong>LalBrew\u00ae Aurora peut \u00eatre utilis\u00e9e pour tous les styles d&rsquo;IPA?<\/strong><\/h5>\n<p><span class=\"TextRun SCXW23400893 BCX8\" lang=\"FR-FR\" xml:lang=\"FR-FR\" data-contrast=\"auto\"><span class=\"NormalTextRun SCXW23400893 BCX8\">Oui, bien s\u00fbr. Cependant, sa capacit\u00e9 \u00e0 fermenter \u00e0\u00a0<\/span><span class=\"NormalTextRun SCXW23400893 BCX8\">basse<\/span><span class=\"NormalTextRun SCXW23400893 BCX8\">\u00a0temp\u00e9rature\u00a0<\/span><span class=\"NormalTextRun SCXW23400893 BCX8\">et son profil fruit\u00e9 et sec\u00a0<\/span><span class=\"NormalTextRun SCXW23400893 BCX8\">en font la souche parfaite pour les\u00a0<\/span><span class=\"NormalTextRun SpellingErrorV2Themed SCXW23400893 BCX8\">Northern<\/span>\u00a0<span class=\"NormalTextRun SpellingErrorV2Themed SCXW23400893 BCX8\">IPAs<\/span><span class=\"NormalTextRun SCXW23400893 BCX8\">.<\/span><\/span><span class=\"EOP SCXW23400893 BCX8\" data-ccp-props=\"{}\">\u00a0<\/span><\/p>\n<p><strong>Besoin de plus d\u2019informations? Regarder les documents sur les downloads.<\/strong><\/p>\n","protected":false},"excerpt":{"rendered":"<p>La premi\u00e8re levure de cette LalBrew\u00ae Limited Release Series est <strong>LalBrew\u00ae Aurora<\/strong>.<\/p>\n","protected":false},"featured_media":57517,"template":"","meta":{"_acf_changed":false},"product_brand":[],"product_cat":[1363],"product_tag":[],"class_list":{"0":"post-57421","1":"product","2":"type-product","3":"status-publish","4":"has-post-thumbnail","6":"product_cat-levure-nutriment","8":"first","9":"instock","10":"taxable","11":"shipping-taxable","12":"purchasable","13":"product-type-simple"},"acf":[],"yoast_head":"<!-- This site is optimized with the Yoast SEO plugin v27.1.1 - https:\/\/yoast.com\/product\/yoast-seo-wordpress\/ -->\n<title>Lalbrew Aurora\u2122 levure 500 g - Limited Release - Selected Brewing Ingredients<\/title>\n<meta name=\"description\" content=\"Lalbrew Aurora\u2122 levure 500 g - Limited Release \u2713 Bestel alle brouwingredi\u00ebnten van hoge kwaliteit op 1 plaats \u2713 Service &amp; maatwerk \u2713 Snelle, betrouwbare levering\" \/>\n<meta name=\"robots\" content=\"index, follow, max-snippet:-1, max-image-preview:large, max-video-preview:-1\" \/>\n<link rel=\"canonical\" href=\"https:\/\/sbi4beer.com\/fr\/produit\/lalbrew-aurora-levure-500-g-limited-release\/\" \/>\n<meta property=\"og:locale\" content=\"fr_FR\" \/>\n<meta property=\"og:type\" content=\"article\" \/>\n<meta property=\"og:title\" content=\"Lalbrew Aurora\u2122 levure 500 g - Limited Release - Selected Brewing Ingredients\" \/>\n<meta property=\"og:description\" content=\"Lalbrew Aurora\u2122 levure 500 g - Limited Release \u2713 Bestel alle brouwingredi\u00ebnten van hoge kwaliteit op 1 plaats \u2713 Service &amp; maatwerk \u2713 Snelle, betrouwbare levering\" \/>\n<meta property=\"og:url\" content=\"https:\/\/sbi4beer.com\/fr\/produit\/lalbrew-aurora-levure-500-g-limited-release\/\" \/>\n<meta property=\"og:site_name\" content=\"Selected Brewing Ingredients\" \/>\n<meta property=\"article:publisher\" content=\"https:\/\/www.facebook.com\/SelectedBrewingIngredients\" \/>\n<meta property=\"article:modified_time\" content=\"2025-05-22T12:20:15+00:00\" \/>\n<meta property=\"og:image\" content=\"https:\/\/sbi4beer.com\/wp-content\/uploads\/2025\/05\/lalbrew-aurora-gist-500-g-limited-release.jpg\" \/>\n\t<meta property=\"og:image:width\" content=\"800\" \/>\n\t<meta property=\"og:image:height\" content=\"801\" \/>\n\t<meta property=\"og:image:type\" content=\"image\/jpeg\" \/>\n<meta name=\"twitter:card\" content=\"summary_large_image\" \/>\n<meta name=\"twitter:site\" content=\"@sbi4beer\" \/>\n<meta name=\"twitter:label1\" content=\"Dur\u00e9e de lecture estim\u00e9e\" \/>\n\t<meta name=\"twitter:data1\" content=\"2 minutes\" \/>\n<script type=\"application\/ld+json\" class=\"yoast-schema-graph\">{\"@context\":\"https:\/\/schema.org\",\"@graph\":[{\"@type\":\"WebPage\",\"@id\":\"https:\/\/sbi4beer.com\/fr\/produit\/lalbrew-aurora-levure-500-g-limited-release\/\",\"url\":\"https:\/\/sbi4beer.com\/fr\/produit\/lalbrew-aurora-levure-500-g-limited-release\/\",\"name\":\"Lalbrew Aurora\u2122 levure 500 g - Limited Release - Selected Brewing Ingredients\",\"isPartOf\":{\"@id\":\"https:\/\/sbi4beer.com\/fr\/#website\"},\"primaryImageOfPage\":{\"@id\":\"https:\/\/sbi4beer.com\/fr\/produit\/lalbrew-aurora-levure-500-g-limited-release\/#primaryimage\"},\"image\":{\"@id\":\"https:\/\/sbi4beer.com\/fr\/produit\/lalbrew-aurora-levure-500-g-limited-release\/#primaryimage\"},\"thumbnailUrl\":\"https:\/\/sbi4beer.com\/wp-content\/uploads\/2025\/05\/lalbrew-aurora-gist-500-g-limited-release.jpg\",\"datePublished\":\"2025-05-19T12:30:06+00:00\",\"dateModified\":\"2025-05-22T12:20:15+00:00\",\"description\":\"Lalbrew Aurora\u2122 levure 500 g - Limited Release \u2713 Bestel alle brouwingredi\u00ebnten van hoge kwaliteit op 1 plaats \u2713 Service & maatwerk \u2713 Snelle, betrouwbare levering\",\"breadcrumb\":{\"@id\":\"https:\/\/sbi4beer.com\/fr\/produit\/lalbrew-aurora-levure-500-g-limited-release\/#breadcrumb\"},\"inLanguage\":\"fr-FR\",\"potentialAction\":[{\"@type\":\"ReadAction\",\"target\":[\"https:\/\/sbi4beer.com\/fr\/produit\/lalbrew-aurora-levure-500-g-limited-release\/\"]}]},{\"@type\":\"ImageObject\",\"inLanguage\":\"fr-FR\",\"@id\":\"https:\/\/sbi4beer.com\/fr\/produit\/lalbrew-aurora-levure-500-g-limited-release\/#primaryimage\",\"url\":\"https:\/\/sbi4beer.com\/wp-content\/uploads\/2025\/05\/lalbrew-aurora-gist-500-g-limited-release.jpg\",\"contentUrl\":\"https:\/\/sbi4beer.com\/wp-content\/uploads\/2025\/05\/lalbrew-aurora-gist-500-g-limited-release.jpg\",\"width\":800,\"height\":801,\"caption\":\"lalbrew-aurora-gist-500-g-limited-release\"},{\"@type\":\"BreadcrumbList\",\"@id\":\"https:\/\/sbi4beer.com\/fr\/produit\/lalbrew-aurora-levure-500-g-limited-release\/#breadcrumb\",\"itemListElement\":[{\"@type\":\"ListItem\",\"position\":1,\"name\":\"Home\",\"item\":\"https:\/\/sbi4beer.com\/fr\/\"},{\"@type\":\"ListItem\",\"position\":2,\"name\":\"Shop\",\"item\":\"https:\/\/sbi4beer.com\/fr\/shop\/\"},{\"@type\":\"ListItem\",\"position\":3,\"name\":\"Levure &amp; Nutriment\",\"item\":\"https:\/\/sbi4beer.com\/fr\/Categories-de-produits\/levure-nutriment\/\"},{\"@type\":\"ListItem\",\"position\":4,\"name\":\"Lalbrew Aurora\u2122 levure 500 g &#8211; Limited Release\"}]},{\"@type\":\"WebSite\",\"@id\":\"https:\/\/sbi4beer.com\/fr\/#website\",\"url\":\"https:\/\/sbi4beer.com\/fr\/\",\"name\":\"Selected Brewing Ingredients\",\"description\":\"Selected Brewing Ingredients\",\"publisher\":{\"@id\":\"https:\/\/sbi4beer.com\/fr\/#organization\"},\"potentialAction\":[{\"@type\":\"SearchAction\",\"target\":{\"@type\":\"EntryPoint\",\"urlTemplate\":\"https:\/\/sbi4beer.com\/fr\/?s={search_term_string}\"},\"query-input\":{\"@type\":\"PropertyValueSpecification\",\"valueRequired\":true,\"valueName\":\"search_term_string\"}}],\"inLanguage\":\"fr-FR\"},{\"@type\":\"Organization\",\"@id\":\"https:\/\/sbi4beer.com\/fr\/#organization\",\"name\":\"Selected Brewing Ingredients\",\"url\":\"https:\/\/sbi4beer.com\/fr\/\",\"logo\":{\"@type\":\"ImageObject\",\"inLanguage\":\"fr-FR\",\"@id\":\"https:\/\/sbi4beer.com\/fr\/#\/schema\/logo\/image\/\",\"url\":\"https:\/\/sbi4beer.com\/wp-content\/uploads\/2025\/11\/logo-sbi.png\",\"contentUrl\":\"https:\/\/sbi4beer.com\/wp-content\/uploads\/2025\/11\/logo-sbi.png\",\"width\":228,\"height\":69,\"caption\":\"Selected Brewing Ingredients\"},\"image\":{\"@id\":\"https:\/\/sbi4beer.com\/fr\/#\/schema\/logo\/image\/\"},\"sameAs\":[\"https:\/\/www.facebook.com\/SelectedBrewingIngredients\",\"https:\/\/x.com\/sbi4beer\",\"https:\/\/www.instagram.com\/sbi4beer\/\",\"https:\/\/www.linkedin.com\/company\/sbi4beer\/\"]}]}<\/script>\n<!-- \/ Yoast SEO plugin. -->","yoast_head_json":{"title":"Lalbrew Aurora\u2122 levure 500 g - Limited Release - Selected Brewing Ingredients","description":"Lalbrew Aurora\u2122 levure 500 g - Limited Release \u2713 Bestel alle brouwingredi\u00ebnten van hoge kwaliteit op 1 plaats \u2713 Service & maatwerk \u2713 Snelle, betrouwbare levering","robots":{"index":"index","follow":"follow","max-snippet":"max-snippet:-1","max-image-preview":"max-image-preview:large","max-video-preview":"max-video-preview:-1"},"canonical":"https:\/\/sbi4beer.com\/fr\/produit\/lalbrew-aurora-levure-500-g-limited-release\/","og_locale":"fr_FR","og_type":"article","og_title":"Lalbrew Aurora\u2122 levure 500 g - Limited Release - Selected Brewing Ingredients","og_description":"Lalbrew Aurora\u2122 levure 500 g - Limited Release \u2713 Bestel alle brouwingredi\u00ebnten van hoge kwaliteit op 1 plaats \u2713 Service & maatwerk \u2713 Snelle, betrouwbare levering","og_url":"https:\/\/sbi4beer.com\/fr\/produit\/lalbrew-aurora-levure-500-g-limited-release\/","og_site_name":"Selected Brewing Ingredients","article_publisher":"https:\/\/www.facebook.com\/SelectedBrewingIngredients","article_modified_time":"2025-05-22T12:20:15+00:00","og_image":[{"width":800,"height":801,"url":"https:\/\/sbi4beer.com\/wp-content\/uploads\/2025\/05\/lalbrew-aurora-gist-500-g-limited-release.jpg","type":"image\/jpeg"}],"twitter_card":"summary_large_image","twitter_site":"@sbi4beer","twitter_misc":{"Dur\u00e9e de lecture estim\u00e9e":"2 minutes"},"schema":{"@context":"https:\/\/schema.org","@graph":[{"@type":"WebPage","@id":"https:\/\/sbi4beer.com\/fr\/produit\/lalbrew-aurora-levure-500-g-limited-release\/","url":"https:\/\/sbi4beer.com\/fr\/produit\/lalbrew-aurora-levure-500-g-limited-release\/","name":"Lalbrew Aurora\u2122 levure 500 g - Limited Release - Selected Brewing Ingredients","isPartOf":{"@id":"https:\/\/sbi4beer.com\/fr\/#website"},"primaryImageOfPage":{"@id":"https:\/\/sbi4beer.com\/fr\/produit\/lalbrew-aurora-levure-500-g-limited-release\/#primaryimage"},"image":{"@id":"https:\/\/sbi4beer.com\/fr\/produit\/lalbrew-aurora-levure-500-g-limited-release\/#primaryimage"},"thumbnailUrl":"https:\/\/sbi4beer.com\/wp-content\/uploads\/2025\/05\/lalbrew-aurora-gist-500-g-limited-release.jpg","datePublished":"2025-05-19T12:30:06+00:00","dateModified":"2025-05-22T12:20:15+00:00","description":"Lalbrew Aurora\u2122 levure 500 g - Limited Release \u2713 Bestel alle brouwingredi\u00ebnten van hoge kwaliteit op 1 plaats \u2713 Service & maatwerk \u2713 Snelle, betrouwbare levering","breadcrumb":{"@id":"https:\/\/sbi4beer.com\/fr\/produit\/lalbrew-aurora-levure-500-g-limited-release\/#breadcrumb"},"inLanguage":"fr-FR","potentialAction":[{"@type":"ReadAction","target":["https:\/\/sbi4beer.com\/fr\/produit\/lalbrew-aurora-levure-500-g-limited-release\/"]}]},{"@type":"ImageObject","inLanguage":"fr-FR","@id":"https:\/\/sbi4beer.com\/fr\/produit\/lalbrew-aurora-levure-500-g-limited-release\/#primaryimage","url":"https:\/\/sbi4beer.com\/wp-content\/uploads\/2025\/05\/lalbrew-aurora-gist-500-g-limited-release.jpg","contentUrl":"https:\/\/sbi4beer.com\/wp-content\/uploads\/2025\/05\/lalbrew-aurora-gist-500-g-limited-release.jpg","width":800,"height":801,"caption":"lalbrew-aurora-gist-500-g-limited-release"},{"@type":"BreadcrumbList","@id":"https:\/\/sbi4beer.com\/fr\/produit\/lalbrew-aurora-levure-500-g-limited-release\/#breadcrumb","itemListElement":[{"@type":"ListItem","position":1,"name":"Home","item":"https:\/\/sbi4beer.com\/fr\/"},{"@type":"ListItem","position":2,"name":"Shop","item":"https:\/\/sbi4beer.com\/fr\/shop\/"},{"@type":"ListItem","position":3,"name":"Levure &amp; Nutriment","item":"https:\/\/sbi4beer.com\/fr\/Categories-de-produits\/levure-nutriment\/"},{"@type":"ListItem","position":4,"name":"Lalbrew Aurora\u2122 levure 500 g &#8211; Limited Release"}]},{"@type":"WebSite","@id":"https:\/\/sbi4beer.com\/fr\/#website","url":"https:\/\/sbi4beer.com\/fr\/","name":"Selected Brewing Ingredients","description":"Selected Brewing Ingredients","publisher":{"@id":"https:\/\/sbi4beer.com\/fr\/#organization"},"potentialAction":[{"@type":"SearchAction","target":{"@type":"EntryPoint","urlTemplate":"https:\/\/sbi4beer.com\/fr\/?s={search_term_string}"},"query-input":{"@type":"PropertyValueSpecification","valueRequired":true,"valueName":"search_term_string"}}],"inLanguage":"fr-FR"},{"@type":"Organization","@id":"https:\/\/sbi4beer.com\/fr\/#organization","name":"Selected Brewing Ingredients","url":"https:\/\/sbi4beer.com\/fr\/","logo":{"@type":"ImageObject","inLanguage":"fr-FR","@id":"https:\/\/sbi4beer.com\/fr\/#\/schema\/logo\/image\/","url":"https:\/\/sbi4beer.com\/wp-content\/uploads\/2025\/11\/logo-sbi.png","contentUrl":"https:\/\/sbi4beer.com\/wp-content\/uploads\/2025\/11\/logo-sbi.png","width":228,"height":69,"caption":"Selected Brewing Ingredients"},"image":{"@id":"https:\/\/sbi4beer.com\/fr\/#\/schema\/logo\/image\/"},"sameAs":["https:\/\/www.facebook.com\/SelectedBrewingIngredients","https:\/\/x.com\/sbi4beer","https:\/\/www.instagram.com\/sbi4beer\/","https:\/\/www.linkedin.com\/company\/sbi4beer\/"]}]}},"_links":{"self":[{"href":"https:\/\/sbi4beer.com\/fr\/wp-json\/wp\/v2\/product\/57421","targetHints":{"allow":["GET"]}}],"collection":[{"href":"https:\/\/sbi4beer.com\/fr\/wp-json\/wp\/v2\/product"}],"about":[{"href":"https:\/\/sbi4beer.com\/fr\/wp-json\/wp\/v2\/types\/product"}],"wp:featuredmedia":[{"embeddable":true,"href":"https:\/\/sbi4beer.com\/fr\/wp-json\/wp\/v2\/media\/57517"}],"wp:attachment":[{"href":"https:\/\/sbi4beer.com\/fr\/wp-json\/wp\/v2\/media?parent=57421"}],"wp:term":[{"taxonomy":"product_brand","embeddable":true,"href":"https:\/\/sbi4beer.com\/fr\/wp-json\/wp\/v2\/product_brand?post=57421"},{"taxonomy":"product_cat","embeddable":true,"href":"https:\/\/sbi4beer.com\/fr\/wp-json\/wp\/v2\/product_cat?post=57421"},{"taxonomy":"product_tag","embeddable":true,"href":"https:\/\/sbi4beer.com\/fr\/wp-json\/wp\/v2\/product_tag?post=57421"}],"curies":[{"name":"wp","href":"https:\/\/api.w.org\/{rel}","templated":true}]}}