{"id":61562,"date":"2025-12-01T14:30:16","date_gmt":"2025-12-01T13:30:16","guid":{"rendered":"https:\/\/sbi4beer.com\/product\/isy-s-reduce-1-kg\/"},"modified":"2026-01-29T12:24:04","modified_gmt":"2026-01-29T11:24:04","slug":"isy-s-reduce-1-kg","status":"publish","type":"product","link":"https:\/\/sbi4beer.com\/fr\/produit\/isy-s-reduce-1-kg\/","title":{"rendered":"ISY S-Reduce\u2122 1 kg"},"content":{"rendered":"<p>AB Vickers ISY S-Reduce est un autolysat sp\u00e9cifique de levure inactiv\u00e9e, riche en cuivre biologiquement li\u00e9, capable d\u2019\u00e9liminer les faux-go\u00fbts soufr\u00e9s de la bi\u00e8re, notamment le sulfure d\u2019hydrog\u00e8ne (H\u2082S), le sulfure de dim\u00e9thyle (DMS) et les mercaptans.<\/p>\n<p>Les compos\u00e9s soufr\u00e9s pr\u00e9cipitent au contact du cuivre et sont \u00e9limin\u00e9s avec la levure, laissant une bi\u00e8re au go\u00fbt frais et net.<\/p>\n<h5><strong>B\u00e9n\u00e9fices<\/strong><\/h5>\n<ul>\n<li>R\u00e9duction efficace ou \u00e9limination du sulfure d\u2019hydrog\u00e8ne (H\u2082S) dans la bi\u00e8re.<\/li>\n<li>R\u00e9duction potentielle d\u2019autres compos\u00e9s soufr\u00e9s, notamment le sulfure de dim\u00e9thyle (DMS) et les mercaptans.<\/li>\n<li>Suppression d\u2019une maturation prolong\u00e9e visant \u00e0 r\u00e9duire les faux-go\u00fbts soufr\u00e9s.<\/li>\n<\/ul>\n<h5><strong>Plus d&rsquo;information<\/strong><\/h5>\n<p>AB Vickers ISY S-Reduce est une fomulation a base de levure inactiv\u00e9e riche en cuivre.<\/p>\n<p>Lorsqu\u2019il est ajout\u00e9 \u00e0 la bi\u00e8re, ISY S-Reduce r\u00e9agit avec les compos\u00e9s soufr\u00e9s pour former des pr\u00e9cipit\u00e9s insolubles. Le soufre est ensuite \u00e9limin\u00e9, en m\u00eame temps que le cuivre biologiquement li\u00e9, lors de la s\u00e9paration de la bi\u00e8re de la levure ou lors de la clarification par collage ou filtration.<\/p>\n<p>AB Vickers ISY S-Reduce est sans gluten.<\/p>\n","protected":false},"excerpt":{"rendered":"<p>ISY S-Reduce<span class=\"NormalTextRun SCXW65339651 BCX8\">\u2122. Formulation a base de levure inactiv\u00e9e riche en cuivre.<\/span><\/p>\n","protected":false},"featured_media":64056,"template":"","meta":{"_acf_changed":false},"product_brand":[],"product_cat":[1372,1363],"product_tag":[],"class_list":{"0":"post-61562","1":"product","2":"type-product","3":"status-publish","4":"has-post-thumbnail","6":"product_cat-additifs-auxiliaires","7":"product_cat-levure-nutriment","9":"first","10":"instock","11":"taxable","12":"shipping-taxable","13":"purchasable","14":"product-type-simple"},"acf":[],"yoast_head":"<!-- This site is optimized with the Yoast SEO plugin v27.1.1 - https:\/\/yoast.com\/product\/yoast-seo-wordpress\/ -->\n<title>ISY S-Reduce\u2122 1 kg - Selected Brewing Ingredients<\/title>\n<meta name=\"description\" content=\"ISY S-Reduce\u2122 1 kg \u2713 Bestel alle brouwingredi\u00ebnten van hoge kwaliteit op 1 plaats \u2713 Service &amp; maatwerk \u2713 Snelle, betrouwbare levering\" \/>\n<meta name=\"robots\" content=\"index, follow, max-snippet:-1, max-image-preview:large, max-video-preview:-1\" \/>\n<link rel=\"canonical\" href=\"https:\/\/sbi4beer.com\/fr\/produit\/isy-s-reduce-1-kg\/\" \/>\n<meta property=\"og:locale\" content=\"fr_FR\" \/>\n<meta property=\"og:type\" content=\"article\" \/>\n<meta property=\"og:title\" content=\"ISY S-Reduce\u2122 1 kg - Selected Brewing Ingredients\" \/>\n<meta property=\"og:description\" content=\"ISY S-Reduce\u2122 1 kg \u2713 Bestel alle brouwingredi\u00ebnten van hoge kwaliteit op 1 plaats \u2713 Service &amp; maatwerk \u2713 Snelle, betrouwbare levering\" \/>\n<meta property=\"og:url\" content=\"https:\/\/sbi4beer.com\/fr\/produit\/isy-s-reduce-1-kg\/\" \/>\n<meta property=\"og:site_name\" content=\"Selected Brewing Ingredients\" \/>\n<meta property=\"article:publisher\" content=\"https:\/\/www.facebook.com\/SelectedBrewingIngredients\" \/>\n<meta property=\"article:modified_time\" content=\"2026-01-29T11:24:04+00:00\" \/>\n<meta property=\"og:image\" content=\"https:\/\/sbi4beer.com\/wp-content\/uploads\/2025\/12\/isy-s-reduce-1-kg-ab-vickers.jpg\" \/>\n\t<meta property=\"og:image:width\" content=\"800\" \/>\n\t<meta property=\"og:image:height\" content=\"800\" \/>\n\t<meta property=\"og:image:type\" content=\"image\/jpeg\" \/>\n<meta name=\"twitter:card\" content=\"summary_large_image\" \/>\n<meta name=\"twitter:site\" content=\"@sbi4beer\" \/>\n<meta name=\"twitter:label1\" content=\"Dur\u00e9e de lecture estim\u00e9e\" \/>\n\t<meta name=\"twitter:data1\" content=\"2 minutes\" \/>\n<script type=\"application\/ld+json\" class=\"yoast-schema-graph\">{\"@context\":\"https:\/\/schema.org\",\"@graph\":[{\"@type\":\"WebPage\",\"@id\":\"https:\/\/sbi4beer.com\/fr\/produit\/isy-s-reduce-1-kg\/\",\"url\":\"https:\/\/sbi4beer.com\/fr\/produit\/isy-s-reduce-1-kg\/\",\"name\":\"ISY S-Reduce\u2122 1 kg - Selected Brewing Ingredients\",\"isPartOf\":{\"@id\":\"https:\/\/sbi4beer.com\/fr\/#website\"},\"primaryImageOfPage\":{\"@id\":\"https:\/\/sbi4beer.com\/fr\/produit\/isy-s-reduce-1-kg\/#primaryimage\"},\"image\":{\"@id\":\"https:\/\/sbi4beer.com\/fr\/produit\/isy-s-reduce-1-kg\/#primaryimage\"},\"thumbnailUrl\":\"https:\/\/sbi4beer.com\/wp-content\/uploads\/2025\/12\/isy-s-reduce-1-kg-ab-vickers.jpg\",\"datePublished\":\"2025-12-01T13:30:16+00:00\",\"dateModified\":\"2026-01-29T11:24:04+00:00\",\"description\":\"ISY S-Reduce\u2122 1 kg \u2713 Bestel alle brouwingredi\u00ebnten van hoge kwaliteit op 1 plaats \u2713 Service & maatwerk \u2713 Snelle, betrouwbare levering\",\"breadcrumb\":{\"@id\":\"https:\/\/sbi4beer.com\/fr\/produit\/isy-s-reduce-1-kg\/#breadcrumb\"},\"inLanguage\":\"fr-FR\",\"potentialAction\":[{\"@type\":\"ReadAction\",\"target\":[\"https:\/\/sbi4beer.com\/fr\/produit\/isy-s-reduce-1-kg\/\"]}]},{\"@type\":\"ImageObject\",\"inLanguage\":\"fr-FR\",\"@id\":\"https:\/\/sbi4beer.com\/fr\/produit\/isy-s-reduce-1-kg\/#primaryimage\",\"url\":\"https:\/\/sbi4beer.com\/wp-content\/uploads\/2025\/12\/isy-s-reduce-1-kg-ab-vickers.jpg\",\"contentUrl\":\"https:\/\/sbi4beer.com\/wp-content\/uploads\/2025\/12\/isy-s-reduce-1-kg-ab-vickers.jpg\",\"width\":800,\"height\":800,\"caption\":\"isy-s-reduce-1-kg-ab-vickers\"},{\"@type\":\"BreadcrumbList\",\"@id\":\"https:\/\/sbi4beer.com\/fr\/produit\/isy-s-reduce-1-kg\/#breadcrumb\",\"itemListElement\":[{\"@type\":\"ListItem\",\"position\":1,\"name\":\"Home\",\"item\":\"https:\/\/sbi4beer.com\/fr\/\"},{\"@type\":\"ListItem\",\"position\":2,\"name\":\"Shop\",\"item\":\"https:\/\/sbi4beer.com\/fr\/shop\/\"},{\"@type\":\"ListItem\",\"position\":3,\"name\":\"Levure &amp; Nutriment\",\"item\":\"https:\/\/sbi4beer.com\/fr\/Categories-de-produits\/levure-nutriment\/\"},{\"@type\":\"ListItem\",\"position\":4,\"name\":\"ISY S-Reduce\u2122 1 kg\"}]},{\"@type\":\"WebSite\",\"@id\":\"https:\/\/sbi4beer.com\/fr\/#website\",\"url\":\"https:\/\/sbi4beer.com\/fr\/\",\"name\":\"Selected Brewing Ingredients\",\"description\":\"Selected Brewing Ingredients\",\"publisher\":{\"@id\":\"https:\/\/sbi4beer.com\/fr\/#organization\"},\"potentialAction\":[{\"@type\":\"SearchAction\",\"target\":{\"@type\":\"EntryPoint\",\"urlTemplate\":\"https:\/\/sbi4beer.com\/fr\/?s={search_term_string}\"},\"query-input\":{\"@type\":\"PropertyValueSpecification\",\"valueRequired\":true,\"valueName\":\"search_term_string\"}}],\"inLanguage\":\"fr-FR\"},{\"@type\":\"Organization\",\"@id\":\"https:\/\/sbi4beer.com\/fr\/#organization\",\"name\":\"Selected Brewing Ingredients\",\"url\":\"https:\/\/sbi4beer.com\/fr\/\",\"logo\":{\"@type\":\"ImageObject\",\"inLanguage\":\"fr-FR\",\"@id\":\"https:\/\/sbi4beer.com\/fr\/#\/schema\/logo\/image\/\",\"url\":\"https:\/\/sbi4beer.com\/wp-content\/uploads\/2025\/11\/logo-sbi.png\",\"contentUrl\":\"https:\/\/sbi4beer.com\/wp-content\/uploads\/2025\/11\/logo-sbi.png\",\"width\":228,\"height\":69,\"caption\":\"Selected Brewing Ingredients\"},\"image\":{\"@id\":\"https:\/\/sbi4beer.com\/fr\/#\/schema\/logo\/image\/\"},\"sameAs\":[\"https:\/\/www.facebook.com\/SelectedBrewingIngredients\",\"https:\/\/x.com\/sbi4beer\",\"https:\/\/www.instagram.com\/sbi4beer\/\",\"https:\/\/www.linkedin.com\/company\/sbi4beer\/\"]}]}<\/script>\n<!-- \/ Yoast SEO plugin. -->","yoast_head_json":{"title":"ISY S-Reduce\u2122 1 kg - Selected Brewing Ingredients","description":"ISY S-Reduce\u2122 1 kg \u2713 Bestel alle brouwingredi\u00ebnten van hoge kwaliteit op 1 plaats \u2713 Service & maatwerk \u2713 Snelle, betrouwbare levering","robots":{"index":"index","follow":"follow","max-snippet":"max-snippet:-1","max-image-preview":"max-image-preview:large","max-video-preview":"max-video-preview:-1"},"canonical":"https:\/\/sbi4beer.com\/fr\/produit\/isy-s-reduce-1-kg\/","og_locale":"fr_FR","og_type":"article","og_title":"ISY S-Reduce\u2122 1 kg - Selected Brewing Ingredients","og_description":"ISY S-Reduce\u2122 1 kg \u2713 Bestel alle brouwingredi\u00ebnten van hoge kwaliteit op 1 plaats \u2713 Service & maatwerk \u2713 Snelle, betrouwbare levering","og_url":"https:\/\/sbi4beer.com\/fr\/produit\/isy-s-reduce-1-kg\/","og_site_name":"Selected Brewing Ingredients","article_publisher":"https:\/\/www.facebook.com\/SelectedBrewingIngredients","article_modified_time":"2026-01-29T11:24:04+00:00","og_image":[{"width":800,"height":800,"url":"https:\/\/sbi4beer.com\/wp-content\/uploads\/2025\/12\/isy-s-reduce-1-kg-ab-vickers.jpg","type":"image\/jpeg"}],"twitter_card":"summary_large_image","twitter_site":"@sbi4beer","twitter_misc":{"Dur\u00e9e de lecture estim\u00e9e":"2 minutes"},"schema":{"@context":"https:\/\/schema.org","@graph":[{"@type":"WebPage","@id":"https:\/\/sbi4beer.com\/fr\/produit\/isy-s-reduce-1-kg\/","url":"https:\/\/sbi4beer.com\/fr\/produit\/isy-s-reduce-1-kg\/","name":"ISY S-Reduce\u2122 1 kg - Selected Brewing Ingredients","isPartOf":{"@id":"https:\/\/sbi4beer.com\/fr\/#website"},"primaryImageOfPage":{"@id":"https:\/\/sbi4beer.com\/fr\/produit\/isy-s-reduce-1-kg\/#primaryimage"},"image":{"@id":"https:\/\/sbi4beer.com\/fr\/produit\/isy-s-reduce-1-kg\/#primaryimage"},"thumbnailUrl":"https:\/\/sbi4beer.com\/wp-content\/uploads\/2025\/12\/isy-s-reduce-1-kg-ab-vickers.jpg","datePublished":"2025-12-01T13:30:16+00:00","dateModified":"2026-01-29T11:24:04+00:00","description":"ISY S-Reduce\u2122 1 kg \u2713 Bestel alle brouwingredi\u00ebnten van hoge kwaliteit op 1 plaats \u2713 Service & maatwerk \u2713 Snelle, betrouwbare levering","breadcrumb":{"@id":"https:\/\/sbi4beer.com\/fr\/produit\/isy-s-reduce-1-kg\/#breadcrumb"},"inLanguage":"fr-FR","potentialAction":[{"@type":"ReadAction","target":["https:\/\/sbi4beer.com\/fr\/produit\/isy-s-reduce-1-kg\/"]}]},{"@type":"ImageObject","inLanguage":"fr-FR","@id":"https:\/\/sbi4beer.com\/fr\/produit\/isy-s-reduce-1-kg\/#primaryimage","url":"https:\/\/sbi4beer.com\/wp-content\/uploads\/2025\/12\/isy-s-reduce-1-kg-ab-vickers.jpg","contentUrl":"https:\/\/sbi4beer.com\/wp-content\/uploads\/2025\/12\/isy-s-reduce-1-kg-ab-vickers.jpg","width":800,"height":800,"caption":"isy-s-reduce-1-kg-ab-vickers"},{"@type":"BreadcrumbList","@id":"https:\/\/sbi4beer.com\/fr\/produit\/isy-s-reduce-1-kg\/#breadcrumb","itemListElement":[{"@type":"ListItem","position":1,"name":"Home","item":"https:\/\/sbi4beer.com\/fr\/"},{"@type":"ListItem","position":2,"name":"Shop","item":"https:\/\/sbi4beer.com\/fr\/shop\/"},{"@type":"ListItem","position":3,"name":"Levure &amp; Nutriment","item":"https:\/\/sbi4beer.com\/fr\/Categories-de-produits\/levure-nutriment\/"},{"@type":"ListItem","position":4,"name":"ISY S-Reduce\u2122 1 kg"}]},{"@type":"WebSite","@id":"https:\/\/sbi4beer.com\/fr\/#website","url":"https:\/\/sbi4beer.com\/fr\/","name":"Selected Brewing Ingredients","description":"Selected Brewing Ingredients","publisher":{"@id":"https:\/\/sbi4beer.com\/fr\/#organization"},"potentialAction":[{"@type":"SearchAction","target":{"@type":"EntryPoint","urlTemplate":"https:\/\/sbi4beer.com\/fr\/?s={search_term_string}"},"query-input":{"@type":"PropertyValueSpecification","valueRequired":true,"valueName":"search_term_string"}}],"inLanguage":"fr-FR"},{"@type":"Organization","@id":"https:\/\/sbi4beer.com\/fr\/#organization","name":"Selected Brewing Ingredients","url":"https:\/\/sbi4beer.com\/fr\/","logo":{"@type":"ImageObject","inLanguage":"fr-FR","@id":"https:\/\/sbi4beer.com\/fr\/#\/schema\/logo\/image\/","url":"https:\/\/sbi4beer.com\/wp-content\/uploads\/2025\/11\/logo-sbi.png","contentUrl":"https:\/\/sbi4beer.com\/wp-content\/uploads\/2025\/11\/logo-sbi.png","width":228,"height":69,"caption":"Selected Brewing Ingredients"},"image":{"@id":"https:\/\/sbi4beer.com\/fr\/#\/schema\/logo\/image\/"},"sameAs":["https:\/\/www.facebook.com\/SelectedBrewingIngredients","https:\/\/x.com\/sbi4beer","https:\/\/www.instagram.com\/sbi4beer\/","https:\/\/www.linkedin.com\/company\/sbi4beer\/"]}]}},"_links":{"self":[{"href":"https:\/\/sbi4beer.com\/fr\/wp-json\/wp\/v2\/product\/61562","targetHints":{"allow":["GET"]}}],"collection":[{"href":"https:\/\/sbi4beer.com\/fr\/wp-json\/wp\/v2\/product"}],"about":[{"href":"https:\/\/sbi4beer.com\/fr\/wp-json\/wp\/v2\/types\/product"}],"wp:featuredmedia":[{"embeddable":true,"href":"https:\/\/sbi4beer.com\/fr\/wp-json\/wp\/v2\/media\/64056"}],"wp:attachment":[{"href":"https:\/\/sbi4beer.com\/fr\/wp-json\/wp\/v2\/media?parent=61562"}],"wp:term":[{"taxonomy":"product_brand","embeddable":true,"href":"https:\/\/sbi4beer.com\/fr\/wp-json\/wp\/v2\/product_brand?post=61562"},{"taxonomy":"product_cat","embeddable":true,"href":"https:\/\/sbi4beer.com\/fr\/wp-json\/wp\/v2\/product_cat?post=61562"},{"taxonomy":"product_tag","embeddable":true,"href":"https:\/\/sbi4beer.com\/fr\/wp-json\/wp\/v2\/product_tag?post=61562"}],"curies":[{"name":"wp","href":"https:\/\/api.w.org\/{rel}","templated":true}]}}