{"id":65283,"date":"2026-03-25T17:33:41","date_gmt":"2026-03-25T16:33:41","guid":{"rendered":"https:\/\/sbi4beer.com\/product\/houblon-idaho-7-en-pellets-5-kg-4\/"},"modified":"2026-04-03T12:29:11","modified_gmt":"2026-04-03T10:29:11","slug":"houblon-idaho-7-en-pellets-5-kg-4","status":"publish","type":"product","link":"https:\/\/sbi4beer.com\/fr\/produit\/houblon-idaho-7-en-pellets-5-kg-4\/","title":{"rendered":"Houblon Idaho 7\u2122 en pellets 5 kg"},"content":{"rendered":"<p>Le houblon Idaho 7\u2122 est principalement applicable comme houblon d\u2019ar\u00f4me et houblon sec en raison de son ar\u00f4me et de sa saveur puissants, mais il poss\u00e8de \u00e9galement des acides alpha suffisamment \u00e9lev\u00e9s pour contribuer \u00e0 une bonne amertume.<\/p>\n<p>Excellent en tant que houblon unique ou dans le cadre d\u2019un m\u00e9lange pour les IPA, les pale ale et les bi\u00e8res de bl\u00e9 am\u00e9ricaines \u2018hopforward\u2019.<\/p>\n<h5><strong>Valeur alpha<\/strong><\/h5>\n<p>Les valeurs repr\u00e9sentent la moyenne des derni\u00e8res ann\u00e9es. Veuillez noter que les valeurs alpha sp\u00e9cifiques peuvent varier consid\u00e9rablement sur un large \u00e9ventail, d\u00e9pendant de l\u2019ann\u00e9e de r\u00e9colte.<\/p>\n","protected":false},"excerpt":{"rendered":"<p>Le houblon Idaho 7\u2122 donne un caract\u00e8re prononc\u00e9 de fruits tropicaux, d\u2019agrumes et de pin.<\/p>\n","protected":false},"featured_media":15190,"template":"","meta":{"_acf_changed":false},"product_brand":[],"product_cat":[1362],"product_tag":[],"class_list":{"0":"post-65283","1":"product","2":"type-product","3":"status-publish","4":"has-post-thumbnail","6":"product_cat-houblons","8":"first","9":"instock","10":"taxable","11":"shipping-taxable","12":"purchasable","13":"product-type-simple"},"acf":[],"yoast_head":"<!-- This site is optimized with the Yoast SEO plugin v27.1.1 - https:\/\/yoast.com\/product\/yoast-seo-wordpress\/ -->\n<title>Houblon Idaho 7\u2122 en pellets 5 kg - Selected Brewing Ingredients<\/title>\n<meta name=\"description\" content=\"Houblon Idaho 7\u2122 en pellets 5 kg \u2713 Bestel alle brouwingredi\u00ebnten van hoge kwaliteit op 1 plaats \u2713 Service &amp; maatwerk \u2713 Snelle, betrouwbare levering\" \/>\n<meta name=\"robots\" content=\"index, follow, max-snippet:-1, max-image-preview:large, max-video-preview:-1\" \/>\n<link rel=\"canonical\" href=\"https:\/\/sbi4beer.com\/fr\/produit\/houblon-idaho-7-en-pellets-5-kg-4\/\" \/>\n<meta property=\"og:locale\" content=\"fr_FR\" \/>\n<meta property=\"og:type\" content=\"article\" \/>\n<meta property=\"og:title\" content=\"Houblon Idaho 7\u2122 en pellets 5 kg - Selected Brewing Ingredients\" \/>\n<meta property=\"og:description\" content=\"Houblon Idaho 7\u2122 en pellets 5 kg \u2713 Bestel alle brouwingredi\u00ebnten van hoge kwaliteit op 1 plaats \u2713 Service &amp; maatwerk \u2713 Snelle, betrouwbare levering\" \/>\n<meta property=\"og:url\" content=\"https:\/\/sbi4beer.com\/fr\/produit\/houblon-idaho-7-en-pellets-5-kg-4\/\" \/>\n<meta property=\"og:site_name\" content=\"Selected Brewing Ingredients\" \/>\n<meta property=\"article:publisher\" content=\"https:\/\/www.facebook.com\/SelectedBrewingIngredients\" \/>\n<meta property=\"article:modified_time\" content=\"2026-04-03T10:29:11+00:00\" \/>\n<meta property=\"og:image\" content=\"https:\/\/sbi4beer.com\/wp-content\/uploads\/2021\/02\/Hop-pellets-SBI.jpg\" \/>\n\t<meta property=\"og:image:width\" content=\"700\" \/>\n\t<meta property=\"og:image:height\" content=\"700\" \/>\n\t<meta property=\"og:image:type\" content=\"image\/jpeg\" \/>\n<meta name=\"twitter:card\" content=\"summary_large_image\" \/>\n<meta name=\"twitter:site\" content=\"@sbi4beer\" \/>\n<meta name=\"twitter:label1\" content=\"Dur\u00e9e de lecture estim\u00e9e\" \/>\n\t<meta name=\"twitter:data1\" content=\"1 minute\" \/>\n<script type=\"application\/ld+json\" class=\"yoast-schema-graph\">{\"@context\":\"https:\/\/schema.org\",\"@graph\":[{\"@type\":\"WebPage\",\"@id\":\"https:\/\/sbi4beer.com\/fr\/produit\/houblon-idaho-7-en-pellets-5-kg-4\/\",\"url\":\"https:\/\/sbi4beer.com\/fr\/produit\/houblon-idaho-7-en-pellets-5-kg-4\/\",\"name\":\"Houblon Idaho 7\u2122 en pellets 5 kg - Selected Brewing Ingredients\",\"isPartOf\":{\"@id\":\"https:\/\/sbi4beer.com\/fr\/#website\"},\"primaryImageOfPage\":{\"@id\":\"https:\/\/sbi4beer.com\/fr\/produit\/houblon-idaho-7-en-pellets-5-kg-4\/#primaryimage\"},\"image\":{\"@id\":\"https:\/\/sbi4beer.com\/fr\/produit\/houblon-idaho-7-en-pellets-5-kg-4\/#primaryimage\"},\"thumbnailUrl\":\"https:\/\/sbi4beer.com\/wp-content\/uploads\/2021\/02\/Hop-pellets-SBI.jpg\",\"datePublished\":\"2026-03-25T16:33:41+00:00\",\"dateModified\":\"2026-04-03T10:29:11+00:00\",\"description\":\"Houblon Idaho 7\u2122 en pellets 5 kg \u2713 Bestel alle brouwingredi\u00ebnten van hoge kwaliteit op 1 plaats \u2713 Service & maatwerk \u2713 Snelle, betrouwbare levering\",\"breadcrumb\":{\"@id\":\"https:\/\/sbi4beer.com\/fr\/produit\/houblon-idaho-7-en-pellets-5-kg-4\/#breadcrumb\"},\"inLanguage\":\"fr-FR\",\"potentialAction\":[{\"@type\":\"ReadAction\",\"target\":[\"https:\/\/sbi4beer.com\/fr\/produit\/houblon-idaho-7-en-pellets-5-kg-4\/\"]}]},{\"@type\":\"ImageObject\",\"inLanguage\":\"fr-FR\",\"@id\":\"https:\/\/sbi4beer.com\/fr\/produit\/houblon-idaho-7-en-pellets-5-kg-4\/#primaryimage\",\"url\":\"https:\/\/sbi4beer.com\/wp-content\/uploads\/2021\/02\/Hop-pellets-SBI.jpg\",\"contentUrl\":\"https:\/\/sbi4beer.com\/wp-content\/uploads\/2021\/02\/Hop-pellets-SBI.jpg\",\"width\":700,\"height\":700,\"caption\":\"Hop-pellets\"},{\"@type\":\"BreadcrumbList\",\"@id\":\"https:\/\/sbi4beer.com\/fr\/produit\/houblon-idaho-7-en-pellets-5-kg-4\/#breadcrumb\",\"itemListElement\":[{\"@type\":\"ListItem\",\"position\":1,\"name\":\"Home\",\"item\":\"https:\/\/sbi4beer.com\/fr\/\"},{\"@type\":\"ListItem\",\"position\":2,\"name\":\"Shop\",\"item\":\"https:\/\/sbi4beer.com\/fr\/shop\/\"},{\"@type\":\"ListItem\",\"position\":3,\"name\":\"Houblons\",\"item\":\"https:\/\/sbi4beer.com\/fr\/Categories-de-produits\/houblons\/\"},{\"@type\":\"ListItem\",\"position\":4,\"name\":\"Houblon Idaho 7\u2122 en pellets 5 kg\"}]},{\"@type\":\"WebSite\",\"@id\":\"https:\/\/sbi4beer.com\/fr\/#website\",\"url\":\"https:\/\/sbi4beer.com\/fr\/\",\"name\":\"Selected Brewing Ingredients\",\"description\":\"Selected Brewing Ingredients\",\"publisher\":{\"@id\":\"https:\/\/sbi4beer.com\/fr\/#organization\"},\"potentialAction\":[{\"@type\":\"SearchAction\",\"target\":{\"@type\":\"EntryPoint\",\"urlTemplate\":\"https:\/\/sbi4beer.com\/fr\/?s={search_term_string}\"},\"query-input\":{\"@type\":\"PropertyValueSpecification\",\"valueRequired\":true,\"valueName\":\"search_term_string\"}}],\"inLanguage\":\"fr-FR\"},{\"@type\":\"Organization\",\"@id\":\"https:\/\/sbi4beer.com\/fr\/#organization\",\"name\":\"Selected Brewing Ingredients\",\"url\":\"https:\/\/sbi4beer.com\/fr\/\",\"logo\":{\"@type\":\"ImageObject\",\"inLanguage\":\"fr-FR\",\"@id\":\"https:\/\/sbi4beer.com\/fr\/#\/schema\/logo\/image\/\",\"url\":\"https:\/\/sbi4beer.com\/wp-content\/uploads\/2025\/11\/logo-sbi.png\",\"contentUrl\":\"https:\/\/sbi4beer.com\/wp-content\/uploads\/2025\/11\/logo-sbi.png\",\"width\":228,\"height\":69,\"caption\":\"Selected Brewing Ingredients\"},\"image\":{\"@id\":\"https:\/\/sbi4beer.com\/fr\/#\/schema\/logo\/image\/\"},\"sameAs\":[\"https:\/\/www.facebook.com\/SelectedBrewingIngredients\",\"https:\/\/x.com\/sbi4beer\",\"https:\/\/www.instagram.com\/sbi4beer\/\",\"https:\/\/www.linkedin.com\/company\/sbi4beer\/\"]}]}<\/script>\n<!-- \/ Yoast SEO plugin. -->","yoast_head_json":{"title":"Houblon Idaho 7\u2122 en pellets 5 kg - Selected Brewing Ingredients","description":"Houblon Idaho 7\u2122 en pellets 5 kg \u2713 Bestel alle brouwingredi\u00ebnten van hoge kwaliteit op 1 plaats \u2713 Service & maatwerk \u2713 Snelle, betrouwbare levering","robots":{"index":"index","follow":"follow","max-snippet":"max-snippet:-1","max-image-preview":"max-image-preview:large","max-video-preview":"max-video-preview:-1"},"canonical":"https:\/\/sbi4beer.com\/fr\/produit\/houblon-idaho-7-en-pellets-5-kg-4\/","og_locale":"fr_FR","og_type":"article","og_title":"Houblon Idaho 7\u2122 en pellets 5 kg - Selected Brewing Ingredients","og_description":"Houblon Idaho 7\u2122 en pellets 5 kg \u2713 Bestel alle brouwingredi\u00ebnten van hoge kwaliteit op 1 plaats \u2713 Service & maatwerk \u2713 Snelle, betrouwbare levering","og_url":"https:\/\/sbi4beer.com\/fr\/produit\/houblon-idaho-7-en-pellets-5-kg-4\/","og_site_name":"Selected Brewing Ingredients","article_publisher":"https:\/\/www.facebook.com\/SelectedBrewingIngredients","article_modified_time":"2026-04-03T10:29:11+00:00","og_image":[{"width":700,"height":700,"url":"https:\/\/sbi4beer.com\/wp-content\/uploads\/2021\/02\/Hop-pellets-SBI.jpg","type":"image\/jpeg"}],"twitter_card":"summary_large_image","twitter_site":"@sbi4beer","twitter_misc":{"Dur\u00e9e de lecture estim\u00e9e":"1 minute"},"schema":{"@context":"https:\/\/schema.org","@graph":[{"@type":"WebPage","@id":"https:\/\/sbi4beer.com\/fr\/produit\/houblon-idaho-7-en-pellets-5-kg-4\/","url":"https:\/\/sbi4beer.com\/fr\/produit\/houblon-idaho-7-en-pellets-5-kg-4\/","name":"Houblon Idaho 7\u2122 en pellets 5 kg - Selected Brewing Ingredients","isPartOf":{"@id":"https:\/\/sbi4beer.com\/fr\/#website"},"primaryImageOfPage":{"@id":"https:\/\/sbi4beer.com\/fr\/produit\/houblon-idaho-7-en-pellets-5-kg-4\/#primaryimage"},"image":{"@id":"https:\/\/sbi4beer.com\/fr\/produit\/houblon-idaho-7-en-pellets-5-kg-4\/#primaryimage"},"thumbnailUrl":"https:\/\/sbi4beer.com\/wp-content\/uploads\/2021\/02\/Hop-pellets-SBI.jpg","datePublished":"2026-03-25T16:33:41+00:00","dateModified":"2026-04-03T10:29:11+00:00","description":"Houblon Idaho 7\u2122 en pellets 5 kg \u2713 Bestel alle brouwingredi\u00ebnten van hoge kwaliteit op 1 plaats \u2713 Service & maatwerk \u2713 Snelle, betrouwbare levering","breadcrumb":{"@id":"https:\/\/sbi4beer.com\/fr\/produit\/houblon-idaho-7-en-pellets-5-kg-4\/#breadcrumb"},"inLanguage":"fr-FR","potentialAction":[{"@type":"ReadAction","target":["https:\/\/sbi4beer.com\/fr\/produit\/houblon-idaho-7-en-pellets-5-kg-4\/"]}]},{"@type":"ImageObject","inLanguage":"fr-FR","@id":"https:\/\/sbi4beer.com\/fr\/produit\/houblon-idaho-7-en-pellets-5-kg-4\/#primaryimage","url":"https:\/\/sbi4beer.com\/wp-content\/uploads\/2021\/02\/Hop-pellets-SBI.jpg","contentUrl":"https:\/\/sbi4beer.com\/wp-content\/uploads\/2021\/02\/Hop-pellets-SBI.jpg","width":700,"height":700,"caption":"Hop-pellets"},{"@type":"BreadcrumbList","@id":"https:\/\/sbi4beer.com\/fr\/produit\/houblon-idaho-7-en-pellets-5-kg-4\/#breadcrumb","itemListElement":[{"@type":"ListItem","position":1,"name":"Home","item":"https:\/\/sbi4beer.com\/fr\/"},{"@type":"ListItem","position":2,"name":"Shop","item":"https:\/\/sbi4beer.com\/fr\/shop\/"},{"@type":"ListItem","position":3,"name":"Houblons","item":"https:\/\/sbi4beer.com\/fr\/Categories-de-produits\/houblons\/"},{"@type":"ListItem","position":4,"name":"Houblon Idaho 7\u2122 en pellets 5 kg"}]},{"@type":"WebSite","@id":"https:\/\/sbi4beer.com\/fr\/#website","url":"https:\/\/sbi4beer.com\/fr\/","name":"Selected Brewing Ingredients","description":"Selected Brewing Ingredients","publisher":{"@id":"https:\/\/sbi4beer.com\/fr\/#organization"},"potentialAction":[{"@type":"SearchAction","target":{"@type":"EntryPoint","urlTemplate":"https:\/\/sbi4beer.com\/fr\/?s={search_term_string}"},"query-input":{"@type":"PropertyValueSpecification","valueRequired":true,"valueName":"search_term_string"}}],"inLanguage":"fr-FR"},{"@type":"Organization","@id":"https:\/\/sbi4beer.com\/fr\/#organization","name":"Selected Brewing Ingredients","url":"https:\/\/sbi4beer.com\/fr\/","logo":{"@type":"ImageObject","inLanguage":"fr-FR","@id":"https:\/\/sbi4beer.com\/fr\/#\/schema\/logo\/image\/","url":"https:\/\/sbi4beer.com\/wp-content\/uploads\/2025\/11\/logo-sbi.png","contentUrl":"https:\/\/sbi4beer.com\/wp-content\/uploads\/2025\/11\/logo-sbi.png","width":228,"height":69,"caption":"Selected Brewing Ingredients"},"image":{"@id":"https:\/\/sbi4beer.com\/fr\/#\/schema\/logo\/image\/"},"sameAs":["https:\/\/www.facebook.com\/SelectedBrewingIngredients","https:\/\/x.com\/sbi4beer","https:\/\/www.instagram.com\/sbi4beer\/","https:\/\/www.linkedin.com\/company\/sbi4beer\/"]}]}},"_links":{"self":[{"href":"https:\/\/sbi4beer.com\/fr\/wp-json\/wp\/v2\/product\/65283","targetHints":{"allow":["GET"]}}],"collection":[{"href":"https:\/\/sbi4beer.com\/fr\/wp-json\/wp\/v2\/product"}],"about":[{"href":"https:\/\/sbi4beer.com\/fr\/wp-json\/wp\/v2\/types\/product"}],"wp:featuredmedia":[{"embeddable":true,"href":"https:\/\/sbi4beer.com\/fr\/wp-json\/wp\/v2\/media\/15190"}],"wp:attachment":[{"href":"https:\/\/sbi4beer.com\/fr\/wp-json\/wp\/v2\/media?parent=65283"}],"wp:term":[{"taxonomy":"product_brand","embeddable":true,"href":"https:\/\/sbi4beer.com\/fr\/wp-json\/wp\/v2\/product_brand?post=65283"},{"taxonomy":"product_cat","embeddable":true,"href":"https:\/\/sbi4beer.com\/fr\/wp-json\/wp\/v2\/product_cat?post=65283"},{"taxonomy":"product_tag","embeddable":true,"href":"https:\/\/sbi4beer.com\/fr\/wp-json\/wp\/v2\/product_tag?post=65283"}],"curies":[{"name":"wp","href":"https:\/\/api.w.org\/{rel}","templated":true}]}}