{"id":66452,"date":"2026-04-29T14:30:31","date_gmt":"2026-04-29T12:30:31","guid":{"rendered":"https:\/\/sbi4beer.com\/product\/fermentis-safbrew-la-02-levure-500-g\/"},"modified":"2026-05-12T13:49:16","modified_gmt":"2026-05-12T11:49:16","slug":"fermentis-safbrew-la-02-levure-500-g","status":"publish","type":"product","link":"https:\/\/sbi4beer.com\/fr\/produit\/fermentis-safbrew-la-02-levure-500-g\/","title":{"rendered":"Fermentis SafBrew\u2122 LA-02 levure 500 g"},"content":{"rendered":"<h5><strong>La levure POF negative id\u00e9ale pour les bi\u00e8res d\u00e9licates sans alcool et \u00e0 faible teneur en alcool<\/strong><\/h5>\n<p>SafBrew\u2122 LA-02 assimile principalement les sucres simples (glucose et fructose) et assimile lentement le saccharose. Cette souche de levure n&rsquo;assimile pas le maltose, le maltotriose ou les dextrines.<br \/>\nApr\u00e8s la fermentation, cette souche d\u00e9veloppe un caract\u00e8re neutre, sans notes ph\u00e9noliques (\u00e9pic\u00e9es). Les profils aromatiques peuvent varier en fonction de la composition du mo\u00fbt et des conditions de fermentation.<\/p>\n<h5><strong>Usage<\/strong><\/h5>\n<p>Le savoir-faire de Lesaffre et l&rsquo;am\u00e9lioration continue de nos proc\u00e9d\u00e9s de production de levures g\u00e9n\u00e8rent une qualit\u00e9 exceptionnelle de levures s\u00e8ches capables de r\u00e9sister \u00e0 une tr\u00e8s large gamme d&rsquo;utilisations, y compris dans des conditions de r\u00e9hydratation \u00e0 froid ou sans r\u00e9hydratation, sans affecter leur viabilit\u00e9, leur profil cin\u00e9tique et\/ou analytique. Les brasseurs peuvent choisir les conditions<\/p>\n<p><strong>Ensemencement direct<\/strong><\/p>\n<p>Introduire la levure s\u00e8che directement dans la cuve de fermentation, \u00e0 la surface du mo\u00fbt, \u00e0 une temp\u00e9rature \u00e9gale ou sup\u00e9rieure \u00e0 la temp\u00e9rature de fermentation. Saupoudrer progressivement la levure sur le mo\u00fbt, en veillant \u00e0 ce que la levure couvre toute la surface disponible afin d&rsquo;\u00e9viter la formation de grumeaux. Id\u00e9alement, la levure est ajout\u00e9e au cours de la premi\u00e8re partie du remplissage de la cuve ; dans ce cas, l&rsquo;hydratation peut \u00eatre effectu\u00e9e \u00e0 une temp\u00e9rature de mo\u00fbt sup\u00e9rieure \u00e0 la temp\u00e9rature de fermentation recommand\u00e9e, \u00e0 condition que la cuve soit ensuite remplie de mo\u00fbt \u00e0 une temp\u00e9rature plus basse pour ramener la temp\u00e9rature totale du mo\u00fbt \u00e0 la temp\u00e9rature de fermentation.<\/p>\n<p><strong>Avec r\u00e9hydratation pr\u00e9alable<\/strong><\/p>\n<p>Il est \u00e9galement possible de saupoudrer la levure dans un minimum de 10 fois son poids d&rsquo;eau st\u00e9rile ou de mo\u00fbt bouilli et houblonn\u00e9 \u00e0 une temp\u00e9rature comprise entre 15 \u00b0C et 30 \u00b0C (59 \u00b0F et 86 \u00b0F). Laisser reposer 15 \u00e0 30 minutes, puis remuer d\u00e9licatement et introduire la cr\u00e8me obtenue dans le r\u00e9cipient de fermentation.<\/p>\n<h5><strong><u>POINTS D&rsquo;ATTENTION<\/u><\/strong><\/h5>\n<ul>\n<li>La bi\u00e8re ferment\u00e9e avec une levure maltose-n\u00e9gative (telle que SafBrew\u2122 LA-02) conservera naturellement des sucres fermentescibles r\u00e9siduels. Par cons\u00e9quent, il est fortement recommand\u00e9 de proc\u00e9der imm\u00e9diatement \u00e0 un passage \u00e0 froid d\u00e8s que la densit\u00e9 finale cible est atteinte. La teneur typique en glucose \/ sucres simples d&rsquo;un mo\u00fbt 100% malt se situe autour de 10 %. La SafBrew\u2122 LA-02, avec un taux d&rsquo;ensemencement et une temp\u00e9rature de fermentation appropri\u00e9s (20\u00b0C\/68\u00b0F), devrait terminer sa fermentation en 3-4 jours environ.<\/li>\n<li>Il est fortement recommand\u00e9 que tout processus de houblonnage \u00e0 froid soit effectu\u00e9 exclusivement apr\u00e8s la fermentation, apr\u00e8s que la bi\u00e8re ait \u00e9t\u00e9 refroidie \u00e0 une temp\u00e9rature inf\u00e9rieure \u00e0 4\u00b0C.<\/li>\n<li>La pasteurisation de la bi\u00e8re conditionn\u00e9e est obligatoire pour \u00e9viter que des micro-organismes vivants ne subsistent dans le produit. \u00c0 un pH de 4,2, nous recommandons entre 80 et 120 UP. Si le pH est plus bas ou si l&rsquo;IBU est \u00e9lev\u00e9, le niveau de PU peut \u00eatre adapt\u00e9 jusqu&rsquo;\u00e0 un minimum de 50 UP. Des contr\u00f4les de qualit\u00e9 approfondis sont n\u00e9cessaires pour confirmer la stabilit\u00e9 microbiologique.<\/li>\n<li>Cette levure ne convient pas \u00e0 la propagation, \u00e0 la culture et\/ou au repiquage de quelque nature que ce soit.<\/li>\n<li>Pour plus d&rsquo;informations, consultez nos directives techniques, qui contiennent des recommandations compl\u00e8tes sur l&rsquo;utilisation.<\/li>\n<\/ul>\n","protected":false},"excerpt":{"rendered":"<p>SafBrewTM LA-02 (Torulaspora delbrueckii) est la premi\u00e8re levure non-Saccharomyces s\u00e9lectionn\u00e9e par Fermentis sp\u00e9cifiquement pour la production de bi\u00e8res \u00e0 faible teneur en alcool et\/ou sans alcool (&lt;0,5% ABV).<\/p>\n","protected":false},"featured_media":66929,"template":"","meta":{"_acf_changed":false},"product_brand":[],"product_cat":[1363],"product_tag":[],"class_list":{"0":"post-66452","1":"product","2":"type-product","3":"status-publish","4":"has-post-thumbnail","6":"product_cat-levure-nutriment","8":"first","9":"instock","10":"taxable","11":"shipping-taxable","12":"purchasable","13":"product-type-simple"},"acf":[],"yoast_head":"<!-- This site is optimized with the Yoast SEO plugin v27.1.1 - https:\/\/yoast.com\/product\/yoast-seo-wordpress\/ -->\n<title>Fermentis SafBrew\u2122 LA-02 levure 500 g - Selected Brewing Ingredients<\/title>\n<meta name=\"description\" content=\"Fermentis SafBrew\u2122 LA-02 levure 500 g \u2713 Bestel alle brouwingredi\u00ebnten van hoge kwaliteit op 1 plaats \u2713 Service &amp; maatwerk \u2713 Snelle, betrouwbare levering\" \/>\n<meta name=\"robots\" content=\"index, follow, max-snippet:-1, max-image-preview:large, max-video-preview:-1\" \/>\n<link rel=\"canonical\" href=\"https:\/\/sbi4beer.com\/fr\/produit\/fermentis-safbrew-la-02-levure-500-g\/\" \/>\n<meta property=\"og:locale\" content=\"fr_FR\" \/>\n<meta property=\"og:type\" content=\"article\" \/>\n<meta property=\"og:title\" content=\"Fermentis SafBrew\u2122 LA-02 levure 500 g - Selected Brewing Ingredients\" \/>\n<meta property=\"og:description\" content=\"Fermentis SafBrew\u2122 LA-02 levure 500 g \u2713 Bestel alle brouwingredi\u00ebnten van hoge kwaliteit op 1 plaats \u2713 Service &amp; maatwerk \u2713 Snelle, betrouwbare levering\" \/>\n<meta property=\"og:url\" content=\"https:\/\/sbi4beer.com\/fr\/produit\/fermentis-safbrew-la-02-levure-500-g\/\" \/>\n<meta property=\"og:site_name\" content=\"Selected Brewing Ingredients\" \/>\n<meta property=\"article:publisher\" content=\"https:\/\/www.facebook.com\/SelectedBrewingIngredients\" \/>\n<meta property=\"article:modified_time\" content=\"2026-05-12T11:49:16+00:00\" \/>\n<meta property=\"og:image\" content=\"https:\/\/sbi4beer.com\/wp-content\/uploads\/2026\/04\/fermentis-safbrew-la-02-gist-500g.jpg\" \/>\n\t<meta property=\"og:image:width\" content=\"800\" \/>\n\t<meta property=\"og:image:height\" content=\"800\" \/>\n\t<meta property=\"og:image:type\" content=\"image\/jpeg\" \/>\n<meta name=\"twitter:card\" content=\"summary_large_image\" \/>\n<meta name=\"twitter:site\" content=\"@sbi4beer\" \/>\n<meta name=\"twitter:label1\" content=\"Dur\u00e9e de lecture estim\u00e9e\" \/>\n\t<meta name=\"twitter:data1\" content=\"1 minute\" \/>\n<script type=\"application\/ld+json\" class=\"yoast-schema-graph\">{\"@context\":\"https:\/\/schema.org\",\"@graph\":[{\"@type\":\"WebPage\",\"@id\":\"https:\/\/sbi4beer.com\/fr\/produit\/fermentis-safbrew-la-02-levure-500-g\/\",\"url\":\"https:\/\/sbi4beer.com\/fr\/produit\/fermentis-safbrew-la-02-levure-500-g\/\",\"name\":\"Fermentis SafBrew\u2122 LA-02 levure 500 g - Selected Brewing Ingredients\",\"isPartOf\":{\"@id\":\"https:\/\/sbi4beer.com\/fr\/#website\"},\"primaryImageOfPage\":{\"@id\":\"https:\/\/sbi4beer.com\/fr\/produit\/fermentis-safbrew-la-02-levure-500-g\/#primaryimage\"},\"image\":{\"@id\":\"https:\/\/sbi4beer.com\/fr\/produit\/fermentis-safbrew-la-02-levure-500-g\/#primaryimage\"},\"thumbnailUrl\":\"https:\/\/sbi4beer.com\/wp-content\/uploads\/2026\/04\/fermentis-safbrew-la-02-gist-500g.jpg\",\"datePublished\":\"2026-04-29T12:30:31+00:00\",\"dateModified\":\"2026-05-12T11:49:16+00:00\",\"description\":\"Fermentis SafBrew\u2122 LA-02 levure 500 g \u2713 Bestel alle brouwingredi\u00ebnten van hoge kwaliteit op 1 plaats \u2713 Service & maatwerk \u2713 Snelle, betrouwbare levering\",\"breadcrumb\":{\"@id\":\"https:\/\/sbi4beer.com\/fr\/produit\/fermentis-safbrew-la-02-levure-500-g\/#breadcrumb\"},\"inLanguage\":\"fr-FR\",\"potentialAction\":[{\"@type\":\"ReadAction\",\"target\":[\"https:\/\/sbi4beer.com\/fr\/produit\/fermentis-safbrew-la-02-levure-500-g\/\"]}]},{\"@type\":\"ImageObject\",\"inLanguage\":\"fr-FR\",\"@id\":\"https:\/\/sbi4beer.com\/fr\/produit\/fermentis-safbrew-la-02-levure-500-g\/#primaryimage\",\"url\":\"https:\/\/sbi4beer.com\/wp-content\/uploads\/2026\/04\/fermentis-safbrew-la-02-gist-500g.jpg\",\"contentUrl\":\"https:\/\/sbi4beer.com\/wp-content\/uploads\/2026\/04\/fermentis-safbrew-la-02-gist-500g.jpg\",\"width\":800,\"height\":800,\"caption\":\"fermentis-safbrew-la-02-gist-500g\"},{\"@type\":\"BreadcrumbList\",\"@id\":\"https:\/\/sbi4beer.com\/fr\/produit\/fermentis-safbrew-la-02-levure-500-g\/#breadcrumb\",\"itemListElement\":[{\"@type\":\"ListItem\",\"position\":1,\"name\":\"Home\",\"item\":\"https:\/\/sbi4beer.com\/fr\/\"},{\"@type\":\"ListItem\",\"position\":2,\"name\":\"Shop\",\"item\":\"https:\/\/sbi4beer.com\/fr\/shop\/\"},{\"@type\":\"ListItem\",\"position\":3,\"name\":\"Levure &amp; Nutriment\",\"item\":\"https:\/\/sbi4beer.com\/fr\/Categories-de-produits\/levure-nutriment\/\"},{\"@type\":\"ListItem\",\"position\":4,\"name\":\"Fermentis SafBrew\u2122 LA-02 levure 500 g\"}]},{\"@type\":\"WebSite\",\"@id\":\"https:\/\/sbi4beer.com\/fr\/#website\",\"url\":\"https:\/\/sbi4beer.com\/fr\/\",\"name\":\"Selected Brewing Ingredients\",\"description\":\"Selected Brewing Ingredients\",\"publisher\":{\"@id\":\"https:\/\/sbi4beer.com\/fr\/#organization\"},\"potentialAction\":[{\"@type\":\"SearchAction\",\"target\":{\"@type\":\"EntryPoint\",\"urlTemplate\":\"https:\/\/sbi4beer.com\/fr\/?s={search_term_string}\"},\"query-input\":{\"@type\":\"PropertyValueSpecification\",\"valueRequired\":true,\"valueName\":\"search_term_string\"}}],\"inLanguage\":\"fr-FR\"},{\"@type\":\"Organization\",\"@id\":\"https:\/\/sbi4beer.com\/fr\/#organization\",\"name\":\"Selected Brewing Ingredients\",\"url\":\"https:\/\/sbi4beer.com\/fr\/\",\"logo\":{\"@type\":\"ImageObject\",\"inLanguage\":\"fr-FR\",\"@id\":\"https:\/\/sbi4beer.com\/fr\/#\/schema\/logo\/image\/\",\"url\":\"https:\/\/sbi4beer.com\/wp-content\/uploads\/2025\/11\/logo-sbi.png\",\"contentUrl\":\"https:\/\/sbi4beer.com\/wp-content\/uploads\/2025\/11\/logo-sbi.png\",\"width\":228,\"height\":69,\"caption\":\"Selected Brewing Ingredients\"},\"image\":{\"@id\":\"https:\/\/sbi4beer.com\/fr\/#\/schema\/logo\/image\/\"},\"sameAs\":[\"https:\/\/www.facebook.com\/SelectedBrewingIngredients\",\"https:\/\/x.com\/sbi4beer\",\"https:\/\/www.instagram.com\/sbi4beer\/\",\"https:\/\/www.linkedin.com\/company\/sbi4beer\/\"]}]}<\/script>\n<!-- \/ Yoast SEO plugin. -->","yoast_head_json":{"title":"Fermentis SafBrew\u2122 LA-02 levure 500 g - Selected Brewing Ingredients","description":"Fermentis SafBrew\u2122 LA-02 levure 500 g \u2713 Bestel alle brouwingredi\u00ebnten van hoge kwaliteit op 1 plaats \u2713 Service & maatwerk \u2713 Snelle, betrouwbare levering","robots":{"index":"index","follow":"follow","max-snippet":"max-snippet:-1","max-image-preview":"max-image-preview:large","max-video-preview":"max-video-preview:-1"},"canonical":"https:\/\/sbi4beer.com\/fr\/produit\/fermentis-safbrew-la-02-levure-500-g\/","og_locale":"fr_FR","og_type":"article","og_title":"Fermentis SafBrew\u2122 LA-02 levure 500 g - Selected Brewing Ingredients","og_description":"Fermentis SafBrew\u2122 LA-02 levure 500 g \u2713 Bestel alle brouwingredi\u00ebnten van hoge kwaliteit op 1 plaats \u2713 Service & maatwerk \u2713 Snelle, betrouwbare levering","og_url":"https:\/\/sbi4beer.com\/fr\/produit\/fermentis-safbrew-la-02-levure-500-g\/","og_site_name":"Selected Brewing Ingredients","article_publisher":"https:\/\/www.facebook.com\/SelectedBrewingIngredients","article_modified_time":"2026-05-12T11:49:16+00:00","og_image":[{"width":800,"height":800,"url":"https:\/\/sbi4beer.com\/wp-content\/uploads\/2026\/04\/fermentis-safbrew-la-02-gist-500g.jpg","type":"image\/jpeg"}],"twitter_card":"summary_large_image","twitter_site":"@sbi4beer","twitter_misc":{"Dur\u00e9e de lecture estim\u00e9e":"1 minute"},"schema":{"@context":"https:\/\/schema.org","@graph":[{"@type":"WebPage","@id":"https:\/\/sbi4beer.com\/fr\/produit\/fermentis-safbrew-la-02-levure-500-g\/","url":"https:\/\/sbi4beer.com\/fr\/produit\/fermentis-safbrew-la-02-levure-500-g\/","name":"Fermentis SafBrew\u2122 LA-02 levure 500 g - Selected Brewing Ingredients","isPartOf":{"@id":"https:\/\/sbi4beer.com\/fr\/#website"},"primaryImageOfPage":{"@id":"https:\/\/sbi4beer.com\/fr\/produit\/fermentis-safbrew-la-02-levure-500-g\/#primaryimage"},"image":{"@id":"https:\/\/sbi4beer.com\/fr\/produit\/fermentis-safbrew-la-02-levure-500-g\/#primaryimage"},"thumbnailUrl":"https:\/\/sbi4beer.com\/wp-content\/uploads\/2026\/04\/fermentis-safbrew-la-02-gist-500g.jpg","datePublished":"2026-04-29T12:30:31+00:00","dateModified":"2026-05-12T11:49:16+00:00","description":"Fermentis SafBrew\u2122 LA-02 levure 500 g \u2713 Bestel alle brouwingredi\u00ebnten van hoge kwaliteit op 1 plaats \u2713 Service & maatwerk \u2713 Snelle, betrouwbare levering","breadcrumb":{"@id":"https:\/\/sbi4beer.com\/fr\/produit\/fermentis-safbrew-la-02-levure-500-g\/#breadcrumb"},"inLanguage":"fr-FR","potentialAction":[{"@type":"ReadAction","target":["https:\/\/sbi4beer.com\/fr\/produit\/fermentis-safbrew-la-02-levure-500-g\/"]}]},{"@type":"ImageObject","inLanguage":"fr-FR","@id":"https:\/\/sbi4beer.com\/fr\/produit\/fermentis-safbrew-la-02-levure-500-g\/#primaryimage","url":"https:\/\/sbi4beer.com\/wp-content\/uploads\/2026\/04\/fermentis-safbrew-la-02-gist-500g.jpg","contentUrl":"https:\/\/sbi4beer.com\/wp-content\/uploads\/2026\/04\/fermentis-safbrew-la-02-gist-500g.jpg","width":800,"height":800,"caption":"fermentis-safbrew-la-02-gist-500g"},{"@type":"BreadcrumbList","@id":"https:\/\/sbi4beer.com\/fr\/produit\/fermentis-safbrew-la-02-levure-500-g\/#breadcrumb","itemListElement":[{"@type":"ListItem","position":1,"name":"Home","item":"https:\/\/sbi4beer.com\/fr\/"},{"@type":"ListItem","position":2,"name":"Shop","item":"https:\/\/sbi4beer.com\/fr\/shop\/"},{"@type":"ListItem","position":3,"name":"Levure &amp; Nutriment","item":"https:\/\/sbi4beer.com\/fr\/Categories-de-produits\/levure-nutriment\/"},{"@type":"ListItem","position":4,"name":"Fermentis SafBrew\u2122 LA-02 levure 500 g"}]},{"@type":"WebSite","@id":"https:\/\/sbi4beer.com\/fr\/#website","url":"https:\/\/sbi4beer.com\/fr\/","name":"Selected Brewing Ingredients","description":"Selected Brewing Ingredients","publisher":{"@id":"https:\/\/sbi4beer.com\/fr\/#organization"},"potentialAction":[{"@type":"SearchAction","target":{"@type":"EntryPoint","urlTemplate":"https:\/\/sbi4beer.com\/fr\/?s={search_term_string}"},"query-input":{"@type":"PropertyValueSpecification","valueRequired":true,"valueName":"search_term_string"}}],"inLanguage":"fr-FR"},{"@type":"Organization","@id":"https:\/\/sbi4beer.com\/fr\/#organization","name":"Selected Brewing Ingredients","url":"https:\/\/sbi4beer.com\/fr\/","logo":{"@type":"ImageObject","inLanguage":"fr-FR","@id":"https:\/\/sbi4beer.com\/fr\/#\/schema\/logo\/image\/","url":"https:\/\/sbi4beer.com\/wp-content\/uploads\/2025\/11\/logo-sbi.png","contentUrl":"https:\/\/sbi4beer.com\/wp-content\/uploads\/2025\/11\/logo-sbi.png","width":228,"height":69,"caption":"Selected Brewing Ingredients"},"image":{"@id":"https:\/\/sbi4beer.com\/fr\/#\/schema\/logo\/image\/"},"sameAs":["https:\/\/www.facebook.com\/SelectedBrewingIngredients","https:\/\/x.com\/sbi4beer","https:\/\/www.instagram.com\/sbi4beer\/","https:\/\/www.linkedin.com\/company\/sbi4beer\/"]}]}},"_links":{"self":[{"href":"https:\/\/sbi4beer.com\/fr\/wp-json\/wp\/v2\/product\/66452","targetHints":{"allow":["GET"]}}],"collection":[{"href":"https:\/\/sbi4beer.com\/fr\/wp-json\/wp\/v2\/product"}],"about":[{"href":"https:\/\/sbi4beer.com\/fr\/wp-json\/wp\/v2\/types\/product"}],"wp:featuredmedia":[{"embeddable":true,"href":"https:\/\/sbi4beer.com\/fr\/wp-json\/wp\/v2\/media\/66929"}],"wp:attachment":[{"href":"https:\/\/sbi4beer.com\/fr\/wp-json\/wp\/v2\/media?parent=66452"}],"wp:term":[{"taxonomy":"product_brand","embeddable":true,"href":"https:\/\/sbi4beer.com\/fr\/wp-json\/wp\/v2\/product_brand?post=66452"},{"taxonomy":"product_cat","embeddable":true,"href":"https:\/\/sbi4beer.com\/fr\/wp-json\/wp\/v2\/product_cat?post=66452"},{"taxonomy":"product_tag","embeddable":true,"href":"https:\/\/sbi4beer.com\/fr\/wp-json\/wp\/v2\/product_tag?post=66452"}],"curies":[{"name":"wp","href":"https:\/\/api.w.org\/{rel}","templated":true}]}}